{"id":6435,"date":"2023-06-27T12:54:39","date_gmt":"2023-06-27T08:54:39","guid":{"rendered":"https:\/\/etab.ac-reunion.fr\/lyc-boisjoly-potier\/?page_id=6435"},"modified":"2023-06-27T15:03:39","modified_gmt":"2023-06-27T11:03:39","slug":"mathematiques","status":"publish","type":"page","link":"https:\/\/etab.ac-reunion.fr\/lyc-boisjoly-potier\/mathematiques\/","title":{"rendered":"MATHEMATIQUES"},"content":{"rendered":"\n<figure class=\"wp-block-image size-large\"><img loading=\"lazy\" decoding=\"async\" width=\"1024\" height=\"190\" src=\"https:\/\/etab.ac-reunion.fr\/lyc-boisjoly-potier\/wp-content\/uploads\/sites\/112\/2023\/06\/MATHS_bandeau-1024x190.jpg\" alt=\"\" class=\"wp-image-6424\" srcset=\"https:\/\/etab.ac-reunion.fr\/lyc-boisjoly-potier\/wp-content\/uploads\/sites\/112\/2023\/06\/MATHS_bandeau-1024x190.jpg 1024w, https:\/\/etab.ac-reunion.fr\/lyc-boisjoly-potier\/wp-content\/uploads\/sites\/112\/2023\/06\/MATHS_bandeau-980x181.jpg 980w, https:\/\/etab.ac-reunion.fr\/lyc-boisjoly-potier\/wp-content\/uploads\/sites\/112\/2023\/06\/MATHS_bandeau-480x89.jpg 480w\" sizes=\"(min-width: 0px) and (max-width: 480px) 480px, (min-width: 481px) and (max-width: 980px) 980px, (min-width: 981px) 1024px, 100vw\" \/><\/figure>\n\n\n\n<p>Le programme de la sp\u00e9cialit\u00e9 \u00ab\u00a0Math\u00e9matiques\u00a0\u00bb&nbsp;<strong>approfondit les notions abord\u00e9es en 2de et introduit de nouvelles notions<\/strong>.<\/p>\n\n\n\n<p>Cette sp\u00e9cialit\u00e9 permet de&nbsp;<strong>d\u00e9velopper le go\u00fbt des math\u00e9matiques<\/strong>, d\u2019en appr\u00e9cier les d\u00e9marches et les concepts, et de ma\u00eetriser l\u2019abstraction.<\/p>\n\n\n\n<p>Le programme s\u2019organise en cinq grandes parties&nbsp;: \u00ab\u00a0Alg\u00e8bre\u00a0\u00bb, \u00ab\u00a0Analyse\u00a0\u00bb, \u00ab\u00a0G\u00e9om\u00e9trie\u00a0\u00bb, \u00ab\u00a0Probabilit\u00e9s et statistiques\u00a0\u00bb&nbsp;et \u00ab\u00a0Algorithmique et programmation\u00a0\u00bb.<\/p>\n\n\n\n<ul class=\"wp-block-list\">\n<li><a href=\"https:\/\/eduscol.education.fr\/document\/24565\/download\" target=\"_blank\" rel=\"noreferrer noopener\">Programme de 1re g\u00e9n\u00e9rale<\/a><\/li>\n\n\n\n<li><a href=\"https:\/\/eduscol.education.fr\/document\/24568\/download\" target=\"_blank\" rel=\"noreferrer noopener\">Programme de terminale g\u00e9n\u00e9rale<\/a><\/li>\n<\/ul>\n\n\n\n<div style=\"height:100px\" aria-hidden=\"true\" class=\"wp-block-spacer\"><\/div>\n","protected":false},"excerpt":{"rendered":"<p>Le programme de la sp\u00e9cialit\u00e9 \u00ab\u00a0Math\u00e9matiques\u00a0\u00bb&nbsp;approfondit les notions abord\u00e9es en 2de et introduit de nouvelles notions. Cette sp\u00e9cialit\u00e9 permet de&nbsp;d\u00e9velopper le go\u00fbt des math\u00e9matiques, d\u2019en appr\u00e9cier les d\u00e9marches et les concepts, et de ma\u00eetriser l\u2019abstraction. Le programme s\u2019organise en cinq grandes parties&nbsp;: \u00ab\u00a0Alg\u00e8bre\u00a0\u00bb, \u00ab\u00a0Analyse\u00a0\u00bb, \u00ab\u00a0G\u00e9om\u00e9trie\u00a0\u00bb, \u00ab\u00a0Probabilit\u00e9s et statistiques\u00a0\u00bb&nbsp;et \u00ab\u00a0Algorithmique et programmation\u00a0\u00bb.<\/p>\n","protected":false},"author":31624,"featured_media":0,"parent":0,"menu_order":0,"comment_status":"closed","ping_status":"closed","template":"","meta":{"_et_pb_use_builder":"off","_et_pb_old_content":"","_et_gb_content_width":"1080","footnotes":""},"class_list":["post-6435","page","type-page","status-publish","hentry"],"_links":{"self":[{"href":"https:\/\/etab.ac-reunion.fr\/lyc-boisjoly-potier\/wp-json\/wp\/v2\/pages\/6435","targetHints":{"allow":["GET"]}}],"collection":[{"href":"https:\/\/etab.ac-reunion.fr\/lyc-boisjoly-potier\/wp-json\/wp\/v2\/pages"}],"about":[{"href":"https:\/\/etab.ac-reunion.fr\/lyc-boisjoly-potier\/wp-json\/wp\/v2\/types\/page"}],"author":[{"embeddable":true,"href":"https:\/\/etab.ac-reunion.fr\/lyc-boisjoly-potier\/wp-json\/wp\/v2\/users\/31624"}],"replies":[{"embeddable":true,"href":"https:\/\/etab.ac-reunion.fr\/lyc-boisjoly-potier\/wp-json\/wp\/v2\/comments?post=6435"}],"version-history":[{"count":3,"href":"https:\/\/etab.ac-reunion.fr\/lyc-boisjoly-potier\/wp-json\/wp\/v2\/pages\/6435\/revisions"}],"predecessor-version":[{"id":6483,"href":"https:\/\/etab.ac-reunion.fr\/lyc-boisjoly-potier\/wp-json\/wp\/v2\/pages\/6435\/revisions\/6483"}],"wp:attachment":[{"href":"https:\/\/etab.ac-reunion.fr\/lyc-boisjoly-potier\/wp-json\/wp\/v2\/media?parent=6435"}],"curies":[{"name":"wp","href":"https:\/\/api.w.org\/{rel}","templated":true}]}}