{"id":6437,"date":"2023-06-27T12:55:19","date_gmt":"2023-06-27T08:55:19","guid":{"rendered":"https:\/\/etab.ac-reunion.fr\/lyc-boisjoly-potier\/?page_id=6437"},"modified":"2023-09-08T16:24:17","modified_gmt":"2023-09-08T12:24:17","slug":"nsi","status":"publish","type":"page","link":"https:\/\/etab.ac-reunion.fr\/lyc-boisjoly-potier\/nsi\/","title":{"rendered":"NSI"},"content":{"rendered":"\n<figure class=\"wp-block-image alignwide size-large\"><img loading=\"lazy\" decoding=\"async\" width=\"1024\" height=\"190\" src=\"https:\/\/etab.ac-reunion.fr\/lyc-boisjoly-potier\/wp-content\/uploads\/sites\/112\/2023\/06\/NSI_bandeau-1024x190.jpg\" alt=\"\" class=\"wp-image-6425\" srcset=\"https:\/\/etab.ac-reunion.fr\/lyc-boisjoly-potier\/wp-content\/uploads\/sites\/112\/2023\/06\/NSI_bandeau-1024x190.jpg 1024w, https:\/\/etab.ac-reunion.fr\/lyc-boisjoly-potier\/wp-content\/uploads\/sites\/112\/2023\/06\/NSI_bandeau-980x181.jpg 980w, https:\/\/etab.ac-reunion.fr\/lyc-boisjoly-potier\/wp-content\/uploads\/sites\/112\/2023\/06\/NSI_bandeau-480x89.jpg 480w\" sizes=\"(min-width: 0px) and (max-width: 480px) 480px, (min-width: 481px) and (max-width: 980px) 980px, (min-width: 981px) 1024px, 100vw\" \/><\/figure>\n\n\n\n<p>L\u2019enseignement de sp\u00e9cialit\u00e9 \u00ab\u00a0Num\u00e9rique et sciences informatiques\u00a0\u00bb&nbsp;permet d\u2019acqu\u00e9rir les&nbsp;<strong>concepts et les m\u00e9thodes qui fondent l\u2019informatique, dans ses dimensions scientifiques et techniques<\/strong>.<\/p>\n\n\n\n<p>Il d\u00e9veloppe chez les \u00e9l\u00e8ves des comp\u00e9tences multiples&nbsp;: analyser et mod\u00e9liser un probl\u00e8me en termes de flux et de traitement d\u2019informations\u2009; concevoir des solutions algorithmiques\u2009; traduire un algorithme dans un langage de programmation.<\/p>\n\n\n\n<p>Les \u00e9l\u00e8ves acqui\u00e8rent aussi des&nbsp;<strong>connaissances scientifiques<\/strong>&nbsp;et des savoir-faire qui leur permettront d\u2019apprendre \u00e0 utiliser l\u2019informatique dans la vie quotidienne et professionnelle de mani\u00e8re responsable et critique.<\/p>\n\n\n\n<ul class=\"wp-block-list\">\n<li><a href=\"https:\/\/eduscol.education.fr\/document\/30007\/download\" target=\"_blank\" rel=\"noreferrer noopener\">Programme de 1re g\u00e9n\u00e9rale<\/a><\/li>\n\n\n\n<li><a href=\"https:\/\/eduscol.education.fr\/document\/30010\/download\" target=\"_blank\" rel=\"noreferrer noopener\">Programme de terminale g\u00e9n\u00e9rale<\/a><\/li>\n<\/ul>\n\n\n\n<div style=\"height:100px\" aria-hidden=\"true\" class=\"wp-block-spacer\"><\/div>\n","protected":false},"excerpt":{"rendered":"<p>L\u2019enseignement de sp\u00e9cialit\u00e9 \u00ab\u00a0Num\u00e9rique et sciences informatiques\u00a0\u00bb&nbsp;permet d\u2019acqu\u00e9rir les&nbsp;concepts et les m\u00e9thodes qui fondent l\u2019informatique, dans ses dimensions scientifiques et techniques. Il d\u00e9veloppe chez les \u00e9l\u00e8ves des comp\u00e9tences multiples&nbsp;: analyser et mod\u00e9liser un probl\u00e8me en termes de flux et de traitement d\u2019informations\u2009; concevoir des solutions algorithmiques\u2009; traduire un algorithme dans un langage de programmation. Les [&hellip;]<\/p>\n","protected":false},"author":31624,"featured_media":0,"parent":0,"menu_order":0,"comment_status":"closed","ping_status":"closed","template":"","meta":{"_et_pb_use_builder":"off","_et_pb_old_content":"","_et_gb_content_width":"1080","footnotes":""},"class_list":["post-6437","page","type-page","status-publish","hentry"],"_links":{"self":[{"href":"https:\/\/etab.ac-reunion.fr\/lyc-boisjoly-potier\/wp-json\/wp\/v2\/pages\/6437","targetHints":{"allow":["GET"]}}],"collection":[{"href":"https:\/\/etab.ac-reunion.fr\/lyc-boisjoly-potier\/wp-json\/wp\/v2\/pages"}],"about":[{"href":"https:\/\/etab.ac-reunion.fr\/lyc-boisjoly-potier\/wp-json\/wp\/v2\/types\/page"}],"author":[{"embeddable":true,"href":"https:\/\/etab.ac-reunion.fr\/lyc-boisjoly-potier\/wp-json\/wp\/v2\/users\/31624"}],"replies":[{"embeddable":true,"href":"https:\/\/etab.ac-reunion.fr\/lyc-boisjoly-potier\/wp-json\/wp\/v2\/comments?post=6437"}],"version-history":[{"count":4,"href":"https:\/\/etab.ac-reunion.fr\/lyc-boisjoly-potier\/wp-json\/wp\/v2\/pages\/6437\/revisions"}],"predecessor-version":[{"id":6756,"href":"https:\/\/etab.ac-reunion.fr\/lyc-boisjoly-potier\/wp-json\/wp\/v2\/pages\/6437\/revisions\/6756"}],"wp:attachment":[{"href":"https:\/\/etab.ac-reunion.fr\/lyc-boisjoly-potier\/wp-json\/wp\/v2\/media?parent=6437"}],"curies":[{"name":"wp","href":"https:\/\/api.w.org\/{rel}","templated":true}]}}