{"id":6443,"date":"2023-06-27T12:57:00","date_gmt":"2023-06-27T08:57:00","guid":{"rendered":"https:\/\/etab.ac-reunion.fr\/lyc-boisjoly-potier\/?page_id=6443"},"modified":"2023-06-27T13:23:25","modified_gmt":"2023-06-27T09:23:25","slug":"physique-chimie","status":"publish","type":"page","link":"https:\/\/etab.ac-reunion.fr\/lyc-boisjoly-potier\/physique-chimie\/","title":{"rendered":"PHYSIQUE-CHIMIE"},"content":{"rendered":"\n<figure class=\"wp-block-image size-large\"><img loading=\"lazy\" decoding=\"async\" width=\"1024\" height=\"190\" src=\"https:\/\/etab.ac-reunion.fr\/lyc-boisjoly-potier\/wp-content\/uploads\/sites\/112\/2023\/06\/PhisiqueChimie_bandeau-1024x190.jpg\" alt=\"\" class=\"wp-image-6426\" srcset=\"https:\/\/etab.ac-reunion.fr\/lyc-boisjoly-potier\/wp-content\/uploads\/sites\/112\/2023\/06\/PhisiqueChimie_bandeau-1024x190.jpg 1024w, https:\/\/etab.ac-reunion.fr\/lyc-boisjoly-potier\/wp-content\/uploads\/sites\/112\/2023\/06\/PhisiqueChimie_bandeau-980x181.jpg 980w, https:\/\/etab.ac-reunion.fr\/lyc-boisjoly-potier\/wp-content\/uploads\/sites\/112\/2023\/06\/PhisiqueChimie_bandeau-480x89.jpg 480w\" sizes=\"(min-width: 0px) and (max-width: 480px) 480px, (min-width: 481px) and (max-width: 980px) 980px, (min-width: 981px) 1024px, 100vw\" \/><\/figure>\n\n\n\n<p>L\u2019enseignement de sp\u00e9cialit\u00e9 \u00ab\u00a0Physique-chimie\u00a0\u00bb&nbsp;s\u2019appuie sur la&nbsp;<strong>pratique exp\u00e9rimentale et l\u2019activit\u00e9 de mod\u00e9lisation pour permettre aux \u00e9l\u00e8ves d\u2019\u00e9tablir un lien entre le monde des objets, des exp\u00e9riences, des faits et celui des mod\u00e8les et des th\u00e9ories<\/strong>.<\/p>\n\n\n\n<p>Le programme est structur\u00e9 autour de&nbsp;<strong>quatre th\u00e8mes<\/strong>&nbsp;qui se basent sur des situations de la vie quotidienne et de contribuer \u00e0 faire du lien avec les autres disciplines scientifiques : \u00ab\u00a0Constitution et transformations de la mati\u00e8re\u00a0\u00bb, \u00ab\u00a0Mouvement et interactions\u00a0\u00bb, \u00ab\u00a0L\u2019\u00e9nergie : conversions et transferts\u00a0\u00bb, \u00ab\u00a0Ondes et signaux\u00a0\u00bb.<\/p>\n\n\n\n<p>Les nombreux domaines d\u2019applications donnent \u00e0 l\u2019\u00e9l\u00e8ve une image concr\u00e8te, vivante et actuelle de la physique et de la chimie.<\/p>\n\n\n\n<ul class=\"wp-block-list\">\n<li><a href=\"https:\/\/eduscol.education.fr\/document\/22666\/download\" target=\"_blank\" rel=\"noreferrer noopener\">Programme de 1re g\u00e9n\u00e9rale<\/a><\/li>\n\n\n\n<li><a href=\"https:\/\/eduscol.education.fr\/document\/22669\/download\" target=\"_blank\" rel=\"noreferrer noopener\">Programme de terminale g\u00e9n\u00e9rale<\/a><\/li>\n<\/ul>\n\n\n\n<div style=\"height:100px\" aria-hidden=\"true\" class=\"wp-block-spacer\"><\/div>\n","protected":false},"excerpt":{"rendered":"<p>L\u2019enseignement de sp\u00e9cialit\u00e9 \u00ab\u00a0Physique-chimie\u00a0\u00bb&nbsp;s\u2019appuie sur la&nbsp;pratique exp\u00e9rimentale et l\u2019activit\u00e9 de mod\u00e9lisation pour permettre aux \u00e9l\u00e8ves d\u2019\u00e9tablir un lien entre le monde des objets, des exp\u00e9riences, des faits et celui des mod\u00e8les et des th\u00e9ories. Le programme est structur\u00e9 autour de&nbsp;quatre th\u00e8mes&nbsp;qui se basent sur des situations de la vie quotidienne et de contribuer \u00e0 faire [&hellip;]<\/p>\n","protected":false},"author":31624,"featured_media":0,"parent":0,"menu_order":0,"comment_status":"closed","ping_status":"closed","template":"","meta":{"_et_pb_use_builder":"off","_et_pb_old_content":"","_et_gb_content_width":"1080","footnotes":""},"class_list":["post-6443","page","type-page","status-publish","hentry"],"_links":{"self":[{"href":"https:\/\/etab.ac-reunion.fr\/lyc-boisjoly-potier\/wp-json\/wp\/v2\/pages\/6443","targetHints":{"allow":["GET"]}}],"collection":[{"href":"https:\/\/etab.ac-reunion.fr\/lyc-boisjoly-potier\/wp-json\/wp\/v2\/pages"}],"about":[{"href":"https:\/\/etab.ac-reunion.fr\/lyc-boisjoly-potier\/wp-json\/wp\/v2\/types\/page"}],"author":[{"embeddable":true,"href":"https:\/\/etab.ac-reunion.fr\/lyc-boisjoly-potier\/wp-json\/wp\/v2\/users\/31624"}],"replies":[{"embeddable":true,"href":"https:\/\/etab.ac-reunion.fr\/lyc-boisjoly-potier\/wp-json\/wp\/v2\/comments?post=6443"}],"version-history":[{"count":3,"href":"https:\/\/etab.ac-reunion.fr\/lyc-boisjoly-potier\/wp-json\/wp\/v2\/pages\/6443\/revisions"}],"predecessor-version":[{"id":6480,"href":"https:\/\/etab.ac-reunion.fr\/lyc-boisjoly-potier\/wp-json\/wp\/v2\/pages\/6443\/revisions\/6480"}],"wp:attachment":[{"href":"https:\/\/etab.ac-reunion.fr\/lyc-boisjoly-potier\/wp-json\/wp\/v2\/media?parent=6443"}],"curies":[{"name":"wp","href":"https:\/\/api.w.org\/{rel}","templated":true}]}}