{"id":6447,"date":"2023-06-27T12:58:13","date_gmt":"2023-06-27T08:58:13","guid":{"rendered":"https:\/\/etab.ac-reunion.fr\/lyc-boisjoly-potier\/?page_id=6447"},"modified":"2023-09-08T16:21:51","modified_gmt":"2023-09-08T12:21:51","slug":"eppcs","status":"publish","type":"page","link":"https:\/\/etab.ac-reunion.fr\/lyc-boisjoly-potier\/eppcs\/","title":{"rendered":"EPPCS"},"content":{"rendered":"\n<figure class=\"wp-block-image alignwide size-large\"><img loading=\"lazy\" decoding=\"async\" width=\"1024\" height=\"190\" src=\"https:\/\/etab.ac-reunion.fr\/lyc-boisjoly-potier\/wp-content\/uploads\/sites\/112\/2023\/06\/EPPCS_bandeau-1024x190.jpg\" alt=\"\" class=\"wp-image-6420\" srcset=\"https:\/\/etab.ac-reunion.fr\/lyc-boisjoly-potier\/wp-content\/uploads\/sites\/112\/2023\/06\/EPPCS_bandeau-1024x190.jpg 1024w, https:\/\/etab.ac-reunion.fr\/lyc-boisjoly-potier\/wp-content\/uploads\/sites\/112\/2023\/06\/EPPCS_bandeau-980x181.jpg 980w, https:\/\/etab.ac-reunion.fr\/lyc-boisjoly-potier\/wp-content\/uploads\/sites\/112\/2023\/06\/EPPCS_bandeau-480x89.jpg 480w\" sizes=\"(min-width: 0px) and (max-width: 480px) 480px, (min-width: 481px) and (max-width: 980px) 980px, (min-width: 981px) 1024px, 100vw\" \/><\/figure>\n\n\n\n<p>Cet enseignement de sp\u00e9cialit\u00e9 \u00ab\u00a0<strong>\u00e9ducation physique, pratiques et culture sportives\u00a0\u00bb<\/strong>&nbsp;d\u00e9passe le champ strict de la pratique sportive. En plus des enseignements en \u00e9ducation physique et sportive, il int\u00e9gre d\u2019autres champs disciplinaires (sciences, humanit\u00e9s\u2026) en associant des apports pratiques et des contenus th\u00e9oriques.&nbsp;<br><br>Cet enseignement de sp\u00e9cialit\u00e9 \u00ab\u00a0<strong>\u00e9ducation physique, pratiques et culture sportives\u00a0\u00bb<\/strong>&nbsp;vous offre des perspectives de parcours d\u2019\u00e9tudes et d\u2019insertion professionnelle dans de nombreux secteurs tels que les m\u00e9tiers de la sant\u00e9 et du bien-\u00eatre, l\u2019enseignement, l\u2019entra\u00eenement, la gestion, la communication, le secteur \u00e9v\u00e9nementiel, la recherche, la s\u00e9curit\u00e9\u2026<\/p>\n\n\n\n<ul class=\"wp-block-list\">\n<li><a href=\"https:\/\/etab.ac-reunion.fr\/lyc-boisjoly-potier\/wp-content\/uploads\/sites\/112\/2023\/06\/ProgEPPCS.pdf\" target=\"_blank\" rel=\"noreferrer noopener\">Programme de 1re g\u00e9n\u00e9rale et de terminale g\u00e9n\u00e9rale<\/a><\/li>\n<\/ul>\n\n\n\n<div style=\"height:100px\" aria-hidden=\"true\" class=\"wp-block-spacer\"><\/div>\n","protected":false},"excerpt":{"rendered":"<p>Cet enseignement de sp\u00e9cialit\u00e9 \u00ab\u00a0\u00e9ducation physique, pratiques et culture sportives\u00a0\u00bb&nbsp;d\u00e9passe le champ strict de la pratique sportive. En plus des enseignements en \u00e9ducation physique et sportive, il int\u00e9gre d\u2019autres champs disciplinaires (sciences, humanit\u00e9s\u2026) en associant des apports pratiques et des contenus th\u00e9oriques.&nbsp; Cet enseignement de sp\u00e9cialit\u00e9 \u00ab\u00a0\u00e9ducation physique, pratiques et culture sportives\u00a0\u00bb&nbsp;vous offre des perspectives [&hellip;]<\/p>\n","protected":false},"author":31624,"featured_media":0,"parent":0,"menu_order":0,"comment_status":"closed","ping_status":"closed","template":"","meta":{"_et_pb_use_builder":"off","_et_pb_old_content":"","_et_gb_content_width":"1080","footnotes":""},"class_list":["post-6447","page","type-page","status-publish","hentry"],"_links":{"self":[{"href":"https:\/\/etab.ac-reunion.fr\/lyc-boisjoly-potier\/wp-json\/wp\/v2\/pages\/6447","targetHints":{"allow":["GET"]}}],"collection":[{"href":"https:\/\/etab.ac-reunion.fr\/lyc-boisjoly-potier\/wp-json\/wp\/v2\/pages"}],"about":[{"href":"https:\/\/etab.ac-reunion.fr\/lyc-boisjoly-potier\/wp-json\/wp\/v2\/types\/page"}],"author":[{"embeddable":true,"href":"https:\/\/etab.ac-reunion.fr\/lyc-boisjoly-potier\/wp-json\/wp\/v2\/users\/31624"}],"replies":[{"embeddable":true,"href":"https:\/\/etab.ac-reunion.fr\/lyc-boisjoly-potier\/wp-json\/wp\/v2\/comments?post=6447"}],"version-history":[{"count":3,"href":"https:\/\/etab.ac-reunion.fr\/lyc-boisjoly-potier\/wp-json\/wp\/v2\/pages\/6447\/revisions"}],"predecessor-version":[{"id":6752,"href":"https:\/\/etab.ac-reunion.fr\/lyc-boisjoly-potier\/wp-json\/wp\/v2\/pages\/6447\/revisions\/6752"}],"wp:attachment":[{"href":"https:\/\/etab.ac-reunion.fr\/lyc-boisjoly-potier\/wp-json\/wp\/v2\/media?parent=6447"}],"curies":[{"name":"wp","href":"https:\/\/api.w.org\/{rel}","templated":true}]}}