{"id":6902,"date":"2024-02-05T12:12:39","date_gmt":"2024-02-05T08:12:39","guid":{"rendered":"https:\/\/etab.ac-reunion.fr\/lyc-boisjoly-potier\/?page_id=6902"},"modified":"2025-04-11T12:48:01","modified_gmt":"2025-04-11T08:48:01","slug":"certificat-de-specialisation-encadrement-secteur-sportif-option-activites-physiques-pour-tous","status":"publish","type":"page","link":"https:\/\/etab.ac-reunion.fr\/lyc-boisjoly-potier\/certificat-de-specialisation-encadrement-secteur-sportif-option-activites-physiques-pour-tous\/","title":{"rendered":"PARCOURSUP : Certificat de Sp\u00e9cialisation &#8211; Encadrement secteur sportif option activit\u00e9s physiques pour tous &#8211;"},"content":{"rendered":"\n<figure class=\"wp-block-image size-full\"><img loading=\"lazy\" decoding=\"async\" width=\"1000\" height=\"357\" src=\"https:\/\/etab.ac-reunion.fr\/lyc-boisjoly-potier\/wp-content\/uploads\/sites\/112\/2024\/02\/logo_parcoursup.png\" alt=\"\" class=\"wp-image-6903\" srcset=\"https:\/\/etab.ac-reunion.fr\/lyc-boisjoly-potier\/wp-content\/uploads\/sites\/112\/2024\/02\/logo_parcoursup.png 1000w, https:\/\/etab.ac-reunion.fr\/lyc-boisjoly-potier\/wp-content\/uploads\/sites\/112\/2024\/02\/logo_parcoursup-980x350.png 980w, https:\/\/etab.ac-reunion.fr\/lyc-boisjoly-potier\/wp-content\/uploads\/sites\/112\/2024\/02\/logo_parcoursup-480x171.png 480w\" sizes=\"(min-width: 0px) and (max-width: 480px) 480px, (min-width: 481px) and (max-width: 980px) 980px, (min-width: 981px) 1000px, 100vw\" \/><\/figure>\n\n\n\n<p>Vous trouverez sur cette page toutes les informations n\u00e9cessaires concernant le certificat de sp\u00e9cialisation &#8211; Encadrement secteur sportif option activit\u00e9s physiques pour tous.<\/p>\n\n\n\n<p>Les inscriptions \u00e0 la mention compl\u00e9mentaire \u00ab\u00a0Encadrement secteur sportif option activit\u00e9s physiques pour tous\u00a0\u00bb sont d&rsquo;ores et d\u00e9j\u00e0 ouvertes. <strong>Cette proc\u00e9dure d&rsquo;inscription est hors PARCOURSUP et s&rsquo;effectue par une admission directe aupr\u00e8s de notre \u00e9tablissement via une \u00e9tude de votre dossier.<\/strong><\/p>\n\n\n\n<p>Seuls les titulaires : <\/p>\n\n\n\n<ul class=\"wp-block-list\">\n<li>d&rsquo;une mention compl\u00e9mentaire \u00ab\u00a0Animation-gestion de projets dans le secteur sportif\u00a0\u00bb <\/li>\n\n\n\n<li>d&rsquo;un BAC PRO avec unit\u00e9 professionnelle facultative \u00ab\u00a0secteur sportif\u00a0\u00bb ; <\/li>\n\n\n\n<li>Les d\u00e9tendeurs des unit\u00e9s capitalisables 1 \u00ab\u00a0Encadrer tout public dans tout lieu et toute structure\u00a0\u00bb et 2 \u00ab\u00a0mettre en \u0153uvre un projet d&rsquo;animation s&rsquo;inscrivant dans le projet de la structure\u00a0\u00bb du BPJEPS<\/li>\n<\/ul>\n\n\n\n<p>ont la possibilit\u00e9 de candidater \u00e0 la formation.<\/p>\n\n\n\n<p>Vous devez par ailleurs faire preuve de curiosit\u00e9, de patience et d&rsquo;\u00e9coute. Savoir communiquer \u00e0 l&rsquo;\u00e9crit et \u00e0 l&rsquo;oral ainsi qu&rsquo;\u00eatre un passionn\u00e9 de sport et avoir une bonne condition physique.<\/p>\n\n\n\n<p>Le lyc\u00e9e Boisjoly Potier ne propose que l&rsquo;option <strong>activit\u00e9 physiques pour tous.<\/strong><\/p>\n\n\n\n<p><strong>Pour vous inscrire, vous devez r\u00e9cup\u00e9rer le dossier suivant, le remplir, le dater, le signer et le retourner par mail avant la date limite fix\u00e9e au 31 mai 2025. <\/strong><\/p>\n\n\n\n<div data-wp-interactive=\"core\/file\" class=\"wp-block-file\"><object data-wp-bind--hidden=\"!state.hasPdfPreview\" hidden class=\"wp-block-file__embed\" data=\"https:\/\/etab.ac-reunion.fr\/lyc-boisjoly-potier\/wp-content\/uploads\/sites\/112\/2025\/04\/Dossier-de-candidature-MCESS-25-26-1.pdf\" type=\"application\/pdf\" style=\"width:100%;height:600px\" aria-label=\"Contenu embarqu\u00e9 Dossier-de-candidature-MCESS-25-26.\"><\/object><a id=\"wp-block-file--media-ed9f4f69-9d79-4f0d-8443-d50e8520a28c\" href=\"https:\/\/etab.ac-reunion.fr\/lyc-boisjoly-potier\/wp-content\/uploads\/sites\/112\/2025\/04\/Dossier-de-candidature-MCESS-25-26-1.pdf\">Dossier-de-candidature-MCESS-25-26<\/a><a href=\"https:\/\/etab.ac-reunion.fr\/lyc-boisjoly-potier\/wp-content\/uploads\/sites\/112\/2025\/04\/Dossier-de-candidature-MCESS-25-26-1.pdf\" class=\"wp-block-file__button wp-element-button\" download aria-describedby=\"wp-block-file--media-ed9f4f69-9d79-4f0d-8443-d50e8520a28c\">T\u00e9l\u00e9charger<\/a><\/div>\n\n\n\n<p>Le dossier de candidature d\u00fbment compl\u00e9t\u00e9 et \u00e0 renvoyer \u00e0 l&rsquo;adresse suivante : <strong><em>ce.97410087n@ac-reunion.fr<\/em><\/strong> <\/p>\n\n\n\n<p>Pour toute demande d&rsquo;informations d&rsquo;ordre administratif, vous adresserez un mail au directeur de la formation.<\/p>\n\n\n\n<p>M. PAYET : <strong><em>ddfpt.9741087n@ac-reunion.fr<\/em><\/strong><\/p>\n\n\n\n<p><\/p>\n\n\n\n<p><\/p>\n","protected":false},"excerpt":{"rendered":"<p>Vous trouverez sur cette page toutes les informations n\u00e9cessaires concernant le certificat de sp\u00e9cialisation &#8211; Encadrement secteur sportif option activit\u00e9s physiques pour tous. Les inscriptions \u00e0 la mention compl\u00e9mentaire \u00ab\u00a0Encadrement secteur sportif option activit\u00e9s physiques pour tous\u00a0\u00bb sont d&rsquo;ores et d\u00e9j\u00e0 ouvertes. Cette proc\u00e9dure d&rsquo;inscription est hors PARCOURSUP et s&rsquo;effectue par une admission directe aupr\u00e8s [&hellip;]<\/p>\n","protected":false},"author":27166,"featured_media":6921,"parent":0,"menu_order":0,"comment_status":"closed","ping_status":"closed","template":"","meta":{"_et_pb_use_builder":"off","_et_pb_old_content":"","_et_gb_content_width":"1080","footnotes":""},"class_list":["post-6902","page","type-page","status-publish","has-post-thumbnail","hentry"],"_links":{"self":[{"href":"https:\/\/etab.ac-reunion.fr\/lyc-boisjoly-potier\/wp-json\/wp\/v2\/pages\/6902","targetHints":{"allow":["GET"]}}],"collection":[{"href":"https:\/\/etab.ac-reunion.fr\/lyc-boisjoly-potier\/wp-json\/wp\/v2\/pages"}],"about":[{"href":"https:\/\/etab.ac-reunion.fr\/lyc-boisjoly-potier\/wp-json\/wp\/v2\/types\/page"}],"author":[{"embeddable":true,"href":"https:\/\/etab.ac-reunion.fr\/lyc-boisjoly-potier\/wp-json\/wp\/v2\/users\/27166"}],"replies":[{"embeddable":true,"href":"https:\/\/etab.ac-reunion.fr\/lyc-boisjoly-potier\/wp-json\/wp\/v2\/comments?post=6902"}],"version-history":[{"count":24,"href":"https:\/\/etab.ac-reunion.fr\/lyc-boisjoly-potier\/wp-json\/wp\/v2\/pages\/6902\/revisions"}],"predecessor-version":[{"id":7779,"href":"https:\/\/etab.ac-reunion.fr\/lyc-boisjoly-potier\/wp-json\/wp\/v2\/pages\/6902\/revisions\/7779"}],"wp:featuredmedia":[{"embeddable":true,"href":"https:\/\/etab.ac-reunion.fr\/lyc-boisjoly-potier\/wp-json\/wp\/v2\/media\/6921"}],"wp:attachment":[{"href":"https:\/\/etab.ac-reunion.fr\/lyc-boisjoly-potier\/wp-json\/wp\/v2\/media?parent=6902"}],"curies":[{"name":"wp","href":"https:\/\/api.w.org\/{rel}","templated":true}]}}