{"id":695,"date":"2016-06-20T16:14:49","date_gmt":"2016-06-20T12:14:49","guid":{"rendered":"http:\/\/lycee-boisjoly-potier.ac-reunion.fr\/?page_id=695"},"modified":"2018-08-30T13:15:45","modified_gmt":"2018-08-30T09:15:45","slug":"seconde-experimentale-english-time","status":"publish","type":"page","link":"https:\/\/etab.ac-reunion.fr\/lyc-boisjoly-potier\/enseignement-general\/seconde-experimentale-english-time\/","title":{"rendered":"Seconde exp\u00e9rimentale \u00ab\u00a0English Time\u00a0\u00bb"},"content":{"rendered":"<ul>\n<li style=\"font-weight: 400\"><span style=\"text-decoration: underline;color: #00ccff\"><span style=\"font-weight: 400;font-size: 16pt\">Descriptif :<\/span><\/span><\/li>\n<\/ul>\n<p><span style=\"font-weight: 400\">Depuis la rentr\u00e9e 2014, le lyc\u00e9e s\u2019est lanc\u00e9 dans une nouvelle exp\u00e9rimentation : faire aimer et pratiquer r\u00e9guli\u00e8rement l\u2019anglais dans une classe de seconde, avec l\u2019aide de l\u2019ensemble de l\u2019\u00e9quipe p\u00e9dagogique. Les professeurs, form\u00e9s et diplom\u00e9s, des diff\u00e9rentes disciplines acceptent de faire une partie du cours, ou tout le cours, en langue anglaise, au moins une fois par semaine.<\/span><\/p>\n<p><img loading=\"lazy\" decoding=\"async\" class=\"alignnone wp-image-1323 size-full\" src=\"https:\/\/etab.ac-reunion.fr\/lyc-boisjoly-potier\/wp-content\/uploads\/sites\/112\/2018\/08\/unnamed-1.png\" alt=\"\" width=\"220\" height=\"239\" \/><\/p>\n<p><span style=\"font-weight: 400\">Ce projet permet ainsi, par ailleurs, de mettre en place des pratiques p\u00e9dagogiques innovantes en se basant sur les principes de la classe invers\u00e9e : le travail en groupes, la manipulation, et l\u2019implication des \u00e9l\u00e8ves y sont renforc\u00e9s.<\/span><\/p>\n<p>&nbsp;<\/p>\n<p>[youtube]https:\/\/www.youtube.com\/watch?v=A2-3CbKy8SU[\/youtube]<\/p>\n<ul>\n<li style=\"font-weight: 400\"><span style=\"text-decoration: underline;font-size: 16pt;color: #00ccff\"><span style=\"font-weight: 400\">Une formation reconnue \u00e0 l\u2019\u00e9chelle acad\u00e9mique et europ\u00e9enne !<\/span><\/span><\/li>\n<\/ul>\n<p><span style=\"font-weight: 400\">Le projet a \u00e9t\u00e9 r\u00e9compens\u00e9 en janvier 2016 par un prix au <\/span><a href=\"http:\/\/www.agence-erasmus.fr\/article\/142\/un-label-europeen-pour-la-promotion-des-competences-linguistiques\"><span style=\"font-weight: 400\">Label europ\u00e9en des Langues<\/span><\/a><span style=\"font-weight: 400\"> (nous faisions partie des 6 nomin\u00e9s sur l\u2019ensemble du territoire fran\u00e7ais ! ).<\/span><\/p>\n<p><a href=\"https:\/\/etab.ac-reunion.fr\/lyc-boisjoly-potier\/label-europeen-des-langues\/\"><img loading=\"lazy\" decoding=\"async\" class=\"aligncenter wp-image-706 size-full\" src=\"https:\/\/etab.ac-reunion.fr\/lyc-boisjoly-potier\/wp-content\/uploads\/sites\/112\/2016\/06\/label-europeen.jpg\" alt=\"label-europeen\" width=\"633\" height=\"332\" srcset=\"https:\/\/etab.ac-reunion.fr\/lyc-boisjoly-potier\/wp-content\/uploads\/sites\/112\/2016\/06\/label-europeen.jpg 633w, https:\/\/etab.ac-reunion.fr\/lyc-boisjoly-potier\/wp-content\/uploads\/sites\/112\/2016\/06\/label-europeen-300x157.jpg 300w\" sizes=\"(max-width: 633px) 100vw, 633px\" \/><\/a><\/p>\n<p><span style=\"font-weight: 400\">Cette exp\u00e9rience a b\u00e9n\u00e9fici\u00e9 d\u2019une aide europ\u00e9enne pour la formation des enseignants \u00a0<\/span><span style=\"font-weight: 400\">(support KA1)<\/span><span style=\"font-weight: 400\">, du soutien sans faille de l\u2019\u00e9quipe de direction du lyc\u00e9e, et des I.P.R. d\u2019Anglais et des disciplines respectives <\/span><span style=\"font-weight: 400\">(E.P.S., S.V.T., Histoire-g\u00e9ographie, E.M.C., Maths, Enseignement d\u2019exploration Litt\u00e9rature et Soci\u00e9t\u00e9, \u2026).<\/span><\/p>\n<p><span style=\"font-weight: 400\">Ce projet exp\u00e9rimental a aussi attir\u00e9 l\u2019attention de la <\/span><a href=\"https:\/\/www.ac-reunion.fr\/academie\/les-grands-dossiers\/innovation-experimentation.html\"><span style=\"font-weight: 400\">CARDIE R\u00e9union<\/span><\/a><span style=\"font-weight: 400\"> la Communaut\u00e9 Acad\u00e9mique Recherche D\u00e9veloppement Innovation et Exp\u00e9rimentation), qui a r\u00e9dig\u00e9 un article sur le projet :<\/span><\/p>\n<p>&nbsp;<\/p>\n<p><a href=\"https:\/\/padlet.com\/runcardie\/LPOBoisjolyPotier\" target=\"_blank\" rel=\"noopener\"><img loading=\"lazy\" decoding=\"async\" class=\"aligncenter size-full wp-image-702\" src=\"https:\/\/etab.ac-reunion.fr\/lyc-boisjoly-potier\/wp-content\/uploads\/sites\/112\/2016\/06\/mur-cardie-ET-e1466943152581.jpg\" alt=\"mur-cardie-ET\" width=\"715\" height=\"362\" srcset=\"https:\/\/etab.ac-reunion.fr\/lyc-boisjoly-potier\/wp-content\/uploads\/sites\/112\/2016\/06\/mur-cardie-ET-e1466943152581.jpg 715w, https:\/\/etab.ac-reunion.fr\/lyc-boisjoly-potier\/wp-content\/uploads\/sites\/112\/2016\/06\/mur-cardie-ET-e1466943152581-300x152.jpg 300w\" sizes=\"(max-width: 715px) 100vw, 715px\" \/><\/a><\/p>\n<ul>\n<li style=\"font-weight: 400\"><span style=\"text-decoration: underline\"><span style=\"font-weight: 400;color: #00ccff;font-size: 16pt;text-decoration: underline\">Comment se d\u00e9roule une semaine-type ? <\/span><\/span><\/li>\n<\/ul>\n<p><span style=\"font-weight: 400\">Une dose d\u2019anglais, variable (en fonction des notions de cours abord\u00e9es), est pratiqu\u00e9e dans chaque discipline, chaque semaine. <\/span><\/p>\n<p><span style=\"font-weight: 400\">Dans l\u2019ensemble, l\u2019anglais est introduit de fa\u00e7on progressive : assez peu en d\u00e9but d\u2019ann\u00e9e (quelques minutes pour chaque mati\u00e8re), puis de plus en plus intens\u00e9ment et r\u00e9guli\u00e8rement, pour finir dans les derni\u00e8res semaines de l\u2019ann\u00e9e avec des s\u00e9ances quasi-enti\u00e8res (45 min) en anglais, soit globalement, 2h suppl\u00e9mentaires d\u2019anglais par semaine dans l\u2019emploi du temps, toutes mati\u00e8res confondues.<\/span><\/p>\n<p><img loading=\"lazy\" decoding=\"async\" class=\"alignnone wp-image-1316 size-full\" src=\"https:\/\/etab.ac-reunion.fr\/lyc-boisjoly-potier\/wp-content\/uploads\/sites\/112\/2018\/08\/pasted-image-0.png\" alt=\"\" width=\"954\" height=\"591\" srcset=\"https:\/\/etab.ac-reunion.fr\/lyc-boisjoly-potier\/wp-content\/uploads\/sites\/112\/2018\/08\/pasted-image-0.png 954w, https:\/\/etab.ac-reunion.fr\/lyc-boisjoly-potier\/wp-content\/uploads\/sites\/112\/2018\/08\/pasted-image-0-300x186.png 300w, https:\/\/etab.ac-reunion.fr\/lyc-boisjoly-potier\/wp-content\/uploads\/sites\/112\/2018\/08\/pasted-image-0-768x476.png 768w\" sizes=\"(max-width: 954px) 100vw, 954px\" \/><\/p>\n<p><span style=\"font-weight: 400\">Les contenus des s\u00e9ances ayant recours \u00e0 l\u2019anglais sont vari\u00e9s. <\/span><\/p>\n<p><span style=\"font-weight: 400\">Un suivi tr\u00e8s pr\u00e9cis a \u00e9t\u00e9 mis en place par les enseignants pour les recenser tout au long de l\u2019ann\u00e9e et pouvoir r\u00e9partir les activit\u00e9s dans les cat\u00e9gories suivantes : <\/span><\/p>\n<p>&nbsp;<\/p>\n<p><span style=\"text-decoration: underline;color: #00ccff\"><span style=\"font-size: 16pt\"><img loading=\"lazy\" decoding=\"async\" class=\"alignnone wp-image-1318 size-full\" src=\"https:\/\/etab.ac-reunion.fr\/lyc-boisjoly-potier\/wp-content\/uploads\/sites\/112\/2018\/08\/imageLikeEmbed.png\" alt=\"\" width=\"945\" height=\"365\" srcset=\"https:\/\/etab.ac-reunion.fr\/lyc-boisjoly-potier\/wp-content\/uploads\/sites\/112\/2018\/08\/imageLikeEmbed.png 945w, https:\/\/etab.ac-reunion.fr\/lyc-boisjoly-potier\/wp-content\/uploads\/sites\/112\/2018\/08\/imageLikeEmbed-300x116.png 300w, https:\/\/etab.ac-reunion.fr\/lyc-boisjoly-potier\/wp-content\/uploads\/sites\/112\/2018\/08\/imageLikeEmbed-768x297.png 768w\" sizes=\"(max-width: 945px) 100vw, 945px\" \/><\/span><\/span><\/p>\n<ul>\n<li style=\"font-weight: 400\"><span style=\"text-decoration: underline;color: #00ccff\"><span style=\"font-weight: 400;font-size: 16pt\">Bilan de fin d\u2019ann\u00e9e<\/span><\/span><\/li>\n<\/ul>\n<p><span style=\"font-weight: 400\">Les retours des \u00e9l\u00e8ves ayant suivi cette classe exp\u00e9rimentale sont tr\u00e8s positifs et encourageants, la tr\u00e8s grande majorit\u00e9 d\u2019entre eux recommande cet enseignement \u00e0 d(autres \u00e9l\u00e8ves de seconde :<\/span><\/p>\n<p><i><span style=\"font-weight: 400\">(R\u00e9sultats du sondage r\u00e9alis\u00e9 aupr\u00e8s de deux classes de seconde \u201cEnglish Time\u201d, lors de la premi\u00e8re ann\u00e9e et deuxi\u00e8me ann\u00e9e de mise en place du projet, soit 33 \u00e9l\u00e8ves puis 35 \u00e9l\u00e8ves)<\/span><\/i><\/p>\n<p><img loading=\"lazy\" decoding=\"async\" class=\"alignnone wp-image-1319 size-full\" src=\"https:\/\/etab.ac-reunion.fr\/lyc-boisjoly-potier\/wp-content\/uploads\/sites\/112\/2018\/08\/pasted-image-0-1-1.png\" alt=\"\" width=\"1133\" height=\"583\" srcset=\"https:\/\/etab.ac-reunion.fr\/lyc-boisjoly-potier\/wp-content\/uploads\/sites\/112\/2018\/08\/pasted-image-0-1-1.png 1133w, https:\/\/etab.ac-reunion.fr\/lyc-boisjoly-potier\/wp-content\/uploads\/sites\/112\/2018\/08\/pasted-image-0-1-1-300x154.png 300w, https:\/\/etab.ac-reunion.fr\/lyc-boisjoly-potier\/wp-content\/uploads\/sites\/112\/2018\/08\/pasted-image-0-1-1-1024x527.png 1024w, https:\/\/etab.ac-reunion.fr\/lyc-boisjoly-potier\/wp-content\/uploads\/sites\/112\/2018\/08\/pasted-image-0-1-1-768x395.png 768w\" sizes=\"(max-width: 1133px) 100vw, 1133px\" \/><\/p>\n<p><img loading=\"lazy\" decoding=\"async\" class=\"alignnone wp-image-1320 size-full\" src=\"https:\/\/etab.ac-reunion.fr\/lyc-boisjoly-potier\/wp-content\/uploads\/sites\/112\/2018\/08\/pasted-image-0-2.png\" alt=\"\" width=\"1140\" height=\"580\" srcset=\"https:\/\/etab.ac-reunion.fr\/lyc-boisjoly-potier\/wp-content\/uploads\/sites\/112\/2018\/08\/pasted-image-0-2.png 1140w, https:\/\/etab.ac-reunion.fr\/lyc-boisjoly-potier\/wp-content\/uploads\/sites\/112\/2018\/08\/pasted-image-0-2-300x153.png 300w, https:\/\/etab.ac-reunion.fr\/lyc-boisjoly-potier\/wp-content\/uploads\/sites\/112\/2018\/08\/pasted-image-0-2-1024x521.png 1024w, https:\/\/etab.ac-reunion.fr\/lyc-boisjoly-potier\/wp-content\/uploads\/sites\/112\/2018\/08\/pasted-image-0-2-768x391.png 768w\" sizes=\"(max-width: 1140px) 100vw, 1140px\" \/><\/p>\n<p><img loading=\"lazy\" decoding=\"async\" class=\"alignnone wp-image-1321 size-full\" src=\"https:\/\/etab.ac-reunion.fr\/lyc-boisjoly-potier\/wp-content\/uploads\/sites\/112\/2018\/08\/pasted-image-0-3.png\" alt=\"\" width=\"1148\" height=\"586\" srcset=\"https:\/\/etab.ac-reunion.fr\/lyc-boisjoly-potier\/wp-content\/uploads\/sites\/112\/2018\/08\/pasted-image-0-3.png 1148w, https:\/\/etab.ac-reunion.fr\/lyc-boisjoly-potier\/wp-content\/uploads\/sites\/112\/2018\/08\/pasted-image-0-3-300x153.png 300w, https:\/\/etab.ac-reunion.fr\/lyc-boisjoly-potier\/wp-content\/uploads\/sites\/112\/2018\/08\/pasted-image-0-3-1024x523.png 1024w, https:\/\/etab.ac-reunion.fr\/lyc-boisjoly-potier\/wp-content\/uploads\/sites\/112\/2018\/08\/pasted-image-0-3-768x392.png 768w\" sizes=\"(max-width: 1148px) 100vw, 1148px\" \/><\/p>\n<ul>\n<li style=\"font-weight: 400\"><span style=\"text-decoration: underline;font-size: 20pt\"><span style=\"font-weight: 400;color: #cc99ff;text-decoration: underline\">Comment s\u2019inscrire ? <\/span><\/span><\/li>\n<\/ul>\n<p><span style=\"font-weight: 400\">Les \u00e9l\u00e8ves, lors de leur inscription en classe de seconde, peuvent choisir d\u2019int\u00e9grer cette classe \u00e0 projet en compl\u00e9tant la plaquette ci-dessous, qui leur est remise en m\u00eame temps que leur dossier d\u2019inscription.<\/span><\/p>\n<p><img loading=\"lazy\" decoding=\"async\" class=\"alignnone wp-image-1315 size-full\" src=\"https:\/\/etab.ac-reunion.fr\/lyc-boisjoly-potier\/wp-content\/uploads\/sites\/112\/2018\/08\/unnamed.png\" alt=\"\" width=\"512\" height=\"343\" srcset=\"https:\/\/etab.ac-reunion.fr\/lyc-boisjoly-potier\/wp-content\/uploads\/sites\/112\/2018\/08\/unnamed.png 512w, https:\/\/etab.ac-reunion.fr\/lyc-boisjoly-potier\/wp-content\/uploads\/sites\/112\/2018\/08\/unnamed-300x201.png 300w, https:\/\/etab.ac-reunion.fr\/lyc-boisjoly-potier\/wp-content\/uploads\/sites\/112\/2018\/08\/unnamed-140x94.png 140w\" sizes=\"(max-width: 512px) 100vw, 512px\" \/><\/p>\n<p>&nbsp;<\/p>\n","protected":false},"excerpt":{"rendered":"<p>Descriptif : Depuis la rentr\u00e9e 2014, le lyc\u00e9e s\u2019est lanc\u00e9 dans une nouvelle exp\u00e9rimentation : faire aimer et pratiquer r\u00e9guli\u00e8rement l\u2019anglais dans une classe de seconde, avec l\u2019aide de l\u2019ensemble de l\u2019\u00e9quipe p\u00e9dagogique. Les professeurs, form\u00e9s et diplom\u00e9s, des diff\u00e9rentes disciplines acceptent de faire une partie du cours, ou tout le cours, en langue anglaise, [&hellip;]<\/p>\n","protected":false},"author":4001,"featured_media":0,"parent":106,"menu_order":0,"comment_status":"closed","ping_status":"closed","template":"","meta":{"_et_pb_use_builder":"","_et_pb_old_content":"","_et_gb_content_width":"","footnotes":""},"class_list":["post-695","page","type-page","status-publish","hentry"],"_links":{"self":[{"href":"https:\/\/etab.ac-reunion.fr\/lyc-boisjoly-potier\/wp-json\/wp\/v2\/pages\/695","targetHints":{"allow":["GET"]}}],"collection":[{"href":"https:\/\/etab.ac-reunion.fr\/lyc-boisjoly-potier\/wp-json\/wp\/v2\/pages"}],"about":[{"href":"https:\/\/etab.ac-reunion.fr\/lyc-boisjoly-potier\/wp-json\/wp\/v2\/types\/page"}],"author":[{"embeddable":true,"href":"https:\/\/etab.ac-reunion.fr\/lyc-boisjoly-potier\/wp-json\/wp\/v2\/users\/4001"}],"replies":[{"embeddable":true,"href":"https:\/\/etab.ac-reunion.fr\/lyc-boisjoly-potier\/wp-json\/wp\/v2\/comments?post=695"}],"version-history":[{"count":11,"href":"https:\/\/etab.ac-reunion.fr\/lyc-boisjoly-potier\/wp-json\/wp\/v2\/pages\/695\/revisions"}],"predecessor-version":[{"id":1314,"href":"https:\/\/etab.ac-reunion.fr\/lyc-boisjoly-potier\/wp-json\/wp\/v2\/pages\/695\/revisions\/1314"}],"up":[{"embeddable":true,"href":"https:\/\/etab.ac-reunion.fr\/lyc-boisjoly-potier\/wp-json\/wp\/v2\/pages\/106"}],"wp:attachment":[{"href":"https:\/\/etab.ac-reunion.fr\/lyc-boisjoly-potier\/wp-json\/wp\/v2\/media?parent=695"}],"curies":[{"name":"wp","href":"https:\/\/api.w.org\/{rel}","templated":true}]}}