{"id":7562,"date":"2024-10-01T14:49:14","date_gmt":"2024-10-01T10:49:14","guid":{"rendered":"https:\/\/etab.ac-reunion.fr\/lyc-boisjoly-potier\/?page_id=7562"},"modified":"2024-10-01T14:49:15","modified_gmt":"2024-10-01T10:49:15","slug":"enseignements-communs","status":"publish","type":"page","link":"https:\/\/etab.ac-reunion.fr\/lyc-boisjoly-potier\/enseignements-communs\/","title":{"rendered":"Enseignements communs"},"content":{"rendered":"\n<p class=\"has-black-color has-text-color has-link-color has-medium-font-size wp-elements-82f603e6cd56ee52bf5d9efa19cf6e96\"><strong>Fran\u00e7ais<\/strong><\/p>\n\n\n\n<p class=\"has-black-color has-text-color has-link-color has-medium-font-size wp-elements-4669e7c04a886f1f09b05e30353550d8\"><strong> Math\u00e9matiques<\/strong><\/p>\n\n\n\n<p class=\"has-black-color has-text-color has-link-color has-medium-font-size wp-elements-2c9a7caea6e07e5a55d9501d4f12e4b9\"><strong> Histoire-g\u00e9ographie<\/strong><\/p>\n\n\n\n<p class=\"has-black-color has-text-color has-link-color has-medium-font-size wp-elements-ad6d808b2f707bdcae38157f220a2cc5\"><strong> Langues vivantes<\/strong><\/p>\n\n\n\n<p class=\"has-black-color has-text-color has-link-color has-medium-font-size wp-elements-992092443dd011ece69828ed27bd5da2\"><strong> Enseignement moral et civique<\/strong><\/p>\n\n\n\n<p class=\"has-black-color has-text-color has-link-color has-medium-font-size wp-elements-69be82069a9786ea53374f7667ee5ff8\"><strong>EPS (\u00e9ducation physique et sportive) <\/strong><\/p>\n\n\n\n<p class=\"has-black-color has-text-color has-link-color has-medium-font-size wp-elements-b21af7166a3f109e15f852a574388a18\"><strong> Enseignement scientifique<\/strong><\/p>\n\n\n\n<p class=\"has-black-color has-text-color has-link-color has-medium-font-size wp-elements-054f3d8a479b7df87c7b40189e74ca96\">Tableau r\u00e9capitulatif des enseignements communs en lyc\u00e9e g\u00e9n\u00e9ral, incluant les heures pour les classes de seconde, premi\u00e8re et terminale.<\/p>\n\n\n\n<figure class=\"wp-block-table\"><table class=\"has-fixed-layout\"><thead><tr><th><strong>Discipline<\/strong><\/th><th><strong>Seconde<\/strong><\/th><th><strong>Premi\u00e8re<\/strong><\/th><th><strong>Terminale<\/strong><\/th><\/tr><\/thead><tbody><tr><td><strong>Fran\u00e7ais<\/strong><\/td><td>4h<\/td><td>4h<\/td><td>&#8211;<\/td><\/tr><tr><td><strong>Philosophie<\/strong><\/td><td>&#8211;<\/td><td>&#8211;<\/td><td>4h<\/td><\/tr><tr><td><strong>Histoire-G\u00e9ographie<\/strong><\/td><td>3h<\/td><td>3h<\/td><td>3h<\/td><\/tr><tr><td><strong>Langues vivantes A et B<\/strong><\/td><td>5h30 (LVA + LVB)<\/td><td>4h30 (LVA + LVB)<\/td><td>4h (LVA + LVB)<\/td><\/tr><tr><td><strong>Sciences \u00e9conomiques et sociales<\/strong><\/td><td>1h30<\/td><td>&#8211;<\/td><td>&#8211;<\/td><\/tr><tr><td><strong>Math\u00e9matiques<\/strong><\/td><td>4h<\/td><td>&#8211;<\/td><td>&#8211;<\/td><\/tr><tr><td><strong>Physique-Chimie<\/strong><\/td><td>3h<\/td><td>&#8211;<\/td><td>&#8211;<\/td><\/tr><tr><td><strong>Sciences de la Vie et de la Terre (SVT)<\/strong><\/td><td>1h30<\/td><td>&#8211;<\/td><td>&#8211;<\/td><\/tr><tr><td><strong>Enseignement scientifique<\/strong><\/td><td>&#8211;<\/td><td>2h<\/td><td>2h<\/td><\/tr><tr><td><strong>\u00c9ducation physique et sportive (EPS)<\/strong><\/td><td>2h<\/td><td>2h<\/td><td>2h<\/td><\/tr><tr><td><strong>Enseignement moral et civique<\/strong><\/td><td>18h\/an (environ 0h30\/semaine)<\/td><td>18h\/an (environ 0h30\/semaine)<\/td><td>18h\/an (environ 0h30\/semaine)<\/td><\/tr><tr><td><strong>Sciences num\u00e9riques et technologie<\/strong><\/td><td>1h30<\/td><td>&#8211;<\/td><td>&#8211;<\/td><\/tr><tr><td><strong>Accompagnement personnalis\u00e9<\/strong><\/td><td>Variable<\/td><td>Variable<\/td><td>Variable<\/td><\/tr><\/tbody><\/table><\/figure>\n\n\n\n<p class=\"has-black-color has-text-color has-link-color has-medium-font-size wp-elements-8cc8dc9474c05cf8464c384600027627\">En terminale, les \u00e9l\u00e8ves poursuivent deux sp\u00e9cialit\u00e9s parmi celles choisies en premi\u00e8re, qui occupent une grande partie de leur emploi du temps.<\/p>\n\n\n\n<p class=\"has-black-color has-text-color has-link-color has-medium-font-size wp-elements-694fec42e289ea622eb09965f0dae4bc\">Les mati\u00e8res scientifiques (math\u00e9matiques, physique-chimie, SVT) deviennent des sp\u00e9cialit\u00e9s \u00e0 partir de la premi\u00e8re.<\/p>\n\n\n\n<p class=\"has-black-color has-text-color has-link-color has-medium-font-size wp-elements-9ea9de3557edab6b4469dff93e6affdc\"><\/p>\n","protected":false},"excerpt":{"rendered":"<p>Fran\u00e7ais Math\u00e9matiques Histoire-g\u00e9ographie Langues vivantes Enseignement moral et civique EPS (\u00e9ducation physique et sportive) Enseignement scientifique Tableau r\u00e9capitulatif des enseignements communs en lyc\u00e9e g\u00e9n\u00e9ral, incluant les heures pour les classes de seconde, premi\u00e8re et terminale. Discipline Seconde Premi\u00e8re Terminale Fran\u00e7ais 4h 4h &#8211; Philosophie &#8211; &#8211; 4h Histoire-G\u00e9ographie 3h 3h 3h Langues vivantes A et [&hellip;]<\/p>\n","protected":false},"author":27708,"featured_media":0,"parent":0,"menu_order":0,"comment_status":"closed","ping_status":"closed","template":"","meta":{"_et_pb_use_builder":"off","_et_pb_old_content":"","_et_gb_content_width":"","footnotes":""},"class_list":["post-7562","page","type-page","status-publish","hentry"],"_links":{"self":[{"href":"https:\/\/etab.ac-reunion.fr\/lyc-boisjoly-potier\/wp-json\/wp\/v2\/pages\/7562","targetHints":{"allow":["GET"]}}],"collection":[{"href":"https:\/\/etab.ac-reunion.fr\/lyc-boisjoly-potier\/wp-json\/wp\/v2\/pages"}],"about":[{"href":"https:\/\/etab.ac-reunion.fr\/lyc-boisjoly-potier\/wp-json\/wp\/v2\/types\/page"}],"author":[{"embeddable":true,"href":"https:\/\/etab.ac-reunion.fr\/lyc-boisjoly-potier\/wp-json\/wp\/v2\/users\/27708"}],"replies":[{"embeddable":true,"href":"https:\/\/etab.ac-reunion.fr\/lyc-boisjoly-potier\/wp-json\/wp\/v2\/comments?post=7562"}],"version-history":[{"count":1,"href":"https:\/\/etab.ac-reunion.fr\/lyc-boisjoly-potier\/wp-json\/wp\/v2\/pages\/7562\/revisions"}],"predecessor-version":[{"id":7563,"href":"https:\/\/etab.ac-reunion.fr\/lyc-boisjoly-potier\/wp-json\/wp\/v2\/pages\/7562\/revisions\/7563"}],"wp:attachment":[{"href":"https:\/\/etab.ac-reunion.fr\/lyc-boisjoly-potier\/wp-json\/wp\/v2\/media?parent=7562"}],"curies":[{"name":"wp","href":"https:\/\/api.w.org\/{rel}","templated":true}]}}