{"id":7566,"date":"2024-10-01T14:55:33","date_gmt":"2024-10-01T10:55:33","guid":{"rendered":"https:\/\/etab.ac-reunion.fr\/lyc-boisjoly-potier\/?page_id=7566"},"modified":"2024-10-01T15:47:59","modified_gmt":"2024-10-01T11:47:59","slug":"enseignements-de-specialites-du-lycee","status":"publish","type":"page","link":"https:\/\/etab.ac-reunion.fr\/lyc-boisjoly-potier\/enseignements-de-specialites-du-lycee\/","title":{"rendered":"Sp\u00e9cialit\u00e9s du lyc\u00e9e"},"content":{"rendered":"\n<p class=\"has-black-color has-text-color has-link-color has-medium-font-size wp-elements-403db401d8144e19b034f494b600e074\">CIAV<\/p>\n\n\n\n<p class=\"has-black-color has-text-color has-link-color has-medium-font-size wp-elements-b82bd80a632d7c3d70010e9ba80e84cb\">EPPCS<\/p>\n\n\n\n<p class=\"has-black-color has-text-color has-link-color has-medium-font-size wp-elements-28cd58147f64fd51f2359d2a695aed14\">HGGSP<\/p>\n\n\n\n<p class=\"has-black-color has-text-color has-link-color has-medium-font-size wp-elements-824fd39519994411e268c292e026a870\">HLP<\/p>\n\n\n\n<p class=\"has-black-color has-text-color has-link-color has-medium-font-size wp-elements-9c48a15567b71af624534a415cc0c481\">LLCER<\/p>\n\n\n\n<p class=\"has-black-color has-text-color has-link-color has-medium-font-size wp-elements-285ead8cffe5167da6723eb1a269cea0\">Maths<\/p>\n\n\n\n<p class=\"has-black-color has-text-color has-link-color has-medium-font-size wp-elements-97e477da45f50726b142c90d3238144a\">NSI<\/p>\n\n\n\n<p class=\"has-black-color has-text-color has-link-color has-medium-font-size wp-elements-268d0706c8abdbbc63c4ad17810c3343\">Physique-Chimie<\/p>\n\n\n\n<p class=\"has-black-color has-text-color has-link-color has-medium-font-size wp-elements-4f44a04396ddf8b1e23482199f7159fc\">SES<\/p>\n\n\n\n<p class=\"has-black-color has-text-color has-link-color has-medium-font-size wp-elements-762fe6cfa98b81b8c7ff83993ade82ef\">SVT<\/p>\n","protected":false},"excerpt":{"rendered":"<p>CIAV EPPCS HGGSP HLP LLCER Maths NSI Physique-Chimie SES SVT<\/p>\n","protected":false},"author":27708,"featured_media":0,"parent":0,"menu_order":0,"comment_status":"closed","ping_status":"closed","template":"","meta":{"_et_pb_use_builder":"off","_et_pb_old_content":"","_et_gb_content_width":"","footnotes":""},"class_list":["post-7566","page","type-page","status-publish","hentry"],"_links":{"self":[{"href":"https:\/\/etab.ac-reunion.fr\/lyc-boisjoly-potier\/wp-json\/wp\/v2\/pages\/7566","targetHints":{"allow":["GET"]}}],"collection":[{"href":"https:\/\/etab.ac-reunion.fr\/lyc-boisjoly-potier\/wp-json\/wp\/v2\/pages"}],"about":[{"href":"https:\/\/etab.ac-reunion.fr\/lyc-boisjoly-potier\/wp-json\/wp\/v2\/types\/page"}],"author":[{"embeddable":true,"href":"https:\/\/etab.ac-reunion.fr\/lyc-boisjoly-potier\/wp-json\/wp\/v2\/users\/27708"}],"replies":[{"embeddable":true,"href":"https:\/\/etab.ac-reunion.fr\/lyc-boisjoly-potier\/wp-json\/wp\/v2\/comments?post=7566"}],"version-history":[{"count":2,"href":"https:\/\/etab.ac-reunion.fr\/lyc-boisjoly-potier\/wp-json\/wp\/v2\/pages\/7566\/revisions"}],"predecessor-version":[{"id":7571,"href":"https:\/\/etab.ac-reunion.fr\/lyc-boisjoly-potier\/wp-json\/wp\/v2\/pages\/7566\/revisions\/7571"}],"wp:attachment":[{"href":"https:\/\/etab.ac-reunion.fr\/lyc-boisjoly-potier\/wp-json\/wp\/v2\/media?parent=7566"}],"curies":[{"name":"wp","href":"https:\/\/api.w.org\/{rel}","templated":true}]}}