{"id":7574,"date":"2024-10-01T15:51:29","date_gmt":"2024-10-01T11:51:29","guid":{"rendered":"https:\/\/etab.ac-reunion.fr\/lyc-boisjoly-potier\/?page_id=7574"},"modified":"2024-10-01T15:51:30","modified_gmt":"2024-10-01T11:51:30","slug":"eps","status":"publish","type":"page","link":"https:\/\/etab.ac-reunion.fr\/lyc-boisjoly-potier\/eps\/","title":{"rendered":"EPS"},"content":{"rendered":"\n<p class=\"has-black-color has-text-color has-link-color wp-elements-e8b05dc1bc0c499f17aef704983fc304\">Tous les lyc\u00e9ens suivent un <strong>enseignement obligatoire d\u2019EPS de 2 heures par semaine<\/strong>.<\/p>\n\n\n\n<p class=\"has-black-color has-text-color has-link-color wp-elements-7681363fe469cc9ced87dd720daffb1f\">L\u2019\u00e9valuation de l\u2019EPS \u00e0 l\u2019examen du baccalaur\u00e9at s\u2019effectue par <strong>contr\u00f4le en cours de formation (CCF) au cours de la classe terminale<\/strong>. La note de l\u2019\u00e9preuve obligatoire r\u00e9sulte d\u2019un ensemble certificatif comportant trois \u00e9preuves faisant appel \u00e0 des comp\u00e9tences distinctes. Cette note est affect\u00e9e d\u2019un coefficient 2.<\/p>\n\n\n\n<p class=\"has-black-color has-text-color has-link-color wp-elements-3ece1a35ca41768b1b7f1f9b1ab6ff01\"><strong>Les \u00e9l\u00e8ves d\u00e9sireux de se doter d\u2019une formation sportive plus approfondie peuvent choisir<\/strong>&nbsp;:<\/p>\n\n\n\n<ul class=\"wp-block-list\">\n<li><strong>un enseignement facultatif<\/strong> d\u2019EPS de 3 heures par semaine en classes de seconde, premi\u00e8re et terminale, centr\u00e9e sur deux activit\u00e9s<\/li>\n\n\n\n<li><strong>un enseignement d\u2019exploration<\/strong> de 5 heures par semaine en classe de seconde, qui peut \u00eatre poursuivi au cours du cycle terminal par <strong>un enseignement de compl\u00e9ment<\/strong> de 4 heures<\/li>\n<\/ul>\n","protected":false},"excerpt":{"rendered":"<p>Tous les lyc\u00e9ens suivent un enseignement obligatoire d\u2019EPS de 2 heures par semaine. L\u2019\u00e9valuation de l\u2019EPS \u00e0 l\u2019examen du baccalaur\u00e9at s\u2019effectue par contr\u00f4le en cours de formation (CCF) au cours de la classe terminale. La note de l\u2019\u00e9preuve obligatoire r\u00e9sulte d\u2019un ensemble certificatif comportant trois \u00e9preuves faisant appel \u00e0 des comp\u00e9tences distinctes. Cette note est [&hellip;]<\/p>\n","protected":false},"author":27708,"featured_media":0,"parent":0,"menu_order":0,"comment_status":"closed","ping_status":"closed","template":"","meta":{"_et_pb_use_builder":"off","_et_pb_old_content":"","_et_gb_content_width":"","footnotes":""},"class_list":["post-7574","page","type-page","status-publish","hentry"],"_links":{"self":[{"href":"https:\/\/etab.ac-reunion.fr\/lyc-boisjoly-potier\/wp-json\/wp\/v2\/pages\/7574","targetHints":{"allow":["GET"]}}],"collection":[{"href":"https:\/\/etab.ac-reunion.fr\/lyc-boisjoly-potier\/wp-json\/wp\/v2\/pages"}],"about":[{"href":"https:\/\/etab.ac-reunion.fr\/lyc-boisjoly-potier\/wp-json\/wp\/v2\/types\/page"}],"author":[{"embeddable":true,"href":"https:\/\/etab.ac-reunion.fr\/lyc-boisjoly-potier\/wp-json\/wp\/v2\/users\/27708"}],"replies":[{"embeddable":true,"href":"https:\/\/etab.ac-reunion.fr\/lyc-boisjoly-potier\/wp-json\/wp\/v2\/comments?post=7574"}],"version-history":[{"count":2,"href":"https:\/\/etab.ac-reunion.fr\/lyc-boisjoly-potier\/wp-json\/wp\/v2\/pages\/7574\/revisions"}],"predecessor-version":[{"id":7576,"href":"https:\/\/etab.ac-reunion.fr\/lyc-boisjoly-potier\/wp-json\/wp\/v2\/pages\/7574\/revisions\/7576"}],"wp:attachment":[{"href":"https:\/\/etab.ac-reunion.fr\/lyc-boisjoly-potier\/wp-json\/wp\/v2\/media?parent=7574"}],"curies":[{"name":"wp","href":"https:\/\/api.w.org\/{rel}","templated":true}]}}