{"id":7690,"date":"2025-01-28T10:53:44","date_gmt":"2025-01-28T06:53:44","guid":{"rendered":"https:\/\/etab.ac-reunion.fr\/lyc-boisjoly-potier\/?page_id=7690"},"modified":"2025-01-28T11:24:44","modified_gmt":"2025-01-28T07:24:44","slug":"metiers-du-pilotage-et-de-la-maintenance-des-installations-automatisees","status":"publish","type":"page","link":"https:\/\/etab.ac-reunion.fr\/lyc-boisjoly-potier\/metiers-du-pilotage-et-de-la-maintenance-des-installations-automatisees\/","title":{"rendered":"4. M\u00e9tiers du pilotage et de la maintenance des installations automatis\u00e9es"},"content":{"rendered":"\n<p><strong>BAC PRO <\/strong>Maintenance des syst\u00e8mes de production connect\u00e9es (coloration maintenance des petits v\u00e9hicules \u00e9lectriques)<\/p>\n","protected":false},"excerpt":{"rendered":"<p>BAC PRO Maintenance des syst\u00e8mes de production connect\u00e9es (coloration maintenance des petits v\u00e9hicules \u00e9lectriques)<\/p>\n","protected":false},"author":27708,"featured_media":0,"parent":0,"menu_order":0,"comment_status":"closed","ping_status":"closed","template":"","meta":{"_et_pb_use_builder":"off","_et_pb_old_content":"","_et_gb_content_width":"","footnotes":""},"class_list":["post-7690","page","type-page","status-publish","hentry"],"_links":{"self":[{"href":"https:\/\/etab.ac-reunion.fr\/lyc-boisjoly-potier\/wp-json\/wp\/v2\/pages\/7690","targetHints":{"allow":["GET"]}}],"collection":[{"href":"https:\/\/etab.ac-reunion.fr\/lyc-boisjoly-potier\/wp-json\/wp\/v2\/pages"}],"about":[{"href":"https:\/\/etab.ac-reunion.fr\/lyc-boisjoly-potier\/wp-json\/wp\/v2\/types\/page"}],"author":[{"embeddable":true,"href":"https:\/\/etab.ac-reunion.fr\/lyc-boisjoly-potier\/wp-json\/wp\/v2\/users\/27708"}],"replies":[{"embeddable":true,"href":"https:\/\/etab.ac-reunion.fr\/lyc-boisjoly-potier\/wp-json\/wp\/v2\/comments?post=7690"}],"version-history":[{"count":2,"href":"https:\/\/etab.ac-reunion.fr\/lyc-boisjoly-potier\/wp-json\/wp\/v2\/pages\/7690\/revisions"}],"predecessor-version":[{"id":7734,"href":"https:\/\/etab.ac-reunion.fr\/lyc-boisjoly-potier\/wp-json\/wp\/v2\/pages\/7690\/revisions\/7734"}],"wp:attachment":[{"href":"https:\/\/etab.ac-reunion.fr\/lyc-boisjoly-potier\/wp-json\/wp\/v2\/media?parent=7690"}],"curies":[{"name":"wp","href":"https:\/\/api.w.org\/{rel}","templated":true}]}}