{"id":7699,"date":"2025-01-28T11:01:52","date_gmt":"2025-01-28T07:01:52","guid":{"rendered":"https:\/\/etab.ac-reunion.fr\/lyc-boisjoly-potier\/?page_id=7699"},"modified":"2025-06-02T14:48:56","modified_gmt":"2025-06-02T10:48:56","slug":"les-bts","status":"publish","type":"page","link":"https:\/\/etab.ac-reunion.fr\/lyc-boisjoly-potier\/les-bts\/","title":{"rendered":"1. Formations Post-Bac"},"content":{"rendered":"\n<p class=\"has-black-color has-text-color has-link-color has-medium-font-size wp-elements-6d785823e503e540954bac2f21845ce3\">Le lyc\u00e9e Boisjoly Potier propose deux formations sup\u00e9rieures :<\/p>\n\n\n\n<ul class=\"wp-block-list\">\n<li class=\"has-vivid-green-cyan-color has-text-color has-link-color has-medium-font-size wp-elements-cba32854b28e3380e2eaf23fb910345d\">BTS Support \u00e0 l&rsquo;Action Manag\u00e9riale (SAM)<\/li>\n\n\n\n<li class=\"has-vivid-cyan-blue-color has-text-color has-link-color has-medium-font-size wp-elements-000fad8487a63aa40e173ad7a64ec133\">BTS Gestion de la PME (GPM)<\/li>\n<\/ul>\n\n\n\n<figure class=\"wp-block-video\"><video height=\"720\" style=\"aspect-ratio: 1280 \/ 720;\" width=\"1280\" controls src=\"https:\/\/etab.ac-reunion.fr\/lyc-boisjoly-potier\/wp-content\/uploads\/sites\/112\/2025\/06\/BTS-SAM-a-BJP.mp4\"><\/video><\/figure>\n\n\n\n<p class=\"has-vivid-green-cyan-color has-text-color has-link-color has-medium-font-size wp-elements-68f6c0fb44e3e27e51e6e4e39429c522\"><strong>STS SAM<\/strong><\/p>\n\n\n\n<figure class=\"wp-block-table\"><table class=\"has-fixed-layout\"><tbody><tr><td>Mati\u00e8res<\/td><td>Volume horaire 1<sup>\u00e8re<\/sup> ann\u00e9e<\/td><td>Volume horaire 2de ann\u00e9e<\/td><\/tr><tr><td>Culture G\u00e9n\u00e9rale et Expression<\/td><td>3<\/td><td>3<\/td><\/tr><tr><td>Anglais<\/td><td>3<\/td><td>3<\/td><\/tr><tr><td>Espagnol<\/td><td>3<\/td><td>3<\/td><\/tr><tr><td>Culture \u00c9conomique, Juridique et Manag\u00e9riale<\/td><td>4<\/td><td>4<\/td><\/tr><tr><td>Optimisation des processus administratifs (Bloc 1)<\/td><td>4<\/td><td>4<\/td><\/tr><tr><td>Gestion de projet (Bloc 2)<\/td><td>4<\/td><td>4<\/td><\/tr><tr><td>Collaboration \u00e0 la Gestion des Ressources Humaines (Bloc 3)<\/td><td>4<\/td><td>4<\/td><\/tr><tr><td>Atelier de professionnalisation et de Culture \u00c9conomique, Juridique et Manag\u00e9riale appliqu\u00e9e<\/td><td>6<\/td><td>6<\/td><\/tr><\/tbody><\/table><\/figure>\n\n\n\n<p><\/p>\n\n\n\n<p><\/p>\n\n\n\n<p class=\"has-vivid-cyan-blue-color has-text-color has-link-color has-medium-font-size wp-elements-517750aac58a8b88776adce6485d0fcd\"><strong>STS GPME<\/strong><\/p>\n\n\n\n<figure class=\"wp-block-table\"><table class=\"has-fixed-layout\"><tbody><tr><td>Mati\u00e8res<\/td><td>Volume horaire 1<sup>\u00e8re<\/sup> ann\u00e9e<\/td><td>Volume horaire 2de ann\u00e9e<\/td><\/tr><tr><td>Culture G\u00e9n\u00e9rale et Expression<\/td><td>2<\/td><td>2<\/td><\/tr><tr><td>Anglais<\/td><td>4<\/td><td>3<\/td><\/tr><tr><td>Culture \u00c9conomique, Juridique et Manag\u00e9riale<\/td><td>4<\/td><td>4<\/td><\/tr><tr><td>G\u00e9rer les relations avec les clients et les fournisseurs de la PME<\/td><td>5<\/td><td>1<\/td><\/tr><tr><td>Participer \u00e0 la gestion des risques de la PME<\/td><td>0<\/td><td>3,5<\/td><\/tr><tr><td>G\u00e9rer le personnel et contribuer \u00e0 la GRH<\/td><td>0<\/td><td>3<\/td><\/tr><tr><td>Soutenir le fonctionnement et le d\u00e9veloppement de la PME<\/td><td>4<\/td><td>5<\/td><\/tr><tr><td>Culture \u00e9conomique, juridique et manag\u00e9riale appliqu\u00e9e<\/td><td>1,5<\/td><td>1,5<\/td><\/tr><tr><td>Communication<\/td><td>3<\/td><td>1<\/td><\/tr><tr><td>Atelier de professionnalisation<\/td><td>4<\/td><td>3<\/td><\/tr><\/tbody><\/table><\/figure>\n","protected":false},"excerpt":{"rendered":"<p>Le lyc\u00e9e Boisjoly Potier propose deux formations sup\u00e9rieures : STS SAM Mati\u00e8res Volume horaire 1\u00e8re ann\u00e9e Volume horaire 2de ann\u00e9e Culture G\u00e9n\u00e9rale et Expression 3 3 Anglais 3 3 Espagnol 3 3 Culture \u00c9conomique, Juridique et Manag\u00e9riale 4 4 Optimisation des processus administratifs (Bloc 1) 4 4 Gestion de projet (Bloc 2) 4 4 Collaboration [&hellip;]<\/p>\n","protected":false},"author":27708,"featured_media":0,"parent":0,"menu_order":0,"comment_status":"closed","ping_status":"closed","template":"","meta":{"_et_pb_use_builder":"off","_et_pb_old_content":"<!-- wp:list -->\n<ul class=\"wp-block-list\"><!-- wp:list-item -->\n<li><strong>BTS SAM<\/strong><\/li>\n<!-- \/wp:list-item -->\n\n<!-- wp:list-item -->\n<li><strong>BTS GPME<\/strong><\/li>\n<!-- \/wp:list-item --><\/ul>\n<!-- \/wp:list -->","_et_gb_content_width":"","footnotes":""},"class_list":["post-7699","page","type-page","status-publish","hentry"],"_links":{"self":[{"href":"https:\/\/etab.ac-reunion.fr\/lyc-boisjoly-potier\/wp-json\/wp\/v2\/pages\/7699","targetHints":{"allow":["GET"]}}],"collection":[{"href":"https:\/\/etab.ac-reunion.fr\/lyc-boisjoly-potier\/wp-json\/wp\/v2\/pages"}],"about":[{"href":"https:\/\/etab.ac-reunion.fr\/lyc-boisjoly-potier\/wp-json\/wp\/v2\/types\/page"}],"author":[{"embeddable":true,"href":"https:\/\/etab.ac-reunion.fr\/lyc-boisjoly-potier\/wp-json\/wp\/v2\/users\/27708"}],"replies":[{"embeddable":true,"href":"https:\/\/etab.ac-reunion.fr\/lyc-boisjoly-potier\/wp-json\/wp\/v2\/comments?post=7699"}],"version-history":[{"count":8,"href":"https:\/\/etab.ac-reunion.fr\/lyc-boisjoly-potier\/wp-json\/wp\/v2\/pages\/7699\/revisions"}],"predecessor-version":[{"id":7946,"href":"https:\/\/etab.ac-reunion.fr\/lyc-boisjoly-potier\/wp-json\/wp\/v2\/pages\/7699\/revisions\/7946"}],"wp:attachment":[{"href":"https:\/\/etab.ac-reunion.fr\/lyc-boisjoly-potier\/wp-json\/wp\/v2\/media?parent=7699"}],"curies":[{"name":"wp","href":"https:\/\/api.w.org\/{rel}","templated":true}]}}