{"id":89,"date":"2015-01-02T00:03:07","date_gmt":"2015-01-01T20:03:07","guid":{"rendered":"http:\/\/lycee-boisjoly-potier.ac-reunion.fr\/?page_id=89"},"modified":"2018-02-12T15:04:44","modified_gmt":"2018-02-12T11:04:44","slug":"developpement-durable","status":"publish","type":"page","link":"https:\/\/etab.ac-reunion.fr\/lyc-boisjoly-potier\/enseignement-general\/developpement-durable\/","title":{"rendered":"D\u00e9veloppement Durable"},"content":{"rendered":"<p><span style=\"font-family: arial,helvetica,sans-serif\">Le Lyc\u00e9e Boisjoly Potier s&rsquo;investit depuis plusieurs ann\u00e9es dans l&rsquo;Education au D\u00e9veloppement Durable (EDD): plusieurs classes sont concern\u00e9es, du lyc\u00e9e professionnel et du lyc\u00e9e g\u00e9n\u00e9ral, ainsi que les \u00e9co-d\u00e9l\u00e9gu\u00e9s. Du coup, depuis 2012, le lyc\u00e9e est r\u00e9guli\u00e8rement r\u00e9compens\u00e9 de ses efforts par le label \u00ab\u00a0\u00e9co-lyc\u00e9e\u00a0\u00bb: 5 labels re\u00e7us \u00e0 ce jour, le dernier en date pour l&rsquo;ann\u00e9e 2015-2016. <\/span><\/p>\n<p><span style=\"font-family: arial,helvetica,sans-serif\">Les \u00e9l\u00e8ves participent chaque ann\u00e9e \u00e0 la Semaine de R\u00e9duction des D\u00e9chets, en novembre, et \u00e0 la Semaine du d\u00e9veloppement durable (en avril)<\/span><\/p>\n<p><span style=\"font-family: arial,helvetica,sans-serif\"><span style=\"color: #008000\"><strong>Les th\u00e8mes:<\/strong><\/span> gestion de l&rsquo;eau, des d\u00e9chets, de l&rsquo;\u00e9nergie, \u00e9conomie solidaire, sant\u00e9 et consommation&#8230;<\/span><\/p>\n<p><span style=\"font-family: arial,helvetica,sans-serif\"><strong><span style=\"color: #008000\">Les r\u00e9alisations: <\/span><\/strong>arboretum \u00e0 caract\u00e8re historique, cuve de r\u00e9cup\u00e9ration des eaux de pluies, \u00e9conomie de papier, recyclage, participation Semaine du D\u00e9veloppement Durable (depuis 2012), \u00e9changes europ\u00e9ens: \u00ab\u00a0Biodiversity of the Rivers (2013-2015)<\/span><\/p>\n<p><a href=\"https:\/\/etab.ac-reunion.fr\/lyc-boisjoly-potier\/wp-content\/uploads\/sites\/112\/2015\/04\/SAM_0113-1.jpg\"><img loading=\"lazy\" decoding=\"async\" class=\" wp-image-402 size-medium\" src=\"https:\/\/etab.ac-reunion.fr\/lyc-boisjoly-potier\/wp-content\/uploads\/sites\/112\/2015\/04\/SAM_0113-1-300x225.jpg\" alt=\"\" width=\"300\" height=\"225\" srcset=\"https:\/\/etab.ac-reunion.fr\/lyc-boisjoly-potier\/wp-content\/uploads\/sites\/112\/2015\/04\/SAM_0113-1-300x225.jpg 300w, https:\/\/etab.ac-reunion.fr\/lyc-boisjoly-potier\/wp-content\/uploads\/sites\/112\/2015\/04\/SAM_0113-1-1024x768.jpg 1024w, https:\/\/etab.ac-reunion.fr\/lyc-boisjoly-potier\/wp-content\/uploads\/sites\/112\/2015\/04\/SAM_0113-1-768x576.jpg 768w, https:\/\/etab.ac-reunion.fr\/lyc-boisjoly-potier\/wp-content\/uploads\/sites\/112\/2015\/04\/SAM_0113-1-1536x1152.jpg 1536w, https:\/\/etab.ac-reunion.fr\/lyc-boisjoly-potier\/wp-content\/uploads\/sites\/112\/2015\/04\/SAM_0113-1-2048x1536.jpg 2048w\" sizes=\"(max-width: 300px) 100vw, 300px\" \/><\/a><\/p>\n<p><!--more--><\/p>\n<p>&nbsp;<\/p>\n<p><span style=\"font-family: tahoma,arial,helvetica,sans-serif\">Afin de p\u00e9renniser les actions, et d&rsquo;\u00e9largir la communaut\u00e9 des acteurs, le lyc\u00e9e s&rsquo;est lanc\u00e9 aussi dans une d\u00e9marche \u00ab\u00a0Agenda 21\u00a0\u00bb depuis 2014.<br \/>\n<\/span><\/p>\n<p><span style=\"font-family: tahoma,arial,helvetica,sans-serif\">En outre,\u00a0 divers projets, sont men\u00e9s soit ponctuellement, dans diverses classes du Lyc\u00e9e professionnel, et du Lyc\u00e9e g\u00e9n\u00e9ral,\u00a0 de 2014 \u00e0 2017:<\/span><\/p>\n<p><span style=\"font-family: tahoma,arial,helvetica,sans-serif\"><strong>\u00ab\u00a0Education for sustainable consumption, a global challenge\u00a0\u00bb<\/strong> est un partenariat avec 6 pays europ\u00e9ens, pour la p\u00e9riode 2014-2017.<\/span><\/p>\n<div><span style=\"font-family: tahoma,arial,helvetica,sans-serif\">Il concerne\u00a0 une classe de seconde en priorit\u00e9, avec option \u00ab\u00a0Litt\u00e9rature et Soci\u00e9t\u00e9\u00a0\u00bb<\/span><\/div>\n<div><span style=\"font-family: tahoma,arial,helvetica,sans-serif\">\u00a0<\/span><\/div>\n<div><span style=\"font-family: tahoma,arial,helvetica,sans-serif\">Les objectifs:<\/span><\/div>\n<ul>\n<li><span style=\"font-family: tahoma,arial,helvetica,sans-serif\">apprendre en \u00e9tant acteur: sensibiliser les \u00e9l\u00e8ves au d\u00e9veloppement durable, en particulier aux enjeux li\u00e9s \u00e0 la consommation<\/span><\/li>\n<li><span style=\"font-family: tahoma,arial,helvetica,sans-serif\">d\u00e9velopper de nouvelles habitudes de consommation, plus respectueuses des ressources, et du travail des hommes.<\/span><\/li>\n<li><span style=\"font-family: tahoma,arial,helvetica,sans-serif\">familiariser \u00e9galement aux enjeux \u00e9nerg\u00e9tiques pour l&rsquo;avenir.<\/span><\/li>\n<li><span style=\"font-family: tahoma,arial,helvetica,sans-serif\">utiliser l&rsquo;anglais comme langue de communication.<\/span><\/li>\n<\/ul>\n<p><span style=\"font-family: tahoma,arial,helvetica,sans-serif\">Ce projet entre dans le projet d&rsquo;\u00e9tablissement du lyc\u00e9e, et\u00a0 les parents ont d&rsquo;ores et d\u00e9j\u00e0 donn\u00e9 leur accord.<\/span><\/p>\n<p>&nbsp;<\/p>\n","protected":false},"excerpt":{"rendered":"<p>Le Lyc\u00e9e Boisjoly Potier s&rsquo;investit depuis plusieurs ann\u00e9es dans l&rsquo;Education au D\u00e9veloppement Durable (EDD): plusieurs classes sont concern\u00e9es, du lyc\u00e9e professionnel et du lyc\u00e9e g\u00e9n\u00e9ral, ainsi que les \u00e9co-d\u00e9l\u00e9gu\u00e9s. Du coup, depuis 2012, le lyc\u00e9e est r\u00e9guli\u00e8rement r\u00e9compens\u00e9 de ses efforts par le label \u00ab\u00a0\u00e9co-lyc\u00e9e\u00a0\u00bb: 5 labels re\u00e7us \u00e0 ce jour, le dernier en date [&hellip;]<\/p>\n","protected":false},"author":4001,"featured_media":404,"parent":106,"menu_order":0,"comment_status":"closed","ping_status":"closed","template":"","meta":{"_et_pb_use_builder":"","_et_pb_old_content":"","_et_gb_content_width":"","footnotes":""},"class_list":["post-89","page","type-page","status-publish","has-post-thumbnail","hentry"],"_links":{"self":[{"href":"https:\/\/etab.ac-reunion.fr\/lyc-boisjoly-potier\/wp-json\/wp\/v2\/pages\/89","targetHints":{"allow":["GET"]}}],"collection":[{"href":"https:\/\/etab.ac-reunion.fr\/lyc-boisjoly-potier\/wp-json\/wp\/v2\/pages"}],"about":[{"href":"https:\/\/etab.ac-reunion.fr\/lyc-boisjoly-potier\/wp-json\/wp\/v2\/types\/page"}],"author":[{"embeddable":true,"href":"https:\/\/etab.ac-reunion.fr\/lyc-boisjoly-potier\/wp-json\/wp\/v2\/users\/4001"}],"replies":[{"embeddable":true,"href":"https:\/\/etab.ac-reunion.fr\/lyc-boisjoly-potier\/wp-json\/wp\/v2\/comments?post=89"}],"version-history":[{"count":12,"href":"https:\/\/etab.ac-reunion.fr\/lyc-boisjoly-potier\/wp-json\/wp\/v2\/pages\/89\/revisions"}],"predecessor-version":[{"id":1178,"href":"https:\/\/etab.ac-reunion.fr\/lyc-boisjoly-potier\/wp-json\/wp\/v2\/pages\/89\/revisions\/1178"}],"up":[{"embeddable":true,"href":"https:\/\/etab.ac-reunion.fr\/lyc-boisjoly-potier\/wp-json\/wp\/v2\/pages\/106"}],"wp:featuredmedia":[{"embeddable":true,"href":"https:\/\/etab.ac-reunion.fr\/lyc-boisjoly-potier\/wp-json\/wp\/v2\/media\/404"}],"wp:attachment":[{"href":"https:\/\/etab.ac-reunion.fr\/lyc-boisjoly-potier\/wp-json\/wp\/v2\/media?parent=89"}],"curies":[{"name":"wp","href":"https:\/\/api.w.org\/{rel}","templated":true}]}}