{"id":91,"date":"2015-01-02T00:04:33","date_gmt":"2015-01-01T20:04:33","guid":{"rendered":"http:\/\/lycee-boisjoly-potier.ac-reunion.fr\/?page_id=91"},"modified":"2023-06-02T10:20:49","modified_gmt":"2023-06-02T06:20:49","slug":"international","status":"publish","type":"page","link":"https:\/\/etab.ac-reunion.fr\/lyc-boisjoly-potier\/enseignement-general\/international\/","title":{"rendered":"International"},"content":{"rendered":"<p>La classe de Premi\u00e8re S2 2013-2014 et Terminale S 2014-2015 est engag\u00e9e dans un projet d&rsquo;\u00e9changes avec 7 \u00e9tablissements europ\u00e9ens (en Pologne, Turquie, Roumanie, Espagne, Portugal, \u00e0 Chypre, Malte); le th\u00e8me de travail est \u00ab\u00a0Biodiversit\u00e9 des eaux douces\u00a0\u00bb.<\/p>\n<p>En 2014-2015, un nouveau projet d\u00e9marre, avec l&rsquo;actuelle classe de Seconde 5: \u00ab\u00a0ESC-A global Challenge\u00a0\u00bb, autour de la consommation durable (de l&rsquo;\u00e9nergie, de l&rsquo;eau, des ressources alimentaires, &#8230;)<\/p>\n<p>D\u00e9but janvier, Mme Sophie Lebourg, Professeur d&rsquo;Histoire-G\u00e9ographie, a rencontr\u00e9 les partenaires europ\u00e9ens au Portugal. Un calendrier de travail et de rencontres \u00e0 \u00e9t\u00e9 fix\u00e9: prochain s\u00e9jour pr\u00e9vu en Espagne : du 23 au 28-9 mai avec nos 5 \u00e9l\u00e8ves s\u00e9lectionn\u00e9s.<\/p>\n<p>&nbsp;<\/p>\n","protected":false},"excerpt":{"rendered":"<p>La classe de Premi\u00e8re S2 2013-2014 et Terminale S 2014-2015 est engag\u00e9e dans un projet d&rsquo;\u00e9changes avec 7 \u00e9tablissements europ\u00e9ens (en Pologne, Turquie, Roumanie, Espagne, Portugal, \u00e0 Chypre, Malte); le th\u00e8me de travail est \u00ab\u00a0Biodiversit\u00e9 des eaux douces\u00a0\u00bb. En 2014-2015, un nouveau projet d\u00e9marre, avec l&rsquo;actuelle classe de Seconde 5: \u00ab\u00a0ESC-A global Challenge\u00a0\u00bb, autour de [&hellip;]<\/p>\n","protected":false},"author":4001,"featured_media":212,"parent":106,"menu_order":0,"comment_status":"closed","ping_status":"closed","template":"","meta":{"_et_pb_use_builder":"","_et_pb_old_content":"","_et_gb_content_width":"","footnotes":""},"class_list":["post-91","page","type-page","status-publish","has-post-thumbnail","hentry"],"_links":{"self":[{"href":"https:\/\/etab.ac-reunion.fr\/lyc-boisjoly-potier\/wp-json\/wp\/v2\/pages\/91","targetHints":{"allow":["GET"]}}],"collection":[{"href":"https:\/\/etab.ac-reunion.fr\/lyc-boisjoly-potier\/wp-json\/wp\/v2\/pages"}],"about":[{"href":"https:\/\/etab.ac-reunion.fr\/lyc-boisjoly-potier\/wp-json\/wp\/v2\/types\/page"}],"author":[{"embeddable":true,"href":"https:\/\/etab.ac-reunion.fr\/lyc-boisjoly-potier\/wp-json\/wp\/v2\/users\/4001"}],"replies":[{"embeddable":true,"href":"https:\/\/etab.ac-reunion.fr\/lyc-boisjoly-potier\/wp-json\/wp\/v2\/comments?post=91"}],"version-history":[{"count":3,"href":"https:\/\/etab.ac-reunion.fr\/lyc-boisjoly-potier\/wp-json\/wp\/v2\/pages\/91\/revisions"}],"predecessor-version":[{"id":213,"href":"https:\/\/etab.ac-reunion.fr\/lyc-boisjoly-potier\/wp-json\/wp\/v2\/pages\/91\/revisions\/213"}],"up":[{"embeddable":true,"href":"https:\/\/etab.ac-reunion.fr\/lyc-boisjoly-potier\/wp-json\/wp\/v2\/pages\/106"}],"wp:featuredmedia":[{"embeddable":true,"href":"https:\/\/etab.ac-reunion.fr\/lyc-boisjoly-potier\/wp-json\/wp\/v2\/media\/212"}],"wp:attachment":[{"href":"https:\/\/etab.ac-reunion.fr\/lyc-boisjoly-potier\/wp-json\/wp\/v2\/media?parent=91"}],"curies":[{"name":"wp","href":"https:\/\/api.w.org\/{rel}","templated":true}]}}