{"id":95,"date":"2015-01-02T00:06:41","date_gmt":"2015-01-01T20:06:41","guid":{"rendered":"http:\/\/lycee-boisjoly-potier.ac-reunion.fr\/?page_id=95"},"modified":"2017-06-09T12:44:22","modified_gmt":"2017-06-09T08:44:22","slug":"2nde-dd-spe","status":"publish","type":"page","link":"https:\/\/etab.ac-reunion.fr\/lyc-boisjoly-potier\/enseignement-general\/2nde-dd-spe\/","title":{"rendered":"2nde MPS\/DD"},"content":{"rendered":"<p>Depuis la mise en place des enseignements d&rsquo;exploration, le Lyc\u00e9e Boisjoly Potier propose un enseignement \u00ab\u00a0M\u00e9thodes et Pratiques scientifiques\u00a0\u00bb autour du D\u00e9veloppement durable, associant plusieurs mati\u00e8res: SVT, Physique-Chimie, Histoire-G\u00e9ographie, Math\u00e9matiques&#8230;<\/p>\n<p>Les objectifs compl\u00e8tent ceux assign\u00e9s aux enseignements d&rsquo;exploration en g\u00e9n\u00e9ral: travail en autonomie, \u00e0 partir de donn\u00e9es r\u00e9colt\u00e9es sur le terrain, mise en relation des apports disciplinaires, travail d&rsquo;\u00e9quipe, d\u00e9veloppement de pratiques et d\u00e9veloppement personnel.<\/p>\n<p><!--more--><\/p>\n<p>Pour y r\u00e9pondre, plusieurs moyens sont utilis\u00e9s:<\/p>\n<ul>\n<li>de nombreuses sorties sur le terrain, autour de th\u00e8mes larges (gestion de l&rsquo;eau, des d\u00e9chets, de l&rsquo;\u00e9nergie, de la biodiversit\u00e9, fonctionnement \u00e9conomique et social, \u00e0 La R\u00e9union, autour du Lyc\u00e9e)<\/li>\n<li>des visites d&rsquo;intervenants ext\u00e9rieurs, oeuvrant dans les domaines cit\u00e9s ci-dessus<\/li>\n<li>travail en groupes de 3-4 \u00e9l\u00e8ves, \u00e0 partir d&rsquo;un sujet choisi au cours du 1er trimestre, parmi un corpus \u00e9labor\u00e9 par l&rsquo;\u00e9quipe des enseignants. Ces travaux sont \u00e0 pr\u00e9senter, sous forme d&rsquo;expos\u00e9s ou d&rsquo;actions concr\u00e8tes, au mois d&rsquo;avril: Travaux Autonomes et Personnels Encadr\u00e9s (T.P.A.E.), sur un peu plus d&rsquo;une vingtaine de semaines.<\/li>\n<li>les travaux sont pr\u00e9sent\u00e9s devant un jury, compos\u00e9s d&rsquo;enseignants, d&rsquo;intervenants ext\u00e9rieurs le cas \u00e9ch\u00e9ant, de personnels du Lyc\u00e9e, d&rsquo;Assistants P\u00e9dagogiques<\/li>\n<\/ul>\n<p>D&rsquo;une ann\u00e9e sur l&rsquo;autre, certains travaux peuvent \u00eatre compl\u00e9t\u00e9s par de nouvelles \u00e9quipes d&rsquo;\u00e9l\u00e8ves de Seconde: c&rsquo;est le cas pour l&rsquo;Arboretum historique du Lyc\u00e9e, pour la mise en place de la ruche, pour celle de la station m\u00e9t\u00e9o&#8230;<\/p>\n","protected":false},"excerpt":{"rendered":"<p>Depuis la mise en place des enseignements d&rsquo;exploration, le Lyc\u00e9e Boisjoly Potier propose un enseignement \u00ab\u00a0M\u00e9thodes et Pratiques scientifiques\u00a0\u00bb autour du D\u00e9veloppement durable, associant plusieurs mati\u00e8res: SVT, Physique-Chimie, Histoire-G\u00e9ographie, Math\u00e9matiques&#8230; Les objectifs compl\u00e8tent ceux assign\u00e9s aux enseignements d&rsquo;exploration en g\u00e9n\u00e9ral: travail en autonomie, \u00e0 partir de donn\u00e9es r\u00e9colt\u00e9es sur le terrain, mise en relation des [&hellip;]<\/p>\n","protected":false},"author":4001,"featured_media":53,"parent":106,"menu_order":0,"comment_status":"closed","ping_status":"closed","template":"","meta":{"_et_pb_use_builder":"","_et_pb_old_content":"","_et_gb_content_width":"","footnotes":""},"class_list":["post-95","page","type-page","status-publish","has-post-thumbnail","hentry"],"_links":{"self":[{"href":"https:\/\/etab.ac-reunion.fr\/lyc-boisjoly-potier\/wp-json\/wp\/v2\/pages\/95","targetHints":{"allow":["GET"]}}],"collection":[{"href":"https:\/\/etab.ac-reunion.fr\/lyc-boisjoly-potier\/wp-json\/wp\/v2\/pages"}],"about":[{"href":"https:\/\/etab.ac-reunion.fr\/lyc-boisjoly-potier\/wp-json\/wp\/v2\/types\/page"}],"author":[{"embeddable":true,"href":"https:\/\/etab.ac-reunion.fr\/lyc-boisjoly-potier\/wp-json\/wp\/v2\/users\/4001"}],"replies":[{"embeddable":true,"href":"https:\/\/etab.ac-reunion.fr\/lyc-boisjoly-potier\/wp-json\/wp\/v2\/comments?post=95"}],"version-history":[{"count":6,"href":"https:\/\/etab.ac-reunion.fr\/lyc-boisjoly-potier\/wp-json\/wp\/v2\/pages\/95\/revisions"}],"predecessor-version":[{"id":1018,"href":"https:\/\/etab.ac-reunion.fr\/lyc-boisjoly-potier\/wp-json\/wp\/v2\/pages\/95\/revisions\/1018"}],"up":[{"embeddable":true,"href":"https:\/\/etab.ac-reunion.fr\/lyc-boisjoly-potier\/wp-json\/wp\/v2\/pages\/106"}],"wp:featuredmedia":[{"embeddable":true,"href":"https:\/\/etab.ac-reunion.fr\/lyc-boisjoly-potier\/wp-json\/wp\/v2\/media\/53"}],"wp:attachment":[{"href":"https:\/\/etab.ac-reunion.fr\/lyc-boisjoly-potier\/wp-json\/wp\/v2\/media?parent=95"}],"curies":[{"name":"wp","href":"https:\/\/api.w.org\/{rel}","templated":true}]}}