{"id":2787,"date":"2021-10-09T14:18:14","date_gmt":"2021-10-09T10:18:14","guid":{"rendered":"http:\/\/lycee-larenaissance.ac-reunion.fr\/?page_id=2787"},"modified":"2024-09-16T22:27:12","modified_gmt":"2024-09-16T18:27:12","slug":"bacpro-boulangerie","status":"publish","type":"page","link":"https:\/\/etab.ac-reunion.fr\/lyc-christian-antou\/bacpro-boulangerie\/","title":{"rendered":"BAC PRO BOULANGER P\u00c2TISSIER"},"content":{"rendered":"<p>[et_pb_section fb_built=\u00a0\u00bb1&Prime; make_equal=\u00a0\u00bbon\u00a0\u00bb padding_top_1=\u00a0\u00bb8vw\u00a0\u00bb padding_bottom_1=\u00a0\u00bb8vw\u00a0\u00bb padding_top_bottom_link_1=\u00a0\u00bbtrue\u00a0\u00bb padding_left_right_link_1=\u00a0\u00bbfalse\u00a0\u00bb _builder_version=\u00a0\u00bb4.24.0&Prime; _module_preset=\u00a0\u00bbdefault\u00a0\u00bb background_color=\u00a0\u00bb#f1f1e1&Prime; background_enable_image=\u00a0\u00bboff\u00a0\u00bb background_size=\u00a0\u00bbcustom\u00a0\u00bb background_position=\u00a0\u00bbbottom_left\u00a0\u00bb background_blend=\u00a0\u00bbmultiply\u00a0\u00bb global_colors_info=\u00a0\u00bb{}\u00a0\u00bb][et_pb_row _builder_version=\u00a0\u00bb4.16&Prime; _module_preset=\u00a0\u00bbdefault\u00a0\u00bb custom_padding=\u00a0\u00bb||0px|||\u00a0\u00bb global_colors_info=\u00a0\u00bb{}\u00a0\u00bb][et_pb_column type=\u00a0\u00bb4_4&Prime; _builder_version=\u00a0\u00bb4.16&Prime; _module_preset=\u00a0\u00bbdefault\u00a0\u00bb global_colors_info=\u00a0\u00bb{}\u00a0\u00bb][et_pb_text _builder_version=\u00a0\u00bb4.17.4&Prime; _module_preset=\u00a0\u00bbdefault\u00a0\u00bb text_font=\u00a0\u00bbPoppins|700|||||||\u00a0\u00bb text_font_size=\u00a0\u00bb35px\u00a0\u00bb global_colors_info=\u00a0\u00bb{}\u00a0\u00bb]<\/p>\n<p>BAC PRO BOULANGER-P\u00c2TISSIER<\/p>\n<p>[\/et_pb_text][\/et_pb_column][\/et_pb_row][et_pb_row column_structure=\u00a0\u00bb1_4,1_4,1_4,1_4&Prime; _builder_version=\u00a0\u00bb4.16&Prime; _module_preset=\u00a0\u00bbdefault\u00a0\u00bb locked=\u00a0\u00bboff\u00a0\u00bb global_colors_info=\u00a0\u00bb{}\u00a0\u00bb][et_pb_column type=\u00a0\u00bb1_4&Prime; _builder_version=\u00a0\u00bb4.16&Prime; _module_preset=\u00a0\u00bbdefault\u00a0\u00bb global_colors_info=\u00a0\u00bb{}\u00a0\u00bb][et_pb_number_counter title=\u00a0\u00bbde formation apr\u00e8s la troisi\u00e8me\u00a0\u00bb number=\u00a0\u00bb3 ANS\u00a0\u00bb _builder_version=\u00a0\u00bb4.24.0&Prime; _module_preset=\u00a0\u00bbdefault\u00a0\u00bb title_text_color=\u00a0\u00bb#FFFFFF\u00a0\u00bb number_text_color=\u00a0\u00bb#FFFFFF\u00a0\u00bb number_font_size=\u00a0\u00bb65px\u00a0\u00bb background_color=\u00a0\u00bb#ba4668&Prime; background_layout=\u00a0\u00bbdark\u00a0\u00bb border_color_all=\u00a0\u00bb#a90e36&Prime; border_radii_tablet=\u00a0\u00bb\u00a0\u00bb border_radii_phone=\u00a0\u00bb\u00a0\u00bb border_radii_last_edited=\u00a0\u00bbon|desktop\u00a0\u00bb global_colors_info=\u00a0\u00bb{}\u00a0\u00bb][\/et_pb_number_counter][\/et_pb_column][et_pb_column type=\u00a0\u00bb1_4&Prime; _builder_version=\u00a0\u00bb4.16&Prime; _module_preset=\u00a0\u00bbdefault\u00a0\u00bb global_colors_info=\u00a0\u00bb{}\u00a0\u00bb][et_pb_number_counter title=\u00a0\u00bb semaines en entreprise PFMP gratifi\u00e9es\u00a0\u00bb number=\u00a0\u00bb22&Prime; _builder_version=\u00a0\u00bb4.24.1&Prime; _module_preset=\u00a0\u00bbdefault\u00a0\u00bb title_text_color=\u00a0\u00bb#FFFFFF\u00a0\u00bb number_text_color=\u00a0\u00bb#FFFFFF\u00a0\u00bb number_font_size=\u00a0\u00bb65px\u00a0\u00bb background_color=\u00a0\u00bb#ba4668&Prime; background_layout=\u00a0\u00bbdark\u00a0\u00bb border_color_all=\u00a0\u00bb#a90e36&Prime; border_radii_tablet=\u00a0\u00bb\u00a0\u00bb border_radii_phone=\u00a0\u00bb\u00a0\u00bb border_radii_last_edited=\u00a0\u00bbon|desktop\u00a0\u00bb global_colors_info=\u00a0\u00bb{}\u00a0\u00bb][\/et_pb_number_counter][\/et_pb_column][et_pb_column type=\u00a0\u00bb1_4&Prime; _builder_version=\u00a0\u00bb4.16&Prime; _module_preset=\u00a0\u00bbdefault\u00a0\u00bb global_colors_info=\u00a0\u00bb{}\u00a0\u00bb][et_pb_number_counter title=\u00a0\u00bbAnn\u00e9e commune m\u00e9tiers de l&rsquo;alimentation\u00a0\u00bb number=\u00a0\u00bb1\u00e8re\u00a0\u00bb _builder_version=\u00a0\u00bb4.24.0&Prime; _module_preset=\u00a0\u00bbdefault\u00a0\u00bb title_text_color=\u00a0\u00bb#FFFFFF\u00a0\u00bb title_font_size=\u00a0\u00bb15px\u00a0\u00bb number_text_color=\u00a0\u00bb#FFFFFF\u00a0\u00bb number_font_size=\u00a0\u00bb65px\u00a0\u00bb background_color=\u00a0\u00bb#ba4668&Prime; background_layout=\u00a0\u00bbdark\u00a0\u00bb border_color_all=\u00a0\u00bb#a90e36&Prime; border_radii_tablet=\u00a0\u00bb\u00a0\u00bb border_radii_phone=\u00a0\u00bb\u00a0\u00bb border_radii_last_edited=\u00a0\u00bbon|desktop\u00a0\u00bb global_colors_info=\u00a0\u00bb{}\u00a0\u00bb][\/et_pb_number_counter][\/et_pb_column][et_pb_column type=\u00a0\u00bb1_4&Prime; _builder_version=\u00a0\u00bb4.16&Prime; _module_preset=\u00a0\u00bbdefault\u00a0\u00bb global_colors_info=\u00a0\u00bb{}\u00a0\u00bb][et_pb_text _builder_version=\u00a0\u00bb4.27.0&Prime; _module_preset=\u00a0\u00bbdefault\u00a0\u00bb text_font=\u00a0\u00bb&#8211;et_global_heading_font||||||||\u00a0\u00bb text_font_size=\u00a0\u00bb17px\u00a0\u00bb header_3_font_size=\u00a0\u00bb18px\u00a0\u00bb header_3_text_color=\u00a0\u00bb#FFFFFF\u00a0\u00bb header_3_text_align=\u00a0\u00bbcenter\u00a0\u00bb hover_enabled=\u00a0\u00bb0&Prime; sticky_enabled=\u00a0\u00bb0&Prime; background_enable_color=\u00a0\u00bboff\u00a0\u00bb border_width_all=\u00a0\u00bb1px\u00a0\u00bb header_font=\u00a0\u00bb&#8211;et_global_heading_font||||||||\u00a0\u00bb header_text_align=\u00a0\u00bbcenter\u00a0\u00bb text_line_height=\u00a0\u00bb1.2em\u00a0\u00bb text_orientation=\u00a0\u00bbcenter\u00a0\u00bb]<\/p>\n<p><img loading=\"lazy\" decoding=\"async\" src=\"https:\/\/etab.ac-reunion.fr\/lyc-christian-antou\/wp-content\/uploads\/sites\/126\/2024\/09\/REGION-R-200x55.png\" width=\"200\" height=\"55\" alt=\"\" class=\"wp-image-10204 aligncenter size-medium\" style=\"margin-left: auto;margin-right: auto\" \/><\/p>\n<p style=\"text-align: center\"><strong>Tenue professionnelle<\/strong><\/p>\n<p style=\"text-align: center\"><strong>+ mat\u00e9riels offerts<\/strong><\/p>\n<p>[\/et_pb_text][\/et_pb_column][\/et_pb_row][\/et_pb_section][et_pb_section fb_built=\u00a0\u00bb1&Prime; _builder_version=\u00a0\u00bb4.16&Prime; custom_padding=\u00a0\u00bb40px|||||\u00a0\u00bb global_colors_info=\u00a0\u00bb{}\u00a0\u00bb][et_pb_row column_structure=\u00a0\u00bb2_3,1_3&Prime; _builder_version=\u00a0\u00bb4.16&Prime; _module_preset=\u00a0\u00bbdefault\u00a0\u00bb locked=\u00a0\u00bboff\u00a0\u00bb global_colors_info=\u00a0\u00bb{}\u00a0\u00bb][et_pb_column type=\u00a0\u00bb2_3&Prime; _builder_version=\u00a0\u00bb4.16&Prime; _module_preset=\u00a0\u00bbdefault\u00a0\u00bb global_colors_info=\u00a0\u00bb{}\u00a0\u00bb][et_pb_testimonial portrait_url=\u00a0\u00bbhttps:\/\/etab.ac-reunion.fr\/lyc-christian-antou\/wp-content\/uploads\/sites\/126\/2023\/09\/Logo-rond-LHCA.png\u00a0\u00bb _builder_version=\u00a0\u00bb4.24.0&Prime; _module_preset=\u00a0\u00bbdefault\u00a0\u00bb body_font_size=\u00a0\u00bb16px\u00a0\u00bb author_font_size=\u00a0\u00bb16px\u00a0\u00bb author_line_height=\u00a0\u00bb1.2em\u00a0\u00bb position_font_size=\u00a0\u00bb16px\u00a0\u00bb position_line_height=\u00a0\u00bb1.2em\u00a0\u00bb company_font_size=\u00a0\u00bb16px\u00a0\u00bb company_line_height=\u00a0\u00bb1.2em\u00a0\u00bb global_colors_info=\u00a0\u00bb{}\u00a0\u00bb]<\/p>\n<p><strong><span class=\"OYPEnA text-decoration-none text-strikethrough-none\">Le secteur de la boulangerie-p\u00e2tisserie offre beaucoup d\u2019opportunit\u00e9s professionnelles. H\u00e9ritiers d\u2019un savoir-faire reconnu dans le monde entier, les boulangers et p\u00e2tissiers fran\u00e7ais doivent \u00eatre \u00e0 la hauteur de leur r\u00e9putation, tout en sachant s\u2019adapter aux \u00e9volutions continuelles du m\u00e9tier de la soci\u00e9t\u00e9 toute enti\u00e8re.<\/span><\/strong><\/p>\n<p>[\/et_pb_testimonial][et_pb_comments _builder_version=\u00a0\u00bb4.24.0&Prime; _dynamic_attributes=\u00a0\u00bblink_option_url\u00a0\u00bb _module_preset=\u00a0\u00bbdefault\u00a0\u00bb link_option_url=\u00a0\u00bb@ET-DC@eyJkeW5hbWljIjp0cnVlLCJjb250ZW50IjoicG9zdF9saW5rX3VybF9wb3N0Iiwic2V0dGluZ3MiOnsicG9zdF9pZCI6IjkyODIiLCJlbmFibGVfaHRtbCI6Im9mZiJ9fQ==@\u00a0\u00bb global_colors_info=\u00a0\u00bb{}\u00a0\u00bb][\/et_pb_comments][et_pb_comments _builder_version=\u00a0\u00bb4.24.0&Prime; _module_preset=\u00a0\u00bbdefault\u00a0\u00bb global_colors_info=\u00a0\u00bb{}\u00a0\u00bb][\/et_pb_comments][et_pb_toggle title=\u00a0\u00bbLA FORMATION\u00a0\u00bb open=\u00a0\u00bbon\u00a0\u00bb open_icon_color=\u00a0\u00bbRGBA(255,255,255,0)\u00a0\u00bb _builder_version=\u00a0\u00bb4.24.0&Prime; _module_preset=\u00a0\u00bbdefault\u00a0\u00bb title_level=\u00a0\u00bbh3&Prime; title_font=\u00a0\u00bbPoppins|||on|||||\u00a0\u00bb title_font_size=\u00a0\u00bb18px\u00a0\u00bb closed_title_font_size=\u00a0\u00bb20px\u00a0\u00bb body_font_size=\u00a0\u00bb18px\u00a0\u00bb background_color=\u00a0\u00bb#f7f3ea\u00a0\u00bb inline_fonts=\u00a0\u00bbPoppins\u00a0\u00bb global_colors_info=\u00a0\u00bb{}\u00a0\u00bb]<\/p>\n<p style=\"text-align: left\"><span class=\"OYPEnA text-decoration-none text-strikethrough-none\">Le c\u0153ur du m\u00e9tier des boulangers et p\u00e2tissiers est la fabrication de produits sucr\u00e9s et sal\u00e9s. Ils d\u00e9terminent les quantit\u00e9s n\u00e9cessaires de mati\u00e8res premi\u00e8res, choisissent les techniques de fabrication adapt\u00e9es et soignent la pr\u00e9sentation des produits. Le dipl\u00f4m\u00e9 peut \u00eatre autonome dans l\u2019organisation de l\u2019approvisionnement et de la production. Il a acquis des savoir-faire en cuisine et sait confectionner des produits traiteurs; Il a \u00e9galement des comp\u00e9tences en gestion d\u2019entreprise, commercialisation et animation d\u2019\u00e9quipe.<\/span><\/p>\n<p>[\/et_pb_toggle][et_pb_toggle title=\u00a0\u00bbL&rsquo;ORGANISATION\u00a0\u00bb open=\u00a0\u00bbon\u00a0\u00bb open_icon_color=\u00a0\u00bbRGBA(255,255,255,0)\u00a0\u00bb _builder_version=\u00a0\u00bb4.24.0&Prime; _module_preset=\u00a0\u00bbdefault\u00a0\u00bb title_level=\u00a0\u00bbh3&Prime; title_font=\u00a0\u00bbPoppins|||on|||||\u00a0\u00bb title_font_size=\u00a0\u00bb18px\u00a0\u00bb closed_title_font_size=\u00a0\u00bb20px\u00a0\u00bb body_font_size=\u00a0\u00bb18px\u00a0\u00bb background_color=\u00a0\u00bb#f7f3ea\u00a0\u00bb inline_fonts=\u00a0\u00bbPoppins\u00a0\u00bb global_colors_info=\u00a0\u00bb{}\u00a0\u00bb]<\/p>\n<p class=\"cvGsUA direction-ltr align-justify para-style-body\"><span class=\"OYPEnA text-decoration-none text-strikethrough-none\">L\u2019admission<\/span><span class=\"OYPEnA text-decoration-none text-strikethrough-none\"> se fait via <strong>Afflenet<\/strong> a l\u2019issue d\u2019une classe de troisi\u00e8me.<\/span><\/p>\n<p class=\"cvGsUA direction-ltr align-justify para-style-body\"><span class=\"OYPEnA text-decoration-none text-strikethrough-none\">La r\u00e9partition hebdomadaire s\u2019articule entre :<\/span><\/p>\n<p class=\"cvGsUA direction-ltr align-justify para-style-body\"><strong><span class=\"OYPEnA text-decoration-none text-strikethrough-none\">L<\/span><span class=\"OYPEnA text-decoration-none text-strikethrough-none\">es enseignements professionnels<\/span><\/strong><span class=\"OYPEnA text-decoration-none text-strikethrough-none\"><strong> :<\/strong> Travaux Pratiques, Ateliers exp\u00e9rimentaux, Technologie, Sciences Appliqu\u00e9es, Gestion et Pr\u00e9vention Sant\u00e9 Environnement.<\/span><\/p>\n<p class=\"cvGsUA direction-ltr align-justify para-style-body\"><strong><span class=\"OYPEnA text-decoration-none text-strikethrough-none\">L<\/span><span class=\"OYPEnA text-decoration-none text-strikethrough-none\">\u2019enseignement g\u00e9n\u00e9ral<\/span><\/strong><span class=\"OYPEnA text-decoration-none text-strikethrough-none\"> : Fran\u00e7ais, Math\u00e9matiques Sciences Physiques, Anglais, Histoire-G\u00e9ographie, EPS, Arts appliqu\u00e9s.<\/span><\/p>\n<p class=\"cvGsUA direction-ltr align-justify para-style-body\"><strong><span class=\"OYPEnA text-decoration-none text-strikethrough-none\">Les stages<\/span><\/strong><span class=\"OYPEnA text-decoration-none text-strikethrough-none\"> (p\u00e9riodes de formation en milieu professionnel) sont obligatoires et r\u00e9parties en 5 p\u00e9riodes pour un total de 22 semaines sur les trois ans de formation, 2 p\u00e9riodes<\/span><span class=\"OYPEnA text-decoration-none text-strikethrough-none white-space-prewrap\"> <\/span><span class=\"OYPEnA text-decoration-none text-strikethrough-none\">comptent pour l\u2019examen. Possibilit\u00e9 de stages en m\u00e9tropole ou \u00e0 l\u2019\u00e9tranger.<\/span><\/p>\n<p>[\/et_pb_toggle][et_pb_toggle title=\u00a0\u00bbLES +\u00a0\u00bb open=\u00a0\u00bbon\u00a0\u00bb open_icon_color=\u00a0\u00bbRGBA(255,255,255,0)\u00a0\u00bb _builder_version=\u00a0\u00bb4.24.0&Prime; _module_preset=\u00a0\u00bbdefault\u00a0\u00bb title_level=\u00a0\u00bbh3&Prime; title_font=\u00a0\u00bbPoppins|||on|||||\u00a0\u00bb title_font_size=\u00a0\u00bb18px\u00a0\u00bb closed_title_font_size=\u00a0\u00bb20px\u00a0\u00bb body_font_size=\u00a0\u00bb18px\u00a0\u00bb background_color=\u00a0\u00bb#f7f3ea\u00a0\u00bb inline_fonts=\u00a0\u00bbPoppins\u00a0\u00bb global_colors_info=\u00a0\u00bb{}\u00a0\u00bb]<\/p>\n<ul>\n<li><span class=\"OYPEnA text-decoration-none text-strikethrough-none\"><strong>Des s\u00e9ances de travaux pratiques<\/strong> pour apprendre<\/span><span class=\"OYPEnA text-decoration-none text-strikethrough-none\"> \u00e0 travailler des produits sucr\u00e9s et sal\u00e9s; Une approche artistique : couleurs, formes, d\u00e9corations.<\/span><\/li>\n<li><span class=\"OYPEnA text-decoration-none text-strikethrough-none\"><strong>Des visites d\u2019\u00e9tablissements<\/strong> et des rencontres avec des acteurs de la fili\u00e8re<\/span><span class=\"OYPEnA text-decoration-none text-strikethrough-none\"> : boulangeries, p\u00e2tisseries, minoteries, supermarch\u00e9s et c\u00e9r\u00e9aliers.<\/span><\/li>\n<li><strong><span class=\"OYPEnA text-decoration-none text-strikethrough-none\">Des plateaux techniques<\/span><span class=\"OYPEnA text-decoration-none text-strikethrough-none white-space-prewrap\"> <\/span><span class=\"OYPEnA text-decoration-none text-strikethrough-none\">performants<\/span><\/strong><span class=\"OYPEnA text-decoration-none text-strikethrough-none\"> : boulangerie, p\u00e2tisserie, armoires \u00e0 fermentation, fours \u00e0 commandes automatiques&#8230;<\/span><\/li>\n<li><strong><span class=\"OYPEnA text-decoration-none text-strikethrough-none\">Des stages<\/span><\/strong><span class=\"OYPEnA text-decoration-none text-strikethrough-none\"><strong> dans des structures vari\u00e9es<\/strong> : artisan, traiteur, grande distribution, \u00e0 l\u2019\u00e9tranger ou dans de grandes villes fran\u00e7aises.<\/span><\/li>\n<\/ul>\n<p>[\/et_pb_toggle][\/et_pb_column][et_pb_column type=\u00a0\u00bb1_3&Prime; _builder_version=\u00a0\u00bb4.16&Prime; _module_preset=\u00a0\u00bbdefault\u00a0\u00bb global_colors_info=\u00a0\u00bb{}\u00a0\u00bb][et_pb_counters _builder_version=\u00a0\u00bb4.24.1&Prime; _module_preset=\u00a0\u00bbdefault\u00a0\u00bb title_font=\u00a0\u00bbPoppins||||||||\u00a0\u00bb title_font_size=\u00a0\u00bb14px\u00a0\u00bb global_colors_info=\u00a0\u00bb{}\u00a0\u00bb][et_pb_counter percent=\u00a0\u00bb100&Prime; bar_background_color=\u00a0\u00bb#0C71C3&Prime; _builder_version=\u00a0\u00bb4.24.1&Prime; _module_preset=\u00a0\u00bbdefault\u00a0\u00bb title_font=\u00a0\u00bb|700|||||||\u00a0\u00bb title_text_color=\u00a0\u00bb#ba4668&Prime; title_font_size=\u00a0\u00bb16px\u00a0\u00bb background_enable_video_mp4=\u00a0\u00bbon\u00a0\u00bb background_enable_video_webm=\u00a0\u00bbon\u00a0\u00bb global_colors_info=\u00a0\u00bb{}\u00a0\u00bb bar_background_color_default=\u00a0\u00bb#000000&Prime; use_percentages=\u00a0\u00bbon\u00a0\u00bb]Taux de r\u00e9ussite aux examens de Bac Pro BP en 2023[\/et_pb_counter][\/et_pb_counters][et_pb_text _builder_version=\u00a0\u00bb4.24.2&Prime; _module_preset=\u00a0\u00bbdefault\u00a0\u00bb global_colors_info=\u00a0\u00bb{}\u00a0\u00bb]<\/p>\n<p><strong>En t\u00e9l\u00e9chargement<\/strong><\/p>\n<div id=\"gtx-trans\" style=\"position: absolute;left: 179px;top: 38px\">\n<div class=\"gtx-trans-icon\"><\/div>\n<\/div>\n<p>[\/et_pb_text][et_pb_accordion _builder_version=\u00a0\u00bb4.24.2&Prime; _module_preset=\u00a0\u00bbdefault\u00a0\u00bb toggle_text_align=\u00a0\u00bbcenter\u00a0\u00bb closed_toggle_font=\u00a0\u00bbPoppins|700|||||||\u00a0\u00bb closed_toggle_text_align=\u00a0\u00bbcenter\u00a0\u00bb closed_toggle_line_height=\u00a0\u00bb1.2em\u00a0\u00bb custom_margin=\u00a0\u00bb||||true|true\u00a0\u00bb custom_padding=\u00a0\u00bb||||true|true\u00a0\u00bb link_option_url=\u00a0\u00bbhttps:\/\/etab.ac-reunion.fr\/lyc-christian-antou\/wp-content\/uploads\/sites\/126\/2024\/02\/Formations-Bac-Pro-PB.pdf\u00a0\u00bb link_option_url_new_window=\u00a0\u00bbon\u00a0\u00bb locked=\u00a0\u00bboff\u00a0\u00bb global_colors_info=\u00a0\u00bb{}\u00a0\u00bb][et_pb_accordion_item open=\u00a0\u00bbon\u00a0\u00bb open_toggle_text_color=\u00a0\u00bb#FFFFFF\u00a0\u00bb _builder_version=\u00a0\u00bb4.24.2&Prime; _module_preset=\u00a0\u00bbdefault\u00a0\u00bb body_font=\u00a0\u00bbPoppins|700|||||||\u00a0\u00bb body_text_align=\u00a0\u00bbcenter\u00a0\u00bb body_line_height=\u00a0\u00bb1.2em\u00a0\u00bb background_color=\u00a0\u00bbrgba(12,113,195,0.8)\u00a0\u00bb background_enable_color=\u00a0\u00bbon\u00a0\u00bb link_option_url=\u00a0\u00bbhttps:\/\/etab.ac-reunion.fr\/lyc-christian-antou\/wp-content\/uploads\/sites\/126\/2024\/02\/Formations-Bac-Pro-PB.pdf\u00a0\u00bb link_option_url_new_window=\u00a0\u00bbon\u00a0\u00bb global_colors_info=\u00a0\u00bb{}\u00a0\u00bb toggle_text_color=\u00a0\u00bb#FFFFFF\u00a0\u00bb toggle_font=\u00a0\u00bbPoppins|700|||||||\u00a0\u00bb toggle_text_align=\u00a0\u00bbcenter\u00a0\u00bb]<\/p>\n<h4><span style=\"color: #ffffff\"><strong>Plaquette BAC PRO Boulanger P\u00e2tissier<\/strong><\/span><\/h4>\n<p>[\/et_pb_accordion_item][\/et_pb_accordion][et_pb_text _builder_version=\u00a0\u00bb4.24.2&Prime; _module_preset=\u00a0\u00bbdefault\u00a0\u00bb global_colors_info=\u00a0\u00bb{}\u00a0\u00bb]<\/p>\n<p><strong>Vid\u00e9o de pr\u00e9sentation<\/strong><\/p>\n<div id=\"gtx-trans\" style=\"position: absolute;left: 179px;top: 38px\">\n<div class=\"gtx-trans-icon\"><\/div>\n<\/div>\n<p>[\/et_pb_text][et_pb_video src=\u00a0\u00bbhttps:\/\/etab.ac-reunion.fr\/lyc-christian-antou\/wp-content\/uploads\/sites\/126\/2023\/12\/Bac-pro-Boulanger-patissier-OnisepTV-linformation-pour-l-1.mp4&Prime; image_src=\u00a0\u00bbhttps:\/\/etab.ac-reunion.fr\/lyc-christian-antou\/wp-content\/uploads\/sites\/126\/2023\/12\/Bacpro-BP.png\u00a0\u00bb _builder_version=\u00a0\u00bb4.23.1&Prime; _module_preset=\u00a0\u00bbdefault\u00a0\u00bb global_colors_info=\u00a0\u00bb{}\u00a0\u00bb][\/et_pb_video][et_pb_text _builder_version=\u00a0\u00bb4.24.2&Prime; _module_preset=\u00a0\u00bbdefault\u00a0\u00bb global_colors_info=\u00a0\u00bb{}\u00a0\u00bb]<\/p>\n<p><strong>T\u00e9moignage<\/strong><\/p>\n<div id=\"gtx-trans\" style=\"position: absolute;left: 179px;top: 38px\">\n<div class=\"gtx-trans-icon\"><\/div>\n<\/div>\n<p>[\/et_pb_text][et_pb_testimonial portrait_url=\u00a0\u00bbhttps:\/\/etab.ac-reunion.fr\/lyc-christian-antou\/wp-content\/uploads\/sites\/126\/2024\/02\/images.png\u00a0\u00bb _builder_version=\u00a0\u00bb4.24.0&Prime; _module_preset=\u00a0\u00bbdefault\u00a0\u00bb body_font=\u00a0\u00bb||||||||\u00a0\u00bb body_text_color=\u00a0\u00bb#FFFFFF\u00a0\u00bb body_font_size=\u00a0\u00bb17px\u00a0\u00bb body_line_height=\u00a0\u00bb1.2em\u00a0\u00bb background_color=\u00a0\u00bbgcid-499293e1-037f-44f6-a3a2-f777197a31fb\u00a0\u00bb custom_margin=\u00a0\u00bb0px|0px|0px|0px|false|true\u00a0\u00bb custom_padding=\u00a0\u00bb10px|10px|10px|10px|true|true\u00a0\u00bb border_color_all=\u00a0\u00bbgcid-499293e1-037f-44f6-a3a2-f777197a31fb\u00a0\u00bb border_width_all_portrait=\u00a0\u00bb5px\u00a0\u00bb border_color_all_portrait=\u00a0\u00bb#FFFFFF\u00a0\u00bb global_colors_info=\u00a0\u00bb{%22gcid-499293e1-037f-44f6-a3a2-f777197a31fb%22:%91%22border_color_all%22,%22background_color%22%93}\u00a0\u00bb]<\/p>\n<p style=\"text-align: justify\">J&rsquo;ai commenc\u00e9 par un CAP Boulanger, puis Bac Pro Boulanger, P\u00e2tissier pour \u00e9largir mes comp\u00e9tences. Apr\u00e8s 10 ans d&rsquo;\u00e9xp\u00e9riences, suis maintenant responsable de 6 boulangeries sur l&rsquo;\u00eele Maurice ! C&rsquo;est un m\u00e9tier de passion avec des horaires d\u00e9cal\u00e9s mais tr\u00e8s enrichissant ou le travail est manuel qui necessite de la rigueur et de la patience. Vous aimez mettre la main \u00e0 la p\u00e2te ? Foncez au lyc\u00e9e h\u00f4telier ! <img decoding=\"async\" src=\"https:\/\/etab.ac-reunion.fr\/lyc-christian-antou\/wp-content\/themes\/Divi\/includes\/builder\/frontend-builder\/assets\/vendors\/plugins\/emoticons\/img\/smiley-wink.gif\" alt=\"wink\" \/><\/p>\n<p style=\"text-align: justify\">Aurelien Payet, 34 ans<\/p>\n<p>[\/et_pb_testimonial][et_pb_divider show_divider=\u00a0\u00bboff\u00a0\u00bb _builder_version=\u00a0\u00bb4.20.2&Prime; _module_preset=\u00a0\u00bbdefault\u00a0\u00bb global_colors_info=\u00a0\u00bb{}\u00a0\u00bb][\/et_pb_divider][et_pb_text _builder_version=\u00a0\u00bb4.24.2&Prime; _module_preset=\u00a0\u00bbdefault\u00a0\u00bb global_colors_info=\u00a0\u00bb{}\u00a0\u00bb]<\/p>\n<p><strong>Poursuites d&rsquo;\u00e9tudes<\/strong><\/p>\n<div id=\"gtx-trans\" style=\"position: absolute;left: 179px;top: 38px\">\n<div class=\"gtx-trans-icon\"><\/div>\n<\/div>\n<p>[\/et_pb_text][et_pb_text _builder_version=\u00a0\u00bb4.24.2&Prime; _module_preset=\u00a0\u00bbdefault\u00a0\u00bb text_font_size=\u00a0\u00bb14px\u00a0\u00bb background_color=\u00a0\u00bb#f7f3ea\u00a0\u00bb locked=\u00a0\u00bboff\u00a0\u00bb global_colors_info=\u00a0\u00bb{}\u00a0\u00bb]<\/p>\n<ul>\n<li><a href=\"https:\/\/etab.ac-reunion.fr\/lyc-christian-antou\/bts-mhr\/\"><span style=\"font-family: Poppins\">BTS M\u00e9tiers de l&rsquo;h\u00f4tellerie Restauration<\/span><\/a><\/li>\n<li><a href=\"https:\/\/www.ac-reunion.fr\/le-cfa-academique\"><span style=\"font-family: Poppins\">Contrat de sp\u00e9cialisation dessert de restaurant<\/span><\/a><\/li>\n<li><a href=\"https:\/\/www.onisep.fr\/ressources\/univers-formation\/formations\/lycees\/bp-arts-de-la-cuisine2\" target=\"_blank\" rel=\"noopener\"><span style=\"font-family: Poppins\">Brevet professionnel \u00ab\u00a0arts de la cuisine\u00a0\u00bb<\/span><\/a><\/li>\n<\/ul>\n<p>[\/et_pb_text][et_pb_text _builder_version=\u00a0\u00bb4.24.2&Prime; _module_preset=\u00a0\u00bbdefault\u00a0\u00bb global_colors_info=\u00a0\u00bb{}\u00a0\u00bb]<\/p>\n<p><strong>D\u00e9bouch\u00e9s professionnels<\/strong><\/p>\n<div id=\"gtx-trans\" style=\"position: absolute;left: 179px;top: 38px\">\n<div class=\"gtx-trans-icon\"><\/div>\n<\/div>\n<p>[\/et_pb_text][et_pb_text _builder_version=\u00a0\u00bb4.24.2&Prime; _module_preset=\u00a0\u00bbdefault\u00a0\u00bb text_font_size=\u00a0\u00bb14px\u00a0\u00bb text_line_height=\u00a0\u00bb1.2em\u00a0\u00bb header_5_line_height=\u00a0\u00bb1.2em\u00a0\u00bb background_color=\u00a0\u00bb#f7f3ea\u00a0\u00bb locked=\u00a0\u00bboff\u00a0\u00bb global_colors_info=\u00a0\u00bb{}\u00a0\u00bb]<\/p>\n<ul>\n<li><a href=\"http:\/\/www.onisep.fr\/Ressources\/Univers-Metier\/Metiers\/boulanger-boulangere\"><span style=\"font-family: Poppins\">Boulanger\/\u00e8re<\/span><\/a><\/li>\n<li><a href=\"http:\/\/www.onisep.fr\/Ressources\/Univers-Metier\/Metiers\/commercant-commercante-en-alimentation\"><span style=\"font-family: Poppins\">Commer\u00e7ant en alimentation<\/span><\/a><\/li>\n<li><a href=\"http:\/\/www.onisep.fr\/Ressources\/Univers-Metier\/Metiers\/operateur-operatrice-de-fabrication-de-produits-alimentaires\"><span style=\"font-family: Poppins\">Op\u00e9rateur de fabrication de produits alimentaires<\/span><\/a><\/li>\n<li><a href=\"http:\/\/www.onisep.fr\/Ressources\/Univers-Metier\/Metiers\/patissier-patissiere\"><span style=\"font-family: Poppins\">P\u00e2tissier\/\u00e8re<\/span><\/a><\/li>\n<\/ul>\n<p>[\/et_pb_text][\/et_pb_column][\/et_pb_row][\/et_pb_section]<\/p>\n","protected":false},"excerpt":{"rendered":"<p>BAC PRO BOULANGER-P\u00c2TISSIER Tenue professionnelle + mat\u00e9riels offertsLe secteur de la boulangerie-p\u00e2tisserie offre beaucoup d\u2019opportunit\u00e9s professionnelles. H\u00e9ritiers d\u2019un savoir-faire reconnu dans le monde entier, les boulangers et p\u00e2tissiers fran\u00e7ais doivent \u00eatre \u00e0 la hauteur de leur r\u00e9putation, tout en sachant s\u2019adapter aux \u00e9volutions continuelles du m\u00e9tier de la soci\u00e9t\u00e9 toute enti\u00e8re.Le c\u0153ur du m\u00e9tier des [&hellip;]<\/p>\n","protected":false},"author":30559,"featured_media":0,"parent":0,"menu_order":0,"comment_status":"closed","ping_status":"closed","template":"","meta":{"_et_pb_use_builder":"on","_et_pb_old_content":"","_et_gb_content_width":"","footnotes":"","_links_to":"","_links_to_target":""},"class_list":["post-2787","page","type-page","status-publish","hentry"],"_links":{"self":[{"href":"https:\/\/etab.ac-reunion.fr\/lyc-christian-antou\/wp-json\/wp\/v2\/pages\/2787","targetHints":{"allow":["GET"]}}],"collection":[{"href":"https:\/\/etab.ac-reunion.fr\/lyc-christian-antou\/wp-json\/wp\/v2\/pages"}],"about":[{"href":"https:\/\/etab.ac-reunion.fr\/lyc-christian-antou\/wp-json\/wp\/v2\/types\/page"}],"author":[{"embeddable":true,"href":"https:\/\/etab.ac-reunion.fr\/lyc-christian-antou\/wp-json\/wp\/v2\/users\/30559"}],"replies":[{"embeddable":true,"href":"https:\/\/etab.ac-reunion.fr\/lyc-christian-antou\/wp-json\/wp\/v2\/comments?post=2787"}],"version-history":[{"count":69,"href":"https:\/\/etab.ac-reunion.fr\/lyc-christian-antou\/wp-json\/wp\/v2\/pages\/2787\/revisions"}],"predecessor-version":[{"id":10205,"href":"https:\/\/etab.ac-reunion.fr\/lyc-christian-antou\/wp-json\/wp\/v2\/pages\/2787\/revisions\/10205"}],"wp:attachment":[{"href":"https:\/\/etab.ac-reunion.fr\/lyc-christian-antou\/wp-json\/wp\/v2\/media?parent=2787"}],"curies":[{"name":"wp","href":"https:\/\/api.w.org\/{rel}","templated":true}]}}