{"id":2827,"date":"2021-10-09T16:30:57","date_gmt":"2021-10-09T12:30:57","guid":{"rendered":"http:\/\/lycee-larenaissance.ac-reunion.fr\/?page_id=2827"},"modified":"2024-09-16T22:31:10","modified_gmt":"2024-09-16T18:31:10","slug":"cap-boulanger","status":"publish","type":"page","link":"https:\/\/etab.ac-reunion.fr\/lyc-christian-antou\/cap-boulanger\/","title":{"rendered":"CAP BOULANGER"},"content":{"rendered":"<p>[et_pb_section fb_built=\u00a0\u00bb1&Prime; make_equal=\u00a0\u00bbon\u00a0\u00bb padding_top_1=\u00a0\u00bb8vw\u00a0\u00bb padding_bottom_1=\u00a0\u00bb8vw\u00a0\u00bb padding_top_bottom_link_1=\u00a0\u00bbtrue\u00a0\u00bb padding_left_right_link_1=\u00a0\u00bbfalse\u00a0\u00bb _builder_version=\u00a0\u00bb4.24.0&Prime; _module_preset=\u00a0\u00bbdefault\u00a0\u00bb background_color=\u00a0\u00bb#f1f1e1&Prime; background_image=\u00a0\u00bbhttps:\/\/etab.ac-reunion.fr\/lyc-christian-antou\/wp-content\/uploads\/sites\/126\/2021\/10\/Sans-titre.png\u00a0\u00bb background_blend=\u00a0\u00bbmultiply\u00a0\u00bb global_colors_info=\u00a0\u00bb{}\u00a0\u00bb][et_pb_row _builder_version=\u00a0\u00bb4.16&Prime; _module_preset=\u00a0\u00bbdefault\u00a0\u00bb custom_padding=\u00a0\u00bb||0px|||\u00a0\u00bb global_colors_info=\u00a0\u00bb{}\u00a0\u00bb][et_pb_column type=\u00a0\u00bb4_4&Prime; _builder_version=\u00a0\u00bb4.16&Prime; _module_preset=\u00a0\u00bbdefault\u00a0\u00bb global_colors_info=\u00a0\u00bb{}\u00a0\u00bb][et_pb_text _builder_version=\u00a0\u00bb4.17.4&Prime; text_font=\u00a0\u00bbPoppins|700|||||||\u00a0\u00bb text_font_size=\u00a0\u00bb35px\u00a0\u00bb header_font=\u00a0\u00bb||||||||\u00a0\u00bb header_2_font=\u00a0\u00bbDM Sans|700||on|||||\u00a0\u00bb header_2_font_size=\u00a0\u00bb14px\u00a0\u00bb header_2_letter_spacing=\u00a0\u00bb6px\u00a0\u00bb header_2_line_height=\u00a0\u00bb1.4em\u00a0\u00bb max_width=\u00a0\u00bb800px\u00a0\u00bb max_width_tablet=\u00a0\u00bb430px\u00a0\u00bb max_width_phone=\u00a0\u00bb300px\u00a0\u00bb max_width_last_edited=\u00a0\u00bbon|phone\u00a0\u00bb header_font_size_tablet=\u00a0\u00bb50px\u00a0\u00bb header_font_size_phone=\u00a0\u00bb35px\u00a0\u00bb header_font_size_last_edited=\u00a0\u00bbon|phone\u00a0\u00bb header_2_font_size_tablet=\u00a0\u00bb14px\u00a0\u00bb header_2_font_size_phone=\u00a0\u00bb12px\u00a0\u00bb header_2_font_size_last_edited=\u00a0\u00bbon|desktop\u00a0\u00bb locked=\u00a0\u00bboff\u00a0\u00bb global_colors_info=\u00a0\u00bb{}\u00a0\u00bb]<\/p>\n<p>CAP BOULANGER<\/p>\n<p>[\/et_pb_text][\/et_pb_column][\/et_pb_row][et_pb_row column_structure=\u00a0\u00bb1_3,1_3,1_3&Prime; _builder_version=\u00a0\u00bb4.24.0&Prime; _module_preset=\u00a0\u00bbdefault\u00a0\u00bb locked=\u00a0\u00bboff\u00a0\u00bb global_colors_info=\u00a0\u00bb{}\u00a0\u00bb][et_pb_column type=\u00a0\u00bb1_3&Prime; _builder_version=\u00a0\u00bb4.16&Prime; _module_preset=\u00a0\u00bbdefault\u00a0\u00bb global_colors_info=\u00a0\u00bb{}\u00a0\u00bb][et_pb_number_counter title=\u00a0\u00bbde formation apr\u00e8s la troisi\u00e8me\u00a0\u00bb number=\u00a0\u00bb2 ANS\u00a0\u00bb _builder_version=\u00a0\u00bb4.24.1&Prime; _module_preset=\u00a0\u00bbdefault\u00a0\u00bb title_text_color=\u00a0\u00bb#FFFFFF\u00a0\u00bb title_font_size=\u00a0\u00bb21px\u00a0\u00bb number_text_color=\u00a0\u00bb#FFFFFF\u00a0\u00bb number_font_size=\u00a0\u00bb65px\u00a0\u00bb background_color=\u00a0\u00bbrgba(0,86,140,0.8)\u00a0\u00bb background_layout=\u00a0\u00bbdark\u00a0\u00bb border_color_all=\u00a0\u00bb#a90e36&Prime; border_radii_tablet=\u00a0\u00bb\u00a0\u00bb border_radii_phone=\u00a0\u00bb\u00a0\u00bb border_radii_last_edited=\u00a0\u00bbon|desktop\u00a0\u00bb global_colors_info=\u00a0\u00bb{}\u00a0\u00bb][\/et_pb_number_counter][\/et_pb_column][et_pb_column type=\u00a0\u00bb1_3&Prime; _builder_version=\u00a0\u00bb4.16&Prime; _module_preset=\u00a0\u00bbdefault\u00a0\u00bb global_colors_info=\u00a0\u00bb{}\u00a0\u00bb][et_pb_number_counter title=\u00a0\u00bb Semaines en entreprise. PFMP gratifi\u00e9es\u00a0\u00bb number=\u00a0\u00bb14&Prime; _builder_version=\u00a0\u00bb4.24.1&Prime; _module_preset=\u00a0\u00bbdefault\u00a0\u00bb title_text_color=\u00a0\u00bb#FFFFFF\u00a0\u00bb title_font_size=\u00a0\u00bb21px\u00a0\u00bb number_text_color=\u00a0\u00bb#FFFFFF\u00a0\u00bb number_font_size=\u00a0\u00bb65px\u00a0\u00bb background_color=\u00a0\u00bbrgba(0,86,140,0.8)\u00a0\u00bb background_layout=\u00a0\u00bbdark\u00a0\u00bb border_color_all=\u00a0\u00bb#a90e36&Prime; border_radii_tablet=\u00a0\u00bb\u00a0\u00bb border_radii_phone=\u00a0\u00bb\u00a0\u00bb border_radii_last_edited=\u00a0\u00bbon|desktop\u00a0\u00bb global_colors_info=\u00a0\u00bb{}\u00a0\u00bb][\/et_pb_number_counter][\/et_pb_column][et_pb_column type=\u00a0\u00bb1_3&Prime; _builder_version=\u00a0\u00bb4.16&Prime; _module_preset=\u00a0\u00bbdefault\u00a0\u00bb global_colors_info=\u00a0\u00bb{}\u00a0\u00bb][et_pb_text _builder_version=\u00a0\u00bb4.27.0&Prime; _module_preset=\u00a0\u00bbdefault\u00a0\u00bb text_font=\u00a0\u00bb&#8211;et_global_heading_font||||||||\u00a0\u00bb text_font_size=\u00a0\u00bb17px\u00a0\u00bb header_3_font_size=\u00a0\u00bb18px\u00a0\u00bb header_3_text_color=\u00a0\u00bb#FFFFFF\u00a0\u00bb header_3_text_align=\u00a0\u00bbcenter\u00a0\u00bb hover_enabled=\u00a0\u00bb0&Prime; sticky_enabled=\u00a0\u00bb0&Prime; background_enable_color=\u00a0\u00bboff\u00a0\u00bb border_width_all=\u00a0\u00bb4px\u00a0\u00bb header_font=\u00a0\u00bb&#8211;et_global_heading_font||||||||\u00a0\u00bb header_text_align=\u00a0\u00bbcenter\u00a0\u00bb text_line_height=\u00a0\u00bb1.4em\u00a0\u00bb text_orientation=\u00a0\u00bbcenter\u00a0\u00bb locked=\u00a0\u00bboff\u00a0\u00bb border_color_all=\u00a0\u00bb#468fb0&Prime;]<\/p>\n<p><img loading=\"lazy\" decoding=\"async\" src=\"https:\/\/etab.ac-reunion.fr\/lyc-christian-antou\/wp-content\/uploads\/sites\/126\/2024\/09\/REGION-R-200x55.png\" width=\"200\" height=\"55\" alt=\"\" class=\"wp-image-10204 aligncenter size-medium\" style=\"margin-left: auto;margin-right: auto\" \/><\/p>\n<p style=\"text-align: center\"><strong>Tenue professionnelle<\/strong><\/p>\n<p style=\"text-align: center\"><strong>+ mat\u00e9riels offerts<\/strong><\/p>\n<p>[\/et_pb_text][\/et_pb_column][\/et_pb_row][\/et_pb_section][et_pb_section fb_built=\u00a0\u00bb1&Prime; _builder_version=\u00a0\u00bb4.16&Prime; custom_padding=\u00a0\u00bb40px|||||\u00a0\u00bb locked=\u00a0\u00bboff\u00a0\u00bb global_colors_info=\u00a0\u00bb{}\u00a0\u00bb][et_pb_row column_structure=\u00a0\u00bb2_3,1_3&Prime; _builder_version=\u00a0\u00bb4.16&Prime; _module_preset=\u00a0\u00bbdefault\u00a0\u00bb locked=\u00a0\u00bboff\u00a0\u00bb global_colors_info=\u00a0\u00bb{}\u00a0\u00bb][et_pb_column type=\u00a0\u00bb2_3&Prime; _builder_version=\u00a0\u00bb4.16&Prime; _module_preset=\u00a0\u00bbdefault\u00a0\u00bb global_colors_info=\u00a0\u00bb{}\u00a0\u00bb][et_pb_testimonial portrait_url=\u00a0\u00bbhttps:\/\/etab.ac-reunion.fr\/lyc-christian-antou\/wp-content\/uploads\/sites\/126\/2023\/09\/Logo-rond-LHCA.png\u00a0\u00bb _builder_version=\u00a0\u00bb4.24.0&Prime; _module_preset=\u00a0\u00bbdefault\u00a0\u00bb body_font_size=\u00a0\u00bb16px\u00a0\u00bb author_font_size=\u00a0\u00bb16px\u00a0\u00bb author_line_height=\u00a0\u00bb1.2em\u00a0\u00bb position_font_size=\u00a0\u00bb16px\u00a0\u00bb position_line_height=\u00a0\u00bb1.2em\u00a0\u00bb company_font_size=\u00a0\u00bb16px\u00a0\u00bb company_line_height=\u00a0\u00bb1.2em\u00a0\u00bb global_colors_info=\u00a0\u00bb{}\u00a0\u00bb]<\/p>\n<p style=\"text-align: justify\"><strong><span class=\"OYPEnA text-decoration-none text-strikethrough-none\">Cette formation professionnelle de niveau 3 vise \u00e0 enseigner<\/span><span class=\"OYPEnA text-decoration-none text-strikethrough-none white-space-prewrap\"> <\/span><span class=\"OYPEnA text-decoration-none text-strikethrough-none\">la fabrication et la pr\u00e9sentation des pains et viennoiseries. Il participe \u00e0 l\u2019approvisionnement, au stockage et au contr\u00f4le qualit\u00e9 des mati\u00e8res premi\u00e8res. Il p\u00e9trit la p\u00e2te, p\u00e8se et fa\u00e7onne les pains, assure le suivi de la fermentation des produits et de la cuisson.<\/span><\/strong><\/p>\n<p style=\"text-align: justify\"><strong><span class=\"OYPEnA text-decoration-none text-strikethrough-none\">\u00c0 noter : le secteur de la boulangerie \u00e9volue vers la fabrication de produits de restauration l\u00e9g\u00e8re (pizzas, sandwichs, salades\u2026). Par ailleurs, les nouvelles techniques r\u00e9duisent la p\u00e9nibilit\u00e9 et la dur\u00e9e du travail des boulangers.<\/span><\/strong><\/p>\n<p>[\/et_pb_testimonial][et_pb_comments _builder_version=\u00a0\u00bb4.24.0&Prime; _dynamic_attributes=\u00a0\u00bblink_option_url\u00a0\u00bb _module_preset=\u00a0\u00bbdefault\u00a0\u00bb link_option_url=\u00a0\u00bb@ET-DC@eyJkeW5hbWljIjp0cnVlLCJjb250ZW50IjoicG9zdF9saW5rX3VybF9wb3N0Iiwic2V0dGluZ3MiOnsicG9zdF9pZCI6IjkyODIiLCJlbmFibGVfaHRtbCI6Im9mZiJ9fQ==@\u00a0\u00bb global_colors_info=\u00a0\u00bb{}\u00a0\u00bb][\/et_pb_comments][et_pb_comments _builder_version=\u00a0\u00bb4.24.0&Prime; _module_preset=\u00a0\u00bbdefault\u00a0\u00bb global_colors_info=\u00a0\u00bb{}\u00a0\u00bb][\/et_pb_comments][et_pb_toggle title=\u00a0\u00bbLA FORMATION\u00a0\u00bb open=\u00a0\u00bbon\u00a0\u00bb open_icon_color=\u00a0\u00bbRGBA(255,255,255,0)\u00a0\u00bb _builder_version=\u00a0\u00bb4.24.0&Prime; _module_preset=\u00a0\u00bbdefault\u00a0\u00bb title_level=\u00a0\u00bbh3&Prime; title_font=\u00a0\u00bbPoppins|||on|||||\u00a0\u00bb title_font_size=\u00a0\u00bb18px\u00a0\u00bb closed_title_font_size=\u00a0\u00bb20px\u00a0\u00bb body_font_size=\u00a0\u00bb18px\u00a0\u00bb background_color=\u00a0\u00bb#f7f3ea\u00a0\u00bb inline_fonts=\u00a0\u00bbPoppins\u00a0\u00bb global_colors_info=\u00a0\u00bb{}\u00a0\u00bb]<\/p>\n<p style=\"text-align: justify\"><span class=\"OYPEnA text-decoration-none text-strikethrough-none\">Le titulaire de ce CAP sera un professionnel qualifi\u00e9 dans la ma\u00eetrise des techniques de fabrication des produits de boulangerie, viennoiserie et de restauration boulang\u00e8re dans le respect des r\u00e8gles d\u2019hygi\u00e8ne, de tra\u00e7abilit\u00e9, de sant\u00e9, de s\u00e9curit\u00e9 et de d\u00e9veloppement durable. Il participera \u00e0 la r\u00e9ception et au stockage des produits livr\u00e9s ainsi qu\u2019\u00e0 la fabrication et \u00e0 la conservation des productions r\u00e9alis\u00e9es. Il contribuera \u00e0 la mise en valeur des produits finis et renseignera le personnel de vente, participant ainsi \u00e0 l\u2019acte de vente.<\/span><\/p>\n<p>[\/et_pb_toggle][et_pb_toggle title=\u00a0\u00bbL&rsquo;ORGANISATION\u00a0\u00bb open=\u00a0\u00bbon\u00a0\u00bb open_icon_color=\u00a0\u00bbRGBA(255,255,255,0)\u00a0\u00bb _builder_version=\u00a0\u00bb4.24.0&Prime; _module_preset=\u00a0\u00bbdefault\u00a0\u00bb title_level=\u00a0\u00bbh3&Prime; title_font=\u00a0\u00bbPoppins|||on|||||\u00a0\u00bb title_font_size=\u00a0\u00bb18px\u00a0\u00bb closed_title_font_size=\u00a0\u00bb20px\u00a0\u00bb body_font_size=\u00a0\u00bb18px\u00a0\u00bb background_color=\u00a0\u00bb#f7f3ea\u00a0\u00bb inline_fonts=\u00a0\u00bbPoppins\u00a0\u00bb global_colors_info=\u00a0\u00bb{}\u00a0\u00bb]<\/p>\n<p class=\"cvGsUA direction-ltr align-justify para-style-body\"><span class=\"OYPEnA text-decoration-none text-strikethrough-none\">L\u2019admission<\/span><span class=\"OYPEnA text-decoration-none text-strikethrough-none\"> se fait via <strong>Afflenet<\/strong> a l\u2019issue d\u2019une classe de troisi\u00e8me.<\/span><\/p>\n<p class=\"cvGsUA direction-ltr align-justify para-style-body\"><span class=\"OYPEnA text-decoration-none text-strikethrough-none\">La r\u00e9partition hebdomadaire s\u2019articule entre :<\/span><\/p>\n<p class=\"cvGsUA direction-ltr align-justify para-style-body\"><strong><span class=\"OYPEnA text-decoration-none text-strikethrough-none\">l<\/span><span class=\"OYPEnA text-decoration-none text-strikethrough-none\">es enseignements professionnels<\/span><\/strong><span class=\"OYPEnA text-decoration-none text-strikethrough-none\"> : Travaux Pratiques, Ateliers exp\u00e9rimentaux, Technologie, Sciences Appliqu\u00e9es, Gestion et Pr\u00e9vention Sant\u00e9 Environnement.<\/span><\/p>\n<p class=\"cvGsUA direction-ltr align-justify para-style-body\"><strong><span class=\"OYPEnA text-decoration-none text-strikethrough-none\">l\u2019enseignement g\u00e9n\u00e9ral<\/span><\/strong><span class=\"OYPEnA text-decoration-none text-strikethrough-none\"> : Fran\u00e7ais, Math\u00e9matiques Sciences Physiques, Anglais, Histoire-G\u00e9ographie, EPS, Arts appliqu\u00e9s.<\/span><\/p>\n<p class=\"cvGsUA direction-ltr align-justify para-style-body\"><strong><span class=\"OYPEnA text-decoration-none text-strikethrough-none\">Les stages<\/span><\/strong><span class=\"OYPEnA text-decoration-none text-strikethrough-none\"> (p\u00e9riodes de formation en milieu professionnel) sont obligatoires et r\u00e9parties en 4 p\u00e9riodes pour un total de 14 semaines sur les 2 ans de formation, 2 p\u00e9riodes<\/span><span class=\"OYPEnA text-decoration-none text-strikethrough-none white-space-prewrap\"> <\/span><span class=\"OYPEnA text-decoration-none text-strikethrough-none\">comptent pour l\u2019examen.<\/span><\/p>\n<p>[\/et_pb_toggle][et_pb_toggle title=\u00a0\u00bbLES +\u00a0\u00bb open=\u00a0\u00bbon\u00a0\u00bb open_icon_color=\u00a0\u00bbRGBA(255,255,255,0)\u00a0\u00bb _builder_version=\u00a0\u00bb4.24.0&Prime; _module_preset=\u00a0\u00bbdefault\u00a0\u00bb title_level=\u00a0\u00bbh3&Prime; title_font=\u00a0\u00bbPoppins|||on|||||\u00a0\u00bb title_font_size=\u00a0\u00bb18px\u00a0\u00bb closed_title_font_size=\u00a0\u00bb20px\u00a0\u00bb body_font_size=\u00a0\u00bb18px\u00a0\u00bb background_color=\u00a0\u00bb#f7f3ea\u00a0\u00bb inline_fonts=\u00a0\u00bbPoppins\u00a0\u00bb global_colors_info=\u00a0\u00bb{}\u00a0\u00bb]<\/p>\n<p class=\"cvGsUA direction-ltr align-start para-style-body\"><strong><span class=\"OYPEnA text-decoration-none text-strikethrough-none\">Des s\u00e9ances de travaux pratiques<\/span><\/strong><span class=\"OYPEnA text-decoration-none text-strikethrough-none\"> pour apprendre \u00e0 s\u2019organiser, \u00e0 servir, \u00e0 communiquer et \u00e0 appr\u00e9cier la qualit\u00e9 des prestations.<\/span><\/p>\n<p class=\"cvGsUA direction-ltr align-start para-style-body\"><strong><span class=\"OYPEnA text-decoration-none text-strikethrough-none\">Des visites d\u2019\u00e9tablissements<\/span><\/strong><span class=\"OYPEnA text-decoration-none text-strikethrough-none\"> de concepts vari\u00e9s<\/span><\/p>\n<p class=\"cvGsUA direction-ltr align-start para-style-body\"><strong><span class=\"OYPEnA text-decoration-none text-strikethrough-none\">Des stages<\/span><\/strong><span class=\"OYPEnA text-decoration-none text-strikethrough-none\"><strong> dans des structures vari\u00e9es<\/strong> : Boulangeries artisanales, grandes et moyenne surfaces, Industries agroalimentaires, entreprises de la fili\u00e8re \u00ab bl\u00e9-farine-pain \u00bb<\/span><\/p>\n<p>[\/et_pb_toggle][\/et_pb_column][et_pb_column type=\u00a0\u00bb1_3&Prime; _builder_version=\u00a0\u00bb4.16&Prime; _module_preset=\u00a0\u00bbdefault\u00a0\u00bb global_colors_info=\u00a0\u00bb{}\u00a0\u00bb][et_pb_counters _builder_version=\u00a0\u00bb4.24.1&Prime; _module_preset=\u00a0\u00bbdefault\u00a0\u00bb title_font=\u00a0\u00bbPoppins||||||||\u00a0\u00bb title_font_size=\u00a0\u00bb14px\u00a0\u00bb global_colors_info=\u00a0\u00bb{}\u00a0\u00bb][et_pb_counter percent=\u00a0\u00bb100&Prime; bar_background_color=\u00a0\u00bb#0C71C3&Prime; _builder_version=\u00a0\u00bb4.24.1&Prime; _module_preset=\u00a0\u00bbdefault\u00a0\u00bb title_font=\u00a0\u00bb|700|||||||\u00a0\u00bb title_text_color=\u00a0\u00bb#ba4668&Prime; title_font_size=\u00a0\u00bb16px\u00a0\u00bb background_enable_video_mp4=\u00a0\u00bbon\u00a0\u00bb background_enable_video_webm=\u00a0\u00bbon\u00a0\u00bb global_colors_info=\u00a0\u00bb{}\u00a0\u00bb bar_background_color_default=\u00a0\u00bb#000000&Prime; use_percentages=\u00a0\u00bbon\u00a0\u00bb]Taux de r\u00e9ussite aux examens de CAP Boulanger en 2023[\/et_pb_counter][\/et_pb_counters][et_pb_text _builder_version=\u00a0\u00bb4.24.2&Prime; _module_preset=\u00a0\u00bbdefault\u00a0\u00bb global_colors_info=\u00a0\u00bb{}\u00a0\u00bb]<\/p>\n<p><strong>En t\u00e9l\u00e9chargement<\/strong><\/p>\n<div id=\"gtx-trans\" style=\"position: absolute;left: 136px;top: -9px\">\n<div class=\"gtx-trans-icon\"><\/div>\n<\/div>\n<p>[\/et_pb_text][et_pb_accordion _builder_version=\u00a0\u00bb4.24.2&Prime; _module_preset=\u00a0\u00bbdefault\u00a0\u00bb toggle_text_align=\u00a0\u00bbcenter\u00a0\u00bb closed_toggle_font=\u00a0\u00bbPoppins|700|||||||\u00a0\u00bb closed_toggle_text_align=\u00a0\u00bbcenter\u00a0\u00bb closed_toggle_line_height=\u00a0\u00bb1.2em\u00a0\u00bb custom_margin=\u00a0\u00bb||||true|true\u00a0\u00bb custom_padding=\u00a0\u00bb||||true|true\u00a0\u00bb link_option_url=\u00a0\u00bbhttps:\/\/etab.ac-reunion.fr\/lyc-christian-antou\/wp-content\/uploads\/sites\/126\/2024\/02\/Formations-CAP-Boulanger.pdf\u00a0\u00bb link_option_url_new_window=\u00a0\u00bbon\u00a0\u00bb locked=\u00a0\u00bboff\u00a0\u00bb global_colors_info=\u00a0\u00bb{}\u00a0\u00bb][et_pb_accordion_item open=\u00a0\u00bbon\u00a0\u00bb open_toggle_text_color=\u00a0\u00bb#FFFFFF\u00a0\u00bb _builder_version=\u00a0\u00bb4.24.2&Prime; _module_preset=\u00a0\u00bbdefault\u00a0\u00bb body_font=\u00a0\u00bbPoppins|700|||||||\u00a0\u00bb body_text_align=\u00a0\u00bbcenter\u00a0\u00bb body_line_height=\u00a0\u00bb1.2em\u00a0\u00bb background_color=\u00a0\u00bbrgba(12,113,195,0.8)\u00a0\u00bb background_enable_color=\u00a0\u00bbon\u00a0\u00bb link_option_url=\u00a0\u00bbhttps:\/\/etab.ac-reunion.fr\/lyc-christian-antou\/wp-content\/uploads\/sites\/126\/2024\/02\/Formations-CAP-Boulanger.pdf\u00a0\u00bb link_option_url_new_window=\u00a0\u00bbon\u00a0\u00bb global_colors_info=\u00a0\u00bb{}\u00a0\u00bb toggle_text_color=\u00a0\u00bb#FFFFFF\u00a0\u00bb toggle_font=\u00a0\u00bbPoppins|700|||||||\u00a0\u00bb toggle_text_align=\u00a0\u00bbcenter\u00a0\u00bb]<\/p>\n<h3><span style=\"color: #ffffff\"><strong>Plaquette CAP boulanger<\/strong><\/span><\/h3>\n<p>[\/et_pb_accordion_item][\/et_pb_accordion][et_pb_text _builder_version=\u00a0\u00bb4.24.2&Prime; _module_preset=\u00a0\u00bbdefault\u00a0\u00bb global_colors_info=\u00a0\u00bb{}\u00a0\u00bb]<\/p>\n<p><strong>Vid\u00e9o de pr\u00e9sentation<\/strong><\/p>\n<div id=\"gtx-trans\" style=\"position: absolute;left: 246px;top: -9px\">\n<div class=\"gtx-trans-icon\"><\/div>\n<\/div>\n<p>[\/et_pb_text][et_pb_video src=\u00a0\u00bbhttps:\/\/etab.ac-reunion.fr\/lyc-christian-antou\/wp-content\/uploads\/sites\/126\/2023\/12\/Bac-pro-Boulanger-patissier-OnisepTV-linformation-pour-l-1.mp4&Prime; image_src=\u00a0\u00bbhttps:\/\/etab.ac-reunion.fr\/lyc-christian-antou\/wp-content\/uploads\/sites\/126\/2023\/12\/Cap-Boulabger.png\u00a0\u00bb _builder_version=\u00a0\u00bb4.24.0&Prime; _module_preset=\u00a0\u00bbdefault\u00a0\u00bb global_colors_info=\u00a0\u00bb{}\u00a0\u00bb][\/et_pb_video][et_pb_text _builder_version=\u00a0\u00bb4.24.2&Prime; _module_preset=\u00a0\u00bbdefault\u00a0\u00bb global_colors_info=\u00a0\u00bb{}\u00a0\u00bb]<\/p>\n<p><strong>T\u00e9moignage<\/strong><\/p>\n<div id=\"gtx-trans\" style=\"position: absolute;left: 246px;top: -9px\">\n<div class=\"gtx-trans-icon\"><\/div>\n<\/div>\n<p>[\/et_pb_text][et_pb_testimonial portrait_url=\u00a0\u00bbhttps:\/\/etab.ac-reunion.fr\/lyc-christian-antou\/wp-content\/uploads\/sites\/126\/2024\/02\/images.png\u00a0\u00bb _builder_version=\u00a0\u00bb4.24.0&Prime; _module_preset=\u00a0\u00bbdefault\u00a0\u00bb body_font=\u00a0\u00bb||||||||\u00a0\u00bb body_text_color=\u00a0\u00bb#FFFFFF\u00a0\u00bb body_font_size=\u00a0\u00bb17px\u00a0\u00bb body_line_height=\u00a0\u00bb1.2em\u00a0\u00bb background_color=\u00a0\u00bbrgba(33,33,99,0.8)\u00a0\u00bb custom_margin=\u00a0\u00bb0px|0px|0px|0px|false|true\u00a0\u00bb custom_padding=\u00a0\u00bb10px|10px|10px|10px|true|true\u00a0\u00bb border_color_all=\u00a0\u00bbgcid-499293e1-037f-44f6-a3a2-f777197a31fb\u00a0\u00bb border_width_all_portrait=\u00a0\u00bb5px\u00a0\u00bb border_color_all_portrait=\u00a0\u00bb#FFFFFF\u00a0\u00bb global_colors_info=\u00a0\u00bb{%22gcid-499293e1-037f-44f6-a3a2-f777197a31fb%22:%91%22border_color_all%22%93}\u00a0\u00bb]<\/p>\n<p style=\"text-align: justify\">J&rsquo;ai commenc\u00e9 par un CAP Boulanger, puis Bac Pro Boulanger, P\u00e2tissier pour \u00e9largir mes comp\u00e9tences. Apr\u00e8s 10 ans d&rsquo;\u00e9xp\u00e9riences, suis maintenant responsable de 6 boulangeries sur l&rsquo;\u00eele Maurice ! C&rsquo;est un m\u00e9tier de passion avec des horaires d\u00e9cal\u00e9s mais tr\u00e8s enrichissant ou le travail est manuel qui necessite de la rigueur et de la patience. Vous aimez mettre la main \u00e0 la p\u00e2te ? Foncez au lyc\u00e9e h\u00f4telier ! <img decoding=\"async\" src=\"https:\/\/etab.ac-reunion.fr\/lyc-christian-antou\/wp-content\/themes\/Divi\/includes\/builder\/frontend-builder\/assets\/vendors\/plugins\/emoticons\/img\/smiley-wink.gif\" alt=\"wink\" \/><\/p>\n<p style=\"text-align: justify\">Aurelien Payet, 34 ans<\/p>\n<p>[\/et_pb_testimonial][et_pb_divider show_divider=\u00a0\u00bboff\u00a0\u00bb _builder_version=\u00a0\u00bb4.24.2&Prime; _module_preset=\u00a0\u00bbdefault\u00a0\u00bb global_colors_info=\u00a0\u00bb{}\u00a0\u00bb][\/et_pb_divider][et_pb_text _builder_version=\u00a0\u00bb4.24.2&Prime; _module_preset=\u00a0\u00bbdefault\u00a0\u00bb global_colors_info=\u00a0\u00bb{}\u00a0\u00bb]<\/p>\n<p><strong>Poursuite d&rsquo;\u00e9tudes<\/strong><\/p>\n<div id=\"gtx-trans\" style=\"position: absolute;left: 246px;top: -9px\">\n<div class=\"gtx-trans-icon\"><\/div>\n<\/div>\n<p>[\/et_pb_text][et_pb_text _builder_version=\u00a0\u00bb4.24.2&Prime; _module_preset=\u00a0\u00bbdefault\u00a0\u00bb text_font_size=\u00a0\u00bb13px\u00a0\u00bb text_line_height=\u00a0\u00bb1.2em\u00a0\u00bb background_color=\u00a0\u00bb#f7f3ea\u00a0\u00bb locked=\u00a0\u00bboff\u00a0\u00bb global_colors_info=\u00a0\u00bb{}\u00a0\u00bb]<\/p>\n<ul>\n<li><a href=\"https:\/\/etab.ac-reunion.fr\/lyc-christian-antou\/bts-mhr\/\"><span style=\"font-family: Poppins\">BTS M\u00e9tiers de l&rsquo;h\u00f4tellerie Restauration<\/span><\/a><\/li>\n<li><a href=\"https:\/\/www.ac-reunion.fr\/le-cfa-academique\"><span style=\"font-family: Poppins\">Contrat de sp\u00e9cialisation dessert de restaurant<\/span><\/a><\/li>\n<li><a href=\"https:\/\/www.onisep.fr\/ressources\/univers-formation\/formations\/lycees\/bp-arts-de-la-cuisine2\" target=\"_blank\" rel=\"noopener\"><span style=\"font-family: Poppins\">Brevet professionnel \u00ab\u00a0arts de la cuisine\u00a0\u00bb<\/span><\/a><\/li>\n<\/ul>\n<p>[\/et_pb_text][et_pb_text _builder_version=\u00a0\u00bb4.24.2&Prime; _module_preset=\u00a0\u00bbdefault\u00a0\u00bb global_colors_info=\u00a0\u00bb{}\u00a0\u00bb]<\/p>\n<p><strong>D\u00e9bouch\u00e9s professionnels<\/strong><\/p>\n<p>[\/et_pb_text][et_pb_text _builder_version=\u00a0\u00bb4.24.2&Prime; _module_preset=\u00a0\u00bbdefault\u00a0\u00bb text_font_size=\u00a0\u00bb13px\u00a0\u00bb text_line_height=\u00a0\u00bb1.2em\u00a0\u00bb header_5_line_height=\u00a0\u00bb1.2em\u00a0\u00bb background_color=\u00a0\u00bb#f7f3ea\u00a0\u00bb locked=\u00a0\u00bboff\u00a0\u00bb global_colors_info=\u00a0\u00bb{}\u00a0\u00bb]<\/p>\n<ul>\n<li><a href=\"http:\/\/www.onisep.fr\/Ressources\/Univers-Metier\/Metiers\/boulanger-boulangere\"><span style=\"font-family: Poppins\">Boulanger\/\u00e8re<\/span><\/a><\/li>\n<li><a href=\"http:\/\/www.onisep.fr\/Ressources\/Univers-Metier\/Metiers\/commercant-commercante-en-alimentation\"><span style=\"font-family: Poppins\">Commer\u00e7ant en alimentation<\/span><\/a><\/li>\n<li><a href=\"http:\/\/www.onisep.fr\/Ressources\/Univers-Metier\/Metiers\/operateur-operatrice-de-fabrication-de-produits-alimentaires\"><span style=\"font-family: Poppins\">Op\u00e9rateur de fabrication de produits alimentaires<\/span><\/a><\/li>\n<li><a href=\"http:\/\/www.onisep.fr\/Ressources\/Univers-Metier\/Metiers\/patissier-patissiere\"><span style=\"font-family: Poppins\">P\u00e2tissier\/\u00e8re<\/span><\/a><\/li>\n<\/ul>\n<p>[\/et_pb_text][\/et_pb_column][\/et_pb_row][\/et_pb_section]<\/p>\n","protected":false},"excerpt":{"rendered":"<p>CAP BOULANGER Tenue professionnelle + mat\u00e9riels offertsCette formation professionnelle de niveau 3 vise \u00e0 enseigner la fabrication et la pr\u00e9sentation des pains et viennoiseries. Il participe \u00e0 l\u2019approvisionnement, au stockage et au contr\u00f4le qualit\u00e9 des mati\u00e8res premi\u00e8res. Il p\u00e9trit la p\u00e2te, p\u00e8se et fa\u00e7onne les pains, assure le suivi de la fermentation des produits et [&hellip;]<\/p>\n","protected":false},"author":30559,"featured_media":0,"parent":0,"menu_order":0,"comment_status":"closed","ping_status":"closed","template":"","meta":{"_et_pb_use_builder":"on","_et_pb_old_content":"","_et_gb_content_width":"","footnotes":"","_links_to":"","_links_to_target":""},"class_list":["post-2827","page","type-page","status-publish","hentry"],"_links":{"self":[{"href":"https:\/\/etab.ac-reunion.fr\/lyc-christian-antou\/wp-json\/wp\/v2\/pages\/2827","targetHints":{"allow":["GET"]}}],"collection":[{"href":"https:\/\/etab.ac-reunion.fr\/lyc-christian-antou\/wp-json\/wp\/v2\/pages"}],"about":[{"href":"https:\/\/etab.ac-reunion.fr\/lyc-christian-antou\/wp-json\/wp\/v2\/types\/page"}],"author":[{"embeddable":true,"href":"https:\/\/etab.ac-reunion.fr\/lyc-christian-antou\/wp-json\/wp\/v2\/users\/30559"}],"replies":[{"embeddable":true,"href":"https:\/\/etab.ac-reunion.fr\/lyc-christian-antou\/wp-json\/wp\/v2\/comments?post=2827"}],"version-history":[{"count":53,"href":"https:\/\/etab.ac-reunion.fr\/lyc-christian-antou\/wp-json\/wp\/v2\/pages\/2827\/revisions"}],"predecessor-version":[{"id":10208,"href":"https:\/\/etab.ac-reunion.fr\/lyc-christian-antou\/wp-json\/wp\/v2\/pages\/2827\/revisions\/10208"}],"wp:attachment":[{"href":"https:\/\/etab.ac-reunion.fr\/lyc-christian-antou\/wp-json\/wp\/v2\/media?parent=2827"}],"curies":[{"name":"wp","href":"https:\/\/api.w.org\/{rel}","templated":true}]}}