{"id":2868,"date":"2021-10-09T21:39:02","date_gmt":"2021-10-09T17:39:02","guid":{"rendered":"http:\/\/lycee-larenaissance.ac-reunion.fr\/?page_id=2868"},"modified":"2024-09-16T22:30:05","modified_gmt":"2024-09-16T18:30:05","slug":"2868-2","status":"publish","type":"page","link":"https:\/\/etab.ac-reunion.fr\/lyc-christian-antou\/2868-2\/","title":{"rendered":"BAC PRO CUISINE"},"content":{"rendered":"<p>[et_pb_section fb_built=\u00a0\u00bb1&Prime; make_equal=\u00a0\u00bbon\u00a0\u00bb padding_top_1=\u00a0\u00bb8vw\u00a0\u00bb padding_bottom_1=\u00a0\u00bb8vw\u00a0\u00bb padding_top_bottom_link_1=\u00a0\u00bbtrue\u00a0\u00bb padding_left_right_link_1=\u00a0\u00bbfalse\u00a0\u00bb _builder_version=\u00a0\u00bb4.24.0&Prime; _module_preset=\u00a0\u00bbdefault\u00a0\u00bb background_color=\u00a0\u00bb#f1f1e1&Prime; background_image=\u00a0\u00bbhttps:\/\/etab.ac-reunion.fr\/lyc-christian-antou\/wp-content\/uploads\/sites\/126\/2021\/10\/Miniature-YouTube-photographie-recette-de\u0301jeu\u0302ner-1.png\u00a0\u00bb background_blend=\u00a0\u00bbmultiply\u00a0\u00bb global_colors_info=\u00a0\u00bb{}\u00a0\u00bb][et_pb_row _builder_version=\u00a0\u00bb4.16&Prime; _module_preset=\u00a0\u00bbdefault\u00a0\u00bb custom_padding=\u00a0\u00bb||0px|||\u00a0\u00bb global_colors_info=\u00a0\u00bb{}\u00a0\u00bb][et_pb_column type=\u00a0\u00bb4_4&Prime; _builder_version=\u00a0\u00bb4.16&Prime; _module_preset=\u00a0\u00bbdefault\u00a0\u00bb global_colors_info=\u00a0\u00bb{}\u00a0\u00bb][et_pb_text _builder_version=\u00a0\u00bb4.24.0&Prime; _module_preset=\u00a0\u00bbdefault\u00a0\u00bb text_font=\u00a0\u00bbPoppins|700|||||||\u00a0\u00bb text_text_color=\u00a0\u00bb#000000&Prime; text_font_size=\u00a0\u00bb35px\u00a0\u00bb background_layout=\u00a0\u00bbdark\u00a0\u00bb global_colors_info=\u00a0\u00bb{}\u00a0\u00bb]<\/p>\n<p>BAC PRO CUISINE<\/p>\n<div id=\"gtx-trans\" style=\"position: absolute;left: 121px;top: -9px\">\n<div class=\"gtx-trans-icon\"><\/div>\n<\/div>\n<p>[\/et_pb_text][\/et_pb_column][\/et_pb_row][et_pb_row column_structure=\u00a0\u00bb1_4,1_4,1_4,1_4&Prime; _builder_version=\u00a0\u00bb4.16&Prime; _module_preset=\u00a0\u00bbdefault\u00a0\u00bb global_colors_info=\u00a0\u00bb{}\u00a0\u00bb][et_pb_column type=\u00a0\u00bb1_4&Prime; _builder_version=\u00a0\u00bb4.16&Prime; _module_preset=\u00a0\u00bbdefault\u00a0\u00bb global_colors_info=\u00a0\u00bb{}\u00a0\u00bb][et_pb_number_counter title=\u00a0\u00bbde formation apr\u00e8s la troisi\u00e8me\u00a0\u00bb number=\u00a0\u00bb3 ANS\u00a0\u00bb _builder_version=\u00a0\u00bb4.24.1&Prime; _module_preset=\u00a0\u00bbdefault\u00a0\u00bb title_text_color=\u00a0\u00bb#FFFFFF\u00a0\u00bb number_text_color=\u00a0\u00bb#FFFFFF\u00a0\u00bb number_font_size=\u00a0\u00bb65px\u00a0\u00bb background_color=\u00a0\u00bb#4690b0&Prime; background_layout=\u00a0\u00bbdark\u00a0\u00bb border_color_all=\u00a0\u00bb#a90e36&Prime; border_radii_tablet=\u00a0\u00bb\u00a0\u00bb border_radii_phone=\u00a0\u00bb\u00a0\u00bb border_radii_last_edited=\u00a0\u00bbon|desktop\u00a0\u00bb global_colors_info=\u00a0\u00bb{}\u00a0\u00bb][\/et_pb_number_counter][\/et_pb_column][et_pb_column type=\u00a0\u00bb1_4&Prime; _builder_version=\u00a0\u00bb4.16&Prime; _module_preset=\u00a0\u00bbdefault\u00a0\u00bb global_colors_info=\u00a0\u00bb{}\u00a0\u00bb][et_pb_number_counter title=\u00a0\u00bb semaines en entreprise PFMP gratifi\u00e9es\u00a0\u00bb number=\u00a0\u00bb22&Prime; _builder_version=\u00a0\u00bb4.24.1&Prime; _module_preset=\u00a0\u00bbdefault\u00a0\u00bb title_text_color=\u00a0\u00bb#FFFFFF\u00a0\u00bb number_text_color=\u00a0\u00bb#FFFFFF\u00a0\u00bb number_font_size=\u00a0\u00bb65px\u00a0\u00bb background_color=\u00a0\u00bb#4690b0&Prime; background_layout=\u00a0\u00bbdark\u00a0\u00bb border_color_all=\u00a0\u00bb#a90e36&Prime; border_radii_tablet=\u00a0\u00bb\u00a0\u00bb border_radii_phone=\u00a0\u00bb\u00a0\u00bb border_radii_last_edited=\u00a0\u00bbon|desktop\u00a0\u00bb locked=\u00a0\u00bboff\u00a0\u00bb global_colors_info=\u00a0\u00bb{}\u00a0\u00bb][\/et_pb_number_counter][\/et_pb_column][et_pb_column type=\u00a0\u00bb1_4&Prime; _builder_version=\u00a0\u00bb4.16&Prime; _module_preset=\u00a0\u00bbdefault\u00a0\u00bb global_colors_info=\u00a0\u00bb{}\u00a0\u00bb][et_pb_number_counter title=\u00a0\u00bbAnn\u00e9e commune Cuisine\/Service\u00a0\u00bb number=\u00a0\u00bb1\u00e8re\u00a0\u00bb _builder_version=\u00a0\u00bb4.24.0&Prime; _module_preset=\u00a0\u00bbdefault\u00a0\u00bb title_text_color=\u00a0\u00bb#FFFFFF\u00a0\u00bb number_text_color=\u00a0\u00bb#FFFFFF\u00a0\u00bb number_font_size=\u00a0\u00bb65px\u00a0\u00bb background_color=\u00a0\u00bb#4690b0&Prime; background_layout=\u00a0\u00bbdark\u00a0\u00bb border_color_all=\u00a0\u00bb#a90e36&Prime; border_radii_tablet=\u00a0\u00bb\u00a0\u00bb border_radii_phone=\u00a0\u00bb\u00a0\u00bb border_radii_last_edited=\u00a0\u00bbon|desktop\u00a0\u00bb global_colors_info=\u00a0\u00bb{}\u00a0\u00bb][\/et_pb_number_counter][\/et_pb_column][et_pb_column type=\u00a0\u00bb1_4&Prime; _builder_version=\u00a0\u00bb4.16&Prime; _module_preset=\u00a0\u00bbdefault\u00a0\u00bb global_colors_info=\u00a0\u00bb{}\u00a0\u00bb][et_pb_text _builder_version=\u00a0\u00bb4.27.0&Prime; _module_preset=\u00a0\u00bbdefault\u00a0\u00bb text_font=\u00a0\u00bb&#8211;et_global_heading_font||||||||\u00a0\u00bb text_font_size=\u00a0\u00bb17px\u00a0\u00bb header_3_font_size=\u00a0\u00bb18px\u00a0\u00bb header_3_text_color=\u00a0\u00bb#FFFFFF\u00a0\u00bb header_3_text_align=\u00a0\u00bbcenter\u00a0\u00bb hover_enabled=\u00a0\u00bb0&Prime; sticky_enabled=\u00a0\u00bb0&Prime; background_enable_color=\u00a0\u00bboff\u00a0\u00bb border_width_all=\u00a0\u00bb2px\u00a0\u00bb header_font=\u00a0\u00bb&#8211;et_global_heading_font||||||||\u00a0\u00bb header_text_align=\u00a0\u00bbcenter\u00a0\u00bb text_line_height=\u00a0\u00bb1.4em\u00a0\u00bb text_orientation=\u00a0\u00bbcenter\u00a0\u00bb locked=\u00a0\u00bboff\u00a0\u00bb border_color_all=\u00a0\u00bb#468fb0&Prime;]<\/p>\n<p><img loading=\"lazy\" decoding=\"async\" src=\"https:\/\/etab.ac-reunion.fr\/lyc-christian-antou\/wp-content\/uploads\/sites\/126\/2024\/09\/REGION-R-200x55.png\" width=\"200\" height=\"55\" alt=\"\" class=\"wp-image-10204 aligncenter size-medium\" style=\"margin-left: auto;margin-right: auto\" \/><\/p>\n<p style=\"text-align: center\"><strong>Tenue professionnelle<\/strong><\/p>\n<p style=\"text-align: center\"><strong>+ mat\u00e9riels offerts<\/strong><\/p>\n<p>[\/et_pb_text][\/et_pb_column][\/et_pb_row][\/et_pb_section][et_pb_section fb_built=\u00a0\u00bb1&Prime; _builder_version=\u00a0\u00bb4.16&Prime; custom_padding=\u00a0\u00bb40px|||||\u00a0\u00bb global_colors_info=\u00a0\u00bb{}\u00a0\u00bb][et_pb_row column_structure=\u00a0\u00bb2_3,1_3&Prime; _builder_version=\u00a0\u00bb4.16&Prime; _module_preset=\u00a0\u00bbdefault\u00a0\u00bb global_colors_info=\u00a0\u00bb{}\u00a0\u00bb][et_pb_column type=\u00a0\u00bb2_3&Prime; _builder_version=\u00a0\u00bb4.16&Prime; _module_preset=\u00a0\u00bbdefault\u00a0\u00bb global_colors_info=\u00a0\u00bb{}\u00a0\u00bb][et_pb_testimonial portrait_url=\u00a0\u00bbhttps:\/\/etab.ac-reunion.fr\/lyc-christian-antou\/wp-content\/uploads\/sites\/126\/2023\/09\/Logo-rond-LHCA.png\u00a0\u00bb _builder_version=\u00a0\u00bb4.24.0&Prime; _module_preset=\u00a0\u00bbdefault\u00a0\u00bb body_font_size=\u00a0\u00bb16px\u00a0\u00bb author_font_size=\u00a0\u00bb16px\u00a0\u00bb author_line_height=\u00a0\u00bb1.2em\u00a0\u00bb position_font_size=\u00a0\u00bb16px\u00a0\u00bb position_line_height=\u00a0\u00bb1.2em\u00a0\u00bb company_font_size=\u00a0\u00bb16px\u00a0\u00bb company_line_height=\u00a0\u00bb1.2em\u00a0\u00bb global_colors_info=\u00a0\u00bb{}\u00a0\u00bb]<\/p>\n<p><strong><span class=\"OYPEnA text-decoration-none text-strikethrough-none\">La classe de seconde est une ann\u00e9e de d\u00e9couverte des m\u00e9tiers de la restauration. elle est commune aux deux dipl\u00f4mes. L\u2019orientation Cuisine ou Service se fait \u00e0 l\u2019issue de la premi\u00e8re ann\u00e9e.<\/span><\/strong><\/p>\n<p><strong><span class=\"OYPEnA text-decoration-none text-strikethrough-none\">Le titulaire du Bac Pro Cuisine est form\u00e9 en tant que cuisinier qualifi\u00e9. H\u00e9ritiers d\u2019un savoir-faire reconnu dans le monde entier, les cuisiniers fran\u00e7ais doivent \u00eatre \u00e0 la hauteur de leur r\u00e9putation, tout en sachant s\u2019adapter aux \u00e9volutions continuelles du m\u00e9tier de la soci\u00e9t\u00e9 toute enti\u00e8re.<\/span><\/strong><\/p>\n<p>[\/et_pb_testimonial][et_pb_comments _builder_version=\u00a0\u00bb4.24.0&Prime; _dynamic_attributes=\u00a0\u00bblink_option_url\u00a0\u00bb _module_preset=\u00a0\u00bbdefault\u00a0\u00bb link_option_url=\u00a0\u00bb@ET-DC@eyJkeW5hbWljIjp0cnVlLCJjb250ZW50IjoicG9zdF9saW5rX3VybF9wb3N0Iiwic2V0dGluZ3MiOnsicG9zdF9pZCI6IjkyODIiLCJlbmFibGVfaHRtbCI6Im9mZiJ9fQ==@\u00a0\u00bb global_colors_info=\u00a0\u00bb{}\u00a0\u00bb][\/et_pb_comments][et_pb_comments _builder_version=\u00a0\u00bb4.24.0&Prime; _module_preset=\u00a0\u00bbdefault\u00a0\u00bb global_colors_info=\u00a0\u00bb{}\u00a0\u00bb][\/et_pb_comments][et_pb_toggle title=\u00a0\u00bbLA FORMATION\u00a0\u00bb open=\u00a0\u00bbon\u00a0\u00bb open_icon_color=\u00a0\u00bbRGBA(255,255,255,0)\u00a0\u00bb _builder_version=\u00a0\u00bb4.24.0&Prime; _module_preset=\u00a0\u00bbdefault\u00a0\u00bb title_level=\u00a0\u00bbh3&Prime; title_font=\u00a0\u00bbPoppins|||on|||||\u00a0\u00bb title_font_size=\u00a0\u00bb18px\u00a0\u00bb closed_title_font_size=\u00a0\u00bb20px\u00a0\u00bb body_font_size=\u00a0\u00bb18px\u00a0\u00bb background_color=\u00a0\u00bb#f7f3ea\u00a0\u00bb inline_fonts=\u00a0\u00bbPoppins\u00a0\u00bb global_colors_info=\u00a0\u00bb{}\u00a0\u00bb]<\/p>\n<p style=\"text-align: left\"><span>Le titulaire de ce bac pro est un professionnel qualifi\u00e9, op\u00e9rationnel dans les activit\u00e9s de commercialisation, de service en restauration et de relation client. Il r\u00e9alise la mise en place de la salle (carte, menu, banquets\u2026), organise le service des plats et des boissons. Il est capable de coordonner l&rsquo;activit\u00e9 d&rsquo;une \u00e9quipe. Ses fonctions l&rsquo;am\u00e8nent aussi \u00e0 recenser les besoins d&rsquo;approvisionnement en participant, par exemple, \u00e0 la planification des commandes et des livraisons ou au contr\u00f4le des stocks. Il sait s&rsquo;adapter au client, pr\u00e9parer un argumentaire de vente, r\u00e9diger les commandes et veiller \u00e0 leur ex\u00e9cution. Il adopte une d\u00e9marche qualit\u00e9 en respectant l&rsquo;environnement, le d\u00e9veloppement durable, les r\u00e8gles d&rsquo;hygi\u00e8ne, de sant\u00e9 et de s\u00e9curit\u00e9<\/span><\/p>\n<p>[\/et_pb_toggle][et_pb_toggle title=\u00a0\u00bbL&rsquo;ORGANISATION\u00a0\u00bb open=\u00a0\u00bbon\u00a0\u00bb open_icon_color=\u00a0\u00bbRGBA(255,255,255,0)\u00a0\u00bb _builder_version=\u00a0\u00bb4.24.0&Prime; _module_preset=\u00a0\u00bbdefault\u00a0\u00bb title_level=\u00a0\u00bbh3&Prime; title_font=\u00a0\u00bbPoppins|||on|||||\u00a0\u00bb title_font_size=\u00a0\u00bb18px\u00a0\u00bb closed_title_font_size=\u00a0\u00bb20px\u00a0\u00bb body_font_size=\u00a0\u00bb18px\u00a0\u00bb background_color=\u00a0\u00bb#f7f3ea\u00a0\u00bb inline_fonts=\u00a0\u00bbPoppins\u00a0\u00bb global_colors_info=\u00a0\u00bb{}\u00a0\u00bb]<\/p>\n<p class=\"cvGsUA direction-ltr align-justify para-style-body\"><span class=\"OYPEnA text-decoration-none text-strikethrough-none\">L\u2019admission<\/span><span class=\"OYPEnA text-decoration-none text-strikethrough-none\"> se fait via <strong>Afflenet<\/strong> a l\u2019issue d\u2019une classe de troisi\u00e8me.<\/span><\/p>\n<p class=\"cvGsUA direction-ltr align-justify para-style-body\"><span class=\"OYPEnA text-decoration-none text-strikethrough-none\">La r\u00e9partition hebdomadaire s\u2019articule entre :<\/span><\/p>\n<p class=\"cvGsUA direction-ltr align-justify para-style-body\"><strong><span class=\"OYPEnA text-decoration-none text-strikethrough-none\">L<\/span><span class=\"OYPEnA text-decoration-none text-strikethrough-none\">es enseignements professionnels<\/span><\/strong><span class=\"OYPEnA text-decoration-none text-strikethrough-none\"><strong> :<\/strong> Travaux Pratiques, Ateliers exp\u00e9rimentaux, Technologie, Sciences Appliqu\u00e9es, Gestion et Pr\u00e9vention Sant\u00e9 Environnement.<\/span><\/p>\n<p class=\"cvGsUA direction-ltr align-justify para-style-body\"><strong><span class=\"OYPEnA text-decoration-none text-strikethrough-none\">L<\/span><span class=\"OYPEnA text-decoration-none text-strikethrough-none\">\u2019enseignement g\u00e9n\u00e9ral<\/span><\/strong><span class=\"OYPEnA text-decoration-none text-strikethrough-none\"> : Fran\u00e7ais, Math\u00e9matiques Sciences Physiques, Anglais, Histoire-G\u00e9ographie, EPS, Arts appliqu\u00e9s.<\/span><\/p>\n<p class=\"cvGsUA direction-ltr align-justify para-style-body\"><strong><span class=\"OYPEnA text-decoration-none text-strikethrough-none\">Les stages<\/span><\/strong><span class=\"OYPEnA text-decoration-none text-strikethrough-none\"> (p\u00e9riodes de formation en milieu professionnel) sont obligatoires et r\u00e9parties en 5 p\u00e9riodes pour un total de 22 semaines sur les trois ans de formation, 2 p\u00e9riodes<\/span><span class=\"OYPEnA text-decoration-none text-strikethrough-none white-space-prewrap\"> <\/span><span class=\"OYPEnA text-decoration-none text-strikethrough-none\">comptent pour l\u2019examen. Possibilit\u00e9 de stages en m\u00e9tropole ou \u00e0 l\u2019\u00e9tranger.<\/span><\/p>\n<p>[\/et_pb_toggle][et_pb_toggle title=\u00a0\u00bbLES +\u00a0\u00bb open=\u00a0\u00bbon\u00a0\u00bb open_icon_color=\u00a0\u00bbRGBA(255,255,255,0)\u00a0\u00bb _builder_version=\u00a0\u00bb4.24.0&Prime; _module_preset=\u00a0\u00bbdefault\u00a0\u00bb title_level=\u00a0\u00bbh3&Prime; title_font=\u00a0\u00bbPoppins|||on|||||\u00a0\u00bb title_font_size=\u00a0\u00bb18px\u00a0\u00bb closed_title_font_size=\u00a0\u00bb20px\u00a0\u00bb body_font_size=\u00a0\u00bb18px\u00a0\u00bb background_color=\u00a0\u00bb#f7f3ea\u00a0\u00bb inline_fonts=\u00a0\u00bbPoppins\u00a0\u00bb global_colors_info=\u00a0\u00bb{}\u00a0\u00bb]<\/p>\n<p class=\"cvGsUA direction-ltr align-start para-style-body\"><strong><span class=\"OYPEnA text-decoration-none text-strikethrough-none\">+ Des s\u00e9ances de travaux pratiques<\/span><\/strong><span class=\"OYPEnA text-decoration-none text-strikethrough-none\"> pour apprendre \u00e0 s\u2019organiser, \u00e0 cuisiner, \u00e0 dresser une assiette, \u00e0 communiquer et \u00e0 appr\u00e9cier la qualit\u00e9 des prestations.<\/span><\/p>\n<p class=\"cvGsUA direction-ltr align-start para-style-body\"><strong><span class=\"OYPEnA text-decoration-none text-strikethrough-none\">+ Des visites d\u2019\u00e9tablissements<\/span><\/strong><span class=\"OYPEnA text-decoration-none text-strikethrough-none\"> de concepts vari\u00e9s.<\/span><\/p>\n<p class=\"cvGsUA direction-ltr align-start para-style-body\"><strong><span class=\"OYPEnA text-decoration-none text-strikethrough-none\">+ Des collaborations<\/span><\/strong><span class=\"OYPEnA text-decoration-none text-strikethrough-none\"><strong> avec des chefs de renom<\/strong> dans le cadre de s\u00e9ances de travaux pratiques exceptionnelles.<\/span><\/p>\n<p class=\"cvGsUA direction-ltr align-start para-style-body\"><strong><span class=\"OYPEnA text-decoration-none text-strikethrough-none\">+ Des stages<\/span><\/strong><span class=\"OYPEnA text-decoration-none text-strikethrough-none\"><strong> dans des structures vari\u00e9es<\/strong> : restauration traditionnelle, collective et gastronomique, \u00e0 l\u2019\u00e9tranger ou dans des \u00e9tablissement r\u00e9put\u00e9s.<\/span><\/p>\n<p>[\/et_pb_toggle][\/et_pb_column][et_pb_column type=\u00a0\u00bb1_3&Prime; _builder_version=\u00a0\u00bb4.16&Prime; _module_preset=\u00a0\u00bbdefault\u00a0\u00bb global_colors_info=\u00a0\u00bb{}\u00a0\u00bb][et_pb_counters _builder_version=\u00a0\u00bb4.24.1&Prime; _module_preset=\u00a0\u00bbdefault\u00a0\u00bb title_font=\u00a0\u00bbPoppins||||||||\u00a0\u00bb title_font_size=\u00a0\u00bb14px\u00a0\u00bb global_colors_info=\u00a0\u00bb{}\u00a0\u00bb][et_pb_counter percent=\u00a0\u00bb100&Prime; bar_background_color=\u00a0\u00bb#0C71C3&Prime; _builder_version=\u00a0\u00bb4.24.1&Prime; _module_preset=\u00a0\u00bbdefault\u00a0\u00bb title_font=\u00a0\u00bb|700|||||||\u00a0\u00bb title_text_color=\u00a0\u00bb#ba4668&Prime; title_font_size=\u00a0\u00bb16px\u00a0\u00bb background_enable_video_mp4=\u00a0\u00bbon\u00a0\u00bb background_enable_video_webm=\u00a0\u00bbon\u00a0\u00bb global_colors_info=\u00a0\u00bb{}\u00a0\u00bb bar_background_color_default=\u00a0\u00bb#000000&Prime; use_percentages=\u00a0\u00bbon\u00a0\u00bb]Taux de r\u00e9ussite aux examens de Bac Pro Cuisine en 2023[\/et_pb_counter][\/et_pb_counters][et_pb_text _builder_version=\u00a0\u00bb4.24.2&Prime; _module_preset=\u00a0\u00bbdefault\u00a0\u00bb global_colors_info=\u00a0\u00bb{}\u00a0\u00bb]<\/p>\n<p><strong>En t\u00e9l\u00e9chargement<\/strong><\/p>\n<div id=\"gtx-trans\" style=\"position: absolute;left: 87px;top: 38px\">\n<div class=\"gtx-trans-icon\"><\/div>\n<\/div>\n<p>[\/et_pb_text][et_pb_accordion _builder_version=\u00a0\u00bb4.24.2&Prime; _module_preset=\u00a0\u00bbdefault\u00a0\u00bb toggle_text_align=\u00a0\u00bbcenter\u00a0\u00bb closed_toggle_font=\u00a0\u00bbPoppins|700|||||||\u00a0\u00bb closed_toggle_text_align=\u00a0\u00bbcenter\u00a0\u00bb closed_toggle_line_height=\u00a0\u00bb1.2em\u00a0\u00bb custom_margin=\u00a0\u00bb||||true|true\u00a0\u00bb custom_padding=\u00a0\u00bb||||true|true\u00a0\u00bb link_option_url=\u00a0\u00bbhttps:\/\/etab.ac-reunion.fr\/lyc-christian-antou\/wp-content\/uploads\/sites\/126\/2024\/02\/Formation-Bac-Pro-Cuisine.pdf\u00a0\u00bb link_option_url_new_window=\u00a0\u00bbon\u00a0\u00bb locked=\u00a0\u00bboff\u00a0\u00bb global_colors_info=\u00a0\u00bb{}\u00a0\u00bb][et_pb_accordion_item open=\u00a0\u00bbon\u00a0\u00bb open_toggle_text_color=\u00a0\u00bb#FFFFFF\u00a0\u00bb _builder_version=\u00a0\u00bb4.24.2&Prime; _module_preset=\u00a0\u00bbdefault\u00a0\u00bb body_font=\u00a0\u00bbPoppins|700|||||||\u00a0\u00bb body_text_align=\u00a0\u00bbcenter\u00a0\u00bb body_line_height=\u00a0\u00bb1.2em\u00a0\u00bb background_color=\u00a0\u00bbrgba(12,113,195,0.8)\u00a0\u00bb background_enable_color=\u00a0\u00bbon\u00a0\u00bb link_option_url=\u00a0\u00bbhttps:\/\/etab.ac-reunion.fr\/lyc-christian-antou\/wp-content\/uploads\/sites\/126\/2024\/02\/Formation-Bac-Pro-Cuisine.pdf\u00a0\u00bb link_option_url_new_window=\u00a0\u00bbon\u00a0\u00bb global_colors_info=\u00a0\u00bb{}\u00a0\u00bb toggle_text_color=\u00a0\u00bb#FFFFFF\u00a0\u00bb toggle_font=\u00a0\u00bbPoppins|700|||||||\u00a0\u00bb toggle_text_align=\u00a0\u00bbcenter\u00a0\u00bb]<\/p>\n<h3><span style=\"color: #ffffff\"><strong>Plaquette BAC PRO CUISINE<\/strong><\/span><\/h3>\n<p>[\/et_pb_accordion_item][\/et_pb_accordion][et_pb_text _builder_version=\u00a0\u00bb4.24.2&Prime; _module_preset=\u00a0\u00bbdefault\u00a0\u00bb global_colors_info=\u00a0\u00bb{}\u00a0\u00bb]<\/p>\n<p><strong>Vid\u00e9o de pr\u00e9sentation<\/strong><\/p>\n<div id=\"gtx-trans\" style=\"position: absolute;left: 87px;top: 38px\">\n<div class=\"gtx-trans-icon\"><\/div>\n<\/div>\n<p>[\/et_pb_text][et_pb_video src=\u00a0\u00bbhttps:\/\/etab.ac-reunion.fr\/lyc-christian-antou\/wp-content\/uploads\/sites\/126\/2023\/12\/Bac-pro-Commercialisation-et-services-en-restauration-Onis-2.mp4&Prime; image_src=\u00a0\u00bbhttps:\/\/etab.ac-reunion.fr\/lyc-christian-antou\/wp-content\/uploads\/sites\/126\/2023\/12\/BacPro-CSR.png\u00a0\u00bb _builder_version=\u00a0\u00bb4.23.1&Prime; _module_preset=\u00a0\u00bbdefault\u00a0\u00bb locked=\u00a0\u00bboff\u00a0\u00bb global_colors_info=\u00a0\u00bb{}\u00a0\u00bb][\/et_pb_video][et_pb_text _builder_version=\u00a0\u00bb4.24.2&Prime; _module_preset=\u00a0\u00bbdefault\u00a0\u00bb global_colors_info=\u00a0\u00bb{}\u00a0\u00bb]<\/p>\n<p><strong>T\u00e9moignage<\/strong><\/p>\n<div id=\"gtx-trans\" style=\"position: absolute;left: 87px;top: 38px\">\n<div class=\"gtx-trans-icon\"><\/div>\n<\/div>\n<p>[\/et_pb_text][et_pb_testimonial portrait_url=\u00a0\u00bbhttps:\/\/etab.ac-reunion.fr\/lyc-christian-antou\/wp-content\/uploads\/sites\/126\/2024\/02\/florine-basque-960&#215;640-1-e1707327649401.jpeg\u00a0\u00bb _builder_version=\u00a0\u00bb4.24.0&Prime; _module_preset=\u00a0\u00bbdefault\u00a0\u00bb body_font=\u00a0\u00bb||||||||\u00a0\u00bb body_text_color=\u00a0\u00bb#FFFFFF\u00a0\u00bb body_font_size=\u00a0\u00bb17px\u00a0\u00bb body_line_height=\u00a0\u00bb1.2em\u00a0\u00bb background_color=\u00a0\u00bbgcid-499293e1-037f-44f6-a3a2-f777197a31fb\u00a0\u00bb custom_margin=\u00a0\u00bb0px|0px|0px|0px|false|true\u00a0\u00bb custom_padding=\u00a0\u00bb10px|10px|10px|10px|true|true\u00a0\u00bb border_color_all=\u00a0\u00bbgcid-499293e1-037f-44f6-a3a2-f777197a31fb\u00a0\u00bb border_width_all_portrait=\u00a0\u00bb5px\u00a0\u00bb border_color_all_portrait=\u00a0\u00bb#FFFFFF\u00a0\u00bb global_colors_info=\u00a0\u00bb{%22gcid-499293e1-037f-44f6-a3a2-f777197a31fb%22:%91%22border_color_all%22,%22background_color%22%93}\u00a0\u00bb]<\/p>\n<p style=\"text-align: justify\">Apr\u00e8s 3 ans au lyc\u00e9e h\u00f4telier de l&rsquo;\u00eele, J&rsquo;ai pu travailler dans differents r\u00e9put\u00e9s de l&rsquo;\u00eele de la R\u00e9union. Puis je suis parti en Irlande pendant un an dans un relais &amp; chateaux avant de revenir et r\u00e9aliser une MCCDR, je suis maintenant \u00e0 mon compte depuis 2 ans<\/p>\n<p style=\"text-align: justify\">\u00c9lodie Payet, 29 ans<\/p>\n<p>[\/et_pb_testimonial][et_pb_divider show_divider=\u00a0\u00bboff\u00a0\u00bb _builder_version=\u00a0\u00bb4.20.2&Prime; _module_preset=\u00a0\u00bbdefault\u00a0\u00bb global_colors_info=\u00a0\u00bb{}\u00a0\u00bb][\/et_pb_divider][et_pb_text _builder_version=\u00a0\u00bb4.24.2&Prime; _module_preset=\u00a0\u00bbdefault\u00a0\u00bb global_colors_info=\u00a0\u00bb{}\u00a0\u00bb]<\/p>\n<p><strong>Poursuites d&rsquo;\u00e9tudes<\/strong><\/p>\n<div id=\"gtx-trans\" style=\"position: absolute;left: 87px;top: 38px\">\n<div class=\"gtx-trans-icon\"><\/div>\n<\/div>\n<p>[\/et_pb_text][et_pb_text _builder_version=\u00a0\u00bb4.24.2&Prime; _module_preset=\u00a0\u00bbdefault\u00a0\u00bb text_font_size=\u00a0\u00bb14px\u00a0\u00bb background_color=\u00a0\u00bb#f7f3ea\u00a0\u00bb custom_margin=\u00a0\u00bb|||0px|false|false\u00a0\u00bb custom_padding=\u00a0\u00bb|||5px|false|false\u00a0\u00bb locked=\u00a0\u00bboff\u00a0\u00bb global_colors_info=\u00a0\u00bb{}\u00a0\u00bb]<\/p>\n<ul>\n<li><a href=\"https:\/\/etab.ac-reunion.fr\/lyc-christian-antou\/bts-mhr\/\"><span style=\"font-family: Poppins\">BTS M\u00e9tiers de l&rsquo;h\u00f4tellerie Restauration<\/span><\/a><\/li>\n<li><a href=\"https:\/\/www.ac-reunion.fr\/le-cfa-academique\"><span style=\"font-family: Poppins\">Contrat de sp\u00e9cialisation dessert de restaurant<\/span><\/a><\/li>\n<li><a href=\"https:\/\/www.onisep.fr\/ressources\/univers-formation\/formations\/lycees\/bp-arts-de-la-cuisine2\" target=\"_blank\" rel=\"noopener\"><span style=\"font-family: Poppins\">Brevet professionnel \u00ab\u00a0arts de la cuisine\u00a0\u00bb<\/span><\/a><\/li>\n<\/ul>\n<p>[\/et_pb_text][et_pb_text _builder_version=\u00a0\u00bb4.24.2&Prime; _module_preset=\u00a0\u00bbdefault\u00a0\u00bb global_colors_info=\u00a0\u00bb{}\u00a0\u00bb]<\/p>\n<p><strong>D\u00e9bouch\u00e9s professionnels<\/strong><\/p>\n<div id=\"gtx-trans\" style=\"position: absolute;left: 87px;top: 38px\">\n<div class=\"gtx-trans-icon\"><\/div>\n<\/div>\n<p>[\/et_pb_text][et_pb_text _builder_version=\u00a0\u00bb4.24.2&Prime; _module_preset=\u00a0\u00bbdefault\u00a0\u00bb text_font_size=\u00a0\u00bb14px\u00a0\u00bb background_color=\u00a0\u00bb#f7f3ea\u00a0\u00bb custom_padding=\u00a0\u00bb|||5px|false|false\u00a0\u00bb locked=\u00a0\u00bboff\u00a0\u00bb global_colors_info=\u00a0\u00bb{}\u00a0\u00bb]<\/p>\n<ul>\n<li><span style=\"font-family: Poppins\">Cuisinier.e<\/span><\/li>\n<li><span style=\"font-family: Poppins\">Chef de partie<\/span><\/li>\n<li><span style=\"font-family: Poppins\"><a href=\"http:\/\/www.onisep.fr\/Ressources\/Univers-Metier\/Metiers\/gerant-gerante-de-restauration-collective\">g\u00e9rant\/e de restauration collective<\/a><\/span><\/li>\n<\/ul>\n<p>[\/et_pb_text][et_pb_text _builder_version=\u00a0\u00bb4.24.0&Prime; _module_preset=\u00a0\u00bbdefault\u00a0\u00bb text_text_color=\u00a0\u00bb#FFFFFF\u00a0\u00bb background_color=\u00a0\u00bb#ba4668&Prime; link_option_url=\u00a0\u00bbhttps:\/\/youtu.be\/OYhvRmYfsvI\u00a0\u00bb link_option_url_new_window=\u00a0\u00bbon\u00a0\u00bb global_colors_info=\u00a0\u00bb{}\u00a0\u00bb]<\/p>\n<p style=\"text-align: left\"><strong>LES M\u00c9TIERS EN VID\u00c9O<\/strong><\/p>\n<p>[\/et_pb_text][et_pb_image src=\u00a0\u00bbhttps:\/\/etab.ac-reunion.fr\/lyc-christian-antou\/wp-content\/uploads\/sites\/126\/2024\/02\/ONISEP-300&#215;87.png\u00a0\u00bb title_text=\u00a0\u00bbONISEP\u00a0\u00bb url=\u00a0\u00bbhttps:\/\/www.onisep.fr\/metier\/decouvrir-le-monde-professionnel\/hotellerie-restauration\u00a0\u00bb url_new_window=\u00a0\u00bbon\u00a0\u00bb align=\u00a0\u00bbcenter\u00a0\u00bb _builder_version=\u00a0\u00bb4.24.0&Prime; _module_preset=\u00a0\u00bbdefault\u00a0\u00bb global_colors_info=\u00a0\u00bb{}\u00a0\u00bb][\/et_pb_image][\/et_pb_column][\/et_pb_row][et_pb_row _builder_version=\u00a0\u00bb4.20.2&Prime; _module_preset=\u00a0\u00bbdefault\u00a0\u00bb global_colors_info=\u00a0\u00bb{}\u00a0\u00bb][et_pb_column type=\u00a0\u00bb4_4&Prime; _builder_version=\u00a0\u00bb4.20.2&Prime; _module_preset=\u00a0\u00bbdefault\u00a0\u00bb global_colors_info=\u00a0\u00bb{}\u00a0\u00bb][et_pb_divider _builder_version=\u00a0\u00bb4.20.2&Prime; _module_preset=\u00a0\u00bbdefault\u00a0\u00bb global_colors_info=\u00a0\u00bb{}\u00a0\u00bb][\/et_pb_divider][\/et_pb_column][\/et_pb_row][\/et_pb_section]<\/p>\n","protected":false},"excerpt":{"rendered":"<p>BAC PRO CUISINE Tenue professionnelle + mat\u00e9riels offertsLa classe de seconde est une ann\u00e9e de d\u00e9couverte des m\u00e9tiers de la restauration. elle est commune aux deux dipl\u00f4mes. L\u2019orientation Cuisine ou Service se fait \u00e0 l\u2019issue de la premi\u00e8re ann\u00e9e. Le titulaire du Bac Pro Cuisine est form\u00e9 en tant que cuisinier qualifi\u00e9. H\u00e9ritiers d\u2019un savoir-faire [&hellip;]<\/p>\n","protected":false},"author":30559,"featured_media":0,"parent":0,"menu_order":0,"comment_status":"closed","ping_status":"closed","template":"","meta":{"_et_pb_use_builder":"on","_et_pb_old_content":"","_et_gb_content_width":"","footnotes":"","_links_to":"","_links_to_target":""},"class_list":["post-2868","page","type-page","status-publish","hentry"],"_links":{"self":[{"href":"https:\/\/etab.ac-reunion.fr\/lyc-christian-antou\/wp-json\/wp\/v2\/pages\/2868","targetHints":{"allow":["GET"]}}],"collection":[{"href":"https:\/\/etab.ac-reunion.fr\/lyc-christian-antou\/wp-json\/wp\/v2\/pages"}],"about":[{"href":"https:\/\/etab.ac-reunion.fr\/lyc-christian-antou\/wp-json\/wp\/v2\/types\/page"}],"author":[{"embeddable":true,"href":"https:\/\/etab.ac-reunion.fr\/lyc-christian-antou\/wp-json\/wp\/v2\/users\/30559"}],"replies":[{"embeddable":true,"href":"https:\/\/etab.ac-reunion.fr\/lyc-christian-antou\/wp-json\/wp\/v2\/comments?post=2868"}],"version-history":[{"count":46,"href":"https:\/\/etab.ac-reunion.fr\/lyc-christian-antou\/wp-json\/wp\/v2\/pages\/2868\/revisions"}],"predecessor-version":[{"id":10207,"href":"https:\/\/etab.ac-reunion.fr\/lyc-christian-antou\/wp-json\/wp\/v2\/pages\/2868\/revisions\/10207"}],"wp:attachment":[{"href":"https:\/\/etab.ac-reunion.fr\/lyc-christian-antou\/wp-json\/wp\/v2\/media?parent=2868"}],"curies":[{"name":"wp","href":"https:\/\/api.w.org\/{rel}","templated":true}]}}