{"id":24,"date":"2013-07-08T18:47:00","date_gmt":"2013-07-08T17:47:00","guid":{"rendered":"http:\/\/lycee-eparny.ac-reunion.fr\/?page_id=24"},"modified":"2013-11-26T10:12:35","modified_gmt":"2013-11-26T10:12:35","slug":"plan","status":"publish","type":"page","link":"https:\/\/etab.ac-reunion.fr\/lyc-evariste-de-parny\/plan\/","title":{"rendered":"Plan du lyc\u00e9e"},"content":{"rendered":"<p>Vous pouvez \u00e9galement t\u00e9l\u00e9charger\u00a0<a href=\"https:\/\/etab.ac-reunion.fr\/lyc-evariste-de-parny\/wp-content\/uploads\/sites\/14\/2013\/07\/skmbt_c25213081613260.pdf\">Le plan et sa l\u00e9gende<\/a>\u00a0au format PDF.<\/p>\n<p><a href=\"https:\/\/etab.ac-reunion.fr\/lyc-evariste-de-parny\/wp-content\/uploads\/sites\/14\/2013\/07\/plan-defibrillateur.png\"><img loading=\"lazy\" decoding=\"async\" class=\"aligncenter size-large wp-image-1617\" alt=\"plan avec d\u00e9fibrillateur\" src=\"https:\/\/etab.ac-reunion.fr\/lyc-evariste-de-parny\/wp-content\/uploads\/sites\/14\/2013\/07\/plan-defibrillateur-717x1024.png\" width=\"717\" height=\"1024\" \/><\/a><\/p>\n<p>&nbsp;<\/p>\n<p>&nbsp;<\/p>\n<p>&nbsp;<\/p>\n<p>&nbsp;<\/p>\n","protected":false},"excerpt":{"rendered":"<p>Vous pouvez \u00e9galement t\u00e9l\u00e9charger\u00a0Le plan et sa l\u00e9gende\u00a0au format PDF. &nbsp; &nbsp; &nbsp; &nbsp;<\/p>\n","protected":false},"author":24,"featured_media":0,"parent":0,"menu_order":0,"comment_status":"open","ping_status":"open","template":"","meta":{"footnotes":""},"class_list":["post-24","page","type-page","status-publish","hentry"],"_links":{"self":[{"href":"https:\/\/etab.ac-reunion.fr\/lyc-evariste-de-parny\/wp-json\/wp\/v2\/pages\/24","targetHints":{"allow":["GET"]}}],"collection":[{"href":"https:\/\/etab.ac-reunion.fr\/lyc-evariste-de-parny\/wp-json\/wp\/v2\/pages"}],"about":[{"href":"https:\/\/etab.ac-reunion.fr\/lyc-evariste-de-parny\/wp-json\/wp\/v2\/types\/page"}],"author":[{"embeddable":true,"href":"https:\/\/etab.ac-reunion.fr\/lyc-evariste-de-parny\/wp-json\/wp\/v2\/users\/24"}],"replies":[{"embeddable":true,"href":"https:\/\/etab.ac-reunion.fr\/lyc-evariste-de-parny\/wp-json\/wp\/v2\/comments?post=24"}],"version-history":[{"count":12,"href":"https:\/\/etab.ac-reunion.fr\/lyc-evariste-de-parny\/wp-json\/wp\/v2\/pages\/24\/revisions"}],"predecessor-version":[{"id":6533,"href":"https:\/\/etab.ac-reunion.fr\/lyc-evariste-de-parny\/wp-json\/wp\/v2\/pages\/24\/revisions\/6533"}],"wp:attachment":[{"href":"https:\/\/etab.ac-reunion.fr\/lyc-evariste-de-parny\/wp-json\/wp\/v2\/media?parent=24"}],"curies":[{"name":"wp","href":"https:\/\/api.w.org\/{rel}","templated":true}]}}