{"id":3014,"date":"2015-04-23T08:13:39","date_gmt":"2015-04-23T08:13:39","guid":{"rendered":"http:\/\/lycee-eparny.ac-reunion.fr\/?page_id=3014"},"modified":"2015-08-24T05:58:13","modified_gmt":"2015-08-24T05:58:13","slug":"international","status":"publish","type":"page","link":"https:\/\/etab.ac-reunion.fr\/lyc-evariste-de-parny\/international\/","title":{"rendered":"International"},"content":{"rendered":"<p>Le lyc\u00e9e d\u00e9veloppe progressivement son ouverture \u00e0 l&rsquo;International en favorisant la mobilit\u00e9 des \u00e9tudiants, des \u00e9l\u00e8ves mais aussi des professeurs dans le cadre de projets mis en place d&rsquo;ann\u00e9e en ann\u00e9e.<\/p>\n<p>Cette rubrique est consacr\u00e9e aux efforts men\u00e9s en faveur de la d\u00e9couverte et du partage du monde pour tous.<\/p>\n<div id=\"__if72ru4sdfsdfrkjahiuyi_once\"><\/div>\n<div id=\"__if72ru4sdfsdfruh7fewui_once\"><\/div>\n<div id=\"__hggasdgjhsagd_once\"><\/div>\n","protected":false},"excerpt":{"rendered":"<p>Le lyc\u00e9e d\u00e9veloppe progressivement son ouverture \u00e0 l&rsquo;International en favorisant la mobilit\u00e9 des \u00e9tudiants, des \u00e9l\u00e8ves mais aussi des professeurs dans le cadre de projets mis en place d&rsquo;ann\u00e9e en ann\u00e9e. Cette rubrique est consacr\u00e9e aux efforts men\u00e9s en faveur de la d\u00e9couverte et du partage du monde pour tous.<\/p>\n","protected":false},"author":3831,"featured_media":0,"parent":0,"menu_order":0,"comment_status":"closed","ping_status":"closed","template":"","meta":{"footnotes":""},"class_list":["post-3014","page","type-page","status-publish","hentry"],"_links":{"self":[{"href":"https:\/\/etab.ac-reunion.fr\/lyc-evariste-de-parny\/wp-json\/wp\/v2\/pages\/3014","targetHints":{"allow":["GET"]}}],"collection":[{"href":"https:\/\/etab.ac-reunion.fr\/lyc-evariste-de-parny\/wp-json\/wp\/v2\/pages"}],"about":[{"href":"https:\/\/etab.ac-reunion.fr\/lyc-evariste-de-parny\/wp-json\/wp\/v2\/types\/page"}],"author":[{"embeddable":true,"href":"https:\/\/etab.ac-reunion.fr\/lyc-evariste-de-parny\/wp-json\/wp\/v2\/users\/3831"}],"replies":[{"embeddable":true,"href":"https:\/\/etab.ac-reunion.fr\/lyc-evariste-de-parny\/wp-json\/wp\/v2\/comments?post=3014"}],"version-history":[{"count":3,"href":"https:\/\/etab.ac-reunion.fr\/lyc-evariste-de-parny\/wp-json\/wp\/v2\/pages\/3014\/revisions"}],"predecessor-version":[{"id":3501,"href":"https:\/\/etab.ac-reunion.fr\/lyc-evariste-de-parny\/wp-json\/wp\/v2\/pages\/3014\/revisions\/3501"}],"wp:attachment":[{"href":"https:\/\/etab.ac-reunion.fr\/lyc-evariste-de-parny\/wp-json\/wp\/v2\/media?parent=3014"}],"curies":[{"name":"wp","href":"https:\/\/api.w.org\/{rel}","templated":true}]}}