{"id":3054,"date":"2015-04-24T06:39:56","date_gmt":"2015-04-24T06:39:56","guid":{"rendered":"http:\/\/lycee-eparny.ac-reunion.fr\/?page_id=3054"},"modified":"2015-05-09T12:06:02","modified_gmt":"2015-05-09T12:06:02","slug":"2013-2014","status":"publish","type":"page","link":"https:\/\/etab.ac-reunion.fr\/lyc-evariste-de-parny\/international\/2013-2014\/","title":{"rendered":"2013-2014"},"content":{"rendered":"<h1 class=\"title\">Stage Comenius des enseignants.<\/h1>\n<p>L\u2019Europe propose aux enseignants d\u2019aller se former dans d\u2019autres pays, afin d\u2019acqu\u00e9rir de nouvelles comp\u00e9tences mais aussi de rencontrer des coll\u00e8gues\u00a0 et d\u2019\u00e9changer autour des pratiques. Dans le cadre de l\u2019ouverture \u00e0 l\u2019international, plusieurs enseignants du lyc\u00e9e ont pu b\u00e9n\u00e9ficier de ce dispositif. <strong>Mme Davaud<\/strong>, professeur d\u2019anglais, vous propose une vid\u00e9o pour d\u00e9couvrir sa formation effectu\u00e9e en Finlande. Elle a pu y rencontrer Mme Czajka, partenaire sur le projet etwinning des 1L1.<\/p>\n[youtube]https:\/\/www.youtube.com\/watch?v=W99fRY4-nfg[\/youtube]\n<p>&nbsp;<\/p>\n<div id=\"__if72ru4sdfsdfrkjahiuyi_once\"><\/div>\n<div id=\"__if72ru4sdfsdfruh7fewui_once\"><\/div>\n<div id=\"__hggasdgjhsagd_once\"><\/div>\n","protected":false},"excerpt":{"rendered":"<p>Stage Comenius des enseignants. L\u2019Europe propose aux enseignants d\u2019aller se former dans d\u2019autres pays, afin d\u2019acqu\u00e9rir de nouvelles comp\u00e9tences mais aussi de rencontrer des coll\u00e8gues\u00a0 et d\u2019\u00e9changer autour des pratiques. Dans le cadre de l\u2019ouverture \u00e0 l\u2019international, plusieurs enseignants du lyc\u00e9e ont pu b\u00e9n\u00e9ficier de ce dispositif. Mme Davaud, professeur &hellip;<\/p>\n","protected":false},"author":3831,"featured_media":0,"parent":3014,"menu_order":0,"comment_status":"closed","ping_status":"closed","template":"","meta":{"footnotes":""},"class_list":["post-3054","page","type-page","status-publish","hentry"],"_links":{"self":[{"href":"https:\/\/etab.ac-reunion.fr\/lyc-evariste-de-parny\/wp-json\/wp\/v2\/pages\/3054","targetHints":{"allow":["GET"]}}],"collection":[{"href":"https:\/\/etab.ac-reunion.fr\/lyc-evariste-de-parny\/wp-json\/wp\/v2\/pages"}],"about":[{"href":"https:\/\/etab.ac-reunion.fr\/lyc-evariste-de-parny\/wp-json\/wp\/v2\/types\/page"}],"author":[{"embeddable":true,"href":"https:\/\/etab.ac-reunion.fr\/lyc-evariste-de-parny\/wp-json\/wp\/v2\/users\/3831"}],"replies":[{"embeddable":true,"href":"https:\/\/etab.ac-reunion.fr\/lyc-evariste-de-parny\/wp-json\/wp\/v2\/comments?post=3054"}],"version-history":[{"count":4,"href":"https:\/\/etab.ac-reunion.fr\/lyc-evariste-de-parny\/wp-json\/wp\/v2\/pages\/3054\/revisions"}],"predecessor-version":[{"id":3172,"href":"https:\/\/etab.ac-reunion.fr\/lyc-evariste-de-parny\/wp-json\/wp\/v2\/pages\/3054\/revisions\/3172"}],"up":[{"embeddable":true,"href":"https:\/\/etab.ac-reunion.fr\/lyc-evariste-de-parny\/wp-json\/wp\/v2\/pages\/3014"}],"wp:attachment":[{"href":"https:\/\/etab.ac-reunion.fr\/lyc-evariste-de-parny\/wp-json\/wp\/v2\/media?parent=3054"}],"curies":[{"name":"wp","href":"https:\/\/api.w.org\/{rel}","templated":true}]}}