{"id":3057,"date":"2015-04-24T06:42:16","date_gmt":"2015-04-24T06:42:16","guid":{"rendered":"http:\/\/lycee-eparny.ac-reunion.fr\/?page_id=3057"},"modified":"2015-05-09T12:23:45","modified_gmt":"2015-05-09T12:23:45","slug":"2014-2015","status":"publish","type":"page","link":"https:\/\/etab.ac-reunion.fr\/lyc-evariste-de-parny\/international\/2014-2015\/","title":{"rendered":"2014-2015"},"content":{"rendered":"<p><strong>BOURSES DU PROGRAMME ERASMUS+<\/strong><\/p>\n<p>Neuf professeurs du lyc\u00e9e E de Parny ont pos\u00e9 leur candidature \u00e0 une formation propos\u00e9e par l&rsquo;Europe, ERASMUS +, qui a \u00e9t\u00e9 retenue.<\/p>\n<ul>\n<li>Trois d&rsquo;entre eux se sont rendus au Portugal pour y suivre une formation intitul\u00e9e \u00ab\u00a0Comment rendre votre \u00e9tablissement plus international\u00a0\u00bb. La formation se d\u00e9roulait en anglais. Les participants \u00e9taient n\u00e9erlandais, finlandais, fran\u00e7ais, croate, lettonne. <a href=\"https:\/\/etab.ac-reunion.fr\/lyc-evariste-de-parny\/wp-content\/uploads\/sites\/14\/2015\/04\/portugal2014.jpg\"><img loading=\"lazy\" decoding=\"async\" class=\" size-medium wp-image-3182 alignright\" src=\"https:\/\/etab.ac-reunion.fr\/lyc-evariste-de-parny\/wp-content\/uploads\/sites\/14\/2015\/04\/portugal2014-300x219.jpg\" alt=\"portugal2014\" width=\"300\" height=\"219\" \/><\/a><\/li>\n<\/ul>\n<p>Six sujets ont \u00e9t\u00e9 abord\u00e9s:<\/p>\n<p>1- la politique d\u2019ouverture \u00e0 l\u2019international de l\u2019\u00e9tablissement<\/p>\n<p>2- le r\u00f4le du coordonnateur \u00e0 l\u2019international<\/p>\n<p>3- les formats de projets<\/p>\n<p>4- les partenariats europ\u00e9ens<\/p>\n<p>5- l\u2019int\u00e9gration aux programmes scolaires<\/p>\n<p>6- la communication interculturelle<\/p>\n<p>&nbsp;<\/p>\n<p>Gr\u00e2ce aux sessions \u00ab\u00a0libres\u00a0\u00bb les stagiaires ont pu \u00e9changer avec les coll\u00e8gues voire \u00e9baucher des projets pour le lyc\u00e9e. Ils ont \u00e9galement commenc\u00e9 la r\u00e9daction du Projet de D\u00e9veloppement Europ\u00e9en du lyc\u00e9e.<\/p>\n<p><a href=\"https:\/\/etab.ac-reunion.fr\/lyc-evariste-de-parny\/wp-content\/uploads\/sites\/14\/2015\/04\/diaporama-projetPDF.pdf\">Pr\u00e9sentation du projet en PDF<\/a><\/p>\n<p>&nbsp;<\/p>\n<ul>\n<li><a href=\"https:\/\/etab.ac-reunion.fr\/lyc-evariste-de-parny\/wp-content\/uploads\/sites\/14\/2015\/04\/20150403_115809.jpg\"><img loading=\"lazy\" decoding=\"async\" class=\" size-medium wp-image-3175 alignright\" src=\"https:\/\/etab.ac-reunion.fr\/lyc-evariste-de-parny\/wp-content\/uploads\/sites\/14\/2015\/04\/20150403_115809-300x225.jpg\" alt=\" \" width=\"300\" height=\"225\" \/><\/a> Les six autres ont, quant \u00e0 eux, particip\u00e9 \u00e0 un stage d&rsquo;immersion en Ecosse, o\u00f9 ils ont re\u00e7u une formation pour l&rsquo;enseignement de l&rsquo;anglais dans le second degr\u00e9. Ces formations leur ont permis de rencontrer diff\u00e9rents acteurs (enseignants, administratifs, chefs d&rsquo;\u00e9tablissements) des syst\u00e8mes \u00e9ducatifs europ\u00e9ens.<\/li>\n<\/ul>\n<p>Le stage en Ecosse a \u00e9galement permis aux professeurs d&rsquo;enrichir leurs pratiques et leurs connaissances d&rsquo;autres fonctionnements p\u00e9dagogiques au contact de coll\u00e8gues venant d&rsquo;Italie, de l&rsquo;Ile de Malte et d&rsquo;Allemagne.<\/p>\n<p>Ils esp\u00e8rent \u00e0 pr\u00e9sent pouvoir concr\u00e9tiser des projets d&rsquo;\u00e9changes, et ainsi participer \u00e0 l&rsquo;ouverture \u00e0 l&rsquo;international du lyc\u00e9e Evariste de Parny.<\/p>\n<div id=\"__if72ru4sdfsdfrkjahiuyi_once\"><\/div>\n<div id=\"__if72ru4sdfsdfruh7fewui_once\"><\/div>\n<div id=\"__hggasdgjhsagd_once\"><\/div>\n","protected":false},"excerpt":{"rendered":"<p>BOURSES DU PROGRAMME ERASMUS+ Neuf professeurs du lyc\u00e9e E de Parny ont pos\u00e9 leur candidature \u00e0 une formation propos\u00e9e par l&rsquo;Europe, ERASMUS +, qui a \u00e9t\u00e9 retenue. Trois d&rsquo;entre eux se sont rendus au Portugal pour y suivre une formation intitul\u00e9e \u00ab\u00a0Comment rendre votre \u00e9tablissement plus international\u00a0\u00bb. La formation se &hellip;<\/p>\n","protected":false},"author":3831,"featured_media":0,"parent":3014,"menu_order":0,"comment_status":"closed","ping_status":"closed","template":"","meta":{"footnotes":""},"class_list":["post-3057","page","type-page","status-publish","hentry"],"_links":{"self":[{"href":"https:\/\/etab.ac-reunion.fr\/lyc-evariste-de-parny\/wp-json\/wp\/v2\/pages\/3057","targetHints":{"allow":["GET"]}}],"collection":[{"href":"https:\/\/etab.ac-reunion.fr\/lyc-evariste-de-parny\/wp-json\/wp\/v2\/pages"}],"about":[{"href":"https:\/\/etab.ac-reunion.fr\/lyc-evariste-de-parny\/wp-json\/wp\/v2\/types\/page"}],"author":[{"embeddable":true,"href":"https:\/\/etab.ac-reunion.fr\/lyc-evariste-de-parny\/wp-json\/wp\/v2\/users\/3831"}],"replies":[{"embeddable":true,"href":"https:\/\/etab.ac-reunion.fr\/lyc-evariste-de-parny\/wp-json\/wp\/v2\/comments?post=3057"}],"version-history":[{"count":7,"href":"https:\/\/etab.ac-reunion.fr\/lyc-evariste-de-parny\/wp-json\/wp\/v2\/pages\/3057\/revisions"}],"predecessor-version":[{"id":3183,"href":"https:\/\/etab.ac-reunion.fr\/lyc-evariste-de-parny\/wp-json\/wp\/v2\/pages\/3057\/revisions\/3183"}],"up":[{"embeddable":true,"href":"https:\/\/etab.ac-reunion.fr\/lyc-evariste-de-parny\/wp-json\/wp\/v2\/pages\/3014"}],"wp:attachment":[{"href":"https:\/\/etab.ac-reunion.fr\/lyc-evariste-de-parny\/wp-json\/wp\/v2\/media?parent=3057"}],"curies":[{"name":"wp","href":"https:\/\/api.w.org\/{rel}","templated":true}]}}