{"id":3068,"date":"2015-04-24T14:17:50","date_gmt":"2015-04-24T14:17:50","guid":{"rendered":"http:\/\/lycee-eparny.ac-reunion.fr\/?page_id=3068"},"modified":"2023-10-05T09:09:32","modified_gmt":"2023-10-05T05:09:32","slug":"notre-erai","status":"publish","type":"page","link":"https:\/\/etab.ac-reunion.fr\/lyc-evariste-de-parny\/international\/notre-erai\/","title":{"rendered":"Notre ERAEI"},"content":{"rendered":"<p style=\"text-align: left\"><strong>Fr\u00e9d\u00e9rique BONNE<\/strong>\u00a0est l&rsquo;ERAEI du lyc\u00e9e.<\/p>\n<p style=\"text-align: left\">ERAEI&#8230; pour Enseignante R\u00e9f\u00e9rente aux Actions Europ\u00e9ennes et Internationales.<\/p>\n<p style=\"text-align: left\">Mme BONNE est le relai entre la DAREIC (D\u00e9l\u00e9gation Acad\u00e9mique aux Relations Europ\u00e9ennes et Internationales) et l\u2019\u00e9tablissement.<\/p>\n<p style=\"text-align: left\">Ses missions sont les suivantes:<\/p>\n<p style=\"text-align: left\">&#8211; diss\u00e9miner les informations li\u00e9es \u00e0 l&rsquo;Ouverture sur l&rsquo;International (diff\u00e9rents types de programmes, concours, formations&#8230;)<\/p>\n<p style=\"text-align: left\">&#8211; impulser les projets<\/p>\n<p style=\"text-align: left\">&#8211; aider les coll\u00e8gues \u00e0 monter des projets<\/p>\n<p style=\"text-align: left\">\u00a0Contact Email : Marie-Frederiqu.Bonne-Habedank@ac-reunion.fr<\/p>\n<p>&nbsp;<\/p>\n","protected":false},"excerpt":{"rendered":"<p>Fr\u00e9d\u00e9rique BONNE\u00a0est l&rsquo;ERAEI du lyc\u00e9e. ERAEI&#8230; pour Enseignante R\u00e9f\u00e9rente aux Actions Europ\u00e9ennes et Internationales. Mme BONNE est le relai entre la DAREIC (D\u00e9l\u00e9gation Acad\u00e9mique aux Relations Europ\u00e9ennes et Internationales) et l\u2019\u00e9tablissement. Ses missions sont les suivantes: &#8211; diss\u00e9miner les informations li\u00e9es \u00e0 l&rsquo;Ouverture sur l&rsquo;International (diff\u00e9rents types de programmes, concours, &hellip;<\/p>\n","protected":false},"author":3831,"featured_media":6260,"parent":3014,"menu_order":0,"comment_status":"closed","ping_status":"closed","template":"","meta":{"footnotes":""},"class_list":["post-3068","page","type-page","status-publish","has-post-thumbnail","hentry"],"_links":{"self":[{"href":"https:\/\/etab.ac-reunion.fr\/lyc-evariste-de-parny\/wp-json\/wp\/v2\/pages\/3068","targetHints":{"allow":["GET"]}}],"collection":[{"href":"https:\/\/etab.ac-reunion.fr\/lyc-evariste-de-parny\/wp-json\/wp\/v2\/pages"}],"about":[{"href":"https:\/\/etab.ac-reunion.fr\/lyc-evariste-de-parny\/wp-json\/wp\/v2\/types\/page"}],"author":[{"embeddable":true,"href":"https:\/\/etab.ac-reunion.fr\/lyc-evariste-de-parny\/wp-json\/wp\/v2\/users\/3831"}],"replies":[{"embeddable":true,"href":"https:\/\/etab.ac-reunion.fr\/lyc-evariste-de-parny\/wp-json\/wp\/v2\/comments?post=3068"}],"version-history":[{"count":12,"href":"https:\/\/etab.ac-reunion.fr\/lyc-evariste-de-parny\/wp-json\/wp\/v2\/pages\/3068\/revisions"}],"predecessor-version":[{"id":6895,"href":"https:\/\/etab.ac-reunion.fr\/lyc-evariste-de-parny\/wp-json\/wp\/v2\/pages\/3068\/revisions\/6895"}],"up":[{"embeddable":true,"href":"https:\/\/etab.ac-reunion.fr\/lyc-evariste-de-parny\/wp-json\/wp\/v2\/pages\/3014"}],"wp:featuredmedia":[{"embeddable":true,"href":"https:\/\/etab.ac-reunion.fr\/lyc-evariste-de-parny\/wp-json\/wp\/v2\/media\/6260"}],"wp:attachment":[{"href":"https:\/\/etab.ac-reunion.fr\/lyc-evariste-de-parny\/wp-json\/wp\/v2\/media?parent=3068"}],"curies":[{"name":"wp","href":"https:\/\/api.w.org\/{rel}","templated":true}]}}