{"id":3099,"date":"2015-04-30T06:04:36","date_gmt":"2015-04-30T06:04:36","guid":{"rendered":"http:\/\/lycee-eparny.ac-reunion.fr\/?page_id=3099"},"modified":"2025-03-14T13:33:59","modified_gmt":"2025-03-14T09:33:59","slug":"projets","status":"publish","type":"page","link":"https:\/\/etab.ac-reunion.fr\/lyc-evariste-de-parny\/international\/projets\/","title":{"rendered":"Partenariats"},"content":{"rendered":"<h4>A ce jour, plusieurs partenariats existent avec des \u00e9tablissements d&rsquo;enseignement \u00e9trangers:<\/h4>\n<p>&nbsp;<\/p>\n<h6><strong> <img loading=\"lazy\" decoding=\"async\" class=\" wp-image-8010 alignleft\" src=\"https:\/\/etab.ac-reunion.fr\/lyc-evariste-de-parny\/wp-content\/uploads\/sites\/14\/2025\/03\/LogoLeon.jpg\" alt=\"\" width=\"87\" height=\"65\" \/>Espagne : IES Eras de Renueva de Le\u00f3n<\/strong><\/h6>\n<p style=\"padding-left: 40px\">Cette \u00e9cole partenaire fait partie int\u00e9grante du cursus de formation de la section Bachibac de notre lyc\u00e9e. Chaque ann\u00e9e, une classe de Terminale se rend \u00e0 Le\u00f3n. Plus d&rsquo;informations <a href=\"http:\/\/ieserasderenueva.centros.educa.jcyl.es\">en cliquant ici<\/a>.<\/p>\n<p>&nbsp;<\/p>\n<h6><strong><img loading=\"lazy\" decoding=\"async\" class=\" wp-image-8031 alignleft\" src=\"https:\/\/etab.ac-reunion.fr\/lyc-evariste-de-parny\/wp-content\/uploads\/sites\/14\/2025\/03\/LogoCastalla.jpg\" alt=\"\" width=\"89\" height=\"89\" srcset=\"https:\/\/etab.ac-reunion.fr\/lyc-evariste-de-parny\/wp-content\/uploads\/sites\/14\/2025\/03\/LogoCastalla.jpg 200w, https:\/\/etab.ac-reunion.fr\/lyc-evariste-de-parny\/wp-content\/uploads\/sites\/14\/2025\/03\/LogoCastalla-150x150.jpg 150w\" sizes=\"auto, (max-width: 89px) 100vw, 89px\" \/>ESPAGNE : IES Enric Valor de Castalla<\/strong><\/h6>\n<p>Cette \u00e9cole situ\u00e9e dans la Communaut\u00e9 de Valence et notre lyc\u00e9e ont \u00e9labor\u00e9 sur l&rsquo;ann\u00e9e 2023-2024 un projet m\u00ealant sciences et litt\u00e9rature, intitul\u00e9 : Fractales pour tous, math\u00e9matiques et po\u00e9sie. Plus d&rsquo;informations <a href=\"https:\/\/www.iesenricvalor.es\/web\/va\/Index.aspx\">en cliquant ici.<\/a>.<\/p>\n<p>&nbsp;<\/p>\n<h6><strong>Allemagne : Gymnasium Parsberg\u00a0 <img loading=\"lazy\" decoding=\"async\" class=\"wp-image-8007 alignleft\" src=\"https:\/\/etab.ac-reunion.fr\/lyc-evariste-de-parny\/wp-content\/uploads\/sites\/14\/2025\/03\/logoParsberg-300x134.jpg\" alt=\"\" width=\"91\" height=\"41\" srcset=\"https:\/\/etab.ac-reunion.fr\/lyc-evariste-de-parny\/wp-content\/uploads\/sites\/14\/2025\/03\/logoParsberg-300x134.jpg 300w, https:\/\/etab.ac-reunion.fr\/lyc-evariste-de-parny\/wp-content\/uploads\/sites\/14\/2025\/03\/logoParsberg.jpg 358w\" sizes=\"auto, (max-width: 91px) 100vw, 91px\" \/><br \/>\n<\/strong><\/h6>\n<p style=\"padding-left: 40px\">Cette \u00e9cole est partenaire depuis 2010 avec notre acad\u00e9mie, et depuis 2015 avec notre lyc\u00e9e. Un \u00e9change est organis\u00e9 tous les 2\/3 ans et permet \u00e0 des \u00e9l\u00e8ves et des \u00e9tudiants de BTS de partir \u00e0 la d\u00e9couverte de la Bavi\u00e8re et de ses infrastructures touristiques. La prochaine \u00e9dition devrait avoir lieu en 2026. Plus d&rsquo;informations <a href=\"https:\/\/www.gymnasium-parsberg.de\/\">en cliquant ici.<\/a><\/p>\n<p>&nbsp;<\/p>\n<h6><strong><img loading=\"lazy\" decoding=\"async\" class=\" wp-image-8026 alignleft\" src=\"https:\/\/etab.ac-reunion.fr\/lyc-evariste-de-parny\/wp-content\/uploads\/sites\/14\/2025\/03\/LogoSeesen.jpg\" alt=\"\" width=\"94\" height=\"86\" \/>ALLEMAGNE : Jacobson-Gymnasium de Seesen<\/strong><\/h6>\n<p style=\"padding-left: 40px\">\u00c9tablissement situ\u00e9 en Basse-Saxe avec lequel nos \u00e9l\u00e8ves ont pu construire un projet ax\u00e9 sur le d\u00e9veloppement durable. Un premier \u00e9change a \u00e9t\u00e9 organis\u00e9 en 2023 et 2024. Plus d&rsquo;informations <a href=\"https:\/\/www.jacobson-gymnasium.de\/\">en cliquant ici<\/a>.<\/p>\n<p>&nbsp;<\/p>\n<h6><strong><img loading=\"lazy\" decoding=\"async\" class=\"wp-image-8008 alignleft\" src=\"https:\/\/etab.ac-reunion.fr\/lyc-evariste-de-parny\/wp-content\/uploads\/sites\/14\/2025\/03\/LogoMITD.jpg\" alt=\"\" width=\"96\" height=\"76\" \/> Ile Maurice : \u00c9cole H\u00f4teli\u00e8re Sir Ga\u00ebtan Duval de Quatre-Bornes<\/strong><\/h6>\n<p style=\"padding-left: 40px\">Cette \u00e9cole propose une formation de 2 ans : le DTM (Diploma in Tourism and Management) qui est l\u2019\u00e9quivalent d\u2019un BTS Tourisme. Un partenariat quadripartite a \u00e9t\u00e9 conclu entre cet \u00e9tablissement, notre lyc\u00e9e, le lyc\u00e9e d&rsquo;h\u00f4tellerie et de tourisme de St Quentin en Yvelines et l&rsquo;universit\u00e9 d&rsquo;Angers (ESTHUA) Plus d\u2019informations <a href=\"http:\/\/www.mitd.mu\/dispcourse.php?cat&amp;tc=ehsgd&amp;id=155\">en cliquant ici<\/a>.<\/p>\n<p>&nbsp;<\/p>\n<h6><img loading=\"lazy\" decoding=\"async\" class=\" wp-image-8022 alignleft\" src=\"https:\/\/etab.ac-reunion.fr\/lyc-evariste-de-parny\/wp-content\/uploads\/sites\/14\/2025\/03\/LogoHauteecole.jpg\" alt=\"\" width=\"97\" height=\"61\" \/><strong>BELGIQUE : HAUTE \u00c9COLE LUCIA DE BROUCKERE DE BRUXELLES<\/strong><\/h6>\n<p style=\"padding-left: 40px\">Cette \u00e9cole propose un cursus similaire \u00e0 celui de notre BTS Tourisme. Des mobilit\u00e9s de personnels ont \u00e9t\u00e9 r\u00e9alis\u00e9es dans les deux sens en 2024. Une mobilit\u00e9 d&rsquo;\u00e9tude est pr\u00e9vue pour 2026. Plus d&rsquo;informations <a href=\"https:\/\/www.heldb.be\/\">en cliquant ici.<\/a>.<\/p>\n<p>&nbsp;<\/p>\n<h6><img loading=\"lazy\" decoding=\"async\" class=\" wp-image-8033 alignleft\" src=\"https:\/\/etab.ac-reunion.fr\/lyc-evariste-de-parny\/wp-content\/uploads\/sites\/14\/2025\/03\/LogoKoningWillemDenBosch.jpg\" alt=\"\" width=\"95\" height=\"88\" srcset=\"https:\/\/etab.ac-reunion.fr\/lyc-evariste-de-parny\/wp-content\/uploads\/sites\/14\/2025\/03\/LogoKoningWillemDenBosch.jpg 218w, https:\/\/etab.ac-reunion.fr\/lyc-evariste-de-parny\/wp-content\/uploads\/sites\/14\/2025\/03\/LogoKoningWillemDenBosch-215x200.jpg 215w\" sizes=\"auto, (max-width: 95px) 100vw, 95px\" \/><strong>PAYS-BAS : KONING WILLEM 1 COLLEGE DE DEN BOSCH<\/strong><\/h6>\n<div id=\"__hggasdgjhsagd_once\">\n<p>\u00c9tablissement d&rsquo;enseignement professionnel et sup\u00e9rieur avec lequel notre section de BTS Tourisme a collabor\u00e9 \u00e0 de multiples reprises sous forme de mobilit\u00e9s de personnels et de mobilit\u00e9s entrantes d&rsquo;\u00e9tudiants. Plus d&rsquo;informations <a href=\"https:\/\/www.kw1c.nl\/\">en cliquant ici<\/a>.<\/p>\n<\/div>\n","protected":false},"excerpt":{"rendered":"<p>A ce jour, plusieurs partenariats existent avec des \u00e9tablissements d&rsquo;enseignement \u00e9trangers: &nbsp; Espagne : IES Eras de Renueva de Le\u00f3n Cette \u00e9cole partenaire fait partie int\u00e9grante du cursus de formation de la section Bachibac de notre lyc\u00e9e. Chaque ann\u00e9e, une classe de Terminale se rend \u00e0 Le\u00f3n. Plus d&rsquo;informations en &hellip;<\/p>\n","protected":false},"author":3831,"featured_media":0,"parent":3014,"menu_order":0,"comment_status":"closed","ping_status":"closed","template":"","meta":{"footnotes":""},"class_list":["post-3099","page","type-page","status-publish","hentry"],"_links":{"self":[{"href":"https:\/\/etab.ac-reunion.fr\/lyc-evariste-de-parny\/wp-json\/wp\/v2\/pages\/3099","targetHints":{"allow":["GET"]}}],"collection":[{"href":"https:\/\/etab.ac-reunion.fr\/lyc-evariste-de-parny\/wp-json\/wp\/v2\/pages"}],"about":[{"href":"https:\/\/etab.ac-reunion.fr\/lyc-evariste-de-parny\/wp-json\/wp\/v2\/types\/page"}],"author":[{"embeddable":true,"href":"https:\/\/etab.ac-reunion.fr\/lyc-evariste-de-parny\/wp-json\/wp\/v2\/users\/3831"}],"replies":[{"embeddable":true,"href":"https:\/\/etab.ac-reunion.fr\/lyc-evariste-de-parny\/wp-json\/wp\/v2\/comments?post=3099"}],"version-history":[{"count":44,"href":"https:\/\/etab.ac-reunion.fr\/lyc-evariste-de-parny\/wp-json\/wp\/v2\/pages\/3099\/revisions"}],"predecessor-version":[{"id":8046,"href":"https:\/\/etab.ac-reunion.fr\/lyc-evariste-de-parny\/wp-json\/wp\/v2\/pages\/3099\/revisions\/8046"}],"up":[{"embeddable":true,"href":"https:\/\/etab.ac-reunion.fr\/lyc-evariste-de-parny\/wp-json\/wp\/v2\/pages\/3014"}],"wp:attachment":[{"href":"https:\/\/etab.ac-reunion.fr\/lyc-evariste-de-parny\/wp-json\/wp\/v2\/media?parent=3099"}],"curies":[{"name":"wp","href":"https:\/\/api.w.org\/{rel}","templated":true}]}}