{"id":3338,"date":"2015-06-19T06:57:30","date_gmt":"2015-06-19T06:57:30","guid":{"rendered":"http:\/\/lycee-eparny.ac-reunion.fr\/?page_id=3338"},"modified":"2023-06-26T07:06:26","modified_gmt":"2023-06-26T07:06:26","slug":"atelier-jazz","status":"publish","type":"page","link":"https:\/\/etab.ac-reunion.fr\/lyc-evariste-de-parny\/atelier-jazz\/","title":{"rendered":"Atelier Jazz"},"content":{"rendered":"<p>Mme RAMANA propose <strong>un atelier Jazz depuis la rentr\u00e9e scolaire de 2011.<\/strong><\/p>\n<p>C&rsquo;est un atelier d\u2019initiation \u00e0 l\u2019improvisation. Il s\u2019adresse \u00e0 tout \u00e9l\u00e8ve musicien. D\u00e9butant ou avanc\u00e9 ; autodidacte ou non, lecteur ou non.<br \/>\nCet atelier fonctionne pendant la pause m\u00e9ridienne (entre 11h30 et 14h, une \u00e0 deux fois par semaine). Cette ann\u00e9e, il a \u00e9t\u00e9 fr\u00e9quent\u00e9 par des \u00e9l\u00e8ves de seconde,\u00a0 premi\u00e8re et terminale.<br \/>\nIl est possible de venir de mani\u00e8re ponctuelle, selon les disponibilit\u00e9s de chacun. Les \u00e9l\u00e8ves\u00a0 qui ont jou\u00e9 pendant la semaine culturelle sont venus, en revanche, tr\u00e8s r\u00e9guli\u00e8rement (toutes les semaines).<br \/>\nIl y a un piano et une batterie sur place ainsi qu\u2019une enceinte amplifi\u00e9e. Il suffit de venir avec son instrument.<\/p>\n<figure id=\"attachment_3331\" aria-describedby=\"caption-attachment-3331\" style=\"width: 300px\" class=\"wp-caption alignnone\"><a href=\"https:\/\/etab.ac-reunion.fr\/lyc-evariste-de-parny\/wp-content\/uploads\/sites\/14\/2015\/06\/atelier-jazz-22-avril-2015-2.jpg\"><img loading=\"lazy\" decoding=\"async\" class=\"size-medium wp-image-3331\" src=\"https:\/\/etab.ac-reunion.fr\/lyc-evariste-de-parny\/wp-content\/uploads\/sites\/14\/2015\/06\/atelier-jazz-22-avril-2015-2-300x225.jpg\" alt=\"Rachel joue de la batterie, des percussions et chante\" width=\"300\" height=\"225\" \/><\/a><figcaption id=\"caption-attachment-3331\" class=\"wp-caption-text\">Rachel joue de la batterie, des percussions et chante<\/figcaption><\/figure>\n<figure id=\"attachment_3332\" aria-describedby=\"caption-attachment-3332\" style=\"width: 225px\" class=\"wp-caption alignnone\"><a href=\"https:\/\/etab.ac-reunion.fr\/lyc-evariste-de-parny\/wp-content\/uploads\/sites\/14\/2015\/06\/atelier-jazz-22-avril-2015-3.jpg\"><img loading=\"lazy\" decoding=\"async\" class=\"size-medium wp-image-3332\" src=\"https:\/\/etab.ac-reunion.fr\/lyc-evariste-de-parny\/wp-content\/uploads\/sites\/14\/2015\/06\/atelier-jazz-22-avril-2015-3-225x300.jpg\" alt=\"Vincent, multi-instrumentiste (guitariste, batteur)\" width=\"225\" height=\"300\" \/><\/a><figcaption id=\"caption-attachment-3332\" class=\"wp-caption-text\">Vincent, multi-instrumentiste (guitariste, batteur)<\/figcaption><\/figure>\n<figure id=\"attachment_3334\" aria-describedby=\"caption-attachment-3334\" style=\"width: 225px\" class=\"wp-caption alignnone\"><a href=\"https:\/\/etab.ac-reunion.fr\/lyc-evariste-de-parny\/wp-content\/uploads\/sites\/14\/2015\/06\/atelier-jazz-22-avril-2015-5.jpg\"><img loading=\"lazy\" decoding=\"async\" class=\"size-medium wp-image-3334\" src=\"https:\/\/etab.ac-reunion.fr\/lyc-evariste-de-parny\/wp-content\/uploads\/sites\/14\/2015\/06\/atelier-jazz-22-avril-2015-5-225x300.jpg\" alt=\"David et Mathilde se partagent le r\u00f4le de bassiste\" width=\"225\" height=\"300\" \/><\/a><figcaption id=\"caption-attachment-3334\" class=\"wp-caption-text\">David et Mathilde se partagent le r\u00f4le de bassiste<\/figcaption><\/figure>\n<p>Mme RAMANA, artiste accomplie et dipl\u00f4m\u00e9e du Conservatoire National de R\u00e9gion, est leader de son groupe.<\/p>\n<p>Vous trouverez plus d&rsquo;informations sur son activit\u00e9 artistique en consultant <a href=\"http:\/\/katyramana.com\/\">son site internet<\/a><\/p>\n<p><a href=\"https:\/\/etab.ac-reunion.fr\/lyc-evariste-de-parny\/wp-content\/uploads\/sites\/14\/2015\/06\/wp92b533d2_06.png\"><img loading=\"lazy\" decoding=\"async\" class=\"alignnone size-medium wp-image-3339\" src=\"https:\/\/etab.ac-reunion.fr\/lyc-evariste-de-parny\/wp-content\/uploads\/sites\/14\/2015\/06\/wp92b533d2_06-250x300.png\" alt=\"wp92b533d2_06\" width=\"250\" height=\"300\" \/><\/a><\/p>\n","protected":false},"excerpt":{"rendered":"<p>Mme RAMANA propose un atelier Jazz depuis la rentr\u00e9e scolaire de 2011. C&rsquo;est un atelier d\u2019initiation \u00e0 l\u2019improvisation. Il s\u2019adresse \u00e0 tout \u00e9l\u00e8ve musicien. D\u00e9butant ou avanc\u00e9 ; autodidacte ou non, lecteur ou non. Cet atelier fonctionne pendant la pause m\u00e9ridienne (entre 11h30 et 14h, une \u00e0 deux fois par &hellip;<\/p>\n","protected":false},"author":3831,"featured_media":0,"parent":0,"menu_order":0,"comment_status":"closed","ping_status":"closed","template":"","meta":{"footnotes":""},"class_list":["post-3338","page","type-page","status-publish","hentry"],"_links":{"self":[{"href":"https:\/\/etab.ac-reunion.fr\/lyc-evariste-de-parny\/wp-json\/wp\/v2\/pages\/3338","targetHints":{"allow":["GET"]}}],"collection":[{"href":"https:\/\/etab.ac-reunion.fr\/lyc-evariste-de-parny\/wp-json\/wp\/v2\/pages"}],"about":[{"href":"https:\/\/etab.ac-reunion.fr\/lyc-evariste-de-parny\/wp-json\/wp\/v2\/types\/page"}],"author":[{"embeddable":true,"href":"https:\/\/etab.ac-reunion.fr\/lyc-evariste-de-parny\/wp-json\/wp\/v2\/users\/3831"}],"replies":[{"embeddable":true,"href":"https:\/\/etab.ac-reunion.fr\/lyc-evariste-de-parny\/wp-json\/wp\/v2\/comments?post=3338"}],"version-history":[{"count":5,"href":"https:\/\/etab.ac-reunion.fr\/lyc-evariste-de-parny\/wp-json\/wp\/v2\/pages\/3338\/revisions"}],"predecessor-version":[{"id":6625,"href":"https:\/\/etab.ac-reunion.fr\/lyc-evariste-de-parny\/wp-json\/wp\/v2\/pages\/3338\/revisions\/6625"}],"wp:attachment":[{"href":"https:\/\/etab.ac-reunion.fr\/lyc-evariste-de-parny\/wp-json\/wp\/v2\/media?parent=3338"}],"curies":[{"name":"wp","href":"https:\/\/api.w.org\/{rel}","templated":true}]}}