{"id":3747,"date":"2016-03-29T11:47:56","date_gmt":"2016-03-29T11:47:56","guid":{"rendered":"http:\/\/lycee-eparny.ac-reunion.fr\/?page_id=3747"},"modified":"2025-08-29T09:41:11","modified_gmt":"2025-08-29T05:41:11","slug":"notre-strategie-erasmus","status":"publish","type":"page","link":"https:\/\/etab.ac-reunion.fr\/lyc-evariste-de-parny\/international\/notre-strategie-erasmus\/","title":{"rendered":"Notre strat\u00e9gie Erasmus+ Sup\u00e9rieur"},"content":{"rendered":"<p><img loading=\"lazy\" decoding=\"async\" class=\"aligncenter size-medium wp-image-6247\" src=\"https:\/\/etab.ac-reunion.fr\/lyc-evariste-de-parny\/wp-content\/uploads\/sites\/14\/2022\/02\/EU-flag-Erasmus_vect_POS-300x86.jpg\" alt=\"\" width=\"300\" height=\"86\" srcset=\"https:\/\/etab.ac-reunion.fr\/lyc-evariste-de-parny\/wp-content\/uploads\/sites\/14\/2022\/02\/EU-flag-Erasmus_vect_POS-300x86.jpg 300w, https:\/\/etab.ac-reunion.fr\/lyc-evariste-de-parny\/wp-content\/uploads\/sites\/14\/2022\/02\/EU-flag-Erasmus_vect_POS-590x169.jpg 590w, https:\/\/etab.ac-reunion.fr\/lyc-evariste-de-parny\/wp-content\/uploads\/sites\/14\/2022\/02\/EU-flag-Erasmus_vect_POS-768x219.jpg 768w, https:\/\/etab.ac-reunion.fr\/lyc-evariste-de-parny\/wp-content\/uploads\/sites\/14\/2022\/02\/EU-flag-Erasmus_vect_POS-1024x292.jpg 1024w, https:\/\/etab.ac-reunion.fr\/lyc-evariste-de-parny\/wp-content\/uploads\/sites\/14\/2022\/02\/EU-flag-Erasmus_vect_POS-1536x439.jpg 1536w, https:\/\/etab.ac-reunion.fr\/lyc-evariste-de-parny\/wp-content\/uploads\/sites\/14\/2022\/02\/EU-flag-Erasmus_vect_POS.jpg 1964w\" sizes=\"auto, (max-width: 300px) 100vw, 300px\" \/><\/p>\n<p style=\"text-align: justify\"><strong>Dans la continuit\u00e9 du pr\u00e9c\u00e9dent projet, nous sommes fiers d&rsquo;avoir obtenu la charte ECHE 2021-2027<\/strong> (code de r\u00e9f\u00e9rence : EACEA-03-2020 ECHE-LP-2020)<\/p>\n<p style=\"text-align: justify\">Nous continuons sur notre lanc\u00e9e et proposons des mobilit\u00e9s de stage, de formation et d&rsquo;enseignement.<\/p>\n<p style=\"text-align: justify\">Vous pouvez consulter la nouvelle charte <a href=\"https:\/\/etab.ac-reunion.fr\/lyc-evariste-de-parny\/wp-content\/uploads\/sites\/14\/2023\/11\/Charte-signee.pdf\">en cliquant ici!<\/a><\/p>\n<hr \/>\n<p><strong>Notre strat\u00e9gie Erasmus :<\/strong><\/p>\n<p style=\"text-align: justify\"><strong>Contexte<\/strong> : Notre \u00e9tablissement scolaire, le lyc\u00e9e g\u00e9n\u00e9ral et technologique Evariste de Parny, se situe dans une zone ultrap\u00e9riph\u00e9rique (RUP) localis\u00e9e \u00e0 9000km environ de l\u2019Union Europ\u00e9enne. Cet \u00e9loignement p\u00e9nalise nos \u00e9tudiants de BTS Tourisme et MCO (Management Commercial Op\u00e9rationnel) \u00e0 plusieurs niveaux. D\u2019un point de vue personnel d\u2019une part, un grand nombre d\u2019\u00e9tudiants a peu l\u2019occasion d\u2019effectuer des mobilit\u00e9s vers l\u2019Europe au vu des co\u00fbts du transport a\u00e9rien, d\u2019autant que les ressources des familles sont souvent limit\u00e9es. Ainsi, une part importante d\u2019\u00e9tudiants reste sur l\u2019\u00eele au court de sa formation et ne b\u00e9n\u00e9ficie pas d\u2019une ouverture \u00e0 l\u2019international qui pourrait am\u00e9liorer leur degr\u00e9 d\u2019autonomie. Quelques \u00e9tudiant.e.s partent certes en mobilit\u00e9 hors acad\u00e9mie en France m\u00e9tropolitaine. Cette exp\u00e9rience de 2 mois permet \u00e0 nos \u00e9tudiants de b\u00e9n\u00e9ficier d\u2019exp\u00e9riences nouvelles, et nous constatons qu\u2019ils en reviennent grandis, avec l\u2019envie de repartir. Toutefois, peu d\u2019entre eux se tournent vers une destination \u00e9trang\u00e8re europ\u00e9enne par peur de l\u2019inconnu. D\u2019un point de vue professionnel d\u2019autre part, leur recherche de stage s\u2019av\u00e8re parfois laborieuse car le tissu industriel est restreint sur un petit territoire tel que le n\u00f4tre. Il en va de m\u00eame pour leur employabilit\u00e9. En effet, la situation \u00e9conomique locale (30% de ch\u00f4mage chez les jeunes) ne permet pas au tissu \u00e9conomique de notre \u00eele d\u2019absorber le nombre d\u2019\u00e9tudiants arrivant sur le march\u00e9 du travail chaque ann\u00e9e. Cela s\u2019av\u00e8re d\u2019autant plus difficile pour nos \u00e9tudiants de concevoir les attentes des client\u00e8les m\u00e9tropolitaines et europ\u00e9ennes si eux-m\u00eames n\u2019ont jamais quitt\u00e9 leur \u00eele.<\/p>\n<p style=\"text-align: justify\"><strong>Strat\u00e9gie<\/strong> : Face \u00e0 cette probl\u00e9matique, notre lyc\u00e9e a constitu\u00e9 en 2014 un comit\u00e9 de pilotage qui a initi\u00e9 la r\u00e9daction d\u2019un plan de d\u00e9veloppement europ\u00e9en et international. Celui-ci s\u2019int\u00e8gre dans l\u2019axe \u00ab ouverture \u00e0 l\u2019international \u00bb de notre projet d\u2019\u00e9tablissement. Ce plan pr\u00e9voit une<br \/>\npolitique d\u2019internationalisation \u00e0 plusieurs niveaux. La communaut\u00e9 \u00e9ducative est invit\u00e9e \u00e0 mettre en \u0153uvre des projets de mobilit\u00e9 \u2013 entrante ou sortante, virtuelle ou r\u00e9elle. Aussi notre \u00e9tablissement organise-t-il des appariements avec l\u2019Espagne (Leon) et l\u2019Allemagne (Parsberg).<br \/>\nDe plus, des voyages d\u2019\u00e9tudes ont lieu chaque ann\u00e9e (Ile Maurice et Afrique du Sud). Puis, des partenariats ont \u00e9t\u00e9 sign\u00e9s avec d\u2019autres \u00e9coles de la zone Oc\u00e9an Indien : aux Seychelles en 2014 (Seychelles Tourism Academy) et \u00e0 Maurice en 2016 (Ecole h\u00f4teli\u00e8re d\u2019Ebene). Enfin, des projets d\u2019\u00e9changes eTwinning sont men\u00e9s chaque ann\u00e9e. Toutes ces actions ont \u00e9t\u00e9 renforc\u00e9es depuis 2014 par des projets Erasmus+. En effet, notre lyc\u00e9e sollicite r\u00e9guli\u00e8rement des subventions de mobilit\u00e9 dans le cadre du programme Erasmus+ scolaire (KA101 et 229) et bien s\u00fbr dans le cadre de celui du Sup\u00e9rieur. Nous avons obtenu la charte ECHE en 2015 et avons initi\u00e9 depuis 4 projets de mobilit\u00e9 (KA103). Cette ann\u00e9e, nous avons \u00e9galement candidat\u00e9 pour un projet de mobilit\u00e9 de cr\u00e9dits (KA107).<\/p>\n<p><strong>Crit\u00e8res de s\u00e9lection et modalit\u00e9s de recrutement<\/strong> pour les \u00e9tudiants :<\/p>\n<ol>\n<li style=\"text-align: justify\">Une fiche de candidature est \u00e0 compl\u00e9ter (t\u00e9l\u00e9chargeable en <a href=\"https:\/\/etab.ac-reunion.fr\/lyc-evariste-de-parny\/wp-content\/uploads\/sites\/14\/2023\/11\/FICHE-DE-PROCEDURE-2023.pdf\">cliquant ici<\/a>) pour d\u00e9terminer la motivation de la demande de mobilit\u00e9 et les attentes du stagiaire<\/li>\n<li style=\"text-align: justify\">Un entretien en fran\u00e7ais ou en langue \u00e9trang\u00e8re suivra afin de pr\u00e9ciser les aptitudes linguistiques et certaines comp\u00e9tences professionnelles importantes dans le cadre d&rsquo;une mobilit\u00e9 \u00e0 l&rsquo;\u00e9tranger<\/li>\n<\/ol>\n<p style=\"text-align: justify\">Profil souhait\u00e9 : \u00eatre pers\u00e9v\u00e9rant, ouvert aux autres, optimiste, \u00e0 l&rsquo;aise dans la communication<\/p>\n<p style=\"text-align: justify\">Enfin, il est \u00e0 noter que dans le cadre du programme Erasmus+, <strong>les personnes en situation de handicap, \u00e9tudiants ou personnels, <\/strong>constituent un public pour lequel il existe des fonds compl\u00e9mentaires visant \u00e0 subventionner les besoins sp\u00e9cifiques qu&rsquo;une personne en situation de handicap peut voir lors de sa mobilit\u00e9. Une bourse Erasmus + sp\u00e9cifique existe en compl\u00e9ment de la bourse de mobilit\u00e9. Cette bourse peut prendre en charge les frais suppl\u00e9mentaires engendr\u00e9s jusqu&rsquo;\u00e0 100% des frais r\u00e9els encourus. Les \u00e9tudiants boursiers (\u00e9chelons 6 et 7) b\u00e9n\u00e9ficient d&rsquo;une bourse suppl\u00e9mentaire.<\/p>\n<p>Le stage est \u00e9valu\u00e9 par votre maitre de stage selon cette grille (en anglais) : <a href=\"https:\/\/etab.ac-reunion.fr\/lyc-evariste-de-parny\/wp-content\/uploads\/sites\/14\/2025\/05\/assessment-grid.pdf\">assessment grid<\/a><\/p>\n<p style=\"text-align: justify\">Les <strong>coordinateurs<\/strong> pour le programme Erasmus+ Sup\u00e9rieur sont <strong>Madame QUIHILLALT<\/strong> maddy.quihillalt@ac-reunion.fr et <strong>Monsieur SAUNIE<\/strong> nicolas-eric.saunie@ac-reunion.fr.<\/p>\n<hr \/>\n<p style=\"text-align: justify\"><strong>Historique : obtention de la Charte ECHE pour l&rsquo;Enseignement Sup\u00e9rieur<\/strong> <strong>2016-2021<\/strong> (code de r\u00e9f\u00e9rence : 271169-EPP-1-2016-1-FR-EPPKA3-ECHE)<\/p>\n<p style=\"text-align: justify\">Notre lyc\u00e9e est fier d&rsquo;avoir obtenu, fin 2015, la Charte pour l&rsquo;Enseignement Sup\u00e9rieur qui a permis aux \u00e9tudiants de BTS Tourisme et de BTS MUC du lyc\u00e9e de r\u00e9aliser des mobilit\u00e9s de formation ou de stage au sein des pays europ\u00e9ens. Notre charte \u00e9tait valide jusqu&rsquo;\u00e0 2020.<\/p>\n<p style=\"text-align: justify\">Les enseignants intervenant dans ces formation d&rsquo;enseignement sup\u00e9rieur, ainsi que tous les personnels du lyc\u00e9e concern\u00e9s, ont ainsi pu \u00e9galement effectuer une mobilit\u00e9 visant l&rsquo;am\u00e9lioration du contexte \u00e9ducatif et p\u00e9dagogique de ce niveau post-bac.<\/p>\n<p style=\"text-align: justify\">Consultez l&rsquo;infographie bilan des mobilit\u00e9s enseignement sup\u00e9rieur sur la p\u00e9riode 2016-2021 en allant sur <a href=\"https:\/\/www.canva.com\/design\/DAFu-2g5QnY\/5XE2qwekUbY6THkPOmCpGw\/view?utm_content=DAFu-2g5QnY&amp;utm_campaign=designshare&amp;utm_medium=link&amp;utm_source=editor\">ce lien.<\/a><\/p>\n<p>Mentions l\u00e9gales <a href=\"https:\/\/agence.erasmusplus.fr\/mentions-legales\/\">en cliquant ici!<\/a><\/p>\n","protected":false},"excerpt":{"rendered":"<p>Dans la continuit\u00e9 du pr\u00e9c\u00e9dent projet, nous sommes fiers d&rsquo;avoir obtenu la charte ECHE 2021-2027 (code de r\u00e9f\u00e9rence : EACEA-03-2020 ECHE-LP-2020) Nous continuons sur notre lanc\u00e9e et proposons des mobilit\u00e9s de stage, de formation et d&rsquo;enseignement. Vous pouvez consulter la nouvelle charte en cliquant ici! Notre strat\u00e9gie Erasmus : Contexte &hellip;<\/p>\n","protected":false},"author":3831,"featured_media":0,"parent":3014,"menu_order":0,"comment_status":"closed","ping_status":"closed","template":"","meta":{"footnotes":""},"class_list":["post-3747","page","type-page","status-publish","hentry"],"_links":{"self":[{"href":"https:\/\/etab.ac-reunion.fr\/lyc-evariste-de-parny\/wp-json\/wp\/v2\/pages\/3747","targetHints":{"allow":["GET"]}}],"collection":[{"href":"https:\/\/etab.ac-reunion.fr\/lyc-evariste-de-parny\/wp-json\/wp\/v2\/pages"}],"about":[{"href":"https:\/\/etab.ac-reunion.fr\/lyc-evariste-de-parny\/wp-json\/wp\/v2\/types\/page"}],"author":[{"embeddable":true,"href":"https:\/\/etab.ac-reunion.fr\/lyc-evariste-de-parny\/wp-json\/wp\/v2\/users\/3831"}],"replies":[{"embeddable":true,"href":"https:\/\/etab.ac-reunion.fr\/lyc-evariste-de-parny\/wp-json\/wp\/v2\/comments?post=3747"}],"version-history":[{"count":46,"href":"https:\/\/etab.ac-reunion.fr\/lyc-evariste-de-parny\/wp-json\/wp\/v2\/pages\/3747\/revisions"}],"predecessor-version":[{"id":8305,"href":"https:\/\/etab.ac-reunion.fr\/lyc-evariste-de-parny\/wp-json\/wp\/v2\/pages\/3747\/revisions\/8305"}],"up":[{"embeddable":true,"href":"https:\/\/etab.ac-reunion.fr\/lyc-evariste-de-parny\/wp-json\/wp\/v2\/pages\/3014"}],"wp:attachment":[{"href":"https:\/\/etab.ac-reunion.fr\/lyc-evariste-de-parny\/wp-json\/wp\/v2\/media?parent=3747"}],"curies":[{"name":"wp","href":"https:\/\/api.w.org\/{rel}","templated":true}]}}