{"id":4168,"date":"2016-12-17T11:01:52","date_gmt":"2016-12-17T11:01:52","guid":{"rendered":"http:\/\/lycee-eparny.ac-reunion.fr\/?page_id=4168"},"modified":"2017-12-09T06:06:23","modified_gmt":"2017-12-09T06:06:23","slug":"2016-2017","status":"publish","type":"page","link":"https:\/\/etab.ac-reunion.fr\/lyc-evariste-de-parny\/international\/2016-2017\/","title":{"rendered":"2016-2017"},"content":{"rendered":"<p><strong>Mobilit\u00e9 du Sup\u00e9rieur 1<\/strong><\/p>\n<p>Nous avons effectu\u00e9 en octobre 2016 une mobilit\u00e9 vers le Royaume-Uni dans le cadre de notre partenariat avec le Bournemouth and Poole College (BPC).<\/p>\n<p>Trois personnels de l&rsquo;\u00e9tablissement sont ainsi partis du 6 au 20 octobre afin de rencontrer nos partenaires et d\u00e9couvrir les rouages du syst\u00e8me \u00e9ducatif anglais. L&rsquo;objectif \u00e9tait aussi de trouver des lieux de stage aux \u00e9tudiants de Tourisme qui vont effectuer leur stage de mai \u00e0 juillet 2017.<\/p>\n<p>Une diss\u00e9mination a eu lieu au lyc\u00e9e le 16 d\u00e9cembre et a r\u00e9uni les personnels et \u00e9tudiants int\u00e9ress\u00e9s par ce type de mobilit\u00e9. Nous avons \u00e9galement accueilli Mme Le-Tiec et Mme Lebeau, toutes deux ERAEI dans des lyc\u00e9es voisins.<\/p>\n<p>Vous pouvez consulter le document qui a servi \u00e0 animer le retour d&rsquo;exp\u00e9rience des trois coll\u00e8gues <a href=\"http:\/\/prezi.com\/lyefhclqyz0k\/?utm_campaign=share&amp;utm_medium=copy\">en cliquant ici.<\/a><\/p>\n<p>(A regarder avec Chrome)<\/p>\n<p><img loading=\"lazy\" decoding=\"async\" class=\"alignnone wp-image-4174 \" src=\"https:\/\/etab.ac-reunion.fr\/lyc-evariste-de-parny\/wp-content\/uploads\/sites\/14\/2016\/12\/IMG_3743-e1481973385976-768x1024.jpg\" width=\"576\" height=\"768\" \/><\/p>\n<p>&nbsp;<\/p>\n<p>Cette mobilit\u00e9 a fait l&rsquo;objet d&rsquo;une restitution au mois de d\u00e9cembre 2016 aupr\u00e8s de nos partenaires et de la communaut\u00e9 p\u00e9dagogique de notre \u00e9tablissement.<\/p>\n<p><img loading=\"lazy\" decoding=\"async\" class=\"size-medium wp-image-4403 aligncenter\" src=\"https:\/\/etab.ac-reunion.fr\/lyc-evariste-de-parny\/wp-content\/uploads\/sites\/14\/2016\/12\/P1230822-300x169.jpg\" alt=\"Retex mobilit\u00e9 Bournemouth\" width=\"300\" height=\"169\" \/><\/p>\n<p>&nbsp;<\/p>\n<p>Nous avons \u00e9galement particip\u00e9 au concours organis\u00e9 par la Dareic en l&rsquo;honneur des 30 ans du programme Erasmus en cr\u00e9ant une pr\u00e9sentation anim\u00e9e de notre exp\u00e9rience. Notre projet a \u00e9t\u00e9 r\u00e9compens\u00e9 du 2\u00e8me prix soit 500\u20ac allou\u00e9 \u00e0 un futur projet de mobilit\u00e9.<\/p>\n<p><a href=\"http:\/\/www.dailymotion.com\/video\/x5j61g4_lycee-evariste-de-parny-erasmus-express-la-route-dalbion-concours-erasmus-3-ans-deja_school\">Voici notre vid\u00e9o \u00a0<\/a><\/p>\n<p style=\"text-align: center\">\n<p>Lynda Di NATALE, Maddy QUIHILLALT et Nicolas SAUNIE<\/p>\n<p>&nbsp;<\/p>\n<p><strong>Mobilit\u00e9 du Sup\u00e9rieur 2<\/strong><\/p>\n<p>Gr\u00e2ce au projet de mobilit\u00e9 Erasmus+ obtenu dans le cadre d\u2019un projet K1 sup\u00e9rieur, j\u2019ai pu partir en Angleterre en mai dernier afin d\u2019accompagner 3 \u00e9tudiants dans leur installation sur leurs lieux de stage (Bounemouth, Southampton et Brighton), rencontrer leurs tuteurs, ainsi que d\u00e9marcher de nouvelles entreprises susceptibles d\u2019accueillir des \u00e9tudiants de la prochaine promotion.<\/p>\n<p>A mon arriv\u00e9e je fus saisie par \u2026 le froid! Temp\u00e9ratures hivernales en plein mois de mai, vite compens\u00e9es par la chaleur de l\u2019accueil re\u00e7u dans le lyc\u00e9e visit\u00e9 et sur les lieux de stages.<\/p>\n<p>Voici quelques retours de mes \u00e9tudiants stagiaires :<\/p>\n<p>\u00ab\u00a0Gr\u00e2ce au dispositif Erasmus+ j\u2019ai pu effectuer mon stage de 8 semaines dans la superbe ville de Brighton. Je suis arriv\u00e9e en plein \u2018Brighton Fringe Festival\u2019 et j\u2019ai assist\u00e9 \u00e0 des spectacles un peu partout, dans les rues, dans les parcs, directement chez des gens et m\u00eame sur des terrains de golf!Tout \u00e7a en anglais of course! J\u2019y retournerai, c\u2019est s\u00fbr, pour le travail ou pour le plaisir, toujours avec autant d\u2019\u00e9toiles dans les yeux. Ce fut une exp\u00e9rience que je ne suis pas pr\u00eate d\u2019oublier!\u00a0\u00bb <strong>Justine<\/strong><img loading=\"lazy\" decoding=\"async\" class=\"size-full wp-image-4713 aligncenter\" src=\"https:\/\/etab.ac-reunion.fr\/lyc-evariste-de-parny\/wp-content\/uploads\/sites\/14\/2017\/12\/Capture11.png\" alt=\"\" width=\"250\" height=\"214\" \/><\/p>\n<p>\u00ab\u00a0Gr\u00e2ce au stage Erasmus+ j\u2019ai pu d\u00e9couvrir le\u00a0monde professionnel dans un pays \u00e9tranger. C\u2019est une exp\u00e9rience tr\u00e8s enrichissante au niveau linguistique et culturel. Mes activit\u00e9s \u00e9taient tr\u00e8s diversifi\u00e9es (accueil, vente, conseils aux visiteurs) et j\u2019ai pu participer \u00e0 plusieurs \u00e9v\u00e9nements dans la r\u00e9serve naturelle o\u00f9 je travaillais.<\/p>\n<p>J\u2019ai rencontr\u00e9 une \u00e9quipe formidable qui m\u2019a accueilli avec beaucoup de gentillesse.<br \/>\nJ\u2019ai appris beaucoup durant ce stage, tant au niveau professionnel que sur le plan personnel.\u00a0\u00bb <strong>Adrien<\/strong><img loading=\"lazy\" decoding=\"async\" class=\"size-medium wp-image-4714 aligncenter\" src=\"https:\/\/etab.ac-reunion.fr\/lyc-evariste-de-parny\/wp-content\/uploads\/sites\/14\/2017\/12\/Capture12.png\" alt=\"\" width=\"245\" height=\"184\" \/><\/p>\n<p>\u00ab\u00a0Le d\u00e9but du stage fut tr\u00e8s difficile \u00e0 cause du froid et des probl\u00e8mes de transport pour aller sur mon lieu de stage. Puis j\u2019ai aim\u00e9 d\u00e9couvrir le travail au sein du parc d\u2019attraction, apr\u00e8s un mois je me suis fait des amis dans l\u2019entreprise, j\u2019ai am\u00e9lior\u00e9 mon anglais et approfondi mes comp\u00e9tences professionnelles. Bref, malgr\u00e9 quelques d\u00e9convenues je dirais que cela vaut vraiment le coup d\u2019\u00eatre v\u00e9cu!\u00a0\u00bb <strong>Dayyan<\/strong><\/p>\n<p><strong>A bas les clich\u00e9s! <\/strong><\/p>\n<p>Non il ne pleut pas tout le temps en Angleterre!<br \/>\nNon, on ne mange pas mal en Angleterre!<br \/>\nNon, les anglais ne sont pas froids et hautains!<\/p>\n<p>Cathy VIALAS, enseignante d&rsquo;anglais en BTS Tourisme<\/p>\n","protected":false},"excerpt":{"rendered":"<p>Mobilit\u00e9 du Sup\u00e9rieur 1 Nous avons effectu\u00e9 en octobre 2016 une mobilit\u00e9 vers le Royaume-Uni dans le cadre de notre partenariat avec le Bournemouth and Poole College (BPC). Trois personnels de l&rsquo;\u00e9tablissement sont ainsi partis du 6 au 20 octobre afin de rencontrer nos partenaires et d\u00e9couvrir les rouages du &hellip;<\/p>\n","protected":false},"author":3831,"featured_media":0,"parent":3014,"menu_order":0,"comment_status":"closed","ping_status":"closed","template":"","meta":{"footnotes":""},"class_list":["post-4168","page","type-page","status-publish","hentry"],"_links":{"self":[{"href":"https:\/\/etab.ac-reunion.fr\/lyc-evariste-de-parny\/wp-json\/wp\/v2\/pages\/4168","targetHints":{"allow":["GET"]}}],"collection":[{"href":"https:\/\/etab.ac-reunion.fr\/lyc-evariste-de-parny\/wp-json\/wp\/v2\/pages"}],"about":[{"href":"https:\/\/etab.ac-reunion.fr\/lyc-evariste-de-parny\/wp-json\/wp\/v2\/types\/page"}],"author":[{"embeddable":true,"href":"https:\/\/etab.ac-reunion.fr\/lyc-evariste-de-parny\/wp-json\/wp\/v2\/users\/3831"}],"replies":[{"embeddable":true,"href":"https:\/\/etab.ac-reunion.fr\/lyc-evariste-de-parny\/wp-json\/wp\/v2\/comments?post=4168"}],"version-history":[{"count":12,"href":"https:\/\/etab.ac-reunion.fr\/lyc-evariste-de-parny\/wp-json\/wp\/v2\/pages\/4168\/revisions"}],"predecessor-version":[{"id":4719,"href":"https:\/\/etab.ac-reunion.fr\/lyc-evariste-de-parny\/wp-json\/wp\/v2\/pages\/4168\/revisions\/4719"}],"up":[{"embeddable":true,"href":"https:\/\/etab.ac-reunion.fr\/lyc-evariste-de-parny\/wp-json\/wp\/v2\/pages\/3014"}],"wp:attachment":[{"href":"https:\/\/etab.ac-reunion.fr\/lyc-evariste-de-parny\/wp-json\/wp\/v2\/media?parent=4168"}],"curies":[{"name":"wp","href":"https:\/\/api.w.org\/{rel}","templated":true}]}}