{"id":4372,"date":"2017-06-02T09:41:47","date_gmt":"2017-06-02T09:41:47","guid":{"rendered":"http:\/\/lycee-eparny.ac-reunion.fr\/?page_id=4372"},"modified":"2025-03-12T15:27:26","modified_gmt":"2025-03-12T11:27:26","slug":"organiser-une-mobilite-2","status":"publish","type":"page","link":"https:\/\/etab.ac-reunion.fr\/lyc-evariste-de-parny\/international\/organiser-une-mobilite-2\/","title":{"rendered":"Organiser une mobilit\u00e9 \u00e0 l&rsquo;\u00e9tranger"},"content":{"rendered":"<ul>\n<li><img loading=\"lazy\" decoding=\"async\" class=\" wp-image-8019 alignleft\" src=\"https:\/\/etab.ac-reunion.fr\/lyc-evariste-de-parny\/wp-content\/uploads\/sites\/14\/2025\/03\/logoBO-300x169.png\" alt=\"\" width=\"153\" height=\"87\" srcset=\"https:\/\/etab.ac-reunion.fr\/lyc-evariste-de-parny\/wp-content\/uploads\/sites\/14\/2025\/03\/logoBO-300x169.png 300w, https:\/\/etab.ac-reunion.fr\/lyc-evariste-de-parny\/wp-content\/uploads\/sites\/14\/2025\/03\/logoBO.png 340w\" sizes=\"auto, (max-width: 153px) 100vw, 153px\" \/>Texte de r\u00e9f\u00e9rence (Circulaire 2011-117) : <a href=\"https:\/\/etab.ac-reunion.fr\/lyc-evariste-de-parny\/wp-content\/uploads\/sites\/14\/2025\/03\/Sorties-et-voyages-scolaires-au-college-et-au-lycee.pdf\">Sorties et voyages scolaires au coll\u00e8ge et au lyc\u00e9e<\/a><\/li>\n<\/ul>\n<p>&nbsp;<\/p>\n<p>&nbsp;<\/p>\n<ul>\n<li><img loading=\"lazy\" decoding=\"async\" class=\" wp-image-8018 alignleft\" src=\"https:\/\/etab.ac-reunion.fr\/lyc-evariste-de-parny\/wp-content\/uploads\/sites\/14\/2025\/03\/LogoAriane-300x103.jpg\" alt=\"\" width=\"204\" height=\"70\" srcset=\"https:\/\/etab.ac-reunion.fr\/lyc-evariste-de-parny\/wp-content\/uploads\/sites\/14\/2025\/03\/LogoAriane-300x103.jpg 300w, https:\/\/etab.ac-reunion.fr\/lyc-evariste-de-parny\/wp-content\/uploads\/sites\/14\/2025\/03\/LogoAriane.jpg 387w\" sizes=\"auto, (max-width: 204px) 100vw, 204px\" \/>Ne pas oublier d&rsquo;inscrire votre mobilit\u00e9 (individuelle ou de groupe) sur le site gouvernemental Ariane <a href=\"https:\/\/fildariane.diplomatie.gouv.fr\/fildariane-internet\/accueil\">en cliquant ici<\/a><\/li>\n<\/ul>\n<p>&nbsp;<\/p>\n<ul>\n<li><img loading=\"lazy\" decoding=\"async\" class=\" wp-image-8020 alignleft\" src=\"https:\/\/etab.ac-reunion.fr\/lyc-evariste-de-parny\/wp-content\/uploads\/sites\/14\/2025\/03\/LogoAcademie.jpg\" alt=\"\" width=\"139\" height=\"82\" \/>Page acad\u00e9mique \u00e0 consulter <a href=\"https:\/\/www.ac-reunion.fr\/europe-et-international-124406\">en cliquant ici<\/a><\/li>\n<\/ul>\n","protected":false},"excerpt":{"rendered":"<p>Texte de r\u00e9f\u00e9rence (Circulaire 2011-117) : Sorties et voyages scolaires au coll\u00e8ge et au lyc\u00e9e &nbsp; &nbsp; Ne pas oublier d&rsquo;inscrire votre mobilit\u00e9 (individuelle ou de groupe) sur le site gouvernemental Ariane en cliquant ici &nbsp; Page acad\u00e9mique \u00e0 consulter en cliquant ici<\/p>\n","protected":false},"author":3831,"featured_media":0,"parent":3014,"menu_order":0,"comment_status":"closed","ping_status":"closed","template":"","meta":{"footnotes":""},"class_list":["post-4372","page","type-page","status-publish","hentry"],"_links":{"self":[{"href":"https:\/\/etab.ac-reunion.fr\/lyc-evariste-de-parny\/wp-json\/wp\/v2\/pages\/4372","targetHints":{"allow":["GET"]}}],"collection":[{"href":"https:\/\/etab.ac-reunion.fr\/lyc-evariste-de-parny\/wp-json\/wp\/v2\/pages"}],"about":[{"href":"https:\/\/etab.ac-reunion.fr\/lyc-evariste-de-parny\/wp-json\/wp\/v2\/types\/page"}],"author":[{"embeddable":true,"href":"https:\/\/etab.ac-reunion.fr\/lyc-evariste-de-parny\/wp-json\/wp\/v2\/users\/3831"}],"replies":[{"embeddable":true,"href":"https:\/\/etab.ac-reunion.fr\/lyc-evariste-de-parny\/wp-json\/wp\/v2\/comments?post=4372"}],"version-history":[{"count":5,"href":"https:\/\/etab.ac-reunion.fr\/lyc-evariste-de-parny\/wp-json\/wp\/v2\/pages\/4372\/revisions"}],"predecessor-version":[{"id":8021,"href":"https:\/\/etab.ac-reunion.fr\/lyc-evariste-de-parny\/wp-json\/wp\/v2\/pages\/4372\/revisions\/8021"}],"up":[{"embeddable":true,"href":"https:\/\/etab.ac-reunion.fr\/lyc-evariste-de-parny\/wp-json\/wp\/v2\/pages\/3014"}],"wp:attachment":[{"href":"https:\/\/etab.ac-reunion.fr\/lyc-evariste-de-parny\/wp-json\/wp\/v2\/media?parent=4372"}],"curies":[{"name":"wp","href":"https:\/\/api.w.org\/{rel}","templated":true}]}}