{"id":4379,"date":"2017-06-02T10:01:55","date_gmt":"2017-06-02T10:01:55","guid":{"rendered":"http:\/\/lycee-eparny.ac-reunion.fr\/?page_id=4379"},"modified":"2023-06-22T09:03:59","modified_gmt":"2023-06-22T09:03:59","slug":"mobilite-des-personnels","status":"publish","type":"page","link":"https:\/\/etab.ac-reunion.fr\/lyc-evariste-de-parny\/international\/mobilite-des-personnels\/","title":{"rendered":"Mobilit\u00e9 des personnels"},"content":{"rendered":"<p><img loading=\"lazy\" decoding=\"async\" class=\"size-medium wp-image-6247\" src=\"https:\/\/etab.ac-reunion.fr\/lyc-evariste-de-parny\/wp-content\/uploads\/sites\/14\/2022\/02\/EU-flag-Erasmus_vect_POS-300x86.jpg\" alt=\"logo erasmus +\" width=\"300\" height=\"86\" srcset=\"https:\/\/etab.ac-reunion.fr\/lyc-evariste-de-parny\/wp-content\/uploads\/sites\/14\/2022\/02\/EU-flag-Erasmus_vect_POS-300x86.jpg 300w, https:\/\/etab.ac-reunion.fr\/lyc-evariste-de-parny\/wp-content\/uploads\/sites\/14\/2022\/02\/EU-flag-Erasmus_vect_POS-590x169.jpg 590w, https:\/\/etab.ac-reunion.fr\/lyc-evariste-de-parny\/wp-content\/uploads\/sites\/14\/2022\/02\/EU-flag-Erasmus_vect_POS-768x219.jpg 768w, https:\/\/etab.ac-reunion.fr\/lyc-evariste-de-parny\/wp-content\/uploads\/sites\/14\/2022\/02\/EU-flag-Erasmus_vect_POS-1024x292.jpg 1024w, https:\/\/etab.ac-reunion.fr\/lyc-evariste-de-parny\/wp-content\/uploads\/sites\/14\/2022\/02\/EU-flag-Erasmus_vect_POS-1536x439.jpg 1536w, https:\/\/etab.ac-reunion.fr\/lyc-evariste-de-parny\/wp-content\/uploads\/sites\/14\/2022\/02\/EU-flag-Erasmus_vect_POS.jpg 1964w\" sizes=\"auto, (max-width: 300px) 100vw, 300px\" \/><\/p>\n<p>Le lyc\u00e9e \u00c9variste de Parny est un \u00e9tablissement dynamique qui propose \u00e0 ses personnels de participer \u00e0 des mobilit\u00e9s de formation.<\/p>\n<p>Voici l&rsquo;historique des mobilit\u00e9s r\u00e9alis\u00e9es dans le cadre du programme\u00a0Comenius et aujourd&rsquo;hui Erasmus+.<\/p>\n<p>2017-2018 : mobilit\u00e9 de formation de 2 personnels en Islande Erasmus + Enseignement Sup\u00e9rieur<\/p>\n<p><a href=\"https:\/\/etab.ac-reunion.fr\/lyc-evariste-de-parny\/international\/2016-2017\/\">2016-2017<\/a> : mobilit\u00e9 de 4 personnels chez notre partenaire le \u00ab\u00a0Bournemouth and Poole College\u00a0\u00bb au Royaume Uni :<\/p>\n<p>Nous avons effectu\u00e9 en octobre 2016 une mobilit\u00e9 vers le Royaume-Uni dans le cadre de notre partenariat avec le Bournemouth and Poole College (BPC).<\/p>\n<p>Trois personnels de l\u2019\u00e9tablissement sont ainsi partis du 6 au 20 octobre afin de rencontrer nos partenaires et d\u00e9couvrir les rouages du syst\u00e8me \u00e9ducatif anglais. L\u2019objectif \u00e9tait aussi de trouver des lieux de stage aux \u00e9tudiants de Tourisme qui vont effectuer leur stage de mai \u00e0 juillet 2017.<\/p>\n<p>Une diss\u00e9mination a eu lieu au lyc\u00e9e le 16 d\u00e9cembre et a r\u00e9uni les personnels et \u00e9tudiants int\u00e9ress\u00e9s par ce type de mobilit\u00e9. Nous avons \u00e9galement accueilli Mme Le-Tiec et Mme Lebeau, toutes deux ERAEI dans des lyc\u00e9es voisins.<\/p>\n<p>Vous pouvez consulter le document qui a servi \u00e0 animer le retour d\u2019exp\u00e9rience des trois coll\u00e8gues\u00a0<a href=\"http:\/\/prezi.com\/lyefhclqyz0k\/?utm_campaign=share&amp;utm_medium=copy\">en cliquant ici.<\/a><\/p>\n<p><a href=\"https:\/\/etab.ac-reunion.fr\/lyc-evariste-de-parny\/international\/2014-2015\/\">2014-2015<\/a>\u00a0: mobilit\u00e9 de 9 personnels au Portugal et en Ecosse.<\/p>\n<p><a href=\"https:\/\/etab.ac-reunion.fr\/lyc-evariste-de-parny\/international\/2013-2014\/\">2013-2014<\/a>\u00a0: stage Comenius en Finlande.<\/p>\n<p>&nbsp;<\/p>\n<p>&nbsp;<\/p>\n<p>&nbsp;<\/p>\n","protected":false},"excerpt":{"rendered":"<p>Le lyc\u00e9e \u00c9variste de Parny est un \u00e9tablissement dynamique qui propose \u00e0 ses personnels de participer \u00e0 des mobilit\u00e9s de formation. Voici l&rsquo;historique des mobilit\u00e9s r\u00e9alis\u00e9es dans le cadre du programme\u00a0Comenius et aujourd&rsquo;hui Erasmus+. 2017-2018 : mobilit\u00e9 de formation de 2 personnels en Islande Erasmus + Enseignement Sup\u00e9rieur 2016-2017 : &hellip;<\/p>\n","protected":false},"author":3831,"featured_media":0,"parent":3014,"menu_order":0,"comment_status":"closed","ping_status":"closed","template":"","meta":{"footnotes":""},"class_list":["post-4379","page","type-page","status-publish","hentry"],"_links":{"self":[{"href":"https:\/\/etab.ac-reunion.fr\/lyc-evariste-de-parny\/wp-json\/wp\/v2\/pages\/4379","targetHints":{"allow":["GET"]}}],"collection":[{"href":"https:\/\/etab.ac-reunion.fr\/lyc-evariste-de-parny\/wp-json\/wp\/v2\/pages"}],"about":[{"href":"https:\/\/etab.ac-reunion.fr\/lyc-evariste-de-parny\/wp-json\/wp\/v2\/types\/page"}],"author":[{"embeddable":true,"href":"https:\/\/etab.ac-reunion.fr\/lyc-evariste-de-parny\/wp-json\/wp\/v2\/users\/3831"}],"replies":[{"embeddable":true,"href":"https:\/\/etab.ac-reunion.fr\/lyc-evariste-de-parny\/wp-json\/wp\/v2\/comments?post=4379"}],"version-history":[{"count":13,"href":"https:\/\/etab.ac-reunion.fr\/lyc-evariste-de-parny\/wp-json\/wp\/v2\/pages\/4379\/revisions"}],"predecessor-version":[{"id":6608,"href":"https:\/\/etab.ac-reunion.fr\/lyc-evariste-de-parny\/wp-json\/wp\/v2\/pages\/4379\/revisions\/6608"}],"up":[{"embeddable":true,"href":"https:\/\/etab.ac-reunion.fr\/lyc-evariste-de-parny\/wp-json\/wp\/v2\/pages\/3014"}],"wp:attachment":[{"href":"https:\/\/etab.ac-reunion.fr\/lyc-evariste-de-parny\/wp-json\/wp\/v2\/media?parent=4379"}],"curies":[{"name":"wp","href":"https:\/\/api.w.org\/{rel}","templated":true}]}}