{"id":4411,"date":"2017-06-02T10:55:22","date_gmt":"2017-06-02T10:55:22","guid":{"rendered":"http:\/\/lycee-eparny.ac-reunion.fr\/?page_id=4411"},"modified":"2025-03-12T14:36:10","modified_gmt":"2025-03-12T10:36:10","slug":"le-comite-de-pilotage","status":"publish","type":"page","link":"https:\/\/etab.ac-reunion.fr\/lyc-evariste-de-parny\/international\/organiser-une-mobilite\/le-comite-de-pilotage\/","title":{"rendered":"Le comit\u00e9 de pilotage"},"content":{"rendered":"<p><span style=\"text-decoration: underline\">COMPOSITION<\/span><\/p>\n<p>Mme CAMALON, proviseure, pilote tous les projets. Tous les personnels agissent sous son autorit\u00e9.<br \/>\nMme Fr\u00e9d\u00e9rique BONNE, Enseignante r\u00e9f\u00e9rente \u00e0 l\u2019ouverture \u00e0 l\u2019internationale (ERAEI)<br \/>\nMme QUIHILLALT et M. SAUNIE, Enseignante r\u00e9f\u00e9rente \u00e0 l\u2019ouverture \u00e0 l\u2019internationale dans le Sup\u00e9rieur<\/p>\n<ul>\n<li>R\u00e9daction des demandes d\u2019accr\u00e9ditation et des rapports finaux.<\/li>\n<li>Suivi de la mise en \u0153uvre des objectifs d\u00e9finis.<\/li>\n<li>Communication avec la DAREIC et l\u2019agence nationale.<\/li>\n<li>Communication et information des personnels du lyc\u00e9e.<\/li>\n<li>Diffusion d\u2019informations, guidage, \u00e9laboration des<br \/>\nfiches de candidatures, des sondages pr\u00e9 et post mobilit\u00e9s, r\u00e9unions d\u2019informations sur les<br \/>\nprojets.<\/li>\n<li>Animation du groupe de ressources eTwinning \u00ab lyc\u00e9e Evariste de PARNY suivi des projets \u00bb.<\/li>\n<li>Formations internes sur eTwinning et valorisation des actions dans le champ de l\u2019ouverture \u00e0 l\u2019international (certifications, labellisations, cr\u00e9ations d\u2019espace num\u00e9riques\u2026)<\/li>\n<\/ul>\n<p><span style=\"text-decoration: underline\">Responsable des affaires financi\u00e8res :<\/span><br \/>\nM\u00e9lanie GAUJON Agent comptable, responsable de la conformit\u00e9 des r\u00e8gles<br \/>\nfinanci\u00e8res. Elle conserve les documents de r\u00e9f\u00e9rence. En cas d\u2019audit elle fournit les<br \/>\npi\u00e8ces demand\u00e9es.<\/p>\n<p><span style=\"text-decoration: underline\">Secr\u00e9tariat d\u00e9di\u00e9 aux \u00e9changes ERASMUS+ :<\/span><br \/>\nMme Fran\u00e7oise ROUANIA (Charg\u00e9e de la partie financi\u00e8re des dossiers en v\u00e9rifiant les<br \/>\npi\u00e8ces justificatives pour la mise en paiement par l\u2019agent comptable, la partie<br \/>\nadministrative et p\u00e9dagogique rel\u00e8ve du secr\u00e9tariat de la proviseure)<\/p>\n<p><span style=\"text-decoration: underline\">Animateurs ERASMUS+<\/span><br \/>\nCharg\u00e9s sous la responsabilit\u00e9 de la pr\u00e9sidente du volet p\u00e9dagogique et de la valorisation.<br \/>\nR\u00e9daction des demandes d\u2019accr\u00e9ditation, r\u00e9daction des contrats de mobilit\u00e9, r\u00e9daction des<br \/>\ncandidatures Euroscol, r\u00e9alise les premi\u00e8res v\u00e9rifications de la conformit\u00e9 des candidatures<br \/>\net proc\u00e9dures avec les standards de qualit\u00e9 Erasmus.<\/p>\n<p>Mme Fr\u00e9d\u00e9rique BONNE, professeur d\u2019allemand et ERAEI<\/p>\n<p>Mme Maddy QUIHILLALT, Tourisme et M. Nicolas SAUNIE, allemand<\/p>\n<p>&nbsp;<\/p>\n","protected":false},"excerpt":{"rendered":"<p>COMPOSITION Mme CAMALON, proviseure, pilote tous les projets. Tous les personnels agissent sous son autorit\u00e9. Mme Fr\u00e9d\u00e9rique BONNE, Enseignante r\u00e9f\u00e9rente \u00e0 l\u2019ouverture \u00e0 l\u2019internationale (ERAEI) Mme QUIHILLALT et M. SAUNIE, Enseignante r\u00e9f\u00e9rente \u00e0 l\u2019ouverture \u00e0 l\u2019internationale dans le Sup\u00e9rieur R\u00e9daction des demandes d\u2019accr\u00e9ditation et des rapports finaux. Suivi de la &hellip;<\/p>\n","protected":false},"author":3831,"featured_media":0,"parent":4258,"menu_order":0,"comment_status":"closed","ping_status":"closed","template":"","meta":{"footnotes":""},"class_list":["post-4411","page","type-page","status-publish","hentry"],"_links":{"self":[{"href":"https:\/\/etab.ac-reunion.fr\/lyc-evariste-de-parny\/wp-json\/wp\/v2\/pages\/4411","targetHints":{"allow":["GET"]}}],"collection":[{"href":"https:\/\/etab.ac-reunion.fr\/lyc-evariste-de-parny\/wp-json\/wp\/v2\/pages"}],"about":[{"href":"https:\/\/etab.ac-reunion.fr\/lyc-evariste-de-parny\/wp-json\/wp\/v2\/types\/page"}],"author":[{"embeddable":true,"href":"https:\/\/etab.ac-reunion.fr\/lyc-evariste-de-parny\/wp-json\/wp\/v2\/users\/3831"}],"replies":[{"embeddable":true,"href":"https:\/\/etab.ac-reunion.fr\/lyc-evariste-de-parny\/wp-json\/wp\/v2\/comments?post=4411"}],"version-history":[{"count":7,"href":"https:\/\/etab.ac-reunion.fr\/lyc-evariste-de-parny\/wp-json\/wp\/v2\/pages\/4411\/revisions"}],"predecessor-version":[{"id":8003,"href":"https:\/\/etab.ac-reunion.fr\/lyc-evariste-de-parny\/wp-json\/wp\/v2\/pages\/4411\/revisions\/8003"}],"up":[{"embeddable":true,"href":"https:\/\/etab.ac-reunion.fr\/lyc-evariste-de-parny\/wp-json\/wp\/v2\/pages\/4258"}],"wp:attachment":[{"href":"https:\/\/etab.ac-reunion.fr\/lyc-evariste-de-parny\/wp-json\/wp\/v2\/media?parent=4411"}],"curies":[{"name":"wp","href":"https:\/\/api.w.org\/{rel}","templated":true}]}}