{"id":4635,"date":"2017-10-07T09:27:53","date_gmt":"2017-10-07T09:27:53","guid":{"rendered":"http:\/\/lycee-eparny.ac-reunion.fr\/?page_id=4635"},"modified":"2024-06-18T17:24:49","modified_gmt":"2024-06-18T13:24:49","slug":"promotion-et-dissemination","status":"publish","type":"page","link":"https:\/\/etab.ac-reunion.fr\/lyc-evariste-de-parny\/promotion-et-dissemination\/","title":{"rendered":"Promotion et diss\u00e9mination"},"content":{"rendered":"<p>Notre strat\u00e9gie Erasmus s&rsquo;appuie sur divers actions de promotion et de diss\u00e9mination. Parfois dans notre \u00e9tablissement, parfois hors de ses murs, ces moments de communication et d&rsquo;\u00e9change permettent de <strong>mieux faire connaitre ce programme d&rsquo;\u00e9change destin\u00e9 \u00e0 tous les acteurs de notre communaut\u00e9 \u00e9ducative.<\/strong><\/p>\n<p><img loading=\"lazy\" decoding=\"async\" class=\"aligncenter  wp-image-7525\" src=\"https:\/\/etab.ac-reunion.fr\/lyc-evariste-de-parny\/wp-content\/uploads\/sites\/14\/2024\/06\/Light-Grey-Vision-Board-Photo-Collage-300x240.png\" alt=\"\" width=\"574\" height=\"459\" srcset=\"https:\/\/etab.ac-reunion.fr\/lyc-evariste-de-parny\/wp-content\/uploads\/sites\/14\/2024\/06\/Light-Grey-Vision-Board-Photo-Collage-300x240.png 300w, https:\/\/etab.ac-reunion.fr\/lyc-evariste-de-parny\/wp-content\/uploads\/sites\/14\/2024\/06\/Light-Grey-Vision-Board-Photo-Collage-768x614.png 768w, https:\/\/etab.ac-reunion.fr\/lyc-evariste-de-parny\/wp-content\/uploads\/sites\/14\/2024\/06\/Light-Grey-Vision-Board-Photo-Collage-1024x819.png 1024w, https:\/\/etab.ac-reunion.fr\/lyc-evariste-de-parny\/wp-content\/uploads\/sites\/14\/2024\/06\/Light-Grey-Vision-Board-Photo-Collage-1536x1229.png 1536w, https:\/\/etab.ac-reunion.fr\/lyc-evariste-de-parny\/wp-content\/uploads\/sites\/14\/2024\/06\/Light-Grey-Vision-Board-Photo-Collage-250x200.png 250w, https:\/\/etab.ac-reunion.fr\/lyc-evariste-de-parny\/wp-content\/uploads\/sites\/14\/2024\/06\/Light-Grey-Vision-Board-Photo-Collage.png 2000w\" sizes=\"auto, (max-width: 574px) 100vw, 574px\" \/><\/p>\n<p>En voici quelques exemples :<\/p>\n<p>Les <strong>28 et 29 novembre 2023<\/strong> s&rsquo;est d\u00e9roul\u00e9 le s\u00e9minaire de rentr\u00e9e des \u00e9tudiants de BTS Tourisme du lyc\u00e9e Evariste de Parny. Cette ann\u00e9e <strong>le s\u00e9minaire \u00e9tait sur le th\u00e8me de l&rsquo;Europe.<\/strong> Une journ\u00e9e d\u00e9di\u00e9e a permis aux personnels et aux \u00e9tudiants partis de pr\u00e9senter leurs exp\u00e9riences de mobilit\u00e9s. Les \u00e9tudiants ont aussi animer des stands pour pr\u00e9senter \u00e0 leurs pairs leur entreprise de mobilit\u00e9 et leur exp\u00e9rience. Retrouvez le diaporama de pr\u00e9sentation de ces mobilit\u00e9s sur<a href=\"https:\/\/www.canva.com\/design\/DAFsiD_jXjs\/0fGFx2Em7_ID2eYPIj5NSA\/view?utm_content=DAFsiD_jXjs&amp;utm_campaign=designshare&amp;utm_medium=link&amp;utm_source=publishsharelink\"> le lien suivant.r<\/a><\/p>\n<div id='gallery-1' class='gallery galleryid-4635 gallery-columns-3 gallery-size-large'><figure class='gallery-item'>\n\t\t\t<div class='gallery-icon portrait'>\n\t\t\t\t<a href='https:\/\/etab.ac-reunion.fr\/lyc-evariste-de-parny\/promotion-et-dissemination\/20230929_104750\/'><img loading=\"lazy\" decoding=\"async\" width=\"768\" height=\"1024\" src=\"https:\/\/etab.ac-reunion.fr\/lyc-evariste-de-parny\/wp-content\/uploads\/sites\/14\/2023\/11\/20230929_104750-768x1024.jpg\" class=\"attachment-large size-large\" alt=\"\" srcset=\"https:\/\/etab.ac-reunion.fr\/lyc-evariste-de-parny\/wp-content\/uploads\/sites\/14\/2023\/11\/20230929_104750-768x1024.jpg 768w, https:\/\/etab.ac-reunion.fr\/lyc-evariste-de-parny\/wp-content\/uploads\/sites\/14\/2023\/11\/20230929_104750-225x300.jpg 225w, https:\/\/etab.ac-reunion.fr\/lyc-evariste-de-parny\/wp-content\/uploads\/sites\/14\/2023\/11\/20230929_104750-1152x1536.jpg 1152w, https:\/\/etab.ac-reunion.fr\/lyc-evariste-de-parny\/wp-content\/uploads\/sites\/14\/2023\/11\/20230929_104750-1536x2048.jpg 1536w, https:\/\/etab.ac-reunion.fr\/lyc-evariste-de-parny\/wp-content\/uploads\/sites\/14\/2023\/11\/20230929_104750-150x200.jpg 150w, https:\/\/etab.ac-reunion.fr\/lyc-evariste-de-parny\/wp-content\/uploads\/sites\/14\/2023\/11\/20230929_104750-scaled.jpg 1920w\" sizes=\"auto, (max-width: 768px) 100vw, 768px\" \/><\/a>\n\t\t\t<\/div><\/figure><figure class='gallery-item'>\n\t\t\t<div class='gallery-icon portrait'>\n\t\t\t\t<a href='https:\/\/etab.ac-reunion.fr\/lyc-evariste-de-parny\/promotion-et-dissemination\/20230929_104727\/'><img loading=\"lazy\" decoding=\"async\" width=\"768\" height=\"1024\" src=\"https:\/\/etab.ac-reunion.fr\/lyc-evariste-de-parny\/wp-content\/uploads\/sites\/14\/2023\/11\/20230929_104727-768x1024.jpg\" class=\"attachment-large size-large\" alt=\"stand stage en Autriche\" srcset=\"https:\/\/etab.ac-reunion.fr\/lyc-evariste-de-parny\/wp-content\/uploads\/sites\/14\/2023\/11\/20230929_104727-768x1024.jpg 768w, https:\/\/etab.ac-reunion.fr\/lyc-evariste-de-parny\/wp-content\/uploads\/sites\/14\/2023\/11\/20230929_104727-225x300.jpg 225w, https:\/\/etab.ac-reunion.fr\/lyc-evariste-de-parny\/wp-content\/uploads\/sites\/14\/2023\/11\/20230929_104727-1152x1536.jpg 1152w, https:\/\/etab.ac-reunion.fr\/lyc-evariste-de-parny\/wp-content\/uploads\/sites\/14\/2023\/11\/20230929_104727-1536x2048.jpg 1536w, https:\/\/etab.ac-reunion.fr\/lyc-evariste-de-parny\/wp-content\/uploads\/sites\/14\/2023\/11\/20230929_104727-150x200.jpg 150w, https:\/\/etab.ac-reunion.fr\/lyc-evariste-de-parny\/wp-content\/uploads\/sites\/14\/2023\/11\/20230929_104727-scaled.jpg 1920w\" sizes=\"auto, (max-width: 768px) 100vw, 768px\" \/><\/a>\n\t\t\t<\/div><\/figure><figure class='gallery-item'>\n\t\t\t<div class='gallery-icon portrait'>\n\t\t\t\t<a href='https:\/\/etab.ac-reunion.fr\/lyc-evariste-de-parny\/promotion-et-dissemination\/20230929_104950\/'><img loading=\"lazy\" decoding=\"async\" width=\"768\" height=\"1024\" src=\"https:\/\/etab.ac-reunion.fr\/lyc-evariste-de-parny\/wp-content\/uploads\/sites\/14\/2023\/11\/20230929_104950-768x1024.jpg\" class=\"attachment-large size-large\" alt=\"\" srcset=\"https:\/\/etab.ac-reunion.fr\/lyc-evariste-de-parny\/wp-content\/uploads\/sites\/14\/2023\/11\/20230929_104950-768x1024.jpg 768w, https:\/\/etab.ac-reunion.fr\/lyc-evariste-de-parny\/wp-content\/uploads\/sites\/14\/2023\/11\/20230929_104950-225x300.jpg 225w, https:\/\/etab.ac-reunion.fr\/lyc-evariste-de-parny\/wp-content\/uploads\/sites\/14\/2023\/11\/20230929_104950-1152x1536.jpg 1152w, https:\/\/etab.ac-reunion.fr\/lyc-evariste-de-parny\/wp-content\/uploads\/sites\/14\/2023\/11\/20230929_104950-1536x2048.jpg 1536w, https:\/\/etab.ac-reunion.fr\/lyc-evariste-de-parny\/wp-content\/uploads\/sites\/14\/2023\/11\/20230929_104950-150x200.jpg 150w, https:\/\/etab.ac-reunion.fr\/lyc-evariste-de-parny\/wp-content\/uploads\/sites\/14\/2023\/11\/20230929_104950-scaled.jpg 1920w\" sizes=\"auto, (max-width: 768px) 100vw, 768px\" \/><\/a>\n\t\t\t<\/div><\/figure>\n\t\t<\/div>\n\n<p>Le <strong>15 septembre 2022<\/strong>, lors du s\u00e9minaire de rentr\u00e9e des \u00e9tudiants du Lyc\u00e9e Evariste de Parny les \u00e9tudiants et enseignants partis en mobilit\u00e9s ont pr\u00e9sent\u00e9s leur exp\u00e9riences. Nous avons aussi accueillis 3 \u00e9tudiants n\u00e9erlandais du Koning Willem Coll\u00e8ge en stage dans un \u00e9tablissement h\u00f4telier de notre \u00eele. Cette mobilit\u00e9 d&rsquo;\u00e9tudiants n\u00e9erlandais fait suite \u00e0 la mobilit\u00e9 de deux personnels de notre lyc\u00e9e.<\/p>\n<p><img loading=\"lazy\" decoding=\"async\" class=\"aligncenter wp-image-7165 size-large\" src=\"https:\/\/etab.ac-reunion.fr\/lyc-evariste-de-parny\/wp-content\/uploads\/sites\/14\/2023\/11\/20220915_134656-scaled-e1700648775577-1024x479.jpg\" alt=\"\" width=\"993\" height=\"464\" \/><\/p>\n<p><a href=\"https:\/\/etab.ac-reunion.fr\/lyc-evariste-de-parny\/petit-dejeuner-aux-couleurs-de-leurope\/\">Petit d\u00e9jeuner aux couleurs de l&rsquo;Europe et retour d&rsquo;exp\u00e9rience des mobilit\u00e9s de l&rsquo;appel 2019-2020.<\/a><\/p>\n<p><a href=\"https:\/\/etab.ac-reunion.fr\/lyc-evariste-de-parny\/cap-sur-leurope-avec-le-bts-tourisme\/\">26 Septembre 2019 : retour d&rsquo;exp\u00e9rience des mobilit\u00e9s de l&rsquo;ann\u00e9e 2018 &#8211; 2019<\/a><\/p>\n<p><a href=\"https:\/\/etab.ac-reunion.fr\/lyc-evariste-de-parny\/partage-dexperience-autour-de-la-mobilite-de-stage-des-9-etudiants-en-bts-tourisme\/\">05 octobre 2017 : S\u00e9minaire des BTS Tourisme pour l&rsquo;ann\u00e9e scolaire 2017 &#8211; 2018<\/a><\/p>\n<p><a href=\"https:\/\/etab.ac-reunion.fr\/lyc-evariste-de-parny\/international\/2016-2017\/\">Retour d&rsquo;exp\u00e9rience mobilit\u00e9s enseignantes et \u00e9tudiantes ann\u00e9e 2016 &#8211; 2017<\/a><\/p>\n","protected":false},"excerpt":{"rendered":"<p>Notre strat\u00e9gie Erasmus s&rsquo;appuie sur divers actions de promotion et de diss\u00e9mination. Parfois dans notre \u00e9tablissement, parfois hors de ses murs, ces moments de communication et d&rsquo;\u00e9change permettent de mieux faire connaitre ce programme d&rsquo;\u00e9change destin\u00e9 \u00e0 tous les acteurs de notre communaut\u00e9 \u00e9ducative. En voici quelques exemples : Les &hellip;<\/p>\n","protected":false},"author":3831,"featured_media":0,"parent":0,"menu_order":0,"comment_status":"closed","ping_status":"closed","template":"","meta":{"footnotes":""},"class_list":["post-4635","page","type-page","status-publish","hentry"],"_links":{"self":[{"href":"https:\/\/etab.ac-reunion.fr\/lyc-evariste-de-parny\/wp-json\/wp\/v2\/pages\/4635","targetHints":{"allow":["GET"]}}],"collection":[{"href":"https:\/\/etab.ac-reunion.fr\/lyc-evariste-de-parny\/wp-json\/wp\/v2\/pages"}],"about":[{"href":"https:\/\/etab.ac-reunion.fr\/lyc-evariste-de-parny\/wp-json\/wp\/v2\/types\/page"}],"author":[{"embeddable":true,"href":"https:\/\/etab.ac-reunion.fr\/lyc-evariste-de-parny\/wp-json\/wp\/v2\/users\/3831"}],"replies":[{"embeddable":true,"href":"https:\/\/etab.ac-reunion.fr\/lyc-evariste-de-parny\/wp-json\/wp\/v2\/comments?post=4635"}],"version-history":[{"count":18,"href":"https:\/\/etab.ac-reunion.fr\/lyc-evariste-de-parny\/wp-json\/wp\/v2\/pages\/4635\/revisions"}],"predecessor-version":[{"id":7526,"href":"https:\/\/etab.ac-reunion.fr\/lyc-evariste-de-parny\/wp-json\/wp\/v2\/pages\/4635\/revisions\/7526"}],"wp:attachment":[{"href":"https:\/\/etab.ac-reunion.fr\/lyc-evariste-de-parny\/wp-json\/wp\/v2\/media?parent=4635"}],"curies":[{"name":"wp","href":"https:\/\/api.w.org\/{rel}","templated":true}]}}