{"id":5108,"date":"2018-11-16T11:22:24","date_gmt":"2018-11-16T11:22:24","guid":{"rendered":"http:\/\/lycee-eparny.ac-reunion.fr\/?page_id=5108"},"modified":"2018-11-16T12:07:19","modified_gmt":"2018-11-16T12:07:19","slug":"etwinning","status":"publish","type":"page","link":"https:\/\/etab.ac-reunion.fr\/lyc-evariste-de-parny\/international\/etwinning\/","title":{"rendered":"eTwinning"},"content":{"rendered":"<p><img loading=\"lazy\" decoding=\"async\" class=\"wp-image-5113 aligncenter\" src=\"https:\/\/etab.ac-reunion.fr\/lyc-evariste-de-parny\/wp-content\/uploads\/sites\/14\/2018\/11\/Logo_eTwinning-300x214.jpg\" alt=\"\" width=\"136\" height=\"97\" srcset=\"https:\/\/etab.ac-reunion.fr\/lyc-evariste-de-parny\/wp-content\/uploads\/sites\/14\/2018\/11\/Logo_eTwinning-300x214.jpg 300w, https:\/\/etab.ac-reunion.fr\/lyc-evariste-de-parny\/wp-content\/uploads\/sites\/14\/2018\/11\/Logo_eTwinning-280x200.jpg 280w, https:\/\/etab.ac-reunion.fr\/lyc-evariste-de-parny\/wp-content\/uploads\/sites\/14\/2018\/11\/Logo_eTwinning-768x548.jpg 768w, https:\/\/etab.ac-reunion.fr\/lyc-evariste-de-parny\/wp-content\/uploads\/sites\/14\/2018\/11\/Logo_eTwinning.jpg 811w\" sizes=\"auto, (max-width: 136px) 100vw, 136px\" \/><\/p>\n<p>Notre lyc\u00e9e compte plusieurs projets <strong>eTwinning<\/strong> actifs.<\/p>\n<p>Mais qu&rsquo;est-ce qu&rsquo;un projet <strong>eTwinning<\/strong>? C&rsquo;est un projet auquel participent des classes de pays europ\u00e9ens diff\u00e9rents autour d&rsquo;une th\u00e9matique commune.<\/p>\n<p>Voici nos projets actifs:<\/p>\n<p><a href=\"https:\/\/live.etwinning.net\/projects\/project\/179200\">HIKE<\/a><\/p>\n<p><a href=\"https:\/\/live.etwinning.net\/projects\/project\/174842\">Let&rsquo;s create the biggest reading club in Europe<\/a><\/p>\n<p><a href=\"https:\/\/live.etwinning.net\/projects\/project\/174536\">Write your own masterpiece! A mini saga high school writing contest<\/a><\/p>\n<p><a href=\"https:\/\/live.etwinning.net\/projects\/project\/173113\">Young and Travelling Europe<\/a><\/p>\n<p><a href=\"https:\/\/live.etwinning.net\/projects\/project\/174496\">Creativity in teaching English\u00a0<\/a><\/p>\n<p><a href=\"https:\/\/live.etwinning.net\/projects\/project\/173878\">C for children and R for rights<\/a><\/p>\n<p>Par le pass\u00e9, nous avons obtenu plusieurs labels de qualit\u00e9 pour les projets suivants :\u00a0<img loading=\"lazy\" decoding=\"async\" class=\"alignnone size-full wp-image-5115\" src=\"https:\/\/etab.ac-reunion.fr\/lyc-evariste-de-parny\/wp-content\/uploads\/sites\/14\/2018\/11\/badge-awarded.png\" alt=\"\" width=\"75\" height=\"75\" \/><\/p>\n<p><a href=\"https:\/\/live.etwinning.net\/projects\/project\/149745\">eTeens<\/a><\/p>\n<p><a href=\"https:\/\/live.etwinning.net\/projects\/project\/100638\">Our common magazine<\/a><\/p>\n","protected":false},"excerpt":{"rendered":"<p>Notre lyc\u00e9e compte plusieurs projets eTwinning actifs. Mais qu&rsquo;est-ce qu&rsquo;un projet eTwinning? C&rsquo;est un projet auquel participent des classes de pays europ\u00e9ens diff\u00e9rents autour d&rsquo;une th\u00e9matique commune. Voici nos projets actifs: HIKE Let&rsquo;s create the biggest reading club in Europe Write your own masterpiece! A mini saga high school writing &hellip;<\/p>\n","protected":false},"author":3831,"featured_media":0,"parent":3014,"menu_order":0,"comment_status":"closed","ping_status":"closed","template":"","meta":{"footnotes":""},"class_list":["post-5108","page","type-page","status-publish","hentry"],"_links":{"self":[{"href":"https:\/\/etab.ac-reunion.fr\/lyc-evariste-de-parny\/wp-json\/wp\/v2\/pages\/5108","targetHints":{"allow":["GET"]}}],"collection":[{"href":"https:\/\/etab.ac-reunion.fr\/lyc-evariste-de-parny\/wp-json\/wp\/v2\/pages"}],"about":[{"href":"https:\/\/etab.ac-reunion.fr\/lyc-evariste-de-parny\/wp-json\/wp\/v2\/types\/page"}],"author":[{"embeddable":true,"href":"https:\/\/etab.ac-reunion.fr\/lyc-evariste-de-parny\/wp-json\/wp\/v2\/users\/3831"}],"replies":[{"embeddable":true,"href":"https:\/\/etab.ac-reunion.fr\/lyc-evariste-de-parny\/wp-json\/wp\/v2\/comments?post=5108"}],"version-history":[{"count":6,"href":"https:\/\/etab.ac-reunion.fr\/lyc-evariste-de-parny\/wp-json\/wp\/v2\/pages\/5108\/revisions"}],"predecessor-version":[{"id":5119,"href":"https:\/\/etab.ac-reunion.fr\/lyc-evariste-de-parny\/wp-json\/wp\/v2\/pages\/5108\/revisions\/5119"}],"up":[{"embeddable":true,"href":"https:\/\/etab.ac-reunion.fr\/lyc-evariste-de-parny\/wp-json\/wp\/v2\/pages\/3014"}],"wp:attachment":[{"href":"https:\/\/etab.ac-reunion.fr\/lyc-evariste-de-parny\/wp-json\/wp\/v2\/media?parent=5108"}],"curies":[{"name":"wp","href":"https:\/\/api.w.org\/{rel}","templated":true}]}}