{"id":5134,"date":"2018-12-10T07:03:36","date_gmt":"2018-12-10T07:03:36","guid":{"rendered":"http:\/\/lycee-eparny.ac-reunion.fr\/?page_id=5134"},"modified":"2024-12-06T19:39:38","modified_gmt":"2024-12-06T15:39:38","slug":"taxe-dapprentissage","status":"publish","type":"page","link":"https:\/\/etab.ac-reunion.fr\/lyc-evariste-de-parny\/presentation\/taxe-dapprentissage\/","title":{"rendered":"Taxe d&rsquo;apprentissage"},"content":{"rendered":"<p>Fort de la diversit\u00e9 des formations qu\u2019il propose et de son dynamisme, notre lyc\u00e9e s\u2019attache \u00e0 offrir au plus grand nombre d\u2019\u00e9l\u00e8ves et \u00e9tudiants la possibilit\u00e9 de construire un parcours de formation adapt\u00e9 au potentiel de chacun et en ad\u00e9quation avec les attentes de l\u2019environnement \u00e9conomique et culturel local et national.<\/p>\n<p>La taxe d\u2019apprentissage est une ressource essentielle pour nous permettre d\u2019am\u00e9liorer en permanence le cadre d\u2019\u00e9tude de nos \u00e9l\u00e8ves et \u00e9tudiants.<\/p>\n<p>Elle est utilis\u00e9e :<\/p>\n<ul>\n<li>pour am\u00e9liorer le fonctionnement de nos installations ;<\/li>\n<li>pour l\u2019entretien, la maintenance et le renouvellement des \u00e9quipements ;<\/li>\n<li>pour des actions p\u00e9dagogiques cibl\u00e9es qui contribuent \u00e0 la professionnalisation de nos \u00e9l\u00e8ves et \u00e9tudiants.<\/li>\n<\/ul>\n<p>Le lyc\u00e9e Evariste de Parny est \u00e9ligible \u00e0 la r\u00e9ception de cette taxe au titre des formations, technologiques et de BTS dispens\u00e9es :<\/p>\n<ul>\n<li>6 sections de Techniciens Sup\u00e9rieurs en TOURISME et Management Commercial Op\u00e9rationnel ;<\/li>\n<li>Les fili\u00e8res technologiques STI2D et STMG.<\/li>\n<\/ul>\n<p>La loi a institu\u00e9 une nouvelle architecture de la taxe d\u2019apprentissage , r\u00e9partie en deux fractions, l&rsquo;une de 87% d\u00e9di\u00e9e au financement de l\u2019apprentissage et la seconde, appel\u00e9e \u00ab\u00a0le solde \u00ab\u00a0, de 13%, d\u00e9di\u00e9 au d\u00e9veloppement des formations technologiques et professionnelles initiales, hors apprentissage.<br \/>\n<em><strong>Contribuez \u00e0 la qualit\u00e9 des formations que nous dispensons!<\/strong><\/em><br \/>\nAttribuez votre solde de taxe d\u2019apprentissage au lyc\u00e9e Evariste de Parny via la plateforme <a href=\"https:\/\/www.soltea.education.gouv.fr\/espace-public\/\">SOLTEA<\/a><\/p>\n<p><img loading=\"lazy\" decoding=\"async\" class=\"alignnone wp-image-7805 size-full\" src=\"https:\/\/etab.ac-reunion.fr\/lyc-evariste-de-parny\/wp-content\/uploads\/sites\/14\/2024\/12\/Taxe-app.jpg\" alt=\"\" width=\"952\" height=\"606\" srcset=\"https:\/\/etab.ac-reunion.fr\/lyc-evariste-de-parny\/wp-content\/uploads\/sites\/14\/2024\/12\/Taxe-app.jpg 952w, https:\/\/etab.ac-reunion.fr\/lyc-evariste-de-parny\/wp-content\/uploads\/sites\/14\/2024\/12\/Taxe-app-300x191.jpg 300w, https:\/\/etab.ac-reunion.fr\/lyc-evariste-de-parny\/wp-content\/uploads\/sites\/14\/2024\/12\/Taxe-app-768x489.jpg 768w, https:\/\/etab.ac-reunion.fr\/lyc-evariste-de-parny\/wp-content\/uploads\/sites\/14\/2024\/12\/Taxe-app-314x200.jpg 314w\" sizes=\"auto, (max-width: 952px) 100vw, 952px\" \/><\/p>\n","protected":false},"excerpt":{"rendered":"<p>Fort de la diversit\u00e9 des formations qu\u2019il propose et de son dynamisme, notre lyc\u00e9e s\u2019attache \u00e0 offrir au plus grand nombre d\u2019\u00e9l\u00e8ves et \u00e9tudiants la possibilit\u00e9 de construire un parcours de formation adapt\u00e9 au potentiel de chacun et en ad\u00e9quation avec les attentes de l\u2019environnement \u00e9conomique et culturel local et &hellip;<\/p>\n","protected":false},"author":24,"featured_media":0,"parent":28,"menu_order":0,"comment_status":"closed","ping_status":"closed","template":"","meta":{"footnotes":""},"class_list":["post-5134","page","type-page","status-publish","hentry"],"_links":{"self":[{"href":"https:\/\/etab.ac-reunion.fr\/lyc-evariste-de-parny\/wp-json\/wp\/v2\/pages\/5134","targetHints":{"allow":["GET"]}}],"collection":[{"href":"https:\/\/etab.ac-reunion.fr\/lyc-evariste-de-parny\/wp-json\/wp\/v2\/pages"}],"about":[{"href":"https:\/\/etab.ac-reunion.fr\/lyc-evariste-de-parny\/wp-json\/wp\/v2\/types\/page"}],"author":[{"embeddable":true,"href":"https:\/\/etab.ac-reunion.fr\/lyc-evariste-de-parny\/wp-json\/wp\/v2\/users\/24"}],"replies":[{"embeddable":true,"href":"https:\/\/etab.ac-reunion.fr\/lyc-evariste-de-parny\/wp-json\/wp\/v2\/comments?post=5134"}],"version-history":[{"count":8,"href":"https:\/\/etab.ac-reunion.fr\/lyc-evariste-de-parny\/wp-json\/wp\/v2\/pages\/5134\/revisions"}],"predecessor-version":[{"id":7804,"href":"https:\/\/etab.ac-reunion.fr\/lyc-evariste-de-parny\/wp-json\/wp\/v2\/pages\/5134\/revisions\/7804"}],"up":[{"embeddable":true,"href":"https:\/\/etab.ac-reunion.fr\/lyc-evariste-de-parny\/wp-json\/wp\/v2\/pages\/28"}],"wp:attachment":[{"href":"https:\/\/etab.ac-reunion.fr\/lyc-evariste-de-parny\/wp-json\/wp\/v2\/media?parent=5134"}],"curies":[{"name":"wp","href":"https:\/\/api.w.org\/{rel}","templated":true}]}}