{"id":6648,"date":"2023-07-04T11:18:34","date_gmt":"2023-07-04T07:18:34","guid":{"rendered":"https:\/\/etab.ac-reunion.fr\/lyc-evariste-de-parny\/?page_id=6648"},"modified":"2024-04-25T11:54:30","modified_gmt":"2024-04-25T07:54:30","slug":"premiere-generale","status":"publish","type":"page","link":"https:\/\/etab.ac-reunion.fr\/lyc-evariste-de-parny\/premiere-generale\/","title":{"rendered":"Premi\u00e8re G\u00e9n\u00e9rale"},"content":{"rendered":"<h2 class=\"border-decoration-bottom border-color-brand\" style=\"text-align: center\"><span style=\"color: #339966\">Objectifs de la formation<\/span><\/h2>\n<div class=\"editor\">\n<div class=\"ezrichtext-field\">\n<p class=\"ez-classes-added mb-1w\">La classe de premi\u00e8re g\u00e9n\u00e9rale est organis\u00e9e en enseignements communs, en enseignements de sp\u00e9cialit\u00e9 et en enseignements optionnels de mani\u00e8re \u00e0 pr\u00e9parer progressivement \u00e0 la poursuite d&rsquo;\u00e9tudes.<\/p>\n<ul>\n<li class=\"dot\"><b>Les enseignements communs,<\/b>\u00a0dispens\u00e9s \u00e0 tous les \u00e9l\u00e8ves, sont les suivants (horaires hebdomadaires) : fran\u00e7ais (4 h), histoire-g\u00e9ographie (3 h), langues vivantes A et B (4 h 30 ; la LVB peut \u00eatre \u00e9trang\u00e8re ou r\u00e9gionale), \u00e9ducation physique et sportive (2 h),enseignement scientifique (2 h) pouvant \u00eatre compl\u00e9t\u00e9 par un enseignement de math\u00e9matiques sp\u00e9cifique (1h30) pour les \u00e9l\u00e8ves qui le souhaitent et qui ne suivent pas l\u2019enseignement de sp\u00e9cialit\u00e9 math\u00e9matiques, enseignement moral et civique (18 h annuelles), .<\/li>\n<li class=\"dot\">En plus des enseignements communs, l&rsquo;\u00e9l\u00e8ve doit suivre\u00a0<b>trois enseignements de sp\u00e9cialit\u00e9s <\/b>de 4 heures hebdomadaires choisis parmi la liste suivante :<\/li>\n<\/ul>\n<p>1)<a href=\"https:\/\/portail.eparny.ac-reunion.fr\/nextcloud\/index.php\/s\/sj7MgStX6dktWWc\"> arts plastiques<\/a>,<\/p>\n<p>2) histoire g\u00e9ographie, g\u00e9opolitique et sciences politiques,(HGGSP)<\/p>\n<p>3) humanit\u00e9s, litt\u00e9ratures et philosophie,(HLP)<\/p>\n<p>4) langues, litt\u00e9ratures et cultures \u00e9trang\u00e8res et r\u00e9gionales (langue suivie en LVA ou LVB ou LVC), 7) litt\u00e9ratures et langues et cultures de l&rsquo;Antiquit\u00e9,(LLCE)<\/p>\n<p>5) math\u00e9matiques,<\/p>\n<p>6) num\u00e9riques et sciences informatiques,(NSI)<\/p>\n<p>7) physique-chimie,<\/p>\n<p>8) sciences de la vie et de la Terre,(SVT)<\/p>\n<p>9) sciences \u00e9conomiques et sociales.(SES)<\/p>\n<ul>\n<li class=\"dot\">Les \u00e9l\u00e8ves qui le souhaitent peuvent choisir\u00a0<b>un enseignement optionnel <\/b><b><\/b>de 3 heures hebdomadaires parmi :<\/li>\n<\/ul>\n<ol>\n<li>langue vivante ( Espagnol, Allemand, Anglais)<\/li>\n<li>langue et culture de l&rsquo;Antiquit\u00e9 : latin (peuvent \u00eatre choisis en plus d&rsquo;un autre enseignement optionnel) ;<\/li>\n<\/ol>\n<p>Les \u00e9l\u00e8ves b\u00e9n\u00e9ficient d&rsquo;un accompagnement personnalis\u00e9 (volume horaire d\u00e9termin\u00e9 selon les besoins de l&rsquo;\u00e9l\u00e8ve), dont une aide \u00e0 l&rsquo;orientation. L\u2019accompagnement personnalis\u00e9 est destin\u00e9 \u00e0 soutenir la capacit\u00e9 d&rsquo;apprendre et de progresser des \u00e9l\u00e8ves, \u00e0 am\u00e9liorer leurs comp\u00e9tences et \u00e0 contribuer \u00e0 la construction de leur autonomie intellectuelle.<\/p>\n<\/div>\n<\/div>\n<p>&nbsp;<\/p>\n","protected":false},"excerpt":{"rendered":"<p>Objectifs de la formation La classe de premi\u00e8re g\u00e9n\u00e9rale est organis\u00e9e en enseignements communs, en enseignements de sp\u00e9cialit\u00e9 et en enseignements optionnels de mani\u00e8re \u00e0 pr\u00e9parer progressivement \u00e0 la poursuite d&rsquo;\u00e9tudes. Les enseignements communs,\u00a0dispens\u00e9s \u00e0 tous les \u00e9l\u00e8ves, sont les suivants (horaires hebdomadaires) : fran\u00e7ais (4 h), histoire-g\u00e9ographie (3 h), &hellip;<\/p>\n","protected":false},"author":12975,"featured_media":0,"parent":0,"menu_order":0,"comment_status":"closed","ping_status":"closed","template":"","meta":{"footnotes":""},"class_list":["post-6648","page","type-page","status-publish","hentry"],"_links":{"self":[{"href":"https:\/\/etab.ac-reunion.fr\/lyc-evariste-de-parny\/wp-json\/wp\/v2\/pages\/6648","targetHints":{"allow":["GET"]}}],"collection":[{"href":"https:\/\/etab.ac-reunion.fr\/lyc-evariste-de-parny\/wp-json\/wp\/v2\/pages"}],"about":[{"href":"https:\/\/etab.ac-reunion.fr\/lyc-evariste-de-parny\/wp-json\/wp\/v2\/types\/page"}],"author":[{"embeddable":true,"href":"https:\/\/etab.ac-reunion.fr\/lyc-evariste-de-parny\/wp-json\/wp\/v2\/users\/12975"}],"replies":[{"embeddable":true,"href":"https:\/\/etab.ac-reunion.fr\/lyc-evariste-de-parny\/wp-json\/wp\/v2\/comments?post=6648"}],"version-history":[{"count":7,"href":"https:\/\/etab.ac-reunion.fr\/lyc-evariste-de-parny\/wp-json\/wp\/v2\/pages\/6648\/revisions"}],"predecessor-version":[{"id":7452,"href":"https:\/\/etab.ac-reunion.fr\/lyc-evariste-de-parny\/wp-json\/wp\/v2\/pages\/6648\/revisions\/7452"}],"wp:attachment":[{"href":"https:\/\/etab.ac-reunion.fr\/lyc-evariste-de-parny\/wp-json\/wp\/v2\/media?parent=6648"}],"curies":[{"name":"wp","href":"https:\/\/api.w.org\/{rel}","templated":true}]}}