{"id":6683,"date":"2023-07-04T15:16:15","date_gmt":"2023-07-04T11:16:15","guid":{"rendered":"https:\/\/etab.ac-reunion.fr\/lyc-evariste-de-parny\/?page_id=6683"},"modified":"2023-08-29T19:42:58","modified_gmt":"2023-08-29T15:42:58","slug":"terminal-stmg","status":"publish","type":"page","link":"https:\/\/etab.ac-reunion.fr\/lyc-evariste-de-parny\/terminal-stmg\/","title":{"rendered":"Terminale STMG"},"content":{"rendered":"<div class=\"article-bloc\">\n<div class=\"clearfix text-formatted field field--name-field-organisation-et-contenu-fo field--type-text-long field--label-hidden field__item\">\n<h4><span style=\"text-decoration: underline\"><em><strong>Le bac comprend :\u00a0<\/strong><\/em><\/span><\/h4>\n<ul>\n<li>des \u00e9preuves terminales\u00a0: 60% de la note finale<br \/>\n1 \u00e9preuve de anticip\u00e9e de fran\u00e7ais en 1\u00e8re(\u00e9crit et oral)<br \/>\n4 \u00e9preuves en terminale (2 de sp\u00e9cialit\u00e9s, 1 \u00e9preuve de philosophie, 1 oral final)<\/li>\n<li>contr\u00f4le continu\u00a0: 40% de la note finale<br \/>\n10% pour la prise en compte des bulletins<br \/>\n30% pour les \u00e9preuves communes de contr\u00f4le continu (enseignements non \u00e9valu\u00e9s dans les \u00e9preuves terminales du bac)<\/li>\n<\/ul>\n<h3>Les sp\u00e9cialit\u00e9s<\/h3>\n<div class=\"tabs\">\n<p><button id=\"tabs-tab-751801893\" class=\"tabs-tab active\" role=\"tab\">2 sp\u00e9cialit\u00e9s en terminale<\/button><\/p>\n<div id=\"tabs-panel-751801893\" class=\"tabs-panel active\" role=\"tabpanel\" aria-labelledby=\"tabs-tab-751801893\">\n<ul class=\"rond\">\n<li class=\"dot\"><b>Droit et \u00e9conomie<\/b>.<\/li>\n<li class=\"dot\"><b>Management, sciences de gestion et num\u00e9rique<\/b>. Cet enseignement de sp\u00e9cialit\u00e9 est compos\u00e9 de 4 enseignements sp\u00e9cifiques. L\u2019\u00e9l\u00e8ve en choisit un parmi :\u00a0<a href=\"https:\/\/www.onisep.fr\/ressources\/univers-formation\/Formations\/Lycees\/bac-techno-stmg-sciences-et-technologies-du-management-et-de-la-gestion-enseignement-specifique-gestion-et-finance\">gestion et finances<\/a>\u00a0;\u00a0<a href=\"https:\/\/www.onisep.fr\/ressources\/univers-formation\/Formations\/Lycees\/bac-techno-stmg-sciences-et-technologies-du-management-et-de-la-gestion-enseignement-specifique-marketing\">mercatique (marketing)<\/a>\u00a0;\u00a0<a href=\"https:\/\/www.onisep.fr\/ressources\/univers-formation\/Formations\/Lycees\/bac-techno-stmg-sciences-et-technologies-du-management-et-de-la-gestion-enseignement-specifique-ressources-humaines-et-communication\">ressources humaines et communication<\/a>\u00a0;\u00a0<a href=\"https:\/\/www.onisep.fr\/ressources\/univers-formation\/Formations\/Lycees\/bac-techno-stmg-sciences-et-technologies-du-management-et-de-la-gestion-enseignement-specifique-systemes-d-information-de-gestion\">syst\u00e8mes d\u2019information de gestion<\/a>.<\/li>\n<\/ul>\n<\/div>\n<\/div>\n<\/div>\n<\/div>\n<div class=\"article-bloc\">\n<div class=\"clearfix text-formatted field field--name-field-en-alternance field--type-text-long field--label-hidden field__item\">\n<p><span style=\"color: #333333;font-size: 26px\">D\u00e9bouch\u00e9s du dipl\u00f4me<\/span><\/p>\n<\/div>\n<\/div>\n<div class=\"article-bloc\">\n<div class=\"clearfix text-formatted field field--name-field-debouches-du-diplome field--type-text-long field--label-hidden field__item\">\n<p>Le\u00a0<strong>bac STMG\u00a0<\/strong>n&rsquo;ouvre pas vers la vie active mais \u00e0 une poursuite d&rsquo;\u00e9tudes.<\/p>\n<\/div>\n<\/div>\n<div class=\"article-bloc\">\n<h2>Poursuite d&rsquo;\u00e9tudes<\/h2>\n<div class=\"clearfix text-formatted field field--name-field-poursuite-d-etudes field--type-text-long field--label-hidden field__item\">\n<p>Le\u00a0<strong>bac STMG<\/strong>\u00a0offre un large choix d&rsquo;\u00e9tudes (courtes-longues) :<\/p>\n<ul>\n<li>BTS et DUT : ces \u00e9tudes courtes sont pl\u00e9biscit\u00e9es par 50% des bacheliers STMG. En fonction de la sp\u00e9cialit\u00e9 choisie en terminale, ils s&rsquo;orientent principalement vers les BTS et DUT des fili\u00e8res informatique, banque-assurance, transport, gestion, marketing&#8230;<\/li>\n<li>universit\u00e9 : fili\u00e8res AES, \u00e9conomie et gestion.<\/li>\n<li>les classes pr\u00e9pas :<br \/>\nles CPGE \u00e9conomique et commerciale technologique (ECT) ouvertes aux bacheliers des 4 sp\u00e9cialit\u00e9s permettent d&rsquo;int\u00e9grer les \u00e9coles sup\u00e9rieures de commerce et de management (concours BCE, Ecricome, ENS Paris Saclay)<br \/>\nles classes pr\u00e9parant au DCG (dipl\u00f4me de comptabilit\u00e9 et des gestion) sont \u00a0plut\u00f4t r\u00e9serv\u00e9es aux bacheliers des s\u00e9ries gestion finance et syst\u00e8mes d&rsquo;information de gestion<br \/>\nles pr\u00e9pas \u00e9conomiques ENS Cachan pr\u00e9parent via un double cursus \u00e0 une licence et aux concours de l&rsquo;ENS Cachan, des ESC et des IEP<br \/>\nles pr\u00e9pas D1 et D2 conduisent \u00e0 l&rsquo;ENS Rennes,\u00a0l&rsquo;ENS Paris Saclay, les ecole sde commerce, Ensai, certains IEP et le Celsa<\/li>\n<li>les \u00e9coles sp\u00e9cialis\u00e9es en commerce, gestion, au management, comptabilit\u00e9, param\u00e9dical, social.<\/li>\n<\/ul>\n<\/div>\n<\/div>\n","protected":false},"excerpt":{"rendered":"<p>Le bac comprend :\u00a0 des \u00e9preuves terminales\u00a0: 60% de la note finale 1 \u00e9preuve de anticip\u00e9e de fran\u00e7ais en 1\u00e8re(\u00e9crit et oral) 4 \u00e9preuves en terminale (2 de sp\u00e9cialit\u00e9s, 1 \u00e9preuve de philosophie, 1 oral final) contr\u00f4le continu\u00a0: 40% de la note finale 10% pour la prise en compte des &hellip;<\/p>\n","protected":false},"author":12975,"featured_media":0,"parent":0,"menu_order":0,"comment_status":"closed","ping_status":"closed","template":"","meta":{"footnotes":""},"class_list":["post-6683","page","type-page","status-publish","hentry"],"_links":{"self":[{"href":"https:\/\/etab.ac-reunion.fr\/lyc-evariste-de-parny\/wp-json\/wp\/v2\/pages\/6683","targetHints":{"allow":["GET"]}}],"collection":[{"href":"https:\/\/etab.ac-reunion.fr\/lyc-evariste-de-parny\/wp-json\/wp\/v2\/pages"}],"about":[{"href":"https:\/\/etab.ac-reunion.fr\/lyc-evariste-de-parny\/wp-json\/wp\/v2\/types\/page"}],"author":[{"embeddable":true,"href":"https:\/\/etab.ac-reunion.fr\/lyc-evariste-de-parny\/wp-json\/wp\/v2\/users\/12975"}],"replies":[{"embeddable":true,"href":"https:\/\/etab.ac-reunion.fr\/lyc-evariste-de-parny\/wp-json\/wp\/v2\/comments?post=6683"}],"version-history":[{"count":2,"href":"https:\/\/etab.ac-reunion.fr\/lyc-evariste-de-parny\/wp-json\/wp\/v2\/pages\/6683\/revisions"}],"predecessor-version":[{"id":6776,"href":"https:\/\/etab.ac-reunion.fr\/lyc-evariste-de-parny\/wp-json\/wp\/v2\/pages\/6683\/revisions\/6776"}],"wp:attachment":[{"href":"https:\/\/etab.ac-reunion.fr\/lyc-evariste-de-parny\/wp-json\/wp\/v2\/media?parent=6683"}],"curies":[{"name":"wp","href":"https:\/\/api.w.org\/{rel}","templated":true}]}}