{"id":6773,"date":"2023-08-23T11:12:02","date_gmt":"2023-08-23T07:12:02","guid":{"rendered":"https:\/\/etab.ac-reunion.fr\/lyc-evariste-de-parny\/?page_id=6773"},"modified":"2024-12-19T16:26:15","modified_gmt":"2024-12-19T12:26:15","slug":"service-medico-social","status":"publish","type":"page","link":"https:\/\/etab.ac-reunion.fr\/lyc-evariste-de-parny\/service-medico-social\/","title":{"rendered":"Service m\u00e9dico-social"},"content":{"rendered":"<div><span style=\"font-size: large\"><b><span style=\"color: #ff0000\">SERVICE SANT\u00c9<\/span><\/b><\/span><\/div>\n<p><b><span style=\"color: #0000ff\">Infirmerie<\/span><\/b> : <em>0262 55 46 51<\/em><\/p>\n<div><b>Les infirmi\u00e8res<\/b> :<\/div>\n<ul>\n<li>Mme Marie VERNIS : <b>Lundi<\/b> 7h15-17h15<b> + <\/b><b>Mardi <\/b>et <b>Jeudi<\/b> 8h15-17h15 + <b>Mercredi<\/b> 8h-13h + <b>Vendredi <\/b>8h15-14h45<\/li>\n<li>Mme Rebecca RAMEAUX : <b>Lundi<\/b> et <b>Mardi <\/b>7h-17h10<\/li>\n<\/ul>\n<div><\/div>\n<div>\n<div><span style=\"color: #0000ff\"><b>CMS <\/b><\/span>(centre m\u00e9dico-scolaire) : <em>0262 24 22 80<\/em><\/div>\n<div>19 bis rue des Vanneaux<\/div>\n<div>Lot Carosse 97434 St-Gilles les Bains<\/div>\n<div><b>M\u00e9decin scolaire<\/b> : Dr Florence RISQUO<\/div>\n<\/div>\n<div><\/div>\n<div>\n<hr \/>\n<\/div>\n<div><strong>Quelques conseils !<\/strong><\/div>\n<div><\/div>\n<div><b>COQUELUCHE<\/b> : V\u00e9rifier la <b>vaccination<\/b> de vos enfants.<\/div>\n<div>COVID : rester vigilant<\/div>\n<div><\/div>\n<div>Ne pas oublier<b> les gestes barri\u00e8res<\/b> :<\/div>\n<div>&#8211; Je me <b>lave<\/b> les <b>mains<\/b> <b>r\u00e9guli\u00e8rement.<\/b><\/div>\n<div><b>&#8211; J&rsquo;\u00e9ternue <\/b>ou <b>tousse <\/b>dans mon<b> coude.<\/b><\/div>\n<div><b>&#8211; <\/b>Je ne <b>garde pas <\/b>un<b> mouchoir usag\u00e9.<br \/>\n<\/b><\/div>\n<div><b>&#8211; <\/b>Si je suis <b>malade<\/b> je<b> garde <\/b>mes<b> distances <\/b>\/ je<b> porte <\/b>un<b> masque.<br \/>\n<\/b><\/div>\n<div><\/div>\n<div>DENGUE et CHIKUNGUNYA : garder les bons gestes.<\/div>\n<div>Brochure \u00e0 t\u00e9l\u00e9charger &gt;&gt;&gt; <a href=\"https:\/\/etab.ac-reunion.fr\/lyc-evariste-de-parny\/wp-content\/uploads\/sites\/14\/2024\/12\/CHIKUNGUNYA-DENGUE.pdf\">CHIKUNGUNYA DENGUE<\/a><\/div>\n<div><\/div>\n","protected":false},"excerpt":{"rendered":"<p>SERVICE SANT\u00c9 Infirmerie : 0262 55 46 51 Les infirmi\u00e8res : Mme Marie VERNIS : Lundi 7h15-17h15 + Mardi et Jeudi 8h15-17h15 + Mercredi 8h-13h + Vendredi 8h15-14h45 Mme Rebecca RAMEAUX : Lundi et Mardi 7h-17h10 CMS (centre m\u00e9dico-scolaire) : 0262 24 22 80 19 bis rue des Vanneaux Lot &hellip;<\/p>\n","protected":false},"author":32828,"featured_media":0,"parent":0,"menu_order":0,"comment_status":"closed","ping_status":"closed","template":"","meta":{"footnotes":""},"class_list":["post-6773","page","type-page","status-publish","hentry"],"_links":{"self":[{"href":"https:\/\/etab.ac-reunion.fr\/lyc-evariste-de-parny\/wp-json\/wp\/v2\/pages\/6773","targetHints":{"allow":["GET"]}}],"collection":[{"href":"https:\/\/etab.ac-reunion.fr\/lyc-evariste-de-parny\/wp-json\/wp\/v2\/pages"}],"about":[{"href":"https:\/\/etab.ac-reunion.fr\/lyc-evariste-de-parny\/wp-json\/wp\/v2\/types\/page"}],"author":[{"embeddable":true,"href":"https:\/\/etab.ac-reunion.fr\/lyc-evariste-de-parny\/wp-json\/wp\/v2\/users\/32828"}],"replies":[{"embeddable":true,"href":"https:\/\/etab.ac-reunion.fr\/lyc-evariste-de-parny\/wp-json\/wp\/v2\/comments?post=6773"}],"version-history":[{"count":4,"href":"https:\/\/etab.ac-reunion.fr\/lyc-evariste-de-parny\/wp-json\/wp\/v2\/pages\/6773\/revisions"}],"predecessor-version":[{"id":7902,"href":"https:\/\/etab.ac-reunion.fr\/lyc-evariste-de-parny\/wp-json\/wp\/v2\/pages\/6773\/revisions\/7902"}],"wp:attachment":[{"href":"https:\/\/etab.ac-reunion.fr\/lyc-evariste-de-parny\/wp-json\/wp\/v2\/media?parent=6773"}],"curies":[{"name":"wp","href":"https:\/\/api.w.org\/{rel}","templated":true}]}}