{"id":6805,"date":"2023-08-30T12:15:35","date_gmt":"2023-08-30T08:15:35","guid":{"rendered":"https:\/\/etab.ac-reunion.fr\/lyc-evariste-de-parny\/?page_id=6805"},"modified":"2025-06-24T11:16:59","modified_gmt":"2025-06-24T07:16:59","slug":"presentation-generale-bts-tourisme","status":"publish","type":"page","link":"https:\/\/etab.ac-reunion.fr\/lyc-evariste-de-parny\/presentation-generale-bts-tourisme\/","title":{"rendered":"Pr\u00e9sentation g\u00e9n\u00e9rale BTS Tourisme"},"content":{"rendered":"<p style=\"text-align: justify\"><strong><img loading=\"lazy\" decoding=\"async\" class=\"size-medium wp-image-6799 alignleft\" src=\"https:\/\/etab.ac-reunion.fr\/lyc-evariste-de-parny\/wp-content\/uploads\/sites\/14\/2023\/08\/Logo-BTS-fond-bleu-300x300.png\" alt=\"\" width=\"300\" height=\"300\" srcset=\"https:\/\/etab.ac-reunion.fr\/lyc-evariste-de-parny\/wp-content\/uploads\/sites\/14\/2023\/08\/Logo-BTS-fond-bleu-300x300.png 300w, https:\/\/etab.ac-reunion.fr\/lyc-evariste-de-parny\/wp-content\/uploads\/sites\/14\/2023\/08\/Logo-BTS-fond-bleu-150x150.png 150w, https:\/\/etab.ac-reunion.fr\/lyc-evariste-de-parny\/wp-content\/uploads\/sites\/14\/2023\/08\/Logo-BTS-fond-bleu-768x768.png 768w, https:\/\/etab.ac-reunion.fr\/lyc-evariste-de-parny\/wp-content\/uploads\/sites\/14\/2023\/08\/Logo-BTS-fond-bleu-200x200.png 200w, https:\/\/etab.ac-reunion.fr\/lyc-evariste-de-parny\/wp-content\/uploads\/sites\/14\/2023\/08\/Logo-BTS-fond-bleu.png 800w\" sizes=\"auto, (max-width: 300px) 100vw, 300px\" \/><span style=\"color: #0b93b5\">Bienvenue sur la page de pr\u00e9sentation du BTS Tourisme du Lyc\u00e9e Evariste de Parny !<\/span><\/strong><\/p>\n<p style=\"text-align: justify\"><strong>Le BTS tourisme du Lyc\u00e9e Evariste de Parny est la seule formation initiale publique \u00e0 l&rsquo;ile de la R\u00e9union. <\/strong>Nous poss\u00e9dons<strong> deux classes de 1\u00e8re ann\u00e9e<\/strong> (classes de 30 \u00e9tudiants) et<strong> deux classes de 2\u00e8me ann\u00e9e<\/strong>, ce qui repr\u00e9sente une centaine d&rsquo;\u00e9tudiants.<\/p>\n<p style=\"text-align: justify\">Le BTS Tourisme existe depuis pr\u00e8s de 40 ans \u00e0 l&rsquo;Ile de la R\u00e9union.\u00a0Notre section a form\u00e9 beaucoup de professionnels du tourisme de notre \u00eele et nombreux sont nos anciens \u00e9tudiants qui font aujourd&rsquo;hui partie des d\u00e9cideurs et responsables du tourisme \u00e0 l&rsquo;ile de la R\u00e9union.<\/p>\n<p style=\"text-align: justify\">Pour plus d&rsquo;information, vous pouvez consulter <strong><a href=\"https:\/\/www.calameo.com\/read\/001844528265c6126ea27\"> le d\u00e9pliant<\/a> <\/strong>du BTS Tourisme du Lyc\u00e9e Evariste de Parny\u00a0et visiter en suivant ce lien le<strong> <a href=\"https:\/\/etab.ac-reunion.fr\/lyc-evariste-de-parny\/catalogue-des-cours\/\">d\u00e9tail des cours dispens\u00e9s en BTS Tourisme<\/a>.<\/strong><\/p>\n<p style=\"text-align: justify\"><strong>Une vid\u00e9o de pr\u00e9sentation de la formation<\/strong> est consultable<strong> <a href=\"https:\/\/youtu.be\/M97YMrFXbj4?feature=shared\">ICI. <\/a>\u00a0<\/strong>Pour encore plus d&rsquo;informations sur la section consultez <strong><a href=\"https:\/\/linktr.ee\/btstourisme974\">ce lien<\/a> <\/strong>qui vous donne acc\u00e8s \u00e0 l&rsquo;ensemble de nos moyens de communication.<\/p>\n<p style=\"text-align: justify\">Enfin, les \u00e9tudiants de BTS tourisme peuvent b\u00e9n\u00e9ficier de <strong><a href=\"https:\/\/etab.ac-reunion.fr\/lyc-evariste-de-parny\/mobilite-des-etudiants\/\">mobilit\u00e9s de stage en Europe<\/a><\/strong> gr\u00e2ce au dispositif Erasmus+.<\/p>\n<p><img loading=\"lazy\" decoding=\"async\" class=\"aligncenter size-medium wp-image-6697\" src=\"https:\/\/etab.ac-reunion.fr\/lyc-evariste-de-parny\/wp-content\/uploads\/sites\/14\/2023\/07\/erasmuslogo_mic__034986900_1351_23112014-300x86.jpg\" alt=\"Erasmus+ \" width=\"300\" height=\"86\" srcset=\"https:\/\/etab.ac-reunion.fr\/lyc-evariste-de-parny\/wp-content\/uploads\/sites\/14\/2023\/07\/erasmuslogo_mic__034986900_1351_23112014-300x86.jpg 300w, https:\/\/etab.ac-reunion.fr\/lyc-evariste-de-parny\/wp-content\/uploads\/sites\/14\/2023\/07\/erasmuslogo_mic__034986900_1351_23112014-590x171.jpg 590w, https:\/\/etab.ac-reunion.fr\/lyc-evariste-de-parny\/wp-content\/uploads\/sites\/14\/2023\/07\/erasmuslogo_mic__034986900_1351_23112014-480x137.jpg 480w, https:\/\/etab.ac-reunion.fr\/lyc-evariste-de-parny\/wp-content\/uploads\/sites\/14\/2023\/07\/erasmuslogo_mic__034986900_1351_23112014.jpg 600w\" sizes=\"auto, (max-width: 300px) 100vw, 300px\" \/><\/p>\n<p>&nbsp;<\/p>\n","protected":false},"excerpt":{"rendered":"<p>Bienvenue sur la page de pr\u00e9sentation du BTS Tourisme du Lyc\u00e9e Evariste de Parny ! Le BTS tourisme du Lyc\u00e9e Evariste de Parny est la seule formation initiale publique \u00e0 l&rsquo;ile de la R\u00e9union. Nous poss\u00e9dons deux classes de 1\u00e8re ann\u00e9e (classes de 30 \u00e9tudiants) et deux classes de 2\u00e8me &hellip;<\/p>\n","protected":false},"author":32828,"featured_media":0,"parent":0,"menu_order":0,"comment_status":"closed","ping_status":"closed","template":"","meta":{"footnotes":""},"class_list":["post-6805","page","type-page","status-publish","hentry"],"_links":{"self":[{"href":"https:\/\/etab.ac-reunion.fr\/lyc-evariste-de-parny\/wp-json\/wp\/v2\/pages\/6805","targetHints":{"allow":["GET"]}}],"collection":[{"href":"https:\/\/etab.ac-reunion.fr\/lyc-evariste-de-parny\/wp-json\/wp\/v2\/pages"}],"about":[{"href":"https:\/\/etab.ac-reunion.fr\/lyc-evariste-de-parny\/wp-json\/wp\/v2\/types\/page"}],"author":[{"embeddable":true,"href":"https:\/\/etab.ac-reunion.fr\/lyc-evariste-de-parny\/wp-json\/wp\/v2\/users\/32828"}],"replies":[{"embeddable":true,"href":"https:\/\/etab.ac-reunion.fr\/lyc-evariste-de-parny\/wp-json\/wp\/v2\/comments?post=6805"}],"version-history":[{"count":24,"href":"https:\/\/etab.ac-reunion.fr\/lyc-evariste-de-parny\/wp-json\/wp\/v2\/pages\/6805\/revisions"}],"predecessor-version":[{"id":8249,"href":"https:\/\/etab.ac-reunion.fr\/lyc-evariste-de-parny\/wp-json\/wp\/v2\/pages\/6805\/revisions\/8249"}],"wp:attachment":[{"href":"https:\/\/etab.ac-reunion.fr\/lyc-evariste-de-parny\/wp-json\/wp\/v2\/media?parent=6805"}],"curies":[{"name":"wp","href":"https:\/\/api.w.org\/{rel}","templated":true}]}}