{"id":6925,"date":"2023-10-09T10:19:08","date_gmt":"2023-10-09T06:19:08","guid":{"rendered":"https:\/\/etab.ac-reunion.fr\/lyc-evariste-de-parny\/?page_id=6925"},"modified":"2023-10-09T21:56:12","modified_gmt":"2023-10-09T17:56:12","slug":"section-europeenne-anglais-espagnol","status":"publish","type":"page","link":"https:\/\/etab.ac-reunion.fr\/lyc-evariste-de-parny\/section-europeenne-anglais-espagnol\/","title":{"rendered":"SECTION EUROPEENNE ANGLAIS\/ESPAGNOL"},"content":{"rendered":"<h2 class=\"border-decoration-bottom border-color-brand\">Objectifs de la formation<\/h2>\n<div class=\"editor\">\n<div class=\"ezrichtext-field\">\n<p>Au lyc\u00e9e g\u00e9n\u00e9ral et technologique Evariste de Parny, les sections europ\u00e9ennes existent en anglais et en espagnol. Elles visent un niveau proche du bilinguisme. Aucune condition particuli\u00e8re n&rsquo;est requise pour l&rsquo;admission dans ces sections hormis une aptitude et une motivation pour l&rsquo;apprentissage des langues. Ces sections proposent :<\/p>\n<ul>\n<li class=\"dot\">un horaire d&rsquo;enseignement linguistique renforc\u00e9 dans la langue vivante \u00e9trang\u00e8re de la section ;<\/li>\n<li class=\"dot\">l&rsquo;enseignement (1 h hebdomadaire minimum), dans la langue de la section, d&rsquo;une partie du programme d&rsquo;une ou plusieurs disciplines non linguistiques (DNL), la DNL pouvant \u00eatre un enseignement commun ou de sp\u00e9cialit\u00e9 ;<\/li>\n<li class=\"dot\">des activit\u00e9s culturelles et d&rsquo;\u00e9changes internationaux dans le cadre du projet d&rsquo;\u00e9tablissement.<\/li>\n<\/ul>\n<p>Une scolarit\u00e9 en section europ\u00e9enne permet l&rsquo;obtention de l&rsquo;indication \u00ab section europ\u00e9enne \u00bb suivie de la d\u00e9signation de la langue sur le dipl\u00f4me du baccalaur\u00e9at. Pour cela, l&rsquo;\u00e9l\u00e8ve doit obligatoirement avoir suivie les enseignements propres \u00e0 ces sections en classe de 1<sup><em>re<\/em><\/sup> et terminale.<\/p>\n<p>L&rsquo;\u00e9l\u00e8ve doit \u00e9galement se pr\u00e9senter aux \u00e9preuves sp\u00e9cifiques de la section et satisfaire aux conditions suivantes :<\/p>\n<ul>\n<li class=\"dot\">avoir obtenu au moins 12 sur 20 \u00e0 l&rsquo;\u00e9preuve de contr\u00f4le continu de la langue vivante de la section ;<\/li>\n<li class=\"dot\">avoir obtenu au moins 10 sur 20 \u00e0 l&rsquo;\u00e9preuve sp\u00e9cifique de contr\u00f4le continu de la ou des DNL (constitu\u00e9 \u00e0 20 % d&rsquo;une note de scolarit\u00e9 dans la section en terminale, attribu\u00e9e par les professeurs de langue et de(s) DNL, et \u00e0 80 % d&rsquo;une interrogation orale dans la langue de la section en terminale). La note finale est prise en compte comme enseignement optionnel.<\/li>\n<\/ul>\n<p>A savoir : la possibilit\u00e9 de suivre une ou plusieurs DNL enseign\u00e9es dans une langue vivante \u00e9trang\u00e8re ou r\u00e9gionale, <b>hors du dispositif des sections europ\u00e9ennes<\/b>\u00a0est d\u00e9sormais possible et reconnue sur le dipl\u00f4me du baccalaur\u00e9at g\u00e9n\u00e9ral et technologique.<\/p>\n<\/div>\n<\/div>\n","protected":false},"excerpt":{"rendered":"<p>Objectifs de la formation Au lyc\u00e9e g\u00e9n\u00e9ral et technologique Evariste de Parny, les sections europ\u00e9ennes existent en anglais et en espagnol. Elles visent un niveau proche du bilinguisme. Aucune condition particuli\u00e8re n&rsquo;est requise pour l&rsquo;admission dans ces sections hormis une aptitude et une motivation pour l&rsquo;apprentissage des langues. Ces sections &hellip;<\/p>\n","protected":false},"author":32828,"featured_media":0,"parent":0,"menu_order":0,"comment_status":"closed","ping_status":"closed","template":"","meta":{"footnotes":""},"class_list":["post-6925","page","type-page","status-publish","hentry"],"_links":{"self":[{"href":"https:\/\/etab.ac-reunion.fr\/lyc-evariste-de-parny\/wp-json\/wp\/v2\/pages\/6925","targetHints":{"allow":["GET"]}}],"collection":[{"href":"https:\/\/etab.ac-reunion.fr\/lyc-evariste-de-parny\/wp-json\/wp\/v2\/pages"}],"about":[{"href":"https:\/\/etab.ac-reunion.fr\/lyc-evariste-de-parny\/wp-json\/wp\/v2\/types\/page"}],"author":[{"embeddable":true,"href":"https:\/\/etab.ac-reunion.fr\/lyc-evariste-de-parny\/wp-json\/wp\/v2\/users\/32828"}],"replies":[{"embeddable":true,"href":"https:\/\/etab.ac-reunion.fr\/lyc-evariste-de-parny\/wp-json\/wp\/v2\/comments?post=6925"}],"version-history":[{"count":4,"href":"https:\/\/etab.ac-reunion.fr\/lyc-evariste-de-parny\/wp-json\/wp\/v2\/pages\/6925\/revisions"}],"predecessor-version":[{"id":6949,"href":"https:\/\/etab.ac-reunion.fr\/lyc-evariste-de-parny\/wp-json\/wp\/v2\/pages\/6925\/revisions\/6949"}],"wp:attachment":[{"href":"https:\/\/etab.ac-reunion.fr\/lyc-evariste-de-parny\/wp-json\/wp\/v2\/media?parent=6925"}],"curies":[{"name":"wp","href":"https:\/\/api.w.org\/{rel}","templated":true}]}}