{"id":7081,"date":"2023-11-20T11:08:52","date_gmt":"2023-11-20T07:08:52","guid":{"rendered":"https:\/\/etab.ac-reunion.fr\/lyc-evariste-de-parny\/?page_id=7081"},"modified":"2023-11-30T16:24:16","modified_gmt":"2023-11-30T12:24:16","slug":"bac-eps","status":"publish","type":"page","link":"https:\/\/etab.ac-reunion.fr\/lyc-evariste-de-parny\/bac-eps\/","title":{"rendered":"Bac EPS"},"content":{"rendered":"<p>Les \u00e9preuves en cours de formation repr\u00e9sentent la majorit\u00e9 des \u00e9valuations relatives \u00e0 l&rsquo;obtention du dipl\u00f4me du Baccalaur\u00e9at des s\u00e9ries g\u00e9n\u00e9rales et technologiques<\/p>\n<h3>Modalit\u00e9s d&rsquo;organisation du contr\u00f4le en cours de formation CCF et de l&rsquo;examen ponctuel terminal \u00e0 partir de la session 2021<\/h3>\n<p style=\"text-align: center\">Retrouvez la circulaire du 26 septembre 2019+Annexe 1 qui pr\u00e9sente les nouveaux r\u00e9f\u00e9rentiels par champ d&rsquo;apprentissage<\/p>\n<p>\u00a0\u00a0<a href=\"https:\/\/pedagogie.ac-reunion.fr\/fileadmin\/ANNEXES-ACADEMIQUES\/03-PEDAGOGIE\/02-COLLEGE\/eps\/2018-2019\/Examens\/2021\/EPS_Bac_GT-Circulaire_du_26_septembre_2019.pdf\">https:\/\/pedagogie.ac-reunion.fr\/fileadmin\/ANNEXES-ACADEMIQUES\/03-PEDAGOGIE\/02-COLLEGE\/eps\/2018-2019\/Examens\/2021\/EPS_Bac_GT-Circulaire_du_26_septembre_2019.pdf<\/a><\/p>\n<p>&nbsp;<\/p>\n<p>&nbsp;<\/p>\n","protected":false},"excerpt":{"rendered":"<p>Les \u00e9preuves en cours de formation repr\u00e9sentent la majorit\u00e9 des \u00e9valuations relatives \u00e0 l&rsquo;obtention du dipl\u00f4me du Baccalaur\u00e9at des s\u00e9ries g\u00e9n\u00e9rales et technologiques Modalit\u00e9s d&rsquo;organisation du contr\u00f4le en cours de formation CCF et de l&rsquo;examen ponctuel terminal \u00e0 partir de la session 2021 Retrouvez la circulaire du 26 septembre 2019+Annexe &hellip;<\/p>\n","protected":false},"author":32828,"featured_media":0,"parent":0,"menu_order":0,"comment_status":"closed","ping_status":"closed","template":"","meta":{"footnotes":""},"class_list":["post-7081","page","type-page","status-publish","hentry"],"_links":{"self":[{"href":"https:\/\/etab.ac-reunion.fr\/lyc-evariste-de-parny\/wp-json\/wp\/v2\/pages\/7081","targetHints":{"allow":["GET"]}}],"collection":[{"href":"https:\/\/etab.ac-reunion.fr\/lyc-evariste-de-parny\/wp-json\/wp\/v2\/pages"}],"about":[{"href":"https:\/\/etab.ac-reunion.fr\/lyc-evariste-de-parny\/wp-json\/wp\/v2\/types\/page"}],"author":[{"embeddable":true,"href":"https:\/\/etab.ac-reunion.fr\/lyc-evariste-de-parny\/wp-json\/wp\/v2\/users\/32828"}],"replies":[{"embeddable":true,"href":"https:\/\/etab.ac-reunion.fr\/lyc-evariste-de-parny\/wp-json\/wp\/v2\/comments?post=7081"}],"version-history":[{"count":3,"href":"https:\/\/etab.ac-reunion.fr\/lyc-evariste-de-parny\/wp-json\/wp\/v2\/pages\/7081\/revisions"}],"predecessor-version":[{"id":7241,"href":"https:\/\/etab.ac-reunion.fr\/lyc-evariste-de-parny\/wp-json\/wp\/v2\/pages\/7081\/revisions\/7241"}],"wp:attachment":[{"href":"https:\/\/etab.ac-reunion.fr\/lyc-evariste-de-parny\/wp-json\/wp\/v2\/media?parent=7081"}],"curies":[{"name":"wp","href":"https:\/\/api.w.org\/{rel}","templated":true}]}}