{"id":7086,"date":"2023-11-20T11:09:32","date_gmt":"2023-11-20T07:09:32","guid":{"rendered":"https:\/\/etab.ac-reunion.fr\/lyc-evariste-de-parny\/?page_id=7086"},"modified":"2024-12-03T15:38:36","modified_gmt":"2024-12-03T11:38:36","slug":"nos-sportifs-de-haut-niveau","status":"publish","type":"page","link":"https:\/\/etab.ac-reunion.fr\/lyc-evariste-de-parny\/nos-sportifs-de-haut-niveau\/","title":{"rendered":"Nos sportifs de haut niveau"},"content":{"rendered":"<p style=\"text-align: center\">Il existe deux statuts de sportif de haut niveau, le premier f\u00e9d\u00e9ral, le second en lien avec les r\u00e9sultats \u00e0 l\u2019UNSS.<\/p>\n<p style=\"text-align: center\">D\u00e8s lors, quelles sont les conditions pour obtenir le statut de sportif de haut niveau?<\/p>\n<p>Retrouvez toutes les explications en cliquant sur le lien suivant :\u00a0<a href=\"http:\/\/Il existe deux status de sportifs de haut niveau, le premier f\u00e9d\u00e9ral, le second en lien avec les r\u00e9sultat \u00e0 l\u2019UNSS. D\u00e8s lors, quelles sont les conditions pour obtenir le statut de sportif de haut niveau?\">http:\/\/Il existe deux status de sportifs de haut niveau, le premier f\u00e9d\u00e9ral, le second en lien avec les r\u00e9sultat \u00e0 l\u2019UNSS. D\u00e8s lors, quelles sont les conditions pour obtenir le statut de sportif de haut niveau?<\/a><\/p>\n<blockquote class=\"wp-embedded-content\" data-secret=\"Ct6JFCdIQr\"><p><a href=\"https:\/\/etab.ac-reunion.fr\/lyc-evariste-de-parny\/sport-de-haut-niveau\/\">SPORT DE HAUT NIVEAU<\/a><\/p><\/blockquote>\n<p><iframe loading=\"lazy\" class=\"wp-embedded-content\" sandbox=\"allow-scripts\" security=\"restricted\" style=\"position: absolute; visibility: hidden;\" title=\"\u00ab\u00a0SPORT DE HAUT NIVEAU\u00a0\u00bb &#8212; lyc\u00e9e Evariste de Parny \" src=\"https:\/\/etab.ac-reunion.fr\/lyc-evariste-de-parny\/sport-de-haut-niveau\/embed\/#?secret=pS602hDN7y#?secret=Ct6JFCdIQr\" data-secret=\"Ct6JFCdIQr\" width=\"600\" height=\"338\" frameborder=\"0\" marginwidth=\"0\" marginheight=\"0\" scrolling=\"no\"><\/iframe><\/p>\n","protected":false},"excerpt":{"rendered":"<p>Il existe deux statuts de sportif de haut niveau, le premier f\u00e9d\u00e9ral, le second en lien avec les r\u00e9sultats \u00e0 l\u2019UNSS. D\u00e8s lors, quelles sont les conditions pour obtenir le statut de sportif de haut niveau? Retrouvez toutes les explications en cliquant sur le lien suivant :\u00a0http:\/\/Il existe deux status &hellip;<\/p>\n","protected":false},"author":32828,"featured_media":0,"parent":0,"menu_order":0,"comment_status":"closed","ping_status":"closed","template":"","meta":{"footnotes":""},"class_list":["post-7086","page","type-page","status-publish","hentry"],"_links":{"self":[{"href":"https:\/\/etab.ac-reunion.fr\/lyc-evariste-de-parny\/wp-json\/wp\/v2\/pages\/7086","targetHints":{"allow":["GET"]}}],"collection":[{"href":"https:\/\/etab.ac-reunion.fr\/lyc-evariste-de-parny\/wp-json\/wp\/v2\/pages"}],"about":[{"href":"https:\/\/etab.ac-reunion.fr\/lyc-evariste-de-parny\/wp-json\/wp\/v2\/types\/page"}],"author":[{"embeddable":true,"href":"https:\/\/etab.ac-reunion.fr\/lyc-evariste-de-parny\/wp-json\/wp\/v2\/users\/32828"}],"replies":[{"embeddable":true,"href":"https:\/\/etab.ac-reunion.fr\/lyc-evariste-de-parny\/wp-json\/wp\/v2\/comments?post=7086"}],"version-history":[{"count":4,"href":"https:\/\/etab.ac-reunion.fr\/lyc-evariste-de-parny\/wp-json\/wp\/v2\/pages\/7086\/revisions"}],"predecessor-version":[{"id":7739,"href":"https:\/\/etab.ac-reunion.fr\/lyc-evariste-de-parny\/wp-json\/wp\/v2\/pages\/7086\/revisions\/7739"}],"wp:attachment":[{"href":"https:\/\/etab.ac-reunion.fr\/lyc-evariste-de-parny\/wp-json\/wp\/v2\/media?parent=7086"}],"curies":[{"name":"wp","href":"https:\/\/api.w.org\/{rel}","templated":true}]}}