{"id":7090,"date":"2023-11-20T11:10:12","date_gmt":"2023-11-20T07:10:12","guid":{"rendered":"https:\/\/etab.ac-reunion.fr\/lyc-evariste-de-parny\/?page_id=7090"},"modified":"2024-10-08T14:14:21","modified_gmt":"2024-10-08T10:14:21","slug":"programmation-sportive","status":"publish","type":"page","link":"https:\/\/etab.ac-reunion.fr\/lyc-evariste-de-parny\/programmation-sportive\/","title":{"rendered":"Programmation sportive"},"content":{"rendered":"<h4 style=\"text-align: center\"><span style=\"color: #0000ff\"><strong>ASSOCIATION SPORTIVE 2024-2025<\/strong><\/span><\/h4>\n<h6 style=\"text-align: center\"><strong>Lyc\u00e9e Evariste de Parny<\/strong><\/h6>\n<table style=\"height: 580px\" width=\"713\">\n<tbody>\n<tr>\n<td style=\"text-align: center\" width=\"207\"><strong>ACTIVITES<\/strong><\/td>\n<td style=\"text-align: center\" width=\"207\"><strong>PROFESSEUR<\/strong><\/td>\n<td style=\"text-align: center\" width=\"207\"><strong>JOUR ET HORAIRES<\/strong><\/td>\n<\/tr>\n<tr>\n<td style=\"text-align: left\" width=\"207\"><strong>Badminton<\/strong><\/td>\n<td style=\"text-align: left\" width=\"207\">Mme Balastre<\/td>\n<td style=\"text-align: left\" width=\"207\">Mercredi de13h \u00e0 15h<\/td>\n<\/tr>\n<tr>\n<td style=\"text-align: left\" width=\"207\"><strong><a href=\"https:\/\/etab.ac-reunion.fr\/lyc-evariste-de-parny\/wp-content\/uploads\/sites\/14\/2024\/10\/as-danse.pdf\">Danse<\/a> et Fitness<a href=\"https:\/\/etab.ac-reunion.fr\/lyc-evariste-de-parny\/wp-content\/uploads\/sites\/14\/2024\/10\/Affiche-A.-S.-Sante-Fitness1.pdf\"> (A.S. Sant\u00e9)<\/a><\/strong><\/td>\n<td style=\"text-align: left\" width=\"207\">Mme Quentin<\/td>\n<td style=\"text-align: left\" width=\"207\">Mercredi de13h \u00e0 15h<\/td>\n<\/tr>\n<tr>\n<td style=\"text-align: left\" width=\"207\"><strong>Volley Ball et Beach Volley <\/strong><\/td>\n<td style=\"text-align: left\" width=\"207\">Mme Chastain<\/td>\n<td style=\"text-align: left\" width=\"207\">Mercredi de 13H00 \u00e0 15H<\/td>\n<\/tr>\n<tr>\n<td style=\"text-align: left\" width=\"207\"><strong>Musculation et Cross<\/strong><\/td>\n<td style=\"text-align: left\" width=\"207\">Mme Say<\/td>\n<td width=\"207\">\n<p style=\"text-align: left\">Mercredi\u00a0 de 13h15 \u00e0 15h15<\/p>\n<\/td>\n<\/tr>\n<tr>\n<td style=\"text-align: left\" width=\"207\"><strong>Randonn\u00e9e et<\/strong> <strong>Plein Air<\/strong><\/td>\n<td style=\"text-align: left\" width=\"207\">Mme Wyart<\/td>\n<td style=\"text-align: left\" width=\"207\">Samedi et Mercredi<\/td>\n<\/tr>\n<\/tbody>\n<\/table>\n<p>&nbsp;<\/p>\n","protected":false},"excerpt":{"rendered":"<p>ASSOCIATION SPORTIVE 2024-2025 Lyc\u00e9e Evariste de Parny ACTIVITES PROFESSEUR JOUR ET HORAIRES Badminton Mme Balastre Mercredi de13h \u00e0 15h Danse et Fitness (A.S. Sant\u00e9) Mme Quentin Mercredi de13h \u00e0 15h Volley Ball et Beach Volley Mme Chastain Mercredi de 13H00 \u00e0 15H Musculation et Cross Mme Say Mercredi\u00a0 de 13h15 &hellip;<\/p>\n","protected":false},"author":32828,"featured_media":0,"parent":0,"menu_order":0,"comment_status":"closed","ping_status":"closed","template":"","meta":{"footnotes":""},"class_list":["post-7090","page","type-page","status-publish","hentry"],"_links":{"self":[{"href":"https:\/\/etab.ac-reunion.fr\/lyc-evariste-de-parny\/wp-json\/wp\/v2\/pages\/7090","targetHints":{"allow":["GET"]}}],"collection":[{"href":"https:\/\/etab.ac-reunion.fr\/lyc-evariste-de-parny\/wp-json\/wp\/v2\/pages"}],"about":[{"href":"https:\/\/etab.ac-reunion.fr\/lyc-evariste-de-parny\/wp-json\/wp\/v2\/types\/page"}],"author":[{"embeddable":true,"href":"https:\/\/etab.ac-reunion.fr\/lyc-evariste-de-parny\/wp-json\/wp\/v2\/users\/32828"}],"replies":[{"embeddable":true,"href":"https:\/\/etab.ac-reunion.fr\/lyc-evariste-de-parny\/wp-json\/wp\/v2\/comments?post=7090"}],"version-history":[{"count":8,"href":"https:\/\/etab.ac-reunion.fr\/lyc-evariste-de-parny\/wp-json\/wp\/v2\/pages\/7090\/revisions"}],"predecessor-version":[{"id":7651,"href":"https:\/\/etab.ac-reunion.fr\/lyc-evariste-de-parny\/wp-json\/wp\/v2\/pages\/7090\/revisions\/7651"}],"wp:attachment":[{"href":"https:\/\/etab.ac-reunion.fr\/lyc-evariste-de-parny\/wp-json\/wp\/v2\/media?parent=7090"}],"curies":[{"name":"wp","href":"https:\/\/api.w.org\/{rel}","templated":true}]}}