{"id":7213,"date":"2023-11-27T21:06:06","date_gmt":"2023-11-27T17:06:06","guid":{"rendered":"https:\/\/etab.ac-reunion.fr\/lyc-evariste-de-parny\/?page_id=7213"},"modified":"2024-12-04T16:17:45","modified_gmt":"2024-12-04T12:17:45","slug":"vie-scolaire","status":"publish","type":"page","link":"https:\/\/etab.ac-reunion.fr\/lyc-evariste-de-parny\/vie-scolaire\/","title":{"rendered":"Vie scolaire"},"content":{"rendered":"<p style=\"text-align: center\"><strong><span style=\"text-decoration: underline\">SECONDE:<\/span><\/strong><\/p>\n<p><span style=\"text-decoration: underline\">CPE<\/span> : Mme Laura GUBEREK<\/p>\n<p><span style=\"text-decoration: underline\">Assistants d&rsquo;\u00e9ducation<\/span>: Mme Amalia ANTONIAMA SEVETIAN; Mme Emmanuelle ROBERT; Mme Claire ARASTE SAMELOR; M. Sami DJAFRY; Mme Elsa RIOU; M. Jonathan SALEM; Mme Claire ARASTE SAMELOR; M.Fran\u00e7ois TRIQUET.<\/p>\n<p style=\"text-align: center\"><span style=\"text-decoration: underline\"><strong>PREMIERE + BTS TOUR &amp; CPES:<\/strong><\/span><\/p>\n<p><span style=\"text-decoration: underline\">CPE<\/span>: Mme Edithe SEVETIAN<\/p>\n<p><span style=\"text-decoration: underline\">Assistants d&rsquo;\u00e9ducation<\/span>: Mme Claire ARASTE SAMELOR; Mme Lise BELARD; M. David AUGIE; M. Marceau FASTRE; M. Damien VITRY;<\/p>\n<p style=\"text-align: center\"><strong><span style=\"text-decoration: underline\">TERMINALES + BTS MCO:<\/span><\/strong><\/p>\n<p><span style=\"text-decoration: underline\">CPE<\/span>: Mme S\u00e9verine DHAUSSY<\/p>\n<p><span style=\"text-decoration: underline\">Assistants d&rsquo;\u00e9ducation<\/span>: ; Mme C\u00e9cile DAUMAS; M. Florent FORT; Mme Oc\u00e9ane GRONDIN; Mme Emilie PAVIEL; M. Charles POTHIN; Mr Fran\u00e7ois TRIQUET.<\/p>\n<p><span style=\"text-decoration: underline\">Assistants p\u00e9dagogiques<\/span>:\u00a0 Mme Emannuelle RIVIERE<\/p>\n<p>&nbsp;<\/p>\n","protected":false},"excerpt":{"rendered":"<p>SECONDE: CPE : Mme Laura GUBEREK Assistants d&rsquo;\u00e9ducation: Mme Amalia ANTONIAMA SEVETIAN; Mme Emmanuelle ROBERT; Mme Claire ARASTE SAMELOR; M. Sami DJAFRY; Mme Elsa RIOU; M. Jonathan SALEM; Mme Claire ARASTE SAMELOR; M.Fran\u00e7ois TRIQUET. PREMIERE + BTS TOUR &amp; CPES: CPE: Mme Edithe SEVETIAN Assistants d&rsquo;\u00e9ducation: Mme Claire ARASTE SAMELOR; &hellip;<\/p>\n","protected":false},"author":32828,"featured_media":0,"parent":0,"menu_order":0,"comment_status":"closed","ping_status":"closed","template":"","meta":{"footnotes":""},"class_list":["post-7213","page","type-page","status-publish","hentry"],"_links":{"self":[{"href":"https:\/\/etab.ac-reunion.fr\/lyc-evariste-de-parny\/wp-json\/wp\/v2\/pages\/7213","targetHints":{"allow":["GET"]}}],"collection":[{"href":"https:\/\/etab.ac-reunion.fr\/lyc-evariste-de-parny\/wp-json\/wp\/v2\/pages"}],"about":[{"href":"https:\/\/etab.ac-reunion.fr\/lyc-evariste-de-parny\/wp-json\/wp\/v2\/types\/page"}],"author":[{"embeddable":true,"href":"https:\/\/etab.ac-reunion.fr\/lyc-evariste-de-parny\/wp-json\/wp\/v2\/users\/32828"}],"replies":[{"embeddable":true,"href":"https:\/\/etab.ac-reunion.fr\/lyc-evariste-de-parny\/wp-json\/wp\/v2\/comments?post=7213"}],"version-history":[{"count":3,"href":"https:\/\/etab.ac-reunion.fr\/lyc-evariste-de-parny\/wp-json\/wp\/v2\/pages\/7213\/revisions"}],"predecessor-version":[{"id":7743,"href":"https:\/\/etab.ac-reunion.fr\/lyc-evariste-de-parny\/wp-json\/wp\/v2\/pages\/7213\/revisions\/7743"}],"wp:attachment":[{"href":"https:\/\/etab.ac-reunion.fr\/lyc-evariste-de-parny\/wp-json\/wp\/v2\/media?parent=7213"}],"curies":[{"name":"wp","href":"https:\/\/api.w.org\/{rel}","templated":true}]}}