{"id":7340,"date":"2024-02-08T11:36:20","date_gmt":"2024-02-08T07:36:20","guid":{"rendered":"https:\/\/etab.ac-reunion.fr\/lyc-evariste-de-parny\/?page_id=7340"},"modified":"2026-02-02T08:29:29","modified_gmt":"2026-02-02T04:29:29","slug":"presentation-cpes-caap","status":"publish","type":"page","link":"https:\/\/etab.ac-reunion.fr\/lyc-evariste-de-parny\/presentation-cpes-caap\/","title":{"rendered":"Pr\u00e9sentation de la CPES-CAAP 2025-26"},"content":{"rendered":"<p><img loading=\"lazy\" decoding=\"async\" class=\"size-medium wp-image-7629 aligncenter\" src=\"https:\/\/etab.ac-reunion.fr\/lyc-evariste-de-parny\/wp-content\/uploads\/sites\/14\/2024\/10\/extraitbrochureCPES-300x122.jpg\" alt=\"\" width=\"300\" height=\"122\" srcset=\"https:\/\/etab.ac-reunion.fr\/lyc-evariste-de-parny\/wp-content\/uploads\/sites\/14\/2024\/10\/extraitbrochureCPES-300x122.jpg 300w, https:\/\/etab.ac-reunion.fr\/lyc-evariste-de-parny\/wp-content\/uploads\/sites\/14\/2024\/10\/extraitbrochureCPES-768x311.jpg 768w, https:\/\/etab.ac-reunion.fr\/lyc-evariste-de-parny\/wp-content\/uploads\/sites\/14\/2024\/10\/extraitbrochureCPES-493x200.jpg 493w, https:\/\/etab.ac-reunion.fr\/lyc-evariste-de-parny\/wp-content\/uploads\/sites\/14\/2024\/10\/extraitbrochureCPES.jpg 1004w\" sizes=\"auto, (max-width: 300px) 100vw, 300px\" \/><\/p>\n<p><strong>LIENS:<\/strong><\/p>\n<p><img loading=\"lazy\" decoding=\"async\" class=\"wp-image-7716 alignleft\" src=\"https:\/\/etab.ac-reunion.fr\/lyc-evariste-de-parny\/wp-content\/uploads\/sites\/14\/2024\/11\/cpes.caap_.parny_qr-4-261x300.png\" alt=\"\" width=\"158\" height=\"182\" srcset=\"https:\/\/etab.ac-reunion.fr\/lyc-evariste-de-parny\/wp-content\/uploads\/sites\/14\/2024\/11\/cpes.caap_.parny_qr-4-261x300.png 261w, https:\/\/etab.ac-reunion.fr\/lyc-evariste-de-parny\/wp-content\/uploads\/sites\/14\/2024\/11\/cpes.caap_.parny_qr-4-1783x2048.png 1783w, https:\/\/etab.ac-reunion.fr\/lyc-evariste-de-parny\/wp-content\/uploads\/sites\/14\/2024\/11\/cpes.caap_.parny_qr-4-768x882.png 768w, https:\/\/etab.ac-reunion.fr\/lyc-evariste-de-parny\/wp-content\/uploads\/sites\/14\/2024\/11\/cpes.caap_.parny_qr-4-891x1024.png 891w, https:\/\/etab.ac-reunion.fr\/lyc-evariste-de-parny\/wp-content\/uploads\/sites\/14\/2024\/11\/cpes.caap_.parny_qr-4-1337x1536.png 1337w, https:\/\/etab.ac-reunion.fr\/lyc-evariste-de-parny\/wp-content\/uploads\/sites\/14\/2024\/11\/cpes.caap_.parny_qr-4-174x200.png 174w\" sizes=\"auto, (max-width: 158px) 100vw, 158px\" \/><\/p>\n<p>&nbsp;<\/p>\n<ul>\n<li><a href=\"https:\/\/www.instagram.com\/cpes.caap.parny\/\">Instagram<\/a><\/li>\n<li><a href=\"https:\/\/drive.google.com\/file\/d\/1UkJkL_KMjaIR-pKmYmQJ4-EEnyuw_WVa\/view?usp=sharing\">Brochure de la CPES CAAP E.de.Parny 202<\/a>6<\/li>\n<li><a href=\"https:\/\/etab.ac-reunion.fr\/lyc-evariste-de-parny\/wp-content\/uploads\/sites\/14\/2025\/06\/Dossier-inscription-BTS-CPES-2025-2026.pdf\">Dossier d&rsquo;inscription BTS-CPES 2025-2026<\/a><\/li>\n<li><a href=\"https:\/\/etab.ac-reunion.fr\/lyc-evariste-de-parny\/cpes-caap-decouvrez-la-section\/\">Les locaux<\/a><\/li>\n<li><a href=\"https:\/\/www.onisep.fr\/ressources\/structures-enseignement\/la-reunion\/la-reunion\/lycee-general-et-technologique-evariste-de-parny\">Lien Parcoursup<\/a><\/li>\n<\/ul>\n<p>&nbsp;<\/p>\n<p style=\"text-align: left\"><span style=\"color: #0000ff\"><strong>CLASSE PR\u00c9PARATOIRE AUX \u00c9TUDES SUP\u00c9RIEURES &#8211; CLASSE D\u2019APPROFONDISSEMENT EN ARTS PLASTIQUES\u00a0<\/strong><\/span><\/p>\n<p>Une formation organis\u00e9e en deux semestres, d&rsquo;ao\u00fbt \u00e0 mai, qui accompagne les \u00e9tudiants dans des choix d\u2019orientation correspondant \u00e0 leur projet professionnel et \u00e0 leur niveau de comp\u00e9tences, les conseille dans une construction de leur d\u00e9marche personnelle et de leur dossier artistique, les pr\u00e9pare \u00e0 la poursuite d\u2019\u00e9tudes et formations artistiques.<\/p>\n<h6><span style=\"color: #00ccff\">OBJECTIFS DE LA FORMATION CPES-CAAP<\/span><\/h6>\n<p>Les CPES-CAAP sont des pr\u00e9parations publiques et gratuites, aux \u00e9tudes sup\u00e9rieures artistiques, notamment aux concours d\u2019entr\u00e9e des \u00e9coles sup\u00e9rieures d\u2019art, en une ann\u00e9e scolaire. Les CPES-CAAP\u00a0 sont implant\u00e9es dans des lyc\u00e9es publics et priv\u00e9s sous contrat d\u2019association avec l\u2019\u00c9tat. Elles rel\u00e8vent du service public de l\u2019\u00e9ducation. Elles se positionnent comme des catalyseurs pour les \u00e9tudiants aspirant \u00e0 s&rsquo;engager dans des \u00e9tudes artistiques, que ce soit dans les domaines des arts plastiques et visuels, de l&rsquo;architecture, du design, ou m\u00eame vers des m\u00e9tiers de la culture et de la m\u00e9diation culturelle. Elles jouent un r\u00f4le crucial dans le processus d&rsquo;orientation des jeunes, les aidant \u00e0 m\u00fbrir leur projet d&rsquo;orientation et \u00e0 se pr\u00e9parer efficacement aux \u00e9preuves d&rsquo;admission des diff\u00e9rentes \u00e9coles sup\u00e9rieures. La consolidation de la culture g\u00e9n\u00e9rale est \u00e9galement une n\u00e9cessit\u00e9, renfor\u00e7ant ainsi les bases indispensables pour r\u00e9ussir dans le domaine artistique.<\/p>\n<p>Avec la CPES-CAAP de La R\u00e9union, les \u00e9tudiant.e.s ont la possibilit\u00e9 de b\u00e9n\u00e9ficier d&rsquo;un soutien individuel des enseignants, les guidant dans leur parcours artistique. Cela contribuera non seulement \u00e0 \u00e9largir leurs horizons artistiques, mais aussi \u00e0 d\u00e9velopper leur autonomie et leur go\u00fbt pour la d\u00e9marche de projet en art. Ces comp\u00e9tences sont cruciales dans le contexte des \u00e9tudes artistiques et dans la vie professionnelle future des \u00e9tudiants.<\/p>\n<p><span style=\"color: #00ccff\"><strong>PUBLIC CONCERNE\u00a0:<\/strong><\/span><\/p>\n<p>Les CPES-CAAP s\u2019adressent aux titulaires d\u2019un baccalaure\u0301at ge\u0301ne\u0301ral, technologique ou professionnel, sortant du lyce\u0301e en ayant suivi ou non un enseignement artistique avant le bac et souhaitant s\u2019engager vers des e\u0301tudes artistiques. Elles sont e\u0301galement accessibles a\u0300 des e\u0301tudiants de\u0301ja\u0300 dans le supe\u0301rieur et de\u0301sirant se re\u0301orienter vers des e\u0301tudes artistiques lie\u0301es aux plastiques et visuels.<\/p>\n<h6><span style=\"color: #00ccff\">PARTICULARIT\u00c9S DE LA FORMATION<\/span><\/h6>\n<p>Elle b\u00e9n\u00e9ficie de deux grandes particularit\u00e9s:<\/p>\n<ol>\n<li>Une formation \u00e0 l\u2019appui d\u2019un contenu articulant \u00e9troitement th\u00e9orie et pratique dans un constant aller-retour (pratique plastique en atelier, Histoire de l\u2019art, Culture artistique contemporaine, Philosophie, Lettres, Anglais, Math\u00e9matique, Physique-Chimie) et des formes p\u00e9dagogiques diversifi\u00e9es (cours magistraux, entretiens individualis\u00e9s, accompagnement \u00e0 l\u2019orientation, ateliers d\u2019initiation, workshops avec des artistes, visites d\u2019expositions, spectacles etc.) permettant \u00e0 l\u2019\u00e9tudiant de d\u00e9velopper une pratique personnelle \u00e9tay\u00e9e sur l\u2019art, son histoire et son \u00e9volution contemporaine ;<\/li>\n<li>La CPES-CAAP est une formation du Minist\u00e8re de l&rsquo;\u00c9ducation Nationale de la jeunesse et des sports et des JO et de l&rsquo;Enseignement sup\u00e9rieur et de la Recherche, qui offre un statut d&rsquo;\u00e9tudiant\u00b7e de l&rsquo;enseignement sup\u00e9rieur. \u00c0 ce titre, les \u00e9tudiant\u00b7e\u00b7s proc\u00e8dent obligatoirement \u00e0 une double inscription administrative : en CPES-CAAP au lyc\u00e9e , et \u00e0 l\u2019Universit\u00e9 Bordeaux Montaigne, d\u00e9partement Arts plastiques. L\u2019\u00e9tudiant.e qui a r\u00e9pondu aux exigences vis\u00e9es, attest\u00e9es au moyen d\u2019\u00e9valuations r\u00e9guli\u00e8res, se voit attribuer 60 ECTS donnant droit \u00e0 l\u2019\u00e9quivalence d\u2019une L1. En cas d\u2019\u00e9volution de son projet d\u2019\u00e9tude, l\u2019\u00e9tudiant peut ainsi int\u00e9grer la fili\u00e8re universitaire correspondante \u00e0\u00a0 l\u2019UBM en L2 dans l\u2019universit\u00e9 partenaire (ou d\u2019autres de son choix selon des modalit\u00e9s d\u2019obtention d\u2019\u00e9quivalences).<\/li>\n<\/ol>\n","protected":false},"excerpt":{"rendered":"<p>LIENS: &nbsp; Instagram Brochure de la CPES CAAP E.de.Parny 2026 Dossier d&rsquo;inscription BTS-CPES 2025-2026 Les locaux Lien Parcoursup &nbsp; CLASSE PR\u00c9PARATOIRE AUX \u00c9TUDES SUP\u00c9RIEURES &#8211; CLASSE D\u2019APPROFONDISSEMENT EN ARTS PLASTIQUES\u00a0 Une formation organis\u00e9e en deux semestres, d&rsquo;ao\u00fbt \u00e0 mai, qui accompagne les \u00e9tudiants dans des choix d\u2019orientation correspondant \u00e0 leur &hellip;<\/p>\n","protected":false},"author":12975,"featured_media":7629,"parent":0,"menu_order":0,"comment_status":"closed","ping_status":"closed","template":"","meta":{"footnotes":""},"class_list":["post-7340","page","type-page","status-publish","has-post-thumbnail","hentry"],"_links":{"self":[{"href":"https:\/\/etab.ac-reunion.fr\/lyc-evariste-de-parny\/wp-json\/wp\/v2\/pages\/7340","targetHints":{"allow":["GET"]}}],"collection":[{"href":"https:\/\/etab.ac-reunion.fr\/lyc-evariste-de-parny\/wp-json\/wp\/v2\/pages"}],"about":[{"href":"https:\/\/etab.ac-reunion.fr\/lyc-evariste-de-parny\/wp-json\/wp\/v2\/types\/page"}],"author":[{"embeddable":true,"href":"https:\/\/etab.ac-reunion.fr\/lyc-evariste-de-parny\/wp-json\/wp\/v2\/users\/12975"}],"replies":[{"embeddable":true,"href":"https:\/\/etab.ac-reunion.fr\/lyc-evariste-de-parny\/wp-json\/wp\/v2\/comments?post=7340"}],"version-history":[{"count":18,"href":"https:\/\/etab.ac-reunion.fr\/lyc-evariste-de-parny\/wp-json\/wp\/v2\/pages\/7340\/revisions"}],"predecessor-version":[{"id":8516,"href":"https:\/\/etab.ac-reunion.fr\/lyc-evariste-de-parny\/wp-json\/wp\/v2\/pages\/7340\/revisions\/8516"}],"wp:featuredmedia":[{"embeddable":true,"href":"https:\/\/etab.ac-reunion.fr\/lyc-evariste-de-parny\/wp-json\/wp\/v2\/media\/7629"}],"wp:attachment":[{"href":"https:\/\/etab.ac-reunion.fr\/lyc-evariste-de-parny\/wp-json\/wp\/v2\/media?parent=7340"}],"curies":[{"name":"wp","href":"https:\/\/api.w.org\/{rel}","templated":true}]}}