{"id":7514,"date":"2024-06-15T13:50:11","date_gmt":"2024-06-15T09:50:11","guid":{"rendered":"https:\/\/etab.ac-reunion.fr\/lyc-evariste-de-parny\/?page_id=7514"},"modified":"2025-06-19T09:11:18","modified_gmt":"2025-06-19T05:11:18","slug":"dossier-inscription-bts-cpes-2024-25","status":"publish","type":"page","link":"https:\/\/etab.ac-reunion.fr\/lyc-evariste-de-parny\/dossier-inscription-bts-cpes-2024-25\/","title":{"rendered":"DOSSIER INSCRIPTION BTS-CPES 2025-26"},"content":{"rendered":"<p style=\"text-align: center\">Bonjour,<\/p>\n<p style=\"text-align: center\">Pour les futurs \u00e9tudiants des classes de BTS et CPES, vous trouverez en cliquant sur le lien suivant le dossier \u00e0 t\u00e9l\u00e9charger pour pouvoir venir s&rsquo;inscrire ensuite au lyc\u00e9e \u00c9variste de Parny.<\/p>\n<p><a href=\"https:\/\/etab.ac-reunion.fr\/lyc-evariste-de-parny\/wp-content\/uploads\/sites\/14\/2025\/06\/Dossier-inscription-BTS-CPES-2025-2026.pdf\">Dossier d&rsquo;inscription BTS-CPES 2025-2026<\/a><\/p>\n","protected":false},"excerpt":{"rendered":"<p>Bonjour, Pour les futurs \u00e9tudiants des classes de BTS et CPES, vous trouverez en cliquant sur le lien suivant le dossier \u00e0 t\u00e9l\u00e9charger pour pouvoir venir s&rsquo;inscrire ensuite au lyc\u00e9e \u00c9variste de Parny. Dossier d&rsquo;inscription BTS-CPES 2025-2026<\/p>\n","protected":false},"author":32828,"featured_media":0,"parent":0,"menu_order":0,"comment_status":"closed","ping_status":"closed","template":"","meta":{"footnotes":""},"class_list":["post-7514","page","type-page","status-publish","hentry"],"_links":{"self":[{"href":"https:\/\/etab.ac-reunion.fr\/lyc-evariste-de-parny\/wp-json\/wp\/v2\/pages\/7514","targetHints":{"allow":["GET"]}}],"collection":[{"href":"https:\/\/etab.ac-reunion.fr\/lyc-evariste-de-parny\/wp-json\/wp\/v2\/pages"}],"about":[{"href":"https:\/\/etab.ac-reunion.fr\/lyc-evariste-de-parny\/wp-json\/wp\/v2\/types\/page"}],"author":[{"embeddable":true,"href":"https:\/\/etab.ac-reunion.fr\/lyc-evariste-de-parny\/wp-json\/wp\/v2\/users\/32828"}],"replies":[{"embeddable":true,"href":"https:\/\/etab.ac-reunion.fr\/lyc-evariste-de-parny\/wp-json\/wp\/v2\/comments?post=7514"}],"version-history":[{"count":4,"href":"https:\/\/etab.ac-reunion.fr\/lyc-evariste-de-parny\/wp-json\/wp\/v2\/pages\/7514\/revisions"}],"predecessor-version":[{"id":8238,"href":"https:\/\/etab.ac-reunion.fr\/lyc-evariste-de-parny\/wp-json\/wp\/v2\/pages\/7514\/revisions\/8238"}],"wp:attachment":[{"href":"https:\/\/etab.ac-reunion.fr\/lyc-evariste-de-parny\/wp-json\/wp\/v2\/media?parent=7514"}],"curies":[{"name":"wp","href":"https:\/\/api.w.org\/{rel}","templated":true}]}}