{"id":781,"date":"2013-07-09T06:28:30","date_gmt":"2013-07-09T05:28:30","guid":{"rendered":"http:\/\/lycee-eparny.ac-reunion.fr\/?page_id=781"},"modified":"2025-08-18T08:53:09","modified_gmt":"2025-08-18T04:53:09","slug":"mentions-legales","status":"publish","type":"page","link":"https:\/\/etab.ac-reunion.fr\/lyc-evariste-de-parny\/mentions-legales\/","title":{"rendered":"Mentions l\u00e9gales"},"content":{"rendered":"<p><strong>\u00c9diteur<\/strong><\/p>\n<p>Rectorat de l\u2019Acad\u00e9mie de La R\u00e9union<br \/>\nSecr\u00e9tariat g\u00e9n\u00e9ral \u2013 Service Communication<br \/>\n24, Avenue Georges Brassens \u2013 97702 \u2013 St-Denis \u2013 Messag Cedex 9<\/p>\n<p><strong>Directeur de la publication et de la r\u00e9daction<\/strong><\/p>\n<ul>\n<li>Responsable de la ma\u00eetrise d\u2019ouvrage : Mme La Proviseure : \u00a0Mme CAMALON<\/li>\n<\/ul>\n<ul>\n<li>Webmestre :M. SAUNIE<\/li>\n<\/ul>\n<h2><strong>Droits de modification et de suppression de vos donn\u00e9es personnelles<\/strong><\/h2>\n<p>Conform\u00e9ment aux textes fran\u00e7ais et europ\u00e9en en vigueur et notamment la loi informatique et libert\u00e9 du N\u00b0\u00a078-17 du 6 janvier 1978 modifi\u00e9e et le R\u00e8glement g\u00e9n\u00e9ral sur la protection des donn\u00e9es N\u00b02016\/679 du 27 avril 2016, l\u2019acad\u00e9mie de La R\u00e9union s\u2019engage \u00e0 prot\u00e9ger la vie priv\u00e9e de ses utilisateurs lors du traitement des donn\u00e9es \u00e0 caract\u00e8re personnel.<\/p>\n<p>Les donn\u00e9es \u00e0 caract\u00e8re personnel collect\u00e9es sont les suivantes : nom, pr\u00e9nom, adresse \u00e9lectronique professionnelle, discipline(s), usages p\u00e9dagogiques du num\u00e9rique, dispositifs acad\u00e9miques et nationaux sur lesquels l\u2019agent intervient, lieux et \u00e9tablissements d\u2019exercice, missions et projets.<\/p>\n<p>Elles sont \u00e0 destination du Rectorat de l\u2019acad\u00e9mie de La R\u00e9union dans une finalit\u00e9 de communication et d\u2019information. Leur dur\u00e9e de conservation n\u2019exc\u00e8de pas 3 ans.<\/p>\n<p>Conform\u00e9ment aux dispositions de la loi Informatique et libert\u00e9s, l\u2019acad\u00e9mie vous informe que vous disposez d\u2019un droit d\u2019information, d\u2019acc\u00e8s, de rectification, d\u2019opposition et de suppression de l\u2019ensemble des donn\u00e9es personnelles vous concernant et dont nous disposons.<\/p>\n<p><a class=\"spip_out\" href=\"http:\/\/www.legifrance.gouv.fr\/html\/frame_jo.html\" rel=\"external\">Loi n\u00b0\u00a078-17 du 6 janvier 1978<\/a><\/p>\n<p><a class=\"spip_out\" href=\"http:\/\/eur-lex.europa.eu\/legal-content\/FR\/TXT\/PDF\/?uri=CELEX:32016R0679&amp;from=FR\" rel=\"external\">RGPD n\u00b02016\/679<\/a><\/p>\n<p>Vous pouvez exercer ces droits \u00e0 l\u2019adresse suivante\u00a0:<br class=\"manualbr\" \/>Rectorat de l\u2019acad\u00e9mie de La R\u00e9union<br class=\"manualbr\" \/>DRANE<\/p>\n<p><strong>Adresse postale :<\/strong><br class=\"manualbr\" \/>85, rue Auguste Vinson<br class=\"manualbr\" \/>97490 Saint-Paul<\/p>\n<p><strong>T\u00e9l\u00e9phone :<\/strong><br class=\"manualbr\" \/>0262 55 46 56<\/p>\n<p>Mail: ce.9740597f@ac-reunion.fr<\/p>\n<p>Vous souhaitez modifier vos donn\u00e9es\u00a0:<br class=\"manualbr\" \/>Vous pouvez nous envoyer un courrier \u00e9lectronique \u00e0 l\u2019adresse suivante,<br class=\"manualbr\" \/><span id=\"eeb-182697\"><a class=\"spip_mail mailto-link\" href=\"mailto:ce.dane@ac-reunion.fr\">Courriel<\/a><\/span><\/p>\n<p>Dans le cadre d\u2019\u00e9v\u00e9nements ponctuels ces donn\u00e9es pourraient \u00eatre transf\u00e9r\u00e9es \u00e0 des sous-traitants \u00e0 des fins strictement logistiques, comme par exemple l\u2019organisation d\u2019un service de restauration.<\/p>\n<p><strong>Communications \u00e9lectroniques<\/strong><\/p>\n<p>Afin de faciliter sa communication, le lyc\u00e9e Evariste de Parny collecte, h\u00e9berge et g\u00e8re de fa\u00e7on s\u00e9curis\u00e9e des informations concernant les personnels occupant des fonctions en lien avec le lyc\u00e9e Evariste de Parny ou des projets pour lesquels il intervient. Les donn\u00e9es collect\u00e9es sont le nom, pr\u00e9nom, adresse \u00e9lectronique professionnelle, discipline(s), usages p\u00e9dagogiques du num\u00e9rique, dispositifs acad\u00e9miques et nationaux sur lesquels l\u2019agent intervient, lieux et \u00e9tablissements d\u2019exercice, missions et projets.<\/p>\n<p><strong>Cookies<\/strong><\/p>\n<p>La navigation sur le site dane.ac-reunion.fr est susceptible de provoquer l\u2019installation de cookie(s) sur l\u2019ordinateur de l\u2019utilisateur. Un cookie est un fichier de petite taille, qui ne permet pas l\u2019identification de l\u2019utilisateur, mais qui enregistre des informations relatives \u00e0 la navigation d\u2019un ordinateur sur un site. Les donn\u00e9es ainsi obtenues visent \u00e0 faciliter la navigation ult\u00e9rieure sur le site, et ont \u00e9galement vocation \u00e0 permettre diverses mesures de fr\u00e9quentation.<\/p>\n<p>Le refus d\u2019installation d\u2019un cookie peut entra\u00eener l\u2019impossibilit\u00e9 d\u2019acc\u00e9der \u00e0 certains services. L\u2019utilisateur peut toutefois configurer son ordinateur de la mani\u00e8re suivante, pour refuser l\u2019installation des cookies :<\/p>\n<ul>\n<li>Pour Internet Explorer :\u00a0<a href=\"http:\/\/windows.microsoft.com\/fr-FR\/windows-vista\/Block-or-allow-cookies\">http:\/\/windows.microsoft.com\/fr-FR\/windows-vista\/Block-or-allow-cookies<\/a><\/li>\n<li>Pour Safari :\u00a0<a href=\"https:\/\/support.apple.com\/fr-fr\/ht1677\">https:\/\/support.apple.com\/fr-fr\/ht1677<\/a><\/li>\n<li>Pour Google Chrome :\u00a0<a href=\"https:\/\/support.google.com\/chrome\/answer\/95647?hl=fr&amp;hlrm=en&amp;safe=on\">https:\/\/support.google.com\/chrome\/answer\/95647?hl=fr&amp;hlrm=en&amp;safe=on<\/a><\/li>\n<li>Pour Firefox :\u00a0<a href=\"https:\/\/support.mozilla.org\/fr\/kb\/activer-desactiver-cookies\">https:\/\/support.mozilla.org\/fr\/kb\/activer-desactiver-cookies<\/a><\/li>\n<li>Pour Opera :\u00a0<a href=\"http:\/\/help.opera.com\/Windows\/10.20\/fr\/cookies.html\">http:\/\/help.opera.com\/Windows\/10.20\/fr\/cookies.html<\/a><\/li>\n<\/ul>\n","protected":false},"excerpt":{"rendered":"<p>\u00c9diteur Rectorat de l\u2019Acad\u00e9mie de La R\u00e9union Secr\u00e9tariat g\u00e9n\u00e9ral \u2013 Service Communication 24, Avenue Georges Brassens \u2013 97702 \u2013 St-Denis \u2013 Messag Cedex 9 Directeur de la publication et de la r\u00e9daction Responsable de la ma\u00eetrise d\u2019ouvrage : Mme La Proviseure : \u00a0Mme CAMALON Webmestre :M. SAUNIE Droits de modification &hellip;<\/p>\n","protected":false},"author":10364,"featured_media":0,"parent":0,"menu_order":0,"comment_status":"closed","ping_status":"closed","template":"","meta":{"footnotes":""},"class_list":["post-781","page","type-page","status-publish","hentry"],"_links":{"self":[{"href":"https:\/\/etab.ac-reunion.fr\/lyc-evariste-de-parny\/wp-json\/wp\/v2\/pages\/781","targetHints":{"allow":["GET"]}}],"collection":[{"href":"https:\/\/etab.ac-reunion.fr\/lyc-evariste-de-parny\/wp-json\/wp\/v2\/pages"}],"about":[{"href":"https:\/\/etab.ac-reunion.fr\/lyc-evariste-de-parny\/wp-json\/wp\/v2\/types\/page"}],"author":[{"embeddable":true,"href":"https:\/\/etab.ac-reunion.fr\/lyc-evariste-de-parny\/wp-json\/wp\/v2\/users\/10364"}],"replies":[{"embeddable":true,"href":"https:\/\/etab.ac-reunion.fr\/lyc-evariste-de-parny\/wp-json\/wp\/v2\/comments?post=781"}],"version-history":[{"count":10,"href":"https:\/\/etab.ac-reunion.fr\/lyc-evariste-de-parny\/wp-json\/wp\/v2\/pages\/781\/revisions"}],"predecessor-version":[{"id":8279,"href":"https:\/\/etab.ac-reunion.fr\/lyc-evariste-de-parny\/wp-json\/wp\/v2\/pages\/781\/revisions\/8279"}],"wp:attachment":[{"href":"https:\/\/etab.ac-reunion.fr\/lyc-evariste-de-parny\/wp-json\/wp\/v2\/media?parent=781"}],"curies":[{"name":"wp","href":"https:\/\/api.w.org\/{rel}","templated":true}]}}