{"id":7858,"date":"2024-12-10T11:06:56","date_gmt":"2024-12-10T07:06:56","guid":{"rendered":"https:\/\/etab.ac-reunion.fr\/lyc-evariste-de-parny\/?page_id=7858"},"modified":"2024-12-10T11:11:18","modified_gmt":"2024-12-10T07:11:18","slug":"la-maison-des-lyceens-mdl","status":"publish","type":"page","link":"https:\/\/etab.ac-reunion.fr\/lyc-evariste-de-parny\/la-maison-des-lyceens-mdl\/","title":{"rendered":"La Maison des Lyc\u00e9ens (MDL)"},"content":{"rendered":"<ul>\n<li>La MDL est compos\u00e9e d&rsquo;un conseil d&rsquo;administration de 15 membres (\u00e9l\u00e8ves et adultes) et d&rsquo;un bureau :<img loading=\"lazy\" decoding=\"async\" class=\"alignleft wp-image-7860 size-medium\" src=\"https:\/\/etab.ac-reunion.fr\/lyc-evariste-de-parny\/wp-content\/uploads\/sites\/14\/2024\/12\/Affiche-MDL-214x300.jpg\" alt=\"\" width=\"214\" height=\"300\" srcset=\"https:\/\/etab.ac-reunion.fr\/lyc-evariste-de-parny\/wp-content\/uploads\/sites\/14\/2024\/12\/Affiche-MDL-214x300.jpg 214w, https:\/\/etab.ac-reunion.fr\/lyc-evariste-de-parny\/wp-content\/uploads\/sites\/14\/2024\/12\/Affiche-MDL-143x200.jpg 143w, https:\/\/etab.ac-reunion.fr\/lyc-evariste-de-parny\/wp-content\/uploads\/sites\/14\/2024\/12\/Affiche-MDL.jpg 505w\" sizes=\"auto, (max-width: 214px) 100vw, 214px\" \/><br \/>\nPr\u00e9sidente : Mme Laura GUBEREK (CPE)<br \/>\nVice pr\u00e9sident : M. MARY CATAN Kenan (T01)<br \/>\nSecr\u00e9taire : M. THIMOTHEE Kenzo (T01)<br \/>\nSecr\u00e9taire Adjointe : Mme RIVIERE Emmanuelle (AP)<br \/>\nTr\u00e9sori\u00e8re : Mme DAVAUD Martine (professeur)<br \/>\nTr\u00e9sori\u00e8re adjointe : Mme MAGDELEINE Lila (T05)<\/li>\n<\/ul>\n<p>&nbsp;<\/p>\n<ul>\n<li>Elle permet la r\u00e9alisation de projets, d&rsquo;\u00e9v\u00e8nements et mets \u00e0 disposition une salle d\u00e9tente avec des jeux.<br \/>\nAdh\u00e9sion \u00e0 5\u20ac pour l&rsquo;ann\u00e9e<\/li>\n<li>Projets \u00e0 venir : journ\u00e9e des talents, photos de classe..<\/li>\n<\/ul>\n<p>&nbsp;<\/p>\n<p>&nbsp;<\/p>\n","protected":false},"excerpt":{"rendered":"<p>La MDL est compos\u00e9e d&rsquo;un conseil d&rsquo;administration de 15 membres (\u00e9l\u00e8ves et adultes) et d&rsquo;un bureau : Pr\u00e9sidente : Mme Laura GUBEREK (CPE) Vice pr\u00e9sident : M. MARY CATAN Kenan (T01) Secr\u00e9taire : M. THIMOTHEE Kenzo (T01) Secr\u00e9taire Adjointe : Mme RIVIERE Emmanuelle (AP) Tr\u00e9sori\u00e8re : Mme DAVAUD Martine (professeur) &hellip;<\/p>\n","protected":false},"author":3831,"featured_media":0,"parent":0,"menu_order":0,"comment_status":"closed","ping_status":"closed","template":"","meta":{"footnotes":""},"class_list":["post-7858","page","type-page","status-publish","hentry"],"_links":{"self":[{"href":"https:\/\/etab.ac-reunion.fr\/lyc-evariste-de-parny\/wp-json\/wp\/v2\/pages\/7858","targetHints":{"allow":["GET"]}}],"collection":[{"href":"https:\/\/etab.ac-reunion.fr\/lyc-evariste-de-parny\/wp-json\/wp\/v2\/pages"}],"about":[{"href":"https:\/\/etab.ac-reunion.fr\/lyc-evariste-de-parny\/wp-json\/wp\/v2\/types\/page"}],"author":[{"embeddable":true,"href":"https:\/\/etab.ac-reunion.fr\/lyc-evariste-de-parny\/wp-json\/wp\/v2\/users\/3831"}],"replies":[{"embeddable":true,"href":"https:\/\/etab.ac-reunion.fr\/lyc-evariste-de-parny\/wp-json\/wp\/v2\/comments?post=7858"}],"version-history":[{"count":4,"href":"https:\/\/etab.ac-reunion.fr\/lyc-evariste-de-parny\/wp-json\/wp\/v2\/pages\/7858\/revisions"}],"predecessor-version":[{"id":7866,"href":"https:\/\/etab.ac-reunion.fr\/lyc-evariste-de-parny\/wp-json\/wp\/v2\/pages\/7858\/revisions\/7866"}],"wp:attachment":[{"href":"https:\/\/etab.ac-reunion.fr\/lyc-evariste-de-parny\/wp-json\/wp\/v2\/media?parent=7858"}],"curies":[{"name":"wp","href":"https:\/\/api.w.org\/{rel}","templated":true}]}}