{"id":8286,"date":"2025-08-20T13:40:13","date_gmt":"2025-08-20T09:40:13","guid":{"rendered":"https:\/\/etab.ac-reunion.fr\/lyc-evariste-de-parny\/?page_id=8286"},"modified":"2025-11-22T09:09:20","modified_gmt":"2025-11-22T05:09:20","slug":"le-rgpd-au-lycee","status":"publish","type":"page","link":"https:\/\/etab.ac-reunion.fr\/lyc-evariste-de-parny\/le-rgpd-au-lycee\/","title":{"rendered":"Le RGPD au lyc\u00e9e"},"content":{"rendered":"<p>Le RGPD (R\u00e8glement G\u00e9n\u00e9ral sur la Protection des Donn\u00e9es) encadre et renforce le contr\u00f4le des citoyens europ\u00e9ens sur l\u2019utilisation de leurs donn\u00e9es pour prot\u00e9ger leur vie priv\u00e9e. Il doit \u00eatre appliqu\u00e9 au sein de tout \u00e9tablissement scolaire puisque de nombreuses collectes de donn\u00e9es \u00e0 caract\u00e8re personnel sont effectu\u00e9es dans le cadre d&rsquo;actions p\u00e9dagogiques ou administratives. Chaque membre de la communaut\u00e9 \u00e9ducative est donc acteur de sa mise en place.<\/p>\n<p><em>Ressources:<\/em><\/p>\n<ul>\n<li>Voici le diaporama utilis\u00e9 dans le cadre de l&rsquo;atelier de rentr\u00e9e consacr\u00e9 au RGPD afin de d\u00e9finir les termes essentiels pour en comprendre les enjeux.<\/li>\n<\/ul>\n<p><a href=\"https:\/\/etab.ac-reunion.fr\/lyc-evariste-de-parny\/wp-content\/uploads\/sites\/14\/2025\/08\/Le-RGPD-pour-les-nuls.pptx\">Le RGPD pour les d\u00e9butants<\/a><\/p>\n<ul>\n<li>Charte des usages des syst\u00e8mes d&rsquo;information et du num\u00e9rique (13 juin 2025)<\/li>\n<\/ul>\n<p><a href=\"https:\/\/etab.ac-reunion.fr\/lyc-evariste-de-parny\/wp-content\/uploads\/sites\/14\/2025\/08\/2025-07-charte-usages-si-num_personnels_vdiff\u00b0.pdf\">Charte des usages num\u00e9riques<\/a><\/p>\n<ul>\n<li>Utilisation de RADIO (outil en ligne sur METICE qui permet \u00e0 chacun de faire un traitement)<\/li>\n<\/ul>\n<p><a href=\"https:\/\/etab.ac-reunion.fr\/lyc-evariste-de-parny\/wp-content\/uploads\/sites\/14\/2025\/11\/Utilisation-de-RADIO.pdf\">Utilisation de RADIO<\/a><\/p>\n<hr \/>\n<p>Responsable de traitement : Mme Valentine CAMALON, Proviseure<\/p>\n<p>R\u00e9f\u00e9rent RGPD : M. Nicolas SAUNIE, enseignant<\/p>\n<p>DPO (D\u00e9l\u00e9gu\u00e9e \u00e0 la Protection des Donn\u00e9es) : Mme Claudine AH-NIAVE<\/p>\n","protected":false},"excerpt":{"rendered":"<p>Le RGPD (R\u00e8glement G\u00e9n\u00e9ral sur la Protection des Donn\u00e9es) encadre et renforce le contr\u00f4le des citoyens europ\u00e9ens sur l\u2019utilisation de leurs donn\u00e9es pour prot\u00e9ger leur vie priv\u00e9e. Il doit \u00eatre appliqu\u00e9 au sein de tout \u00e9tablissement scolaire puisque de nombreuses collectes de donn\u00e9es \u00e0 caract\u00e8re personnel sont effectu\u00e9es dans le &hellip;<\/p>\n","protected":false},"author":3831,"featured_media":0,"parent":0,"menu_order":0,"comment_status":"closed","ping_status":"closed","template":"","meta":{"footnotes":""},"class_list":["post-8286","page","type-page","status-publish","hentry"],"_links":{"self":[{"href":"https:\/\/etab.ac-reunion.fr\/lyc-evariste-de-parny\/wp-json\/wp\/v2\/pages\/8286","targetHints":{"allow":["GET"]}}],"collection":[{"href":"https:\/\/etab.ac-reunion.fr\/lyc-evariste-de-parny\/wp-json\/wp\/v2\/pages"}],"about":[{"href":"https:\/\/etab.ac-reunion.fr\/lyc-evariste-de-parny\/wp-json\/wp\/v2\/types\/page"}],"author":[{"embeddable":true,"href":"https:\/\/etab.ac-reunion.fr\/lyc-evariste-de-parny\/wp-json\/wp\/v2\/users\/3831"}],"replies":[{"embeddable":true,"href":"https:\/\/etab.ac-reunion.fr\/lyc-evariste-de-parny\/wp-json\/wp\/v2\/comments?post=8286"}],"version-history":[{"count":6,"href":"https:\/\/etab.ac-reunion.fr\/lyc-evariste-de-parny\/wp-json\/wp\/v2\/pages\/8286\/revisions"}],"predecessor-version":[{"id":8407,"href":"https:\/\/etab.ac-reunion.fr\/lyc-evariste-de-parny\/wp-json\/wp\/v2\/pages\/8286\/revisions\/8407"}],"wp:attachment":[{"href":"https:\/\/etab.ac-reunion.fr\/lyc-evariste-de-parny\/wp-json\/wp\/v2\/media?parent=8286"}],"curies":[{"name":"wp","href":"https:\/\/api.w.org\/{rel}","templated":true}]}}