{"id":18775,"date":"2022-06-04T17:56:13","date_gmt":"2022-06-04T13:56:13","guid":{"rendered":"http:\/\/lycee-stpierre.ac-reunion.fr\/?page_id=18775"},"modified":"2023-02-16T17:44:42","modified_gmt":"2023-02-16T13:44:42","slug":"le-tangue-journal-du-lycee","status":"publish","type":"page","link":"https:\/\/etab.ac-reunion.fr\/lyc-francois-de-mahy\/le-tangue-journal-du-lycee\/","title":{"rendered":"Le Tangue, journal du lyc\u00e9e"},"content":{"rendered":"\n<p style=\"font-size:17px\"><strong>Un journal du lyc\u00e9e est publi\u00e9 en ligne : <em>Le Tangue<\/em>. Les \u00e9l\u00e8ves pr\u00e9sentent leur travail : <\/strong><\/p>\n\n\n\n<div style=\"height:10px\" aria-hidden=\"true\" class=\"wp-block-spacer\"><\/div>\n\n\n\n<p style=\"font-size:17px\"><em>\u00ab&nbsp;Chers lecteurs,&nbsp;<\/em><\/p>\n\n\n\n<p style=\"font-size:17px\"><em>Nous sommes super contents d&rsquo;avoir repris le flambeau du journal du lyc\u00e9e. Les temps changent et il faut s&rsquo;adapter, nous avons donc fait le choix d&rsquo;un journal qui s&rsquo;inscrit dans le d\u00e9veloppement durable et forc\u00e9ment enti\u00e8rement num\u00e9rique.&nbsp;<\/em><\/p>\n\n\n\n<p style=\"font-size:17px\"><em>Nous l&rsquo;avons rebaptis\u00e9 LE TANGUE ce charmant petit \u00ab\u00a0h\u00e9risson\u00a0\u00bb local que nous allons vous cuisiner \u00e0 la sauce du lyc\u00e9e car notre journal se veut \u00eatre avant tout notre reflet.&nbsp; Nous vous souhaitons une belle lecture.&nbsp;\u00bb<\/em><\/p>\n\n\n\n<p class=\"has-text-align-center\" style=\"font-size:17px\"><strong><em>Ouvrez le lien gr\u00e2ce \u00e0 l&rsquo;image ci-dessous : <\/em><\/strong><\/p>\n\n\n<div class=\"wp-block-image\">\n<figure class=\"aligncenter size-full is-resized\"><a href=\"https:\/\/gaetanmlt11.wixsite.com\/website-3\" target=\"_blank\" rel=\"noopener\"><img loading=\"lazy\" decoding=\"async\" src=\"https:\/\/etab.ac-reunion.fr\/lyc-francois-de-mahy\/wp-content\/uploads\/sites\/61\/2022\/05\/tangue-.jpg\" alt=\"\" class=\"wp-image-18474\" width=\"371\" height=\"430\" srcset=\"https:\/\/etab.ac-reunion.fr\/lyc-francois-de-mahy\/wp-content\/uploads\/sites\/61\/2022\/05\/tangue-.jpg 552w, https:\/\/etab.ac-reunion.fr\/lyc-francois-de-mahy\/wp-content\/uploads\/sites\/61\/2022\/05\/tangue--259x300.jpg 259w\" sizes=\"auto, (max-width: 371px) 100vw, 371px\" \/><\/a><\/figure>\n<\/div>\n\n\n<div style=\"height:20px\" aria-hidden=\"true\" class=\"wp-block-spacer\"><\/div>\n\n\n\n<p class=\"has-text-align-center\" style=\"font-size:17px\"><em><strong>Les \u00e9l\u00e8ves de <strong>Communication visuelle<\/strong><\/strong><\/em> <em><strong>et leurs professeurs<\/strong><\/em>.<\/p>\n","protected":false},"excerpt":{"rendered":"<p>Un journal du lyc\u00e9e est publi\u00e9 en ligne : Le Tangue. Les \u00e9l\u00e8ves pr\u00e9sentent leur travail : \u00ab&nbsp;Chers lecteurs,&nbsp; Nous sommes super contents d&rsquo;avoir repris le flambeau du journal du lyc\u00e9e. Les temps changent et il faut s&rsquo;adapter, nous avons donc fait le choix d&rsquo;un journal qui s&rsquo;inscrit dans le d\u00e9veloppement durable et forc\u00e9ment enti\u00e8rement [&hellip;]<\/p>\n","protected":false},"author":19067,"featured_media":0,"parent":0,"menu_order":0,"comment_status":"closed","ping_status":"closed","template":"","meta":{"footnotes":""},"class_list":["post-18775","page","type-page","status-publish","hentry"],"_links":{"self":[{"href":"https:\/\/etab.ac-reunion.fr\/lyc-francois-de-mahy\/wp-json\/wp\/v2\/pages\/18775","targetHints":{"allow":["GET"]}}],"collection":[{"href":"https:\/\/etab.ac-reunion.fr\/lyc-francois-de-mahy\/wp-json\/wp\/v2\/pages"}],"about":[{"href":"https:\/\/etab.ac-reunion.fr\/lyc-francois-de-mahy\/wp-json\/wp\/v2\/types\/page"}],"author":[{"embeddable":true,"href":"https:\/\/etab.ac-reunion.fr\/lyc-francois-de-mahy\/wp-json\/wp\/v2\/users\/19067"}],"replies":[{"embeddable":true,"href":"https:\/\/etab.ac-reunion.fr\/lyc-francois-de-mahy\/wp-json\/wp\/v2\/comments?post=18775"}],"version-history":[{"count":6,"href":"https:\/\/etab.ac-reunion.fr\/lyc-francois-de-mahy\/wp-json\/wp\/v2\/pages\/18775\/revisions"}],"predecessor-version":[{"id":22090,"href":"https:\/\/etab.ac-reunion.fr\/lyc-francois-de-mahy\/wp-json\/wp\/v2\/pages\/18775\/revisions\/22090"}],"wp:attachment":[{"href":"https:\/\/etab.ac-reunion.fr\/lyc-francois-de-mahy\/wp-json\/wp\/v2\/media?parent=18775"}],"curies":[{"name":"wp","href":"https:\/\/api.w.org\/{rel}","templated":true}]}}