{"id":232,"date":"2014-09-04T12:42:16","date_gmt":"2014-09-04T08:42:16","guid":{"rendered":"http:\/\/lycee-stpierre.ac-reunion.fr\/?page_id=232"},"modified":"2025-02-04T17:31:20","modified_gmt":"2025-02-04T13:31:20","slug":"mot-du-proviseur","status":"publish","type":"page","link":"https:\/\/etab.ac-reunion.fr\/lyc-francois-de-mahy\/mot-du-proviseur\/","title":{"rendered":"Pr\u00e9sentation du lyc\u00e9e"},"content":{"rendered":"\n<div class=\"wp-block-media-text alignwide is-stacked-on-mobile\" style=\"grid-template-columns:36% auto\"><figure class=\"wp-block-media-text__media\"><img loading=\"lazy\" decoding=\"async\" width=\"371\" height=\"399\" src=\"https:\/\/etab.ac-reunion.fr\/lyc-francois-de-mahy\/wp-content\/uploads\/sites\/61\/2024\/04\/FDM_LOGO_vertical_Bleu_OK.png\" alt=\"\" class=\"wp-image-26193 size-full\" srcset=\"https:\/\/etab.ac-reunion.fr\/lyc-francois-de-mahy\/wp-content\/uploads\/sites\/61\/2024\/04\/FDM_LOGO_vertical_Bleu_OK.png 371w, https:\/\/etab.ac-reunion.fr\/lyc-francois-de-mahy\/wp-content\/uploads\/sites\/61\/2024\/04\/FDM_LOGO_vertical_Bleu_OK-279x300.png 279w\" sizes=\"auto, (max-width: 371px) 100vw, 371px\" \/><\/figure><div class=\"wp-block-media-text__content\">\n<div style=\"height:9px\" aria-hidden=\"true\" class=\"wp-block-spacer\"><\/div>\n\n\n\n<p class=\"has-black-color has-text-color has-link-color wp-elements-59eebafc6ae9b483085587eb8d186a25\" style=\"font-size:17px\">Encadr\u00e9 par la rue Luc Lorion et la rue Marius et Ary Leblond \u00e0 Saint-Pierre, le Lyc\u00e9e Professionnel Fran\u00e7ois de Mahy s\u2019\u00e9tend sur 7,5 hectares.<\/p>\n\n\n\n<p class=\"has-black-color has-text-color has-link-color wp-elements-df32734071c3befe24c103f1b5a5037e\" style=\"font-size:17px\">Le lyc\u00e9e, le plus important de l\u2019\u00eele par la taille, compte le plus gros effectif d\u2019\u00e9l\u00e8ves accueillis en formation professionnelle : 1360 \u00e9l\u00e8ves sont r\u00e9partis sur 58 sections tertiaires et industrielles (CAP-Bac Pro-BTS), auxquelles s\u2019ajoutent une section ULIS et une section UE.<\/p>\n<\/div><\/div>\n\n\n\n<div class=\"wp-block-media-text alignwide has-media-on-the-right is-stacked-on-mobile has-background\" style=\"background-color:#8dd2fcb0;grid-template-columns:auto 59%\"><div class=\"wp-block-media-text__content\">\n<div style=\"height:9px\" aria-hidden=\"true\" class=\"wp-block-spacer\"><\/div>\n\n\n\n<p style=\"font-size:17px\">Gr\u00e2ce \u00e0 sa politique partenariale \u00e9troite avec les entreprises, le lyc\u00e9e offre, tout au long de l\u2019ann\u00e9e, des lieux de stage de qualit\u00e9, tant sur le plan local qu\u2019\u00e0 l\u2019\u00e9tranger et \u0153uvre, par ce biais, \u00e0 l\u2019apprentissage de la mobilit\u00e9.<\/p>\n\n\n\n<p style=\"font-size:17px\">Notre d\u00e9fi aujourd\u2019hui est de d\u00e9velopper l\u2019ambition de nos jeunes et de les amener au plus haut niveau de  qualification pour une insertion  professionnelle r\u00e9ussie. <\/p>\n<\/div><figure class=\"wp-block-media-text__media\"><img loading=\"lazy\" decoding=\"async\" width=\"624\" height=\"789\" src=\"https:\/\/etab.ac-reunion.fr\/lyc-francois-de-mahy\/wp-content\/uploads\/sites\/61\/2024\/12\/entree-lycee.jpg\" alt=\"\" class=\"wp-image-28297 size-full\" srcset=\"https:\/\/etab.ac-reunion.fr\/lyc-francois-de-mahy\/wp-content\/uploads\/sites\/61\/2024\/12\/entree-lycee.jpg 624w, https:\/\/etab.ac-reunion.fr\/lyc-francois-de-mahy\/wp-content\/uploads\/sites\/61\/2024\/12\/entree-lycee-237x300.jpg 237w\" sizes=\"auto, (max-width: 624px) 100vw, 624px\" \/><\/figure><\/div>\n\n\n\n<p><\/p>\n","protected":false},"excerpt":{"rendered":"","protected":false},"author":969,"featured_media":28645,"parent":0,"menu_order":0,"comment_status":"closed","ping_status":"closed","template":"","meta":{"footnotes":""},"class_list":["post-232","page","type-page","status-publish","has-post-thumbnail","hentry"],"_links":{"self":[{"href":"https:\/\/etab.ac-reunion.fr\/lyc-francois-de-mahy\/wp-json\/wp\/v2\/pages\/232","targetHints":{"allow":["GET"]}}],"collection":[{"href":"https:\/\/etab.ac-reunion.fr\/lyc-francois-de-mahy\/wp-json\/wp\/v2\/pages"}],"about":[{"href":"https:\/\/etab.ac-reunion.fr\/lyc-francois-de-mahy\/wp-json\/wp\/v2\/types\/page"}],"author":[{"embeddable":true,"href":"https:\/\/etab.ac-reunion.fr\/lyc-francois-de-mahy\/wp-json\/wp\/v2\/users\/969"}],"replies":[{"embeddable":true,"href":"https:\/\/etab.ac-reunion.fr\/lyc-francois-de-mahy\/wp-json\/wp\/v2\/comments?post=232"}],"version-history":[{"count":68,"href":"https:\/\/etab.ac-reunion.fr\/lyc-francois-de-mahy\/wp-json\/wp\/v2\/pages\/232\/revisions"}],"predecessor-version":[{"id":28298,"href":"https:\/\/etab.ac-reunion.fr\/lyc-francois-de-mahy\/wp-json\/wp\/v2\/pages\/232\/revisions\/28298"}],"wp:featuredmedia":[{"embeddable":true,"href":"https:\/\/etab.ac-reunion.fr\/lyc-francois-de-mahy\/wp-json\/wp\/v2\/media\/28645"}],"wp:attachment":[{"href":"https:\/\/etab.ac-reunion.fr\/lyc-francois-de-mahy\/wp-json\/wp\/v2\/media?parent=232"}],"curies":[{"name":"wp","href":"https:\/\/api.w.org\/{rel}","templated":true}]}}