{"id":241,"date":"2014-09-04T13:03:54","date_gmt":"2014-09-04T09:03:54","guid":{"rendered":"http:\/\/lycee-stpierre.ac-reunion.fr\/?page_id=241"},"modified":"2025-09-18T16:23:08","modified_gmt":"2025-09-18T12:23:08","slug":"vie-scolaire","status":"publish","type":"page","link":"https:\/\/etab.ac-reunion.fr\/lyc-francois-de-mahy\/vie-scolaire\/","title":{"rendered":"Vie Scolaire"},"content":{"rendered":"\n<p style=\"font-size:25px\"><strong>Pour contacter la Vie Scolaire par t\u00e9l : STANDARD : 0262 35 75 20<\/strong><\/p>\n\n\n\n<div style=\"height:25px\" aria-hidden=\"true\" class=\"wp-block-spacer\"><\/div>\n\n\n\n<p class=\"has-text-align-center has-background\" style=\"background-color:#d6effe;font-size:22px\"><strong>Vie Scolaire<\/strong><\/p>\n\n\n\n<div style=\"height:16px\" aria-hidden=\"true\" class=\"wp-block-spacer\"><\/div>\n\n\n\n<p class=\"has-background\" style=\"background-color:#a4dbfe;font-size:17px\"><strong>M. BOYER : Conseiller Principal d\u2019\u00c9ducation.<\/strong> Cadets du RSMA et Lutte D\u00e9crochage Scolaire<\/p>\n\n\n\n<p class=\"has-background\" style=\"background-color:#d6effe;font-size:17px\"><strong>Mme ETHEVE<\/strong> : <strong>Conseill\u00e8re Principale d\u2019\u00c9ducation<\/strong>. R\u00e9f\u00e9rente Conseil de Vie Lyc\u00e9enne.<\/p>\n\n\n\n<p class=\"has-background\" style=\"background-color:#a4dbfe;font-size:17px\"><strong>M. MONEDIERE<\/strong> : <strong>Conseiller Principal d\u2019\u00c9ducation.<\/strong> R\u00e9f\u00e9rent Maison des lyc\u00e9ens.<\/p>\n\n\n\n<p class=\"has-background\" style=\"background-color:#d6effe;font-size:17px\"><strong>Mme TELL<\/strong> : <strong>Conseill\u00e8re Principale d\u2019\u00c9ducation<\/strong>. <\/p>\n\n\n\n<p class=\"has-background\" style=\"background-color:#a4dbfe;font-size:17px\"><strong>Assistants d&rsquo;\u00c9ducation (AED)<\/strong><\/p>\n\n\n\n<div style=\"height:15px\" aria-hidden=\"true\" class=\"wp-block-spacer\"><\/div>\n\n\n\n<hr class=\"wp-block-separator has-alpha-channel-opacity is-style-dots\" \/>\n\n\n\n<div style=\"height:15px\" aria-hidden=\"true\" class=\"wp-block-spacer\"><\/div>\n\n\n\n<p class=\"has-text-align-center has-medium-font-size\"><strong>LE R\u00c8GLEMENT INT\u00c9RIEUR<\/strong> ouvrez le PDF :<\/p>\n\n\n<div class=\"wp-block-image\">\n<figure class=\"aligncenter size-full is-resized\"><a href=\"https:\/\/etab.ac-reunion.fr\/lyc-francois-de-mahy\/wp-content\/uploads\/sites\/61\/2025\/08\/RI-2025-PDF-25-04-2025.pdf\" target=\"_blank\" rel=\" noreferrer noopener\"><img loading=\"lazy\" decoding=\"async\" width=\"618\" height=\"850\" src=\"https:\/\/etab.ac-reunion.fr\/lyc-francois-de-mahy\/wp-content\/uploads\/sites\/61\/2025\/08\/1.jpg\" alt=\"\" class=\"wp-image-30362\" style=\"width:396px;height:auto\" srcset=\"https:\/\/etab.ac-reunion.fr\/lyc-francois-de-mahy\/wp-content\/uploads\/sites\/61\/2025\/08\/1.jpg 618w, https:\/\/etab.ac-reunion.fr\/lyc-francois-de-mahy\/wp-content\/uploads\/sites\/61\/2025\/08\/1-218x300.jpg 218w\" sizes=\"auto, (max-width: 618px) 100vw, 618px\" \/><\/a><\/figure>\n<\/div>","protected":false},"excerpt":{"rendered":"<p>Pour contacter la Vie Scolaire par t\u00e9l : STANDARD : 0262 35 75 20 Vie Scolaire M. BOYER : Conseiller Principal d\u2019\u00c9ducation. Cadets du RSMA et Lutte D\u00e9crochage Scolaire Mme ETHEVE : Conseill\u00e8re Principale d\u2019\u00c9ducation. R\u00e9f\u00e9rente Conseil de Vie Lyc\u00e9enne. M. MONEDIERE : Conseiller Principal d\u2019\u00c9ducation. R\u00e9f\u00e9rent Maison des lyc\u00e9ens. Mme TELL : Conseill\u00e8re Principale [&hellip;]<\/p>\n","protected":false},"author":969,"featured_media":26155,"parent":0,"menu_order":0,"comment_status":"closed","ping_status":"closed","template":"","meta":{"footnotes":""},"class_list":["post-241","page","type-page","status-publish","has-post-thumbnail","hentry"],"_links":{"self":[{"href":"https:\/\/etab.ac-reunion.fr\/lyc-francois-de-mahy\/wp-json\/wp\/v2\/pages\/241","targetHints":{"allow":["GET"]}}],"collection":[{"href":"https:\/\/etab.ac-reunion.fr\/lyc-francois-de-mahy\/wp-json\/wp\/v2\/pages"}],"about":[{"href":"https:\/\/etab.ac-reunion.fr\/lyc-francois-de-mahy\/wp-json\/wp\/v2\/types\/page"}],"author":[{"embeddable":true,"href":"https:\/\/etab.ac-reunion.fr\/lyc-francois-de-mahy\/wp-json\/wp\/v2\/users\/969"}],"replies":[{"embeddable":true,"href":"https:\/\/etab.ac-reunion.fr\/lyc-francois-de-mahy\/wp-json\/wp\/v2\/comments?post=241"}],"version-history":[{"count":214,"href":"https:\/\/etab.ac-reunion.fr\/lyc-francois-de-mahy\/wp-json\/wp\/v2\/pages\/241\/revisions"}],"predecessor-version":[{"id":30454,"href":"https:\/\/etab.ac-reunion.fr\/lyc-francois-de-mahy\/wp-json\/wp\/v2\/pages\/241\/revisions\/30454"}],"wp:featuredmedia":[{"embeddable":true,"href":"https:\/\/etab.ac-reunion.fr\/lyc-francois-de-mahy\/wp-json\/wp\/v2\/media\/26155"}],"wp:attachment":[{"href":"https:\/\/etab.ac-reunion.fr\/lyc-francois-de-mahy\/wp-json\/wp\/v2\/media?parent=241"}],"curies":[{"name":"wp","href":"https:\/\/api.w.org\/{rel}","templated":true}]}}