{"id":26578,"date":"2024-06-09T07:10:35","date_gmt":"2024-06-09T03:10:35","guid":{"rendered":"https:\/\/etab.ac-reunion.fr\/lyc-francois-de-mahy\/?page_id=26578"},"modified":"2025-08-10T16:26:08","modified_gmt":"2025-08-10T12:26:08","slug":"bureau-des-entreprises","status":"publish","type":"page","link":"https:\/\/etab.ac-reunion.fr\/lyc-francois-de-mahy\/bureau-des-entreprises\/","title":{"rendered":"Bureau des entreprises"},"content":{"rendered":"\n<p style=\"font-size:23px\"><strong>Contacter le bureau des entreprises (BDE)<\/strong><\/p>\n\n\n\n<div style=\"height:20px\" aria-hidden=\"true\" class=\"wp-block-spacer\"><\/div>\n\n\n\n<pre class=\"wp-block-preformatted\" style=\"font-size:19px\"><strong>O l i v i e r   M A R T E L L Y<\/strong>, responsable du bureau des entreprises <br><br><strong>Courriel :<\/strong> bde-lp-francois-de-mahy@ac-reunion.fr<br><br><strong>Tel :<\/strong> 02 62 35 50 55 \/ Poste interne 404<br><br><strong>Portable :<\/strong> 06 92 79 66 93 <\/pre>\n\n\n\n<div style=\"height:9px\" aria-hidden=\"true\" class=\"wp-block-spacer\"><\/div>\n\n\n\n<div class=\"wp-block-media-text is-stacked-on-mobile has-background\" style=\"background-color:#0792e31f;grid-template-columns:30% auto\"><figure class=\"wp-block-media-text__media\"><img loading=\"lazy\" decoding=\"async\" width=\"371\" height=\"399\" src=\"https:\/\/etab.ac-reunion.fr\/lyc-francois-de-mahy\/wp-content\/uploads\/sites\/61\/2024\/06\/FDM_LOGO_vertical_Bleu_OK.png\" alt=\"\" class=\"wp-image-26609 size-full\" srcset=\"https:\/\/etab.ac-reunion.fr\/lyc-francois-de-mahy\/wp-content\/uploads\/sites\/61\/2024\/06\/FDM_LOGO_vertical_Bleu_OK.png 371w, https:\/\/etab.ac-reunion.fr\/lyc-francois-de-mahy\/wp-content\/uploads\/sites\/61\/2024\/06\/FDM_LOGO_vertical_Bleu_OK-279x300.png 279w\" sizes=\"auto, (max-width: 371px) 100vw, 371px\" \/><\/figure><div class=\"wp-block-media-text__content\">\n<p><\/p>\n\n\n\n<p style=\"font-size:17px\">Le bureau des entreprises r\u00e9pond au besoin d\u2019organisation et de d\u00e9veloppement de partenariats avec les acteurs professionnels.<\/p>\n\n\n\n<p style=\"font-size:17px\">Il s\u2019agit d\u2019un lieu unique au profit de l\u2019ensemble des publics accueillis dans le lyc\u00e9e : \u00e9l\u00e8ves, apprentis, \u00e9tudiants et stagiaires de la formation professionnelle continue. <\/p>\n\n\n\n<p style=\"font-size:17px\">Ce bureau est \u00e9galement un point d\u2019accueil pour tous les partenaires ext\u00e9rieurs permettant de faciliter le d\u00e9veloppement d\u2019actions conjointes.<\/p>\n<\/div><\/div>\n\n\n\n<p><\/p>\n","protected":false},"excerpt":{"rendered":"<p>Contacter le bureau des entreprises (BDE) O l i v i e r M A R T E L L Y, responsable du bureau des entreprises Courriel : bde-lp-francois-de-mahy@ac-reunion.frTel : 02 62 35 50 55 \/ Poste interne 404Portable : 06 92 79 66 93 Le bureau des entreprises r\u00e9pond au besoin d\u2019organisation et de [&hellip;]<\/p>\n","protected":false},"author":19067,"featured_media":26155,"parent":0,"menu_order":0,"comment_status":"closed","ping_status":"closed","template":"","meta":{"footnotes":""},"class_list":["post-26578","page","type-page","status-publish","has-post-thumbnail","hentry"],"_links":{"self":[{"href":"https:\/\/etab.ac-reunion.fr\/lyc-francois-de-mahy\/wp-json\/wp\/v2\/pages\/26578","targetHints":{"allow":["GET"]}}],"collection":[{"href":"https:\/\/etab.ac-reunion.fr\/lyc-francois-de-mahy\/wp-json\/wp\/v2\/pages"}],"about":[{"href":"https:\/\/etab.ac-reunion.fr\/lyc-francois-de-mahy\/wp-json\/wp\/v2\/types\/page"}],"author":[{"embeddable":true,"href":"https:\/\/etab.ac-reunion.fr\/lyc-francois-de-mahy\/wp-json\/wp\/v2\/users\/19067"}],"replies":[{"embeddable":true,"href":"https:\/\/etab.ac-reunion.fr\/lyc-francois-de-mahy\/wp-json\/wp\/v2\/comments?post=26578"}],"version-history":[{"count":62,"href":"https:\/\/etab.ac-reunion.fr\/lyc-francois-de-mahy\/wp-json\/wp\/v2\/pages\/26578\/revisions"}],"predecessor-version":[{"id":30347,"href":"https:\/\/etab.ac-reunion.fr\/lyc-francois-de-mahy\/wp-json\/wp\/v2\/pages\/26578\/revisions\/30347"}],"wp:featuredmedia":[{"embeddable":true,"href":"https:\/\/etab.ac-reunion.fr\/lyc-francois-de-mahy\/wp-json\/wp\/v2\/media\/26155"}],"wp:attachment":[{"href":"https:\/\/etab.ac-reunion.fr\/lyc-francois-de-mahy\/wp-json\/wp\/v2\/media?parent=26578"}],"curies":[{"name":"wp","href":"https:\/\/api.w.org\/{rel}","templated":true}]}}